{"id":54886,"date":"2026-01-27T11:52:43","date_gmt":"2026-01-27T10:52:43","guid":{"rendered":"https:\/\/www.software-reuse.eu\/shop-product\/non%20class\u00e9\/vmware-vsphere-8-enterprise-plus-1-processeur-3\/"},"modified":"2026-03-10T10:37:37","modified_gmt":"2026-03-10T09:37:37","slug":"vmware-vsphere-8-enterprise-plus-1-processeur-3","status":"publish","type":"product","link":"https:\/\/www.software-reuse.eu\/fr\/shop\/uncategorized\/vmware-vsphere-8-enterprise-plus-1-processeur\/","title":{"rendered":"VMware vSphere 8 Enterprise Plus 1 Processeur"},"content":{"rendered":"<p>VMware vSphere 8 Enterprise Plus pour 1 processeur offre des fonctions de virtualisation compl\u00e8tes pour les entreprises de toutes tailles. Avec une gestion automatis\u00e9e des ressources, une haute disponibilit\u00e9 et une s\u00e9curit\u00e9 avanc\u00e9e, il optimise l'infrastructure informatique et permet une mise \u00e0 l'\u00e9chelle flexible. Cette solution est id\u00e9ale pour les entreprises qui souhaitent am\u00e9liorer l'efficacit\u00e9 de leur informatique tout en r\u00e9duisant leurs co\u00fbts.<\/p>","protected":false},"excerpt":{"rendered":"<p>VMware vSphere 8 Enterprise Plus pour 1 processeur offre des fonctions de virtualisation compl\u00e8tes pour les entreprises de toutes tailles. Avec une gestion automatis\u00e9e des ressources, une haute disponibilit\u00e9 et une s\u00e9curit\u00e9 avanc\u00e9e, il optimise l&#8217;infrastructure informatique et permet une mise \u00e0 l&#8217;\u00e9chelle flexible. Cette solution est id\u00e9ale pour les entreprises qui souhaitent am\u00e9liorer l&#8217;efficacit\u00e9 [&hellip;]<\/p>\n","protected":false},"featured_media":52820,"template":"","meta":{"inline_featured_image":false},"product_cat":[8454,8424],"product_tag":[],"class_list":{"0":"post-54886","1":"product","2":"type-product","3":"status-publish","4":"has-post-thumbnail","6":"product_cat-vmware-vsphere-8-enterprise-plus-fr","7":"product_cat-vmware-broadcom-fr","8":"pa_lizenzierung-nach-cpu-32-coeurs-maximum","9":"pa_lizenzlaufzeit-licence-dachat-utilisation-illimitee","10":"pa_lizenztyp-kommerziell-einsetzbare-volumenlizenz-fr","11":"pa_sprache-in-allen-europaischen-sprachen-fr","12":"pa_zustand-comme-neuf","14":"first","15":"outofstock","16":"taxable","17":"shipping-taxable","18":"purchasable","19":"product-type-simple"},"_links":{"self":[{"href":"https:\/\/www.software-reuse.eu\/fr\/wp-json\/wp\/v2\/product\/54886","targetHints":{"allow":["GET"]}}],"collection":[{"href":"https:\/\/www.software-reuse.eu\/fr\/wp-json\/wp\/v2\/product"}],"about":[{"href":"https:\/\/www.software-reuse.eu\/fr\/wp-json\/wp\/v2\/types\/product"}],"wp:featuredmedia":[{"embeddable":true,"href":"https:\/\/www.software-reuse.eu\/fr\/wp-json\/wp\/v2\/media\/52820"}],"wp:attachment":[{"href":"https:\/\/www.software-reuse.eu\/fr\/wp-json\/wp\/v2\/media?parent=54886"}],"wp:term":[{"taxonomy":"product_cat","embeddable":true,"href":"https:\/\/www.software-reuse.eu\/fr\/wp-json\/wp\/v2\/product_cat?post=54886"},{"taxonomy":"product_tag","embeddable":true,"href":"https:\/\/www.software-reuse.eu\/fr\/wp-json\/wp\/v2\/product_tag?post=54886"}],"curies":[{"name":"wp","href":"https:\/\/api.w.org\/{rel}","templated":true}]}}