{"id":56472,"date":"2016-09-15T02:00:00","date_gmt":"2016-09-15T00:00:00","guid":{"rendered":"https:\/\/www.software-reuse.eu\/shop-product\/non%20class\u00e9\/office-professional-plus-2016-licence\/"},"modified":"2026-04-28T10:43:17","modified_gmt":"2026-04-28T08:43:17","slug":"office-professional-plus-2016-licence","status":"publish","type":"product","link":"https:\/\/www.software-reuse.eu\/fr\/shop\/office\/office-2016-licences-en-volume\/office-professional-plus-2016-licence\/","title":{"rendered":"Office Professional Plus 2016 licence"},"content":{"rendered":"<p>Office Professional Plus 2016 est le logiciel id\u00e9al pour votre bureau. Les nombreuses et puissantes applications telles que Word, Excel, PowerPoint et Outlook offrent des outils complets pour un travail efficace. Avec Office Professional Plus 2016, vous \u00eates pr\u00eat \u00e0 relever les d\u00e9fis du monde moderne des affaires.<\/p>","protected":false},"excerpt":{"rendered":"<p>Office Professional Plus 2016 est le logiciel id\u00e9al pour votre bureau. Les nombreuses et puissantes applications telles que Word, Excel, PowerPoint et Outlook offrent des outils complets pour un travail efficace. Avec Office Professional Plus 2016, vous \u00eates pr\u00eat \u00e0 relever les d\u00e9fis du monde moderne des affaires.<\/p>\n","protected":false},"featured_media":36244,"template":"","meta":{"inline_featured_image":false},"product_cat":[6913],"product_tag":[],"class_list":{"0":"post-56472","1":"product","2":"type-product","3":"status-publish","4":"has-post-thumbnail","6":"product_cat-office-2016-licences-en-volume","8":"first","9":"instock","10":"downloadable","11":"taxable","12":"shipping-taxable","13":"purchasable","14":"product-type-simple"},"_links":{"self":[{"href":"https:\/\/www.software-reuse.eu\/fr\/wp-json\/wp\/v2\/product\/56472","targetHints":{"allow":["GET"]}}],"collection":[{"href":"https:\/\/www.software-reuse.eu\/fr\/wp-json\/wp\/v2\/product"}],"about":[{"href":"https:\/\/www.software-reuse.eu\/fr\/wp-json\/wp\/v2\/types\/product"}],"wp:featuredmedia":[{"embeddable":true,"href":"https:\/\/www.software-reuse.eu\/fr\/wp-json\/wp\/v2\/media\/36244"}],"wp:attachment":[{"href":"https:\/\/www.software-reuse.eu\/fr\/wp-json\/wp\/v2\/media?parent=56472"}],"wp:term":[{"taxonomy":"product_cat","embeddable":true,"href":"https:\/\/www.software-reuse.eu\/fr\/wp-json\/wp\/v2\/product_cat?post=56472"},{"taxonomy":"product_tag","embeddable":true,"href":"https:\/\/www.software-reuse.eu\/fr\/wp-json\/wp\/v2\/product_tag?post=56472"}],"curies":[{"name":"wp","href":"https:\/\/api.w.org\/{rel}","templated":true}]}}