{"id":56498,"date":"2017-11-14T01:00:00","date_gmt":"2017-11-14T00:00:00","guid":{"rendered":"https:\/\/www.software-reuse.eu\/shop-product\/non%20class\u00e9\/windows-server-standard-2012\/"},"modified":"2026-04-28T11:12:07","modified_gmt":"2026-04-28T09:12:07","slug":"windows-server-standard-2012","status":"publish","type":"product","link":"https:\/\/www.software-reuse.eu\/fr\/shop\/uncategorized\/windows-server-standard-2012\/","title":{"rendered":"Windows Server Standard 2012"},"content":{"rendered":"<p>Windows Server Standard 2012 est une plate-forme serveur fiable qui aide votre entreprise \u00e0 g\u00e9rer et \u00e0 faire \u00e9voluer efficacement son infrastructure informatique. Avec des fonctionnalit\u00e9s \u00e9tendues telles que Active Directory, Remote Desktop Services et la protection des donn\u00e9es, il offre une base fiable pour le d\u00e9ploiement de services et d'applications. Windows Server Standard 2012 est une solution \u00e9prouv\u00e9e pour les entreprises qui recherchent la stabilit\u00e9, la performance et l'\u00e9volutivit\u00e9 dans leur environnement serveur.<\/p>","protected":false},"excerpt":{"rendered":"<p>Windows Server Standard 2012 est une plate-forme serveur fiable qui aide votre entreprise \u00e0 g\u00e9rer et \u00e0 faire \u00e9voluer efficacement son infrastructure informatique. Avec des fonctionnalit\u00e9s \u00e9tendues telles que Active Directory, Remote Desktop Services et la protection des donn\u00e9es, il offre une base fiable pour le d\u00e9ploiement de services et d&#8217;applications. Windows Server Standard 2012 [&hellip;]<\/p>\n","protected":false},"featured_media":36318,"template":"","meta":{"inline_featured_image":false},"product_cat":[7094],"product_tag":[],"class_list":{"0":"post-56498","1":"product","2":"type-product","3":"status-publish","4":"has-post-thumbnail","6":"product_cat-windows-server-2012","8":"first","9":"instock","10":"downloadable","11":"taxable","12":"shipping-taxable","13":"purchasable","14":"product-type-simple"},"_links":{"self":[{"href":"https:\/\/www.software-reuse.eu\/fr\/wp-json\/wp\/v2\/product\/56498","targetHints":{"allow":["GET"]}}],"collection":[{"href":"https:\/\/www.software-reuse.eu\/fr\/wp-json\/wp\/v2\/product"}],"about":[{"href":"https:\/\/www.software-reuse.eu\/fr\/wp-json\/wp\/v2\/types\/product"}],"wp:featuredmedia":[{"embeddable":true,"href":"https:\/\/www.software-reuse.eu\/fr\/wp-json\/wp\/v2\/media\/36318"}],"wp:attachment":[{"href":"https:\/\/www.software-reuse.eu\/fr\/wp-json\/wp\/v2\/media?parent=56498"}],"wp:term":[{"taxonomy":"product_cat","embeddable":true,"href":"https:\/\/www.software-reuse.eu\/fr\/wp-json\/wp\/v2\/product_cat?post=56498"},{"taxonomy":"product_tag","embeddable":true,"href":"https:\/\/www.software-reuse.eu\/fr\/wp-json\/wp\/v2\/product_tag?post=56498"}],"curies":[{"name":"wp","href":"https:\/\/api.w.org\/{rel}","templated":true}]}}