{"id":56507,"date":"2017-02-24T01:00:00","date_gmt":"2017-02-24T00:00:00","guid":{"rendered":"https:\/\/www.software-reuse.eu\/shop-product\/non%20class\u00e9\/windows-server-2008-standard-r2\/"},"modified":"2026-04-28T11:25:19","modified_gmt":"2026-04-28T09:25:19","slug":"windows-server-2008-standard-r2","status":"publish","type":"product","link":"https:\/\/www.software-reuse.eu\/fr\/shop\/server-cals\/windows-server-cals\/windows-server-2008-r2\/windows-server-2008-standard-r2\/","title":{"rendered":"Windows Server 2008 Standard R2"},"content":{"rendered":"<p>Windows Server 2008 Standard R2 est une solution \u00e9prouv\u00e9e pour les entreprises et les organisations qui ont besoin d'un environnement de serveur fiable. Avec des fonctions avanc\u00e9es telles que Active Directory, une gestion de r\u00e9seau am\u00e9lior\u00e9e et une protection de s\u00e9curit\u00e9 avanc\u00e9e, il offre une base solide pour le d\u00e9ploiement d'applications et de services.<\/p>","protected":false},"excerpt":{"rendered":"<p>Windows Server 2008 Standard R2 est une solution \u00e9prouv\u00e9e pour les entreprises et les organisations qui ont besoin d&#8217;un environnement de serveur fiable. Avec des fonctions avanc\u00e9es telles que Active Directory, une gestion de r\u00e9seau am\u00e9lior\u00e9e et une protection de s\u00e9curit\u00e9 avanc\u00e9e, il offre une base solide pour le d\u00e9ploiement d&#8217;applications et de services.<\/p>\n","protected":false},"featured_media":36394,"template":"","meta":{"inline_featured_image":false},"product_cat":[7095],"product_tag":[],"class_list":{"0":"post-56507","1":"product","2":"type-product","3":"status-publish","4":"has-post-thumbnail","6":"product_cat-windows-server-2008-r2","8":"first","9":"instock","10":"downloadable","11":"taxable","12":"shipping-taxable","13":"purchasable","14":"product-type-simple"},"_links":{"self":[{"href":"https:\/\/www.software-reuse.eu\/fr\/wp-json\/wp\/v2\/product\/56507","targetHints":{"allow":["GET"]}}],"collection":[{"href":"https:\/\/www.software-reuse.eu\/fr\/wp-json\/wp\/v2\/product"}],"about":[{"href":"https:\/\/www.software-reuse.eu\/fr\/wp-json\/wp\/v2\/types\/product"}],"wp:featuredmedia":[{"embeddable":true,"href":"https:\/\/www.software-reuse.eu\/fr\/wp-json\/wp\/v2\/media\/36394"}],"wp:attachment":[{"href":"https:\/\/www.software-reuse.eu\/fr\/wp-json\/wp\/v2\/media?parent=56507"}],"wp:term":[{"taxonomy":"product_cat","embeddable":true,"href":"https:\/\/www.software-reuse.eu\/fr\/wp-json\/wp\/v2\/product_cat?post=56507"},{"taxonomy":"product_tag","embeddable":true,"href":"https:\/\/www.software-reuse.eu\/fr\/wp-json\/wp\/v2\/product_tag?post=56507"}],"curies":[{"name":"wp","href":"https:\/\/api.w.org\/{rel}","templated":true}]}}