{"id":56510,"date":"2016-10-28T02:00:00","date_gmt":"2016-10-28T00:00:00","guid":{"rendered":"https:\/\/www.software-reuse.eu\/shop-product\/non%20class\u00e9\/windows-server-enterprise-2008-r2-licence\/"},"modified":"2026-04-28T11:33:17","modified_gmt":"2026-04-28T09:33:17","slug":"windows-server-enterprise-2008-r2-licence","status":"publish","type":"product","link":"https:\/\/www.software-reuse.eu\/fr\/shop\/server-cals\/windows-server-cals\/windows-server-2008-r2\/windows-server-enterprise-2008-r2-licence\/","title":{"rendered":"Windows Server Enterprise 2008 R2 licence"},"content":{"rendered":"<p>Windows Server Enterprise 2008 R2 est une plate-forme serveur qui vous permet d'optimiser et d'\u00e9tendre votre infrastructure informatique. Avec des fonctionnalit\u00e9s avanc\u00e9es telles que la virtualisation, une gestion am\u00e9lior\u00e9e de la s\u00e9curit\u00e9 et l'\u00e9volutivit\u00e9, ce logiciel offre une base fiable pour des services d'entreprise exigeants. Windows Server Enterprise 2008 R2 vous aide \u00e0 accro\u00eetre votre efficacit\u00e9 tout en simplifiant la gestion informatique pour garantir des performances et une fiabilit\u00e9 maximales.<\/p>","protected":false},"excerpt":{"rendered":"<p>Windows Server Enterprise 2008 R2 est une plate-forme serveur qui vous permet d&#8217;optimiser et d&#8217;\u00e9tendre votre infrastructure informatique. Avec des fonctionnalit\u00e9s avanc\u00e9es telles que la virtualisation, une gestion am\u00e9lior\u00e9e de la s\u00e9curit\u00e9 et l&#8217;\u00e9volutivit\u00e9, ce logiciel offre une base fiable pour des services d&#8217;entreprise exigeants. Windows Server Enterprise 2008 R2 vous aide \u00e0 accro\u00eetre votre [&hellip;]<\/p>\n","protected":false},"featured_media":36310,"template":"","meta":{"inline_featured_image":false},"product_cat":[7092,7095],"product_tag":[],"class_list":{"0":"post-56510","1":"product","2":"type-product","3":"status-publish","4":"has-post-thumbnail","6":"product_cat-windows-server","7":"product_cat-windows-server-2008-r2","9":"first","10":"instock","11":"downloadable","12":"taxable","13":"shipping-taxable","14":"purchasable","15":"product-type-simple"},"_links":{"self":[{"href":"https:\/\/www.software-reuse.eu\/fr\/wp-json\/wp\/v2\/product\/56510","targetHints":{"allow":["GET"]}}],"collection":[{"href":"https:\/\/www.software-reuse.eu\/fr\/wp-json\/wp\/v2\/product"}],"about":[{"href":"https:\/\/www.software-reuse.eu\/fr\/wp-json\/wp\/v2\/types\/product"}],"wp:featuredmedia":[{"embeddable":true,"href":"https:\/\/www.software-reuse.eu\/fr\/wp-json\/wp\/v2\/media\/36310"}],"wp:attachment":[{"href":"https:\/\/www.software-reuse.eu\/fr\/wp-json\/wp\/v2\/media?parent=56510"}],"wp:term":[{"taxonomy":"product_cat","embeddable":true,"href":"https:\/\/www.software-reuse.eu\/fr\/wp-json\/wp\/v2\/product_cat?post=56510"},{"taxonomy":"product_tag","embeddable":true,"href":"https:\/\/www.software-reuse.eu\/fr\/wp-json\/wp\/v2\/product_tag?post=56510"}],"curies":[{"name":"wp","href":"https:\/\/api.w.org\/{rel}","templated":true}]}}