{"id":56512,"date":"2018-06-12T02:00:00","date_gmt":"2018-06-12T00:00:00","guid":{"rendered":"https:\/\/www.software-reuse.eu\/shop-product\/non%20class\u00e9\/office-professional-plus-2013-licence\/"},"modified":"2026-04-28T11:35:36","modified_gmt":"2026-04-28T09:35:36","slug":"office-professional-plus-2013-licence","status":"publish","type":"product","link":"https:\/\/www.software-reuse.eu\/fr\/shop\/office\/office-2013-licences-en-volume\/office-professional-plus-2013-licence\/","title":{"rendered":"Office Professional Plus 2013 licence"},"content":{"rendered":"<p>La licence Office Professional Plus 2013 est un logiciel performant qui vous permet de travailler efficacement, de cr\u00e9er des documents professionnels et de communiquer facilement avec vos coll\u00e8gues et vos clients. Gr\u00e2ce \u00e0 la suite compl\u00e8te d'applications bureautiques, dont Word, Excel, PowerPoint, Outlook et bien d'autres, vous \u00eates parfaitement \u00e9quip\u00e9 pour le travail quotidien au bureau.<\/p>\n<ul>\n<\/ul>","protected":false},"excerpt":{"rendered":"<p>La licence Office Professional Plus 2013 est un logiciel performant qui vous permet de travailler efficacement, de cr\u00e9er des documents professionnels et de communiquer facilement avec vos coll\u00e8gues et vos clients. Gr\u00e2ce \u00e0 la suite compl\u00e8te d&#8217;applications bureautiques, dont Word, Excel, PowerPoint, Outlook et bien d&#8217;autres, vous \u00eates parfaitement \u00e9quip\u00e9 pour le travail quotidien au [&hellip;]<\/p>\n","protected":false},"featured_media":36214,"template":"","meta":{"inline_featured_image":false},"product_cat":[6909],"product_tag":[],"class_list":{"0":"post-56512","1":"product","2":"type-product","3":"status-publish","4":"has-post-thumbnail","6":"product_cat-office-2013-licences-en-volume","8":"first","9":"outofstock","10":"downloadable","11":"taxable","12":"shipping-taxable","13":"purchasable","14":"product-type-simple"},"_links":{"self":[{"href":"https:\/\/www.software-reuse.eu\/fr\/wp-json\/wp\/v2\/product\/56512","targetHints":{"allow":["GET"]}}],"collection":[{"href":"https:\/\/www.software-reuse.eu\/fr\/wp-json\/wp\/v2\/product"}],"about":[{"href":"https:\/\/www.software-reuse.eu\/fr\/wp-json\/wp\/v2\/types\/product"}],"wp:featuredmedia":[{"embeddable":true,"href":"https:\/\/www.software-reuse.eu\/fr\/wp-json\/wp\/v2\/media\/36214"}],"wp:attachment":[{"href":"https:\/\/www.software-reuse.eu\/fr\/wp-json\/wp\/v2\/media?parent=56512"}],"wp:term":[{"taxonomy":"product_cat","embeddable":true,"href":"https:\/\/www.software-reuse.eu\/fr\/wp-json\/wp\/v2\/product_cat?post=56512"},{"taxonomy":"product_tag","embeddable":true,"href":"https:\/\/www.software-reuse.eu\/fr\/wp-json\/wp\/v2\/product_tag?post=56512"}],"curies":[{"name":"wp","href":"https:\/\/api.w.org\/{rel}","templated":true}]}}