{"id":56524,"date":"2020-06-15T02:00:00","date_gmt":"2020-06-15T00:00:00","guid":{"rendered":"https:\/\/www.software-reuse.eu\/shop-product\/non%20class\u00e9\/enterprise-cal-suite-9-2016-user-cal\/"},"modified":"2026-04-28T11:40:57","modified_gmt":"2026-04-28T09:40:57","slug":"enterprise-cal-suite-9-2016-user-cal","status":"publish","type":"product","link":"https:\/\/www.software-reuse.eu\/fr\/shop\/server-cals\/exchange-server-cal\/enterprise-cal-suite-9-2016-user-cal\/","title":{"rendered":"Enterprise CAL Suite 9\/2016 User CAL"},"content":{"rendered":"<p>Enterprise CAL Suite 9\/2016 User CAL est la solution pour les entreprises qui ont besoin de fonctions d'acc\u00e8s \u00e9tendues aux services et produits Microsoft pour serveurs. Cette suite permet d'augmenter consid\u00e9rablement la collaboration et la productivit\u00e9 au sein de l'entreprise en donnant acc\u00e8s \u00e0 diff\u00e9rents outils et services Microsoft. La User CAL offre un moyen flexible et rentable d'\u00e9tendre l'acc\u00e8s aux solutions Microsoft tout en garantissant la s\u00e9curit\u00e9 et la g\u00e9rabilit\u00e9 de l'infrastructure informatique.<\/p>","protected":false},"excerpt":{"rendered":"<p>Enterprise CAL Suite 9\/2016 User CAL est la solution pour les entreprises qui ont besoin de fonctions d&#8217;acc\u00e8s \u00e9tendues aux services et produits Microsoft pour serveurs. Cette suite permet d&#8217;augmenter consid\u00e9rablement la collaboration et la productivit\u00e9 au sein de l&#8217;entreprise en donnant acc\u00e8s \u00e0 diff\u00e9rents outils et services Microsoft. La User CAL offre un moyen [&hellip;]<\/p>\n","protected":false},"featured_media":36430,"template":"","meta":{"inline_featured_image":false},"product_cat":[7124],"product_tag":[],"class_list":{"0":"post-56524","1":"product","2":"type-product","3":"status-publish","4":"has-post-thumbnail","6":"product_cat-exchange-server-cal","8":"first","9":"instock","10":"downloadable","11":"taxable","12":"shipping-taxable","13":"product-type-simple"},"_links":{"self":[{"href":"https:\/\/www.software-reuse.eu\/fr\/wp-json\/wp\/v2\/product\/56524","targetHints":{"allow":["GET"]}}],"collection":[{"href":"https:\/\/www.software-reuse.eu\/fr\/wp-json\/wp\/v2\/product"}],"about":[{"href":"https:\/\/www.software-reuse.eu\/fr\/wp-json\/wp\/v2\/types\/product"}],"wp:featuredmedia":[{"embeddable":true,"href":"https:\/\/www.software-reuse.eu\/fr\/wp-json\/wp\/v2\/media\/36430"}],"wp:attachment":[{"href":"https:\/\/www.software-reuse.eu\/fr\/wp-json\/wp\/v2\/media?parent=56524"}],"wp:term":[{"taxonomy":"product_cat","embeddable":true,"href":"https:\/\/www.software-reuse.eu\/fr\/wp-json\/wp\/v2\/product_cat?post=56524"},{"taxonomy":"product_tag","embeddable":true,"href":"https:\/\/www.software-reuse.eu\/fr\/wp-json\/wp\/v2\/product_tag?post=56524"}],"curies":[{"name":"wp","href":"https:\/\/api.w.org\/{rel}","templated":true}]}}