{"id":56534,"date":"2016-10-18T02:00:00","date_gmt":"2016-10-18T00:00:00","guid":{"rendered":"https:\/\/www.software-reuse.eu\/shop-product\/non%20class\u00e9\/windows-server-datacenter-2012-r2-2-cpu\/"},"modified":"2026-04-28T11:45:19","modified_gmt":"2026-04-28T09:45:19","slug":"windows-server-datacenter-2012-r2-2-cpu","status":"publish","type":"product","link":"https:\/\/www.software-reuse.eu\/fr\/shop\/server-cals\/windows-server-cals\/windows-server-2012-r2\/windows-server-datacenter-2012-r2-2-cpu\/","title":{"rendered":"Windows Server Datacenter 2012 R2 2 CPU"},"content":{"rendered":"<p>Windows Server Datacenter 2012 R2 avec 2 CPU est une solution serveur robuste et puissante qui offre une \u00e9volutivit\u00e9 et des performances compl\u00e8tes \u00e0 votre infrastructure informatique. Vous b\u00e9n\u00e9ficiez d'une virtualisation compl\u00e8te, d'une gestion des donn\u00e9es de premier ordre et de fonctions de s\u00e9curit\u00e9 am\u00e9lior\u00e9es.&nbsp;<\/p>","protected":false},"excerpt":{"rendered":"<p>Windows Server Datacenter 2012 R2 avec 2 CPU est une solution serveur robuste et puissante qui offre une \u00e9volutivit\u00e9 et des performances compl\u00e8tes \u00e0 votre infrastructure informatique. Vous b\u00e9n\u00e9ficiez d&#8217;une virtualisation compl\u00e8te, d&#8217;une gestion des donn\u00e9es de premier ordre et de fonctions de s\u00e9curit\u00e9 am\u00e9lior\u00e9es.&nbsp;<\/p>\n","protected":false},"featured_media":37461,"template":"","meta":{"inline_featured_image":false},"product_cat":[7092,7093],"product_tag":[],"class_list":{"0":"post-56534","1":"product","2":"type-product","3":"status-publish","4":"has-post-thumbnail","6":"product_cat-windows-server","7":"product_cat-windows-server-2012-r2","9":"first","10":"instock","11":"downloadable","12":"taxable","13":"shipping-taxable","14":"purchasable","15":"product-type-simple"},"_links":{"self":[{"href":"https:\/\/www.software-reuse.eu\/fr\/wp-json\/wp\/v2\/product\/56534","targetHints":{"allow":["GET"]}}],"collection":[{"href":"https:\/\/www.software-reuse.eu\/fr\/wp-json\/wp\/v2\/product"}],"about":[{"href":"https:\/\/www.software-reuse.eu\/fr\/wp-json\/wp\/v2\/types\/product"}],"wp:featuredmedia":[{"embeddable":true,"href":"https:\/\/www.software-reuse.eu\/fr\/wp-json\/wp\/v2\/media\/37461"}],"wp:attachment":[{"href":"https:\/\/www.software-reuse.eu\/fr\/wp-json\/wp\/v2\/media?parent=56534"}],"wp:term":[{"taxonomy":"product_cat","embeddable":true,"href":"https:\/\/www.software-reuse.eu\/fr\/wp-json\/wp\/v2\/product_cat?post=56534"},{"taxonomy":"product_tag","embeddable":true,"href":"https:\/\/www.software-reuse.eu\/fr\/wp-json\/wp\/v2\/product_tag?post=56534"}],"curies":[{"name":"wp","href":"https:\/\/api.w.org\/{rel}","templated":true}]}}