{"id":56539,"date":"2022-11-18T16:22:36","date_gmt":"2022-11-18T15:22:36","guid":{"rendered":"https:\/\/www.software-reuse.eu\/shop-product\/non%20class\u00e9\/adobe-acrobat-standard-dc-2015-anglais\/"},"modified":"2026-04-28T11:49:27","modified_gmt":"2026-04-28T09:49:27","slug":"adobe-acrobat-standard-dc-2015-anglais","status":"publish","type":"product","link":"https:\/\/www.software-reuse.eu\/fr\/shop\/adobe\/acrobat\/adobe-acrobat-standard-dc-2015-anglais\/","title":{"rendered":"Adobe Acrobat Standard DC 2015 anglais"},"content":{"rendered":"<p>Adobe Acrobat Standard DC 2015 anglais est un programme standard fiable pour Windows et Mac permettant de prot\u00e9ger, de convertir, de modifier ou de signer \u00e9lectroniquement des documents PDF. Cette licence d'achat pour Windows est utilisable de mani\u00e8re illimit\u00e9e, est livr\u00e9e en anglais et peut \u00eatre utilis\u00e9e pour 2 PC.<\/p>","protected":false},"excerpt":{"rendered":"<p>Adobe Acrobat Standard DC 2015 anglais est un programme standard fiable pour Windows et Mac permettant de prot\u00e9ger, de convertir, de modifier ou de signer \u00e9lectroniquement des documents PDF. Cette licence d&#8217;achat pour Windows est utilisable de mani\u00e8re illimit\u00e9e, est livr\u00e9e en anglais et peut \u00eatre utilis\u00e9e pour 2 PC.<\/p>\n","protected":false},"featured_media":39989,"template":"","meta":{"inline_featured_image":false},"product_cat":[7683,8305,7661],"product_tag":[],"class_list":{"0":"post-56539","1":"product","2":"type-product","3":"status-publish","4":"has-post-thumbnail","6":"product_cat-acrobat-fr","7":"product_cat-acrobat-2015-fr","8":"product_cat-adobe-fr","9":"pa_betriebssysteme-windows-server-2012-r2-2-fr","10":"pa_betriebssysteme-windows-server-2019-fr","11":"pa_betriebssysteme-windows-server-2016-fr","12":"pa_betriebssysteme-windows-server-2012-fr","13":"pa_betriebssysteme-windows-server-2008-r2-fr","14":"pa_betriebssysteme-windows-8-1-fr","15":"pa_betriebssysteme-windows-7-sp1-fr","16":"pa_betriebssysteme-windows-10-fr","17":"pa_betriebssysteme-windows-8-fr","18":"pa_betriebssysteme-windows-7-fr","19":"pa_lizenzierung-nach-dispositifs","20":"pa_lizenzlaufzeit-licence-dachat-utilisation-illimitee","21":"pa_lizenztyp-kommerziell-einsetzbare-volumenlizenz-fr","22":"pa_maximal-erlaubte-installatio-deux-appareils-sils-ne-sont-pas-utilises-simultanement","23":"pa_sprache-englisch-fr","24":"pa_zustand-comme-neuf","26":"first","27":"instock","28":"downloadable","29":"taxable","30":"shipping-taxable","31":"purchasable","32":"product-type-simple"},"_links":{"self":[{"href":"https:\/\/www.software-reuse.eu\/fr\/wp-json\/wp\/v2\/product\/56539","targetHints":{"allow":["GET"]}}],"collection":[{"href":"https:\/\/www.software-reuse.eu\/fr\/wp-json\/wp\/v2\/product"}],"about":[{"href":"https:\/\/www.software-reuse.eu\/fr\/wp-json\/wp\/v2\/types\/product"}],"wp:featuredmedia":[{"embeddable":true,"href":"https:\/\/www.software-reuse.eu\/fr\/wp-json\/wp\/v2\/media\/39989"}],"wp:attachment":[{"href":"https:\/\/www.software-reuse.eu\/fr\/wp-json\/wp\/v2\/media?parent=56539"}],"wp:term":[{"taxonomy":"product_cat","embeddable":true,"href":"https:\/\/www.software-reuse.eu\/fr\/wp-json\/wp\/v2\/product_cat?post=56539"},{"taxonomy":"product_tag","embeddable":true,"href":"https:\/\/www.software-reuse.eu\/fr\/wp-json\/wp\/v2\/product_tag?post=56539"}],"curies":[{"name":"wp","href":"https:\/\/api.w.org\/{rel}","templated":true}]}}