{"id":56553,"date":"2022-11-21T14:14:49","date_gmt":"2022-11-21T13:14:49","guid":{"rendered":"https:\/\/www.software-reuse.eu\/shop-product\/non%20class\u00e9\/adobe-acrobat-standard-dc-2017-anglais\/"},"modified":"2026-04-28T12:20:13","modified_gmt":"2026-04-28T10:20:13","slug":"adobe-acrobat-standard-dc-2017-anglais","status":"publish","type":"product","link":"https:\/\/www.software-reuse.eu\/fr\/shop\/adobe\/acrobat\/acrobat-2017\/adobe-acrobat-standard-dc-2017-anglais\/","title":{"rendered":"Adobe Acrobat Standard DC 2017 anglais"},"content":{"rendered":"<p>Adobe Acrobat Standard DC 2017 Anglais est un logiciel puissant pour la cr\u00e9ation, l'\u00e9dition et la gestion de documents PDF. Gr\u00e2ce \u00e0 des outils efficaces, vous pouvez facilement cr\u00e9er, modifier et partager des PDF de qualit\u00e9 professionnelle. Cette version anglaise offre de nombreuses possibilit\u00e9s de gestion des documents et vous permet de collaborer facilement dans une langue famili\u00e8re.<\/p>","protected":false},"excerpt":{"rendered":"<p>Adobe Acrobat Standard DC 2017 Anglais est un logiciel puissant pour la cr\u00e9ation, l&#8217;\u00e9dition et la gestion de documents PDF. Gr\u00e2ce \u00e0 des outils efficaces, vous pouvez facilement cr\u00e9er, modifier et partager des PDF de qualit\u00e9 professionnelle. Cette version anglaise offre de nombreuses possibilit\u00e9s de gestion des documents et vous permet de collaborer facilement dans [&hellip;]<\/p>\n","protected":false},"featured_media":39995,"template":"","meta":{"inline_featured_image":false},"product_cat":[8306,7661,7683],"product_tag":[],"class_list":{"0":"post-56553","1":"product","2":"type-product","3":"status-publish","4":"has-post-thumbnail","6":"product_cat-acrobat-2017-fr","7":"product_cat-adobe-fr","8":"product_cat-acrobat-fr","9":"pa_betriebssysteme-windows-10-fr","10":"pa_betriebssysteme-windows-7-fr","11":"pa_betriebssysteme-windows-7-sp1-fr","12":"pa_betriebssysteme-windows-8-fr","13":"pa_betriebssysteme-windows-8-1-fr","14":"pa_betriebssysteme-windows-server-2008-r2-fr","15":"pa_betriebssysteme-windows-server-2012-fr","16":"pa_betriebssysteme-windows-server-2012-r2-2-fr","17":"pa_betriebssysteme-windows-server-2016-fr","18":"pa_betriebssysteme-windows-server-2019-fr","19":"pa_lizenzierung-nach-dispositifs","20":"pa_lizenzlaufzeit-licence-dachat-utilisation-illimitee","21":"pa_lizenztyp-kommerziell-einsetzbare-volumenlizenz-fr","22":"pa_maximal-erlaubte-installatio-deux-appareils-sils-ne-sont-pas-utilises-simultanement","23":"pa_sprache-englisch-fr","24":"pa_zustand-comme-neuf","26":"first","27":"outofstock","28":"downloadable","29":"taxable","30":"shipping-taxable","31":"purchasable","32":"product-type-simple"},"_links":{"self":[{"href":"https:\/\/www.software-reuse.eu\/fr\/wp-json\/wp\/v2\/product\/56553","targetHints":{"allow":["GET"]}}],"collection":[{"href":"https:\/\/www.software-reuse.eu\/fr\/wp-json\/wp\/v2\/product"}],"about":[{"href":"https:\/\/www.software-reuse.eu\/fr\/wp-json\/wp\/v2\/types\/product"}],"wp:featuredmedia":[{"embeddable":true,"href":"https:\/\/www.software-reuse.eu\/fr\/wp-json\/wp\/v2\/media\/39995"}],"wp:attachment":[{"href":"https:\/\/www.software-reuse.eu\/fr\/wp-json\/wp\/v2\/media?parent=56553"}],"wp:term":[{"taxonomy":"product_cat","embeddable":true,"href":"https:\/\/www.software-reuse.eu\/fr\/wp-json\/wp\/v2\/product_cat?post=56553"},{"taxonomy":"product_tag","embeddable":true,"href":"https:\/\/www.software-reuse.eu\/fr\/wp-json\/wp\/v2\/product_tag?post=56553"}],"curies":[{"name":"wp","href":"https:\/\/api.w.org\/{rel}","templated":true}]}}