{"id":56565,"date":"2016-05-08T02:00:00","date_gmt":"2016-05-08T00:00:00","guid":{"rendered":"https:\/\/www.software-reuse.eu\/shop-product\/non%20class\u00e9\/adobe-creative-suite-6-master-collection-allemand-windows-mac-version-complete\/"},"modified":"2026-04-28T12:49:40","modified_gmt":"2026-04-28T10:49:40","slug":"adobe-creative-suite-6-master-collection-allemand-windows-mac-version-complete","status":"publish","type":"product","link":"https:\/\/www.software-reuse.eu\/fr\/shop\/adobe\/adobe-creative-suite-6\/adobe-creative-suite-6-master-collection-allemand-windows-mac-version-complete\/","title":{"rendered":"Adobe Creative Suite 6 Master Collection allemand Windows\/Mac Version compl\u00e8te"},"content":{"rendered":"<p>Adobe Creative Suite 6 Master Collection offre de nombreux outils professionnels pour l'\u00e9dition de graphiques, de vid\u00e9os, de sons et bien plus encore. Gr\u00e2ce \u00e0 la version compl\u00e8te, votre cr\u00e9ativit\u00e9 peut prendre vie dans des images et des projets impressionnants et remarquables. Laissez-vous impressionner par les possibilit\u00e9s de cr\u00e9ation infinies.&nbsp;<\/p>","protected":false},"excerpt":{"rendered":"<p>Adobe Creative Suite 6 Master Collection offre de nombreux outils professionnels pour l&#8217;\u00e9dition de graphiques, de vid\u00e9os, de sons et bien plus encore. Gr\u00e2ce \u00e0 la version compl\u00e8te, votre cr\u00e9ativit\u00e9 peut prendre vie dans des images et des projets impressionnants et remarquables. Laissez-vous impressionner par les possibilit\u00e9s de cr\u00e9ation infinies.&nbsp;<\/p>\n","protected":false},"featured_media":41804,"template":"","meta":{"inline_featured_image":false},"product_cat":[7691],"product_tag":[],"class_list":{"0":"post-56565","1":"product","2":"type-product","3":"status-publish","4":"has-post-thumbnail","6":"product_cat-adobe-creative-suite-6-fr","7":"pa_betriebssysteme-mac-os-1010-yosemite-fr","8":"pa_betriebssysteme-mac-os-1011-el-capitan-fr","9":"pa_betriebssysteme-mac-os-1012-sierra-fr","10":"pa_betriebssysteme-mac-os-1013-high-sierra-fr","11":"pa_betriebssysteme-mac-os-1014-mojave-fr","12":"pa_betriebssysteme-mac-os-106-snow-leopard-en-fr","13":"pa_betriebssysteme-mac-os-107-lion-en-fr","14":"pa_betriebssysteme-mac-os-108-mountain-lion-en-fr","15":"pa_betriebssysteme-mac-os-109-mavericks-fr","16":"pa_betriebssysteme-windows-10-fr","17":"pa_betriebssysteme-windows-7-fr","18":"pa_betriebssysteme-windows-8-fr","19":"pa_betriebssysteme-windows-vista-fr","20":"pa_betriebssysteme-windows-xp-fr","21":"pa_lizenzierung-nach-dispositifs","22":"pa_lizenzlaufzeit-licence-dachat-utilisation-illimitee","23":"pa_lizenztyp-kommerziell-einsetzbare-volumenlizenz-fr","24":"pa_maximal-erlaubte-installatio-deux-appareils-sils-ne-sont-pas-utilises-simultanement","25":"pa_programme-acrobat-pro-fr","26":"pa_programme-after-effects-fr","27":"pa_programme-audition-fr","28":"pa_programme-bridge-fr","29":"pa_programme-dreamweaver-fr","30":"pa_programme-encore-fr","31":"pa_programme-fireworks-fr","32":"pa_programme-flash-fr","33":"pa_programme-illustrator-fr","34":"pa_programme-indesign-fr","35":"pa_programme-media-encoder-fr","36":"pa_programme-photoshop-fr","37":"pa_programme-photoshop-extended-fr","38":"pa_programme-prelude-fr","39":"pa_programme-premiere-pro-fr","40":"pa_sprache-deutsch-fr","41":"pa_zustand-comme-neuf","43":"first","44":"outofstock","45":"downloadable","46":"taxable","47":"shipping-taxable","48":"purchasable","49":"product-type-simple"},"_links":{"self":[{"href":"https:\/\/www.software-reuse.eu\/fr\/wp-json\/wp\/v2\/product\/56565","targetHints":{"allow":["GET"]}}],"collection":[{"href":"https:\/\/www.software-reuse.eu\/fr\/wp-json\/wp\/v2\/product"}],"about":[{"href":"https:\/\/www.software-reuse.eu\/fr\/wp-json\/wp\/v2\/types\/product"}],"wp:featuredmedia":[{"embeddable":true,"href":"https:\/\/www.software-reuse.eu\/fr\/wp-json\/wp\/v2\/media\/41804"}],"wp:attachment":[{"href":"https:\/\/www.software-reuse.eu\/fr\/wp-json\/wp\/v2\/media?parent=56565"}],"wp:term":[{"taxonomy":"product_cat","embeddable":true,"href":"https:\/\/www.software-reuse.eu\/fr\/wp-json\/wp\/v2\/product_cat?post=56565"},{"taxonomy":"product_tag","embeddable":true,"href":"https:\/\/www.software-reuse.eu\/fr\/wp-json\/wp\/v2\/product_tag?post=56565"}],"curies":[{"name":"wp","href":"https:\/\/api.w.org\/{rel}","templated":true}]}}