{"id":14241,"date":"2021-07-15T14:45:40","date_gmt":"2021-07-15T12:45:40","guid":{"rendered":"https:\/\/swr1.wpenginepowered.com\/?page_id=14241"},"modified":"2026-01-14T15:22:28","modified_gmt":"2026-01-14T14:22:28","slug":"office-365-vs-office-2019-le-principali-differenze","status":"publish","type":"page","link":"https:\/\/www.software-reuse.eu\/it\/blog\/office-365-vs-office-2019-le-principali-differenze\/","title":{"rendered":"Office 365 vs. Office 2019 \u2013 le principali  differenze"},"content":{"rendered":"<section><div class=\"container\"><div class=\"row\"><div class=\"wpb_column hcode-column-container vc_col-sm-2 col-xs-mobile-fullwidth\" data-front-class=\"col-xs-mobile-fullwidth\"><div class=\"vc-column-innner-wrapper\"><\/div><\/div><div class=\"wpb_column hcode-column-container vc_col-sm-8 col-xs-mobile-fullwidth\" data-front-class=\"col-xs-mobile-fullwidth\"><div class=\"vc-column-innner-wrapper\">[vc_single_image image=\"14175\" img_size=\"full\"][vc_empty_space]<h1>Office 365 vs. Office 2019: le principali differenze<\/h1>\n<p>Office 365 vs. Office 2019 in versione on-premises: quali sono le differenze tra i due prodotti <a href=\"https:\/\/www.microsoft.com\/de-at\/\" target=\"_blank\" rel=\"noopener\">Microsoft <\/a> e quali sono i vantaggi delle versioni? In questo blog post scoprirete tutto su Microsoft 365 (ex Office 365) e Office 2019!<\/p>\n<h2>Abbonamento o acquisto una tantum<\/h2>\n<p>Prima di tutto, va detto che Office 365 non si chiama pi\u00f9 Office 365, ma Microsoft 365. La differenza principale tra Office 365 o Microsoft 365 e Office 2019 \u00e8 che Microsoft 365 \u00e8 un abbonamento e Office 2019 \u00e8 un acquisto unico. In questo modo, abbonandosi a Microsoft 365, i clienti otterranno sempre l'ultima versione di Office, mentre Office 2019 non fornir\u00e0 agli utenti alcun aggiornamento delle funzionalit\u00e0 principali fino al lancio della prossima versione Office 2022. Inoltre, se i clienti vogliono aggiornare Office 2019 alla nuova versione, devono acquistarlo nuovamente. Se si opta per la versione a pagamento, ci si dovr\u00e0 accontentare delle funzionalit\u00e0 attuali.<\/p>\n<p>Il costo mensile di Microsoft 365 for Business \u00e8 di 4,20 euro per \"Microsoft 365 Business Basic\" e di 10,50 euro per \"Microsoft 365 Business Standard\" (prezzi ufficiali di vendita al dettaglio Microsoft a novembre 2021). Il costo di un acquisto una tantum varia a seconda del pacchetto e della versione di Office selezionata.<\/p>\n<h2>Modello di cloud ibrido per motivi di costo<\/h2>\n<p>Molte aziende optano sempre pi\u00f9 spesso per un modello di cloud ibrido in cui, per motivi di costo o strategici, Microsoft 365 viene combinato in modo ottimale con l'acquisto di licenze on-premise. In questo caso esistono diversi approcci, ad esempio l'acquisto di Office 2019 in versione on-premise e un pacchetto vantaggioso di Microsoft 365 per utilizzare Microsoft Teams, Exchange, SharePoint ecc. Rivolgetevi ai nostri esperti di licenze per trovare la soluzione pi\u00f9 favorevole per la vostra azienda.<\/p>\n<h2>Utenti e spazio di archiviazione online aggiuntivo<\/h2>\n<p>Dopo aver acquistato la versione di Office 2019, \u00e8 possibile installarla su PC o Mac. Con i pacchetti Microsoft 365 per le grandi aziende e le PMI siete pi\u00f9 indipendenti. Qui le app possono essere utilizzate su un massimo di 10 dispositivi diversi (5 dispositivi mobili e 5 tablet).<\/p>\n<p>Un'altra differenza \u00e8 che Office 2019 non include l'archiviazione online aggiuntiva. Con Microsoft 365 Cloud, invece, si ottiene un terabyte di spazio di archiviazione online a cui si pu\u00f2 accedere da qualsiasi luogo e che si pu\u00f2 condividere con un massimo di altri 5 utenti.<\/p>\n<h2>Microsoft 365 vs. Office 2019 - Assistenza tecnica<\/h2>\n<p>Microsoft 365 offre supporto gratuito per l'intero periodo, mentre gli aggiornamenti per Office 2019 sono offerti fino al 14.10.2025. Il supporto principale dura 5 anni, dopodich\u00e9 sono previsti altri due anni di \"supporto esteso\", che comprende solo importanti aggiornamenti di sicurezza.<\/p>\n<h2>Office 2019 funziona solo con Windows 10<\/h2>\n<p>S\u00ec, avete letto bene. Microsoft Office 2019 \u00e8 la prima versione che \u00e8 ora compatibile solo con Windows 10. Gli utenti che si affidano ancora a Windows 7 o 8.1 dovranno aggiornare le loro versioni o utilizzare una versione diversa di Office.<\/p>\n<h2>La nostra conclusione sul duello tra Office 365 e Office 2019<\/h2>\n<p>Il duello tra Office 365 e Office 2019, che ora deve essere chiamato Microsoft 365 e Office 2019, non \u00e8 facile da decidere. Quale sia la versione giusta dipende in gran parte dalle esigenze della vostra azienda. Se preferite pi\u00f9 funzioni e un utilizzo indipendente del cloud, oltre alla condivisione delle vostre applicazioni, vi consigliamo Microsoft 365, ma questa \u00e8 spesso la soluzione pi\u00f9 costosa per le aziende.<\/p>\n<p>In ogni caso, l'acquisto di licenze Office usate pu\u00f2 essere molto pi\u00f9 conveniente. Se necessario, questi possono essere combinati con i pacchetti di Microsoft 365, per una soluzione cosiddetta di \"cloud ibrido\". Qui si possono aggiungere funzioni desiderate che possono essere solo affittate, come il software di collaborazione e comunicazione Microsoft Teams. Ma esistono molti altri modelli di cloud ibrido: gli esperti di licenze di Software ReUse saranno lieti di consigliarvi senza impegno!<\/p>\n<p>Quindi, se avete ancora domande, <a href=\"\/?page_id=7981\">contattateci<\/a><\/p>\n<\/div><\/div><div class=\"wpb_column hcode-column-container vc_col-sm-2 col-xs-mobile-fullwidth\" data-front-class=\"col-xs-mobile-fullwidth\"><div class=\"vc-column-innner-wrapper\"><\/div><\/div><\/div><\/div><\/section><section class=\" vc_custom_1607508772717\"><div class=\"container\"><div class=\"row\"><div class=\"wpb_column hcode-column-container vc_col-sm-12 col-xs-mobile-fullwidth\" data-front-class=\"col-xs-mobile-fullwidth\"><div class=\"vc-column-innner-wrapper\"><h2 style=\"text-align: center;\">Siete interessati ad acquistare o vendere software per la vostra azienda?<\/h2>\n<div class=\"cta-buttons hcode-inner-row\"><div class=\"wpb_column hcode-column-container vc_col-sm-12 col-xs-mobile-fullwidth\" data-front-class=\"col-xs-mobile-fullwidth\"><div class=\"vc-column-innner-wrapper\">[vc_btn title=\"Vai allo Shop\" link=\"url:https%3A%2F%2Fwww.software-reuse.eu%2Fit%2Fshop%2F|title:Vai%20allo%20Shop|\" el_class=\"primary-button\"][vc_btn title=\"Consulenza gratuita\" el_class=\"secondary-button\" link=\"url:https%3A%2F%2Fwww.software-reuse.eu%2Fit%2Fcontatti%2F|title:Consulenza%20gratuita|\"]<\/div><\/div><\/div><\/div><\/div><\/div><\/div><\/section><section class=\"fakten-cta\"><div class=\"container\"><div class=\"row\"><div class=\"wpb_column hcode-column-container vc_col-sm-12 col-xs-mobile-fullwidth\" data-front-class=\"col-xs-mobile-fullwidth\"><div class=\"vc-column-innner-wrapper\"><div class=\"padding-three-bottom sm-padding-three-bottom xs-padding-three-tb\"><h2 style=\"text-align: center;\">\u00a0Software ReUse - Scrivono di noi<\/h2>\n<\/div>[vc_raw_html el_class=\"presse-logo-slider\"]W2xvZ29zaG93Y2FzZSBjYXRfaWQ9IjI2IiBkb3RzPSJmYWxzZSJd[\/vc_raw_html]<\/div><\/div><\/div><\/div><\/section>","protected":false},"excerpt":{"rendered":"<p>[vc_single_image image=&#8221;14175&#8243; img_size=&#8221;full&#8221;][vc_empty_space]Office 365 vs. Office 2019: le principali differenze Office 365 vs. Office 2019 in versione on-premises: quali sono le differenze tra i due prodotti Microsoft e quali sono i vantaggi delle versioni? In questo blog post scoprirete tutto su Microsoft 365 (ex Office 365) e Office 2019! Abbonamento o acquisto una tantum Prima [&hellip;]<\/p>\n","protected":false},"author":21,"featured_media":51904,"parent":39755,"menu_order":0,"comment_status":"closed","ping_status":"closed","template":"","meta":{"inline_featured_image":false,"footnotes":""},"class_list":["post-14241","page","type-page","status-publish","has-post-thumbnail","hentry"],"_links":{"self":[{"href":"https:\/\/www.software-reuse.eu\/it\/wp-json\/wp\/v2\/pages\/14241","targetHints":{"allow":["GET"]}}],"collection":[{"href":"https:\/\/www.software-reuse.eu\/it\/wp-json\/wp\/v2\/pages"}],"about":[{"href":"https:\/\/www.software-reuse.eu\/it\/wp-json\/wp\/v2\/types\/page"}],"author":[{"embeddable":true,"href":"https:\/\/www.software-reuse.eu\/it\/wp-json\/wp\/v2\/users\/21"}],"replies":[{"embeddable":true,"href":"https:\/\/www.software-reuse.eu\/it\/wp-json\/wp\/v2\/comments?post=14241"}],"version-history":[{"count":0,"href":"https:\/\/www.software-reuse.eu\/it\/wp-json\/wp\/v2\/pages\/14241\/revisions"}],"up":[{"embeddable":true,"href":"https:\/\/www.software-reuse.eu\/it\/wp-json\/wp\/v2\/pages\/39755"}],"wp:featuredmedia":[{"embeddable":true,"href":"https:\/\/www.software-reuse.eu\/it\/wp-json\/wp\/v2\/media\/51904"}],"wp:attachment":[{"href":"https:\/\/www.software-reuse.eu\/it\/wp-json\/wp\/v2\/media?parent=14241"}],"curies":[{"name":"wp","href":"https:\/\/api.w.org\/{rel}","templated":true}]}}