{"id":15092,"date":"2022-01-31T09:17:05","date_gmt":"2022-01-31T08:17:05","guid":{"rendered":"https:\/\/swr1.wpenginepowered.com\/?page_id=15092"},"modified":"2026-01-14T15:21:40","modified_gmt":"2026-01-14T14:21:40","slug":"versioni-di-office-2019-qual-e-la-versione-giusta-per-me","status":"publish","type":"page","link":"https:\/\/www.software-reuse.eu\/it\/versioni-di-office-2019-qual-e-la-versione-giusta-per-me\/","title":{"rendered":"Versioni di Office 2019: qual \u00e8 la versione giusta per me?"},"content":{"rendered":"<section><div class=\"container\"><div class=\"row\"><div class=\"wpb_column hcode-column-container vc_col-sm-2 col-xs-mobile-fullwidth\" data-front-class=\"col-xs-mobile-fullwidth\"><div class=\"vc-column-innner-wrapper\"><\/div><\/div><div class=\"wpb_column hcode-column-container vc_col-sm-8 col-xs-mobile-fullwidth\" data-front-class=\"col-xs-mobile-fullwidth\"><div class=\"vc-column-innner-wrapper\">[vc_single_image source=\"featured_image\" img_size=\"full\" css=\"\"][vc_empty_space height=\"24px\"]<h1>Versioni di Office 2019: qual \u00e8 la versione giusta per me?<\/h1>\n<p>Scopri nel nostro blog quali versioni di Office 2019 sono disponibili, come si differenziano e qual \u00e8 la grande differenza rispetto a Office 365.<\/p>\n<p>&nbsp;<\/p>\n<h2>Quali novit\u00e0 offrono le versioni di Office 2019?<\/h2>\n<p>Microsoft ha introdotto le nuove versioni di Office 2019 senza molto clamore. La politica aziendale del gigante del software \u00e8 probabilmente volta a fidelizzare in modo permanente con Office 365 il maggior numero possibile di clienti possibile nel corso dei prossimi anni.<\/p>\n<p>Non \u00e8 infatti possibile acquistare Office 365 mediante pagamento una tantum, ma solo come modello di abbonamento mediante pagamento mensile a Microsoft. Questo comporta senza dubbio anche molti vantaggi, come gli aggiornamenti costanti e i backup permanenti nel cloud storage di Microsoft. Tuttavia, se a un certo punto si smette di pagare, la licenza scade e lo schermo si oscura!<\/p>\n<p>Gli utenti scettici della cloud sono aumentati, dopo le recenti fughe di dati da \u201cAzure\u201d, la cloud di Microsoft. Nonostante le perdite siano state riparate da tempo, la fiducia nei servizi cloud \u00e8 rimasta generalmente scossa.<\/p>\n<p>Dal momento che le versioni di Office 2019, insieme alla versione recentemente annunciata di <a href=\"\/?page_id=13709\" data-schema-attribute=\"\">Office 2021<\/a>, sono le ultime suite ancora acquistabili presso Microsoft con pagamento una tantum, molte aziende stanno ancora approfittando della possibilit\u00e0 di mantenere la loro indipendenza e stanno optando per una delle cinque versioni acquistabili di Office 2019.<\/p>\n<p>&nbsp;<\/p>\n<h2>Office 2019 \u00e8 stato notevolmente aggiornato dal punto di vista grafico.<\/h2>\n<p>Tutte le versioni di Office 2019 sono state arricchite con alcune nuove funzioni grafiche che permettono di integrare con pochi clic interessanti effetti grafici nei programmi standard quali Word, Excel e PowerPoint, rendendo le presentazioni ancora pi\u00f9 attraenti. L'uso di queste funzioni \u00e8 anche notevolmente semplificato grazie al supporto migliorato per la penna; Office 2019 \u00e8 quindi particolarmente adatto per i computer con touchscreen.<\/p>\n<p>Ultimo dettaglio ma non meno importante, con i nuovi programmi \u00e8 ora possibile tradurre intere sezioni di testo in altre lingue senza problemi.<\/p>\n<p>&nbsp;<\/p>\n<h2>\u00c8 difficile passare alle versioni di Office 2019?<\/h2>\n<p>Microsoft ha mantenuto la struttura del men\u00fa gi\u00e0 familiare e appresa con Office 2013 e Office 2016. In questo modo, ogni utente sa immediatamente dove trovare cosa e pu\u00f2 continuare a lavorare senza problemi con Office 2019, in modo intuitivo. Questo permette anche di risparmiare i costi di formazione del personale sulla nuova versione.<\/p>\n<p>&nbsp;<\/p>\n<h2>Quali versioni di Office 2019 sono disponibili?<\/h2>\n<p>Office 2019 \u00e8 offerto in diverse versioni e licenze. Per scoprire quale sia quella giusto per te, riportiamo qui alcuni fatti e cifre.<\/p>\n<p>&nbsp;<\/p>\n<h2>Office 2019 \u00e8 offerto nelle seguenti cinque versioni:<\/h2>\n<ul>\n<li>Office 2019 Standard<\/li>\n<li>Office 2019 Professional Plus<\/li>\n<li>Office 2019 Professional<\/li>\n<li>Office 2019 Home and Business<\/li>\n<li>Office 2019 Home and Student<\/li>\n<\/ul>\n<p>Le versioni <em>Office 2019 Home and Business, Office 2019 Home and Student<\/em> e <em>Office 2019 Professional<\/em> sono disponibili come licenze singole. Sono le pi\u00f9 adatte per privati e aziende con un massimo di quattro PC.<\/p>\n<p>Le versioni <em>Office 2019 Standard<\/em> e <em>Office 2019 Professional Plus<\/em>, invece, sono disponibili solo come parte dei programmi di licenza a volume di Microsoft (Enterprise Agreement, Open License, CLP, MPSA) e sono quindi adatti per le aziende con cinque o pi\u00f9 PC.<\/p>\n<p>&nbsp;<\/p>\n<h2>Office 2019 Home and Business<\/h2>\n<p>Questa versione, come suggerisce il nome, \u00e8 pensata per individui, famiglie e piccole imprese che hanno bisogno delle pi\u00f9 importanti app di Office e delle funzioni di posta elettronica.<\/p>\n<p>Il pacchetto Home and Business \u00e8 disponibile come licenza singola e permette l'installazione su un PC o Mac.<\/p>\n<p>Il pacchetto Office 2019 Home and Business include Outlook per Windows 10 accanto ai rinnovati programmi Word, Excel e Power Point.<\/p>\n<p>&nbsp;<\/p>\n<h2>Office 2019 Home and Student<\/h2>\n<p>Anche questa versione \u00e8 disponibile solo come licenza singola per un solo PC o Mac e include i programmi Microsoft Word, Excel e PowerPoint. Tuttavia, il popolare programma Outlook non \u00e8 incluso.<\/p>\n<p>&nbsp;<\/p>\n<h2>Office 2019 Professional<\/h2>\n<p>Anche questa versione \u00e8 disponibile come versione d'acquisto (licenza perpetua) e con licenza per l\u2019installazione su un solo dispositivo. Le piccole imprese in fase di espansione troveranno qui anche le versioni aggiornate di Outlook, Word, Excel e PowerPoint.<\/p>\n<p>Il pacchetto Office 2019 Professional include inoltre anche altri programmi come Project, Access, Publisher e Visio.<\/p>\n<p>&nbsp;<\/p>\n<h2>Office 2019 Standard<\/h2>\n<p>Questa versione, disponibile solo come licenza a volume, contiene naturalmente anche i programmi Outlook, Word, Excel, PowerPoint, Project e Visio aggiornati.<\/p>\n<p>Vi \u00e8 stato inoltre integrato il programma Publisher (solo per Windows, non per Mac), che mette a disposizione pratici modelli per la creazione di pubblicazioni professionali, in modo rapido e per ogni occasione.<\/p>\n<p>Con Office 2019 \u00e8 possibile utilizzare la grafica vettoriale scalabile (SVGs) in Word, Excel e PowerPoint per inserire modelli 3D e ruotarli e inclinarli in tutte le direzioni. La versione rielaborata di PowerPoint offre la possibilit\u00e0 di utilizzare la nuova transizione morph per creare animazioni spettacolari.<\/p>\n<p>Con questa suite, gli amministratori informatici avranno il vantaggio di poter attivare il software per molti utenti allo stesso tempo, tramite l'attivazione a volume.<\/p>\n<p>&nbsp;<\/p>\n<h2>Office 2019 Professional Plus<\/h2>\n<p>Questa versione di Office 2019 \u00e8 la pi\u00f9 completa e, oltre a tutte le versioni migliorate di Outlook, Word, Excel, PowerPoint, Project e Publisher gi\u00e0 menzionate sopra, contiene anche Access e Skype for Business. Con Skype for Business, la licenza di Office 2019 Professional Plus offre al momento un programma in pi\u00f9 rispetto alla versione in abbonamento di Office 365!<\/p>\n<p>La versione Professional Plus contiene anche la cosiddetta funzione DLP (DLP sta per Data Loss Prevention) come un utile strumento extra, che previene la perdita di dati e rende possibile l'uso commerciale delle applicazioni client di Office.<\/p>\n<p>Quando si imposta Office 2019 Professional Plus, tutti i programmi vengono installati immediatamente ma, se necessario, i singoli programmi possono anche essere esclusi prima dell\u2019attivazione.<\/p>\n<p><em>\u00a0<\/em><\/p>\n<h2>Confronto delle prestazioni delle licenze Office 2019 a colpo d'occhio:<\/h2>\n[vc_empty_space][vc_single_image image=\"14537\" img_size=\"full\" alignment=\"center\"][vc_empty_space height=\"70px\"]<h2>Le nostre conclusioni sulle versioni di Office 2019:<\/h2>\n<p>Per chi non vuole usare le funzioni cloud e preferisce un pagamento unico ad un abbonamento software, Office 2019 \u00e8 sicuramente la scelta adatta.<\/p>\n<p>Per le aziende e gli enti che trattano dati sensibili, l'uso della cloud pu\u00f2 anche rappresentare un rischio per la sicurezza.<\/p>\n<p>Per l'uso di servizi basati su cloud come Microsoft Teams, SharePoint Online e Power Automate, \u00e8 consigliabile utilizzare la versione 365.<\/p>\n<p>Sul mercato delle licenze software usate sono attualmente disponibili licenze a volume di Microsoft Office 2019 Professional Plus e Standard significativamente pi\u00f9 economiche; puoi trovare anche queste nel nostro <a href=\"\/?product_cat=office-2019-licenze-di-volume\">Shop<\/a>.<\/p>\n<\/div><\/div><div class=\"wpb_column hcode-column-container vc_col-sm-2 col-xs-mobile-fullwidth\" data-front-class=\"col-xs-mobile-fullwidth\"><div class=\"vc-column-innner-wrapper\"><\/div><\/div><\/div><\/div><\/section><section class=\" vc_custom_1607508772717\"><div class=\"container\"><div class=\"row\"><div class=\"wpb_column hcode-column-container vc_col-sm-12 col-xs-mobile-fullwidth\" data-front-class=\"col-xs-mobile-fullwidth\"><div class=\"vc-column-innner-wrapper\"><h2 style=\"text-align: center;\">Sei interessato ad acquistare o vendere software per la tua azienda?<\/h2>\n<div class=\"cta-buttons hcode-inner-row\"><div class=\"wpb_column hcode-column-container vc_col-sm-12 col-xs-mobile-fullwidth\" data-front-class=\"col-xs-mobile-fullwidth\"><div class=\"vc-column-innner-wrapper\">[vc_btn title=\"Vai allo Shop\" link=\"url:https%3A%2F%2Fwww.software-reuse.eu%2Fit%2Fshop%2F|title:Vai%20allo%20Shop|\" el_class=\"primary-button\"][vc_btn title=\"Consulenza gratuita\" el_class=\"secondary-button\" link=\"url:https%3A%2F%2Fwww.software-reuse.eu%2Fit%2Fcontatti%2F|title:Consulenza%20gratuita|\"]<\/div><\/div><\/div><\/div><\/div><\/div><\/div><\/section><section class=\"fakten-cta\"><div class=\"container\"><div class=\"row\"><div class=\"wpb_column hcode-column-container vc_col-sm-12 col-xs-mobile-fullwidth\" data-front-class=\"col-xs-mobile-fullwidth\"><div class=\"vc-column-innner-wrapper\"><div class=\"hcode-inner-row\"><div class=\"wpb_column hcode-column-container vc_col-sm-12 col-xs-mobile-fullwidth\" data-front-class=\"col-xs-mobile-fullwidth\"><div class=\"vc-column-innner-wrapper\"><\/div><\/div><\/div><div class=\"padding-three-bottom sm-padding-three-bottom xs-padding-three-tb\"><h2 style=\"text-align: center;\">Software ReUse - Scrivono di noi<\/h2>\n<\/div>[vc_raw_html el_class=\"presse-logo-slider\"]W2xvZ29zaG93Y2FzZSBjYXRfaWQ9IjI2IiBkb3RzPSJmYWxzZSJd[\/vc_raw_html]<\/div><\/div><\/div><\/div><\/section>","protected":false},"excerpt":{"rendered":"<p>[vc_single_image source=&#8221;featured_image&#8221; img_size=&#8221;full&#8221; css=&#8221;&#8221;][vc_empty_space height=&#8221;24px&#8221;]Versioni di Office 2019: qual \u00e8 la versione giusta per me? Scopri nel nostro blog quali versioni di Office 2019 sono disponibili, come si differenziano e qual \u00e8 la grande differenza rispetto a Office 365. &nbsp; Quali novit\u00e0 offrono le versioni di Office 2019? Microsoft ha introdotto le nuove versioni di [&hellip;]<\/p>\n","protected":false},"author":5,"featured_media":52346,"parent":0,"menu_order":0,"comment_status":"closed","ping_status":"closed","template":"","meta":{"inline_featured_image":false,"footnotes":""},"class_list":["post-15092","page","type-page","status-publish","has-post-thumbnail","hentry"],"_links":{"self":[{"href":"https:\/\/www.software-reuse.eu\/it\/wp-json\/wp\/v2\/pages\/15092","targetHints":{"allow":["GET"]}}],"collection":[{"href":"https:\/\/www.software-reuse.eu\/it\/wp-json\/wp\/v2\/pages"}],"about":[{"href":"https:\/\/www.software-reuse.eu\/it\/wp-json\/wp\/v2\/types\/page"}],"author":[{"embeddable":true,"href":"https:\/\/www.software-reuse.eu\/it\/wp-json\/wp\/v2\/users\/5"}],"replies":[{"embeddable":true,"href":"https:\/\/www.software-reuse.eu\/it\/wp-json\/wp\/v2\/comments?post=15092"}],"version-history":[{"count":0,"href":"https:\/\/www.software-reuse.eu\/it\/wp-json\/wp\/v2\/pages\/15092\/revisions"}],"wp:featuredmedia":[{"embeddable":true,"href":"https:\/\/www.software-reuse.eu\/it\/wp-json\/wp\/v2\/media\/52346"}],"wp:attachment":[{"href":"https:\/\/www.software-reuse.eu\/it\/wp-json\/wp\/v2\/media?parent=15092"}],"curies":[{"name":"wp","href":"https:\/\/api.w.org\/{rel}","templated":true}]}}