{"id":15119,"date":"2022-01-31T15:32:39","date_gmt":"2022-01-31T14:32:39","guid":{"rendered":"https:\/\/swr1.wpenginepowered.com\/?page_id=15119"},"modified":"2025-11-20T12:06:58","modified_gmt":"2025-11-20T11:06:58","slug":"microsoft-office-ltsc-2021-per-clienti-con-licenze-di-volume","status":"publish","type":"page","link":"https:\/\/www.software-reuse.eu\/it\/blog\/microsoft-office-ltsc-2021-per-clienti-con-licenze-di-volume\/","title":{"rendered":"Microsoft Office LTSC 2021 per clienti con licenze di volume"},"content":{"rendered":"<section><div class=\"container\"><div class=\"row\"><div class=\"wpb_column hcode-column-container vc_col-sm-2 col-xs-mobile-fullwidth\" data-front-class=\"col-xs-mobile-fullwidth\"><div class=\"vc-column-innner-wrapper\"><\/div><\/div><div class=\"wpb_column hcode-column-container vc_col-sm-8 col-xs-mobile-fullwidth\" data-front-class=\"col-xs-mobile-fullwidth\"><div class=\"vc-column-innner-wrapper\">[vc_single_image image=\"14586\" img_size=\"full\"][vc_empty_space]<h1>Microsoft Office LTSC 2021 per i clienti con licenze di volume<\/h1>\n<p>Dopo l'anteprima dell'aprile di quest'anno, il<a href=\"https:\/\/www.microsoft.com\/de-at\/\" target=\"_blank\" rel=\"noopener\"> Microsoft<\/a> ha rilasciato Office LTSC 2021 per Windows e macOS il 16 settembre 2021.<\/p>\n<p>Con il nuovo software sono state introdotte alcune interessanti innovazioni.<\/p>\n<p>Nel nostro blog imparerete:<\/p>\n<ul>\n<li>cos'\u00e8 Office LTSC<\/li>\n<li>quali prodotti contiene la nuova versione LTSC di Office<\/li>\n<li>e quali cambiamenti apporter\u00e0 l'Ufficio LTSC 2021.<\/li>\n<\/ul>\n<p>&nbsp;<\/p>\n<h2>Cos'\u00e8 Office LTSC?<\/h2>\n<p>La versione di Microsoft Office 2021 Long-Term Servicing Channel (in breve LTSC), a differenza della versione<a href=\"\/?page_id=14169\"> Microsoft 365 Apps <\/a>nessun abbonamento. L'edizione LTSC funziona offline e quindi non dispone di tutte le funzioni AI e cloud. Inoltre, riceve solo aggiornamenti di sicurezza e non aggiornamenti regolari delle funzioni, come avviene di solito per le altre applicazioni Microsoft.<\/p>\n<p>La versione LTSC viene quindi acquistata una sola volta e pu\u00f2 essere utilizzata a tempo indeterminato senza modifiche alla gamma di funzioni.<\/p>\n<p>Ma attenzione: come per Office 2021, il periodo di supporto \u00e8 limitato a 5 anni. Dopo il 14 ottobre 2026, Microsoft non fornir\u00e0 pi\u00f9 aggiornamenti di sicurezza.<\/p>\n<p>Office 2021 LTSC non deve essere confuso con Office 2021 \"senza\" LTSC. Quest'ultima \u00e8 la versione acquistata on-premises che continuer\u00e0 a esistere, ma con aggiornamenti (presumibilmente scarsi) delle funzionalit\u00e0 nell'ambito del periodo di supporto di cinque anni.<\/p>\n<h3>Per quali dispositivi \u00e8 adatto Office LTSC 2021?<\/h3>\n<p>Office LTSC 2021 \u00e8 una<a href=\"\/?page_id=8016#1607515359381-1343433f-4104\"> Licenza di volume<\/a>,<\/p>\n<p>che \u00e8 stato sviluppato per le aziende che non consentono aggiornamenti mensili delle funzioni o per i dispositivi la cui stabilit\u00e0 a lungo termine \u00e8 pi\u00f9 importante dell'aggiornamento.<\/p>\n<p>Questa licenza \u00e8 particolarmente adatta ai seguenti dispositivi e requisiti:<\/p>\n<ul>\n<li>Dispositivi regolati<\/li>\n<li>Apparecchiature di controllo di processo e sistemi speciali che non consentono la connessione a Internet<\/li>\n<li>Aziende e imprese il cui processo lavorativo non consente di cambiare continuamente le app in uso<\/li>\n<\/ul>\n<p>&nbsp;<\/p>\n<h2>Quali applicazioni include Office LTSC 2021?<\/h2>\n<p>Office LTSC 2021 \u00e8 disponibile per Windows e macOS nelle versioni a 32 e 64 bit. Gli utenti Windows possono scegliere tra i seguenti prodotti:<\/p>\n<ul>\n<li>Office LTSC Professional Plus 2021<\/li>\n<li>Office LTSC Standard 2021<\/li>\n<li>Project Professional 2021<\/li>\n<li>Project Standard 2021<\/li>\n<li>Visio LTSC Professional 2021<\/li>\n<li>Visio LTSC Standard 2021<\/li>\n<\/ul>\n<p>Per macOS \u00e8 disponibile solo Office LTSC Standard Mac.<\/p>\n<p>&nbsp;<\/p>\n<h2>Quali innovazioni offre Office LTSC 2021?<\/h2>\n<p>Sono successe molte cose negli ultimi anni e Office LTSC 2021 porta molte innovazioni rispetto al suo predecessore, Office 2019.<\/p>\n<p>Le principali modifiche includono:<\/p>\n<ul>\n<li>La possibilit\u00e0 di attivare la modalit\u00e0 scura in diverse applicazioni.<\/li>\n<li>Il miglioramento dell'accessibilit\u00e0.<\/li>\n<li>Supporto linguistico in inglese (Regno Unito), francese (Canada) e spagnolo (Messico).<\/li>\n<li>Supporto del formato OpenDocument 1.3.<\/li>\n<li>Un aumento delle prestazioni per Word, Excel, PowerPoint e Outlook.<\/li>\n<li>Un nuovo periodo di sostegno di cinque anni invece dei precedenti sette anni.<\/li>\n<li>Array dinamici e XLOOKUP come nuove funzioni in Excel.<\/li>\n<li>Alcuni nuovi add-in di Office come le API JavaScript.<\/li>\n<li>Office LTSC 2021 viene fornito con la versione gratuita dell'applicazione Microsoft Teams invece del client Skype for Business.<\/li>\n<li>OneDrive for Business, Office Telemetry Dashboard e Power View in Excel non sono pi\u00f9 supportati nella nuova versione.<\/li>\n<\/ul>\n<p>&nbsp;<\/p>\n<h2>Le nostre conclusioni su Microsoft Office LTSC 2021<\/h2>\n<p>Office LTSC 2021 \u00e8 un'alternativa raccomandabile per le aziende che si affidano alla stabilit\u00e0 dei loro prodotti o che lavorano spesso senza internet. Tuttavia, se si desidera utilizzare tutte le funzioni offerte da Microsoft, la versione in abbonamento basata sul cloud di Microsoft Office 365 \u00e8 sicuramente la scelta migliore. Il software viene aggiornato regolarmente ed \u00e8 quindi sempre al passo con i tempi.<\/p>\n<p>Tuttavia, non esiste un giusto o uno sbagliato assoluto. Quando si decide una versione, si devono sempre considerare i requisiti e le esigenze della propria azienda.<\/p>\n<h3>Office 2021 a partire dal 5. Ottobre<\/h3>\n<p>Office LTSC 2021 non \u00e8 affatto l'ultimo aggiornamento importante di quest'anno. Office 2021 per utenti privati e piccole imprese sar\u00e0 rilasciato il 5 ottobre. Come Office LTSC 2021, anche Office 2021 sar\u00e0 disponibile come pagamento unico e non (ancora) come abbonamento. Tutto quello che si sa finora su Office 2021 lo potete leggere nel nostro<a href=\"\/?page_id=13709\">post sul Blog<\/a>.<\/p>\n<\/div><\/div><div class=\"wpb_column hcode-column-container vc_col-sm-2 col-xs-mobile-fullwidth\" data-front-class=\"col-xs-mobile-fullwidth\"><div class=\"vc-column-innner-wrapper\"><\/div><\/div><\/div><\/div><\/section><section class=\" vc_custom_1607508772717\"><div class=\"container\"><div class=\"row\"><div class=\"wpb_column hcode-column-container vc_col-sm-12 col-xs-mobile-fullwidth\" data-front-class=\"col-xs-mobile-fullwidth\"><div class=\"vc-column-innner-wrapper\"><h2 style=\"text-align: center;\">Siete interessati ad acquistare o vendere software per la tua azienda?<\/h2>\n<div class=\"cta-buttons hcode-inner-row\"><div class=\"wpb_column hcode-column-container vc_col-sm-12 col-xs-mobile-fullwidth\" data-front-class=\"col-xs-mobile-fullwidth\"><div class=\"vc-column-innner-wrapper\">[vc_btn title=\"Vai allo Shop\" link=\"url:https%3A%2F%2Fwww.software-reuse.eu%2Fit%2Fshop%2F|title:Vai%20allo%20Shop|\" el_class=\"primary-button\"][vc_btn title=\"Consulenza gratuita\" el_class=\"secondary-button\" link=\"url:https%3A%2F%2Fwww.software-reuse.eu%2Fit%2Fcontatti%2F|title:Consulenza%20gratuita|\"]<\/div><\/div><\/div><\/div><\/div><\/div><\/div><\/section><section class=\"fakten-cta\"><div class=\"container\"><div class=\"row\"><div class=\"wpb_column hcode-column-container vc_col-sm-12 col-xs-mobile-fullwidth\" data-front-class=\"col-xs-mobile-fullwidth\"><div class=\"vc-column-innner-wrapper\"><div class=\"padding-three-bottom sm-padding-three-bottom xs-padding-three-tb\"><h2 style=\"text-align: center;\">\u00a0Software ReUse - Scrivono di noi<\/h2>\n<\/div>[vc_raw_html el_class=\"presse-logo-slider\"]W2xvZ29zaG93Y2FzZSBjYXRfaWQ9IjI2IiBkb3RzPSJmYWxzZSJd[\/vc_raw_html]<\/div><\/div><\/div><\/div><\/section>","protected":false},"excerpt":{"rendered":"<p>[vc_single_image image=&#8221;14586&#8243; img_size=&#8221;full&#8221;][vc_empty_space]Microsoft Office LTSC 2021 per i clienti con licenze di volume Dopo l&#8217;anteprima dell&#8217;aprile di quest&#8217;anno, il Microsoft ha rilasciato Office LTSC 2021 per Windows e macOS il 16 settembre 2021. Con il nuovo software sono state introdotte alcune interessanti innovazioni. Nel nostro blog imparerete: cos&#8217;\u00e8 Office LTSC quali prodotti contiene la nuova [&hellip;]<\/p>\n","protected":false},"author":22,"featured_media":51889,"parent":39755,"menu_order":0,"comment_status":"closed","ping_status":"closed","template":"","meta":{"inline_featured_image":false,"footnotes":""},"class_list":["post-15119","page","type-page","status-publish","has-post-thumbnail","hentry"],"_links":{"self":[{"href":"https:\/\/www.software-reuse.eu\/it\/wp-json\/wp\/v2\/pages\/15119","targetHints":{"allow":["GET"]}}],"collection":[{"href":"https:\/\/www.software-reuse.eu\/it\/wp-json\/wp\/v2\/pages"}],"about":[{"href":"https:\/\/www.software-reuse.eu\/it\/wp-json\/wp\/v2\/types\/page"}],"author":[{"embeddable":true,"href":"https:\/\/www.software-reuse.eu\/it\/wp-json\/wp\/v2\/users\/22"}],"replies":[{"embeddable":true,"href":"https:\/\/www.software-reuse.eu\/it\/wp-json\/wp\/v2\/comments?post=15119"}],"version-history":[{"count":0,"href":"https:\/\/www.software-reuse.eu\/it\/wp-json\/wp\/v2\/pages\/15119\/revisions"}],"up":[{"embeddable":true,"href":"https:\/\/www.software-reuse.eu\/it\/wp-json\/wp\/v2\/pages\/39755"}],"wp:featuredmedia":[{"embeddable":true,"href":"https:\/\/www.software-reuse.eu\/it\/wp-json\/wp\/v2\/media\/51889"}],"wp:attachment":[{"href":"https:\/\/www.software-reuse.eu\/it\/wp-json\/wp\/v2\/media?parent=15119"}],"curies":[{"name":"wp","href":"https:\/\/api.w.org\/{rel}","templated":true}]}}