{"id":15146,"date":"2022-01-31T17:42:24","date_gmt":"2022-01-31T16:42:24","guid":{"rendered":"https:\/\/swr1.wpenginepowered.com\/?page_id=15146"},"modified":"2026-01-14T15:19:29","modified_gmt":"2026-01-14T14:19:29","slug":"office-2021-vs-2019-quali-sono-le-differenze","status":"publish","type":"page","link":"https:\/\/www.software-reuse.eu\/it\/blog\/office-2021-vs-2019-quali-sono-le-differenze\/","title":{"rendered":"Office 2021 vs. 2019: quali sono le differenze?"},"content":{"rendered":"<section><div class=\"container\"><div class=\"row\"><div class=\"wpb_column hcode-column-container vc_col-sm-2 col-xs-mobile-fullwidth\" data-front-class=\"col-xs-mobile-fullwidth\"><div class=\"vc-column-innner-wrapper\"><\/div><\/div><div class=\"wpb_column hcode-column-container vc_col-sm-8 col-xs-mobile-fullwidth\" data-front-class=\"col-xs-mobile-fullwidth\"><div class=\"vc-column-innner-wrapper\">[vc_single_image image=\"14866\" img_size=\"full\"][vc_empty_space]<h1>Office 2021 vs. Office 2019: quali sono le differenze?<\/h1>\n<p>Solo recentemente Microsoft ha presentato <a href=\"\/?page_id=14573\">Office 2021<\/a> . La nuova versione del popolare software per l'ufficio sostituisce la precedente versione <a href=\"\/?page_id=15092\">Office 2019<\/a> e promette molte nuove interessanti funzioni. Ma dove sono le differenze e se conviene cambiare? Nel nostro blog post, analizziamo Office 2021 vs. Office 2019 e vi informiamo su tutte le novit\u00e0 pi\u00f9 importanti!<\/p>\n<p>&nbsp;<\/p>\n<h2>Office 2021: acquisto o abbonamento?<\/h2>\n<p>Se si confronta Office 2021 con Office 2019, si nota che con Office 2021 Microsoft ha tenuto conto dei desideri di molti utenti. La nuova versione del software per l'ufficio \u00e8 disponibile anche quest'anno come acquisto singolo o come abbonamento nell'ambito del programma di formazione <a href=\"\/?page_id=14169\">Microsoft 365<\/a>. La differenza tra i due modelli consiste unicamente nel fatto che gli utenti pagano una sola volta quando acquistano Office 2021, ma non ricevono ulteriori aggiornamenti delle funzioni dopo l'installazione. I clienti di Microsoft 365 pagano un abbonamento, ma ricevono aggiornamenti regolari e beneficiano di un modello cloud.<\/p>\n<p>Oltre alle versioni Home and Business e Home and Student per gli utenti privati e le piccole imprese, esistono versioni on-premise per le grandi aziende e le autorit\u00e0 pubbliche <a href=\"\/?page_id=14575\">Office LTSC<\/a>.<\/p>\n<p>I costi per un acquisto una tantum nel programma CSP di Microsoft ammontano a circa 630 \u20ac per Office 2021 Professional Plus LTSC e a circa 460 \u20ac per Office 2021 Standard LTSC. Attraverso i piani Microsoft 365 per le aziende, la nuova versione di Office \u00e8 disponibile mensilmente a 4,20 euro per le versioni web nel piano \"Microsoft 365 Business Basic\" o mensilmente a 10,50 euro nel piano \"Microsoft 365 Business Standard\" per le versioni desktop (prezzi ufficiali di vendita Microsoft a partire da novembre 2021).<\/p>\n<p>&nbsp;<\/p>\n<h2>Office 2021 vs. Office 2019: quali sono le novit\u00e0?<\/h2>\n<p>Office 2021 promette alcuni cambiamenti rispetto al suo predecessore Office 2019. Ecco le novit\u00e0 pi\u00f9 importanti in sintesi:<\/p>\n<p>&nbsp;<\/p>\n<h3>Nuovo design:<\/h3>\n<p>Angoli arrotondati, un design chiaro, colori neutri e un'interfaccia iniziale completamente modernizzata: con Office 2021, Microsoft ha dato al suo popolare software per l'ufficio un aspetto pulito e nostalgico.<\/p>\n<p>&nbsp;<\/p>\n<h3>Nuove funzioni<\/h3>\n<p>Con Office 2021 e Office LTSC 2021, Microsoft ha ottimizzato il suo pacchetto Office sotto molti aspetti e, soprattutto grazie all'offerta di una variante di acquisto, ha fornito a molti utenti una promettente alternativa all'abbonamento a pagamento.<\/p>\n<p>Mentre Office 2021 \u00e8 gi\u00e0 disponibile per l'acquisto una tantum o in abbonamento, potrebbe volerci ancora un po' prima che il tanto atteso Windows 11 arrivi su tutti i dispositivi compatibili.<\/p>\n<p><strong>Modalit\u00e0 di collaborazione<\/strong>. Una gradita novit\u00e0 \u00e8 la modalit\u00e0 di collaborazione (o co-authoring), ora disponibile anche nella versione acquistata della nuova suite Office, che consente la modifica congiunta dei documenti. \u00c8 sufficiente utilizzare il cloud storage OneDrive incluso nel pacchetto per archiviare i documenti online e renderli cos\u00ec disponibili a tutti i membri del team.<\/p>\n<p><strong>Modalit\u00e0 scura.<\/strong> Un'altra estensione funzionale di Office 2021 \u00e8 la modalit\u00e0 scura, che consente di utilizzare le applicazioni di Office con un design scuro. In precedenza era possibile colorare solo la barra multifunzione e le barre degli strumenti di Word, ma ora l'intera interfaccia pu\u00f2 essere adattata al tema di Windows selezionato.<\/p>\n<p><strong>Maggiore accessibilit\u00e0.<\/strong> Con la funzione \"Verifica accessibilit\u00e0\", che si trova nella barra di stato inferiore di Word, Excel e PowerPoint, Microsoft vuole consentire ai suoi utenti di rendere i loro documenti pi\u00f9 accessibili in futuro. In questo modo, viene eseguito in background un controllo di accessibilit\u00e0 che tiene sempre d'occhio il lavoro creato e informa sulle possibilit\u00e0 di miglioramento.<\/p>\n<p>Ulteriori innovazioni si trovano nella scheda \"Disegno\", il supporto per OpenDocument Format 1.3 e la possibilit\u00e0 di inserire un valore esadecimale del colore nel campo esadecimale.<\/p>\n<p>&nbsp;<\/p>\n<h3>Novit\u00e0 nelle singole applicazioni di Office<\/h3>\n<ul>\n<li>Oltre al layout di pagina scuro, <strong>Word<\/strong> ottiene anche un focus sulle linee che consente all'utente di navigare all'interno di un documento riga per riga.<\/li>\n<li>Dopo una lunga attesa, <strong>Excel<\/strong> ottiene la funzione XVERWEIS, la matrice dinamica, le funzioni XVERGLE e LET e una serie di altre innovazioni.<\/li>\n<li>In Office 2021, <strong>PowerPoint<\/strong> pu\u00f2 registrare presentazioni di diapositive con video, caratteri a mano libera e puntatori laser. Inoltre, \u00e8 possibile creare collegamenti diretti a singole diapositive e animare i caratteri a mano libera.<\/li>\n<li><strong>Outlook<\/strong> supporta i disegni a mano libera, traduce i messaggi di posta elettronica in oltre 70 lingue e offre una ricerca rapida per trovare i messaggi in modo pi\u00f9 efficiente in futuro.<\/li>\n<\/ul>\n<p>Un elenco dettagliato di tutte le innovazioni di Office 2021 \u00e8 disponibile <a href=\"https:\/\/support.microsoft.com\/de-de\/office\/neues-in-office-2021-43848c29-665d-4b1b-bc12-acd2bfb3910a#Platform=Windows_Desktop\" target=\"_blank\" rel=\"noopener\">qui<\/a>.<\/p>\n<p>&nbsp;<\/p>\n<h2>Ufficio 2021: questi programmi sono inclusi<\/h2>\n<p>La nuova suite Office \u00e8 disponibile per Windows e macOS in due versioni: Office 2021 Professional Plus LTSC e Office 2021 Standard LTSC. Come in precedenza, entrambe le versioni contengono le note applicazioni di Office, Word, Excel, PowerPoint &amp; Co. D'ora in poi, Skype for Business sar\u00e0 sostituito da Microsoft Teams, che copre le funzioni essenziali di Skype e pu\u00f2 essere impostato in modo specifico per l'utente.<\/p>\n<p>I seguenti programmi sono inclusi in Office 2021:<\/p>\n<table width=\"591\">\n<tbody>\n<tr>\n<td width=\"160\"><strong>\u00a0<\/strong><\/td>\n<td width=\"215\"><strong>Office 2021 Professional Plus LTSC<\/strong><\/td>\n<td width=\"215\"><strong>Office 2021 Standard LTSC<\/strong><\/td>\n<\/tr>\n<tr>\n<td width=\"160\"><strong>Word<\/strong><\/td>\n<td style=\"text-align: center;\" width=\"215\">x<\/td>\n<td style=\"text-align: center;\" width=\"215\">x<\/td>\n<\/tr>\n<tr>\n<td width=\"160\"><strong>Excel<\/strong><\/td>\n<td style=\"text-align: center;\" width=\"215\">x<\/td>\n<td style=\"text-align: center;\" width=\"215\">x<\/td>\n<\/tr>\n<tr>\n<td width=\"160\"><strong>PowerPoint<\/strong><\/td>\n<td style=\"text-align: center;\" width=\"215\">x<\/td>\n<td style=\"text-align: center;\" width=\"215\">x<\/td>\n<\/tr>\n<tr>\n<td width=\"160\"><strong>Outlook<\/strong><\/td>\n<td style=\"text-align: center;\" width=\"215\">x<\/td>\n<td style=\"text-align: center;\" width=\"215\">x<\/td>\n<\/tr>\n<tr>\n<td width=\"160\"><strong>Publisher<\/strong><\/td>\n<td style=\"text-align: center;\" width=\"215\">x<\/td>\n<td style=\"text-align: center;\" width=\"215\">x<\/td>\n<\/tr>\n<tr>\n<td width=\"160\"><strong>OneNote<\/strong><\/td>\n<td style=\"text-align: center;\" width=\"215\">x<\/td>\n<td style=\"text-align: center;\" width=\"215\">x<\/td>\n<\/tr>\n<tr>\n<td width=\"160\"><strong>Access<\/strong><\/td>\n<td style=\"text-align: center;\" width=\"215\">x<\/td>\n<td width=\"215\"><\/td>\n<\/tr>\n<\/tbody>\n<\/table>\n<p>&nbsp;<\/p>\n<p>La versione attuale di Office 2021 viene eseguita su Windows 11, ma \u00e8 compatibile anche con Windows 10. Per essere installato sui dispositivi Apple, Office 2021 richiede almeno macOS 10.15 Catalina.<\/p>\n<p>&nbsp;<\/p>\n<h2>Office 2021 vs. Office 2019: vale la pena cambiare?<\/h2>\n<p>In un confronto diretto tra Office 2021 e Office 2019, la nuova versione apporta molte innovazioni interessanti, ma per la maggior parte degli utenti sono difficilmente riconoscibili a prima vista. Chi non \u00e8 alla ricerca di una funzione specifica, come la modalit\u00e0 scura o alcune nuove caratteristiche delle singole applicazioni, in fondo si trova bene anche con Office 2019 o 2016. Tuttavia, se volete beneficiare di tutte le nuove funzionalit\u00e0 e rimanere aggiornati con le ultime tecnologie, dovreste scegliere Office 2021.<\/p>\n<p>&nbsp;<\/p>\n<h3>Acquistare licenze Office usate a prezzi pi\u00f9 convenienti<\/h3>\n<p>Quando si acquista un nuovo software aziendale, conviene anche dare un'occhiata al mercato dell'usato. Le versioni pi\u00f9 vecchie della suite per ufficio sono spesso disponibili a prezzi fortemente scontati e si sono dimostrate valide anche nei test pratici. Quindi ad esempio trovate da Software Reuse <a href=\"\/?p=8217\">Office 2019 Professional Plus<\/a> ad un prezzo inferiore del 75% Approfittate dell'opportunit\u00e0 di risparmiare: andate qui alla sezione <a href=\"\/?page_id=7961\">Offerte<\/a>!<\/p>\n<p>Se avete intenzione di passare a Microsoft 365, siete anche invitati a inviarci le vostre licenze non pi\u00f9 in uso -\u00a0 <a href=\"\/?page_id=7973\">vendita<\/a>.<\/p>\n<\/div><\/div><div class=\"wpb_column hcode-column-container vc_col-sm-2 col-xs-mobile-fullwidth\" data-front-class=\"col-xs-mobile-fullwidth\"><div class=\"vc-column-innner-wrapper\"><\/div><\/div><\/div><\/div><\/section><section class=\" vc_custom_1607508772717\"><div class=\"container\"><div class=\"row\"><div class=\"wpb_column hcode-column-container vc_col-sm-12 col-xs-mobile-fullwidth\" data-front-class=\"col-xs-mobile-fullwidth\"><div class=\"vc-column-innner-wrapper\"><h2 style=\"text-align: center;\">Siete interessati ad acquistare o vendere software per la vostra azienda?<\/h2>\n<div class=\"cta-buttons hcode-inner-row\"><div class=\"wpb_column hcode-column-container vc_col-sm-12 col-xs-mobile-fullwidth\" data-front-class=\"col-xs-mobile-fullwidth\"><div class=\"vc-column-innner-wrapper\">[vc_btn title=\"Vai al negozio\" link=\"url:https%3A%2F%2Fwww.software-reuse.eu%2Fit%2Fshop%2F|title:Vai%20al%20negozio|\" el_class=\"primary-button\"][vc_btn title=\"Consulenza senza impegno\" el_class=\"secondary-button\" link=\"url:https%3A%2F%2Fwww.software-reuse.eu%2Fit%2Fcontatti%2F|title:Consulenza%20senza%20impegno|\"]<\/div><\/div><\/div><\/div><\/div><\/div><\/div><\/section><section class=\"fakten-cta\"><div class=\"container\"><div class=\"row\"><div class=\"wpb_column hcode-column-container vc_col-sm-12 col-xs-mobile-fullwidth\" data-front-class=\"col-xs-mobile-fullwidth\"><div class=\"vc-column-innner-wrapper\"><div class=\"padding-three-bottom sm-padding-three-bottom xs-padding-three-tb\"><h2 style=\"text-align: center;\">\u00a0Software ReUse - Scrivono di noi<\/h2>\n<\/div>[vc_raw_html el_class=\"presse-logo-slider\"]W2xvZ29zaG93Y2FzZSBjYXRfaWQ9IjI2IiBkb3RzPSJmYWxzZSJd[\/vc_raw_html]<\/div><\/div><\/div><\/div><\/section>","protected":false},"excerpt":{"rendered":"<p>[vc_single_image image=&#8221;14866&#8243; img_size=&#8221;full&#8221;][vc_empty_space]Office 2021 vs. Office 2019: quali sono le differenze? Solo recentemente Microsoft ha presentato Office 2021 . La nuova versione del popolare software per l&#8217;ufficio sostituisce la precedente versione Office 2019 e promette molte nuove interessanti funzioni. Ma dove sono le differenze e se conviene cambiare? Nel nostro blog post, analizziamo Office 2021 [&hellip;]<\/p>\n","protected":false},"author":22,"featured_media":51875,"parent":39755,"menu_order":0,"comment_status":"closed","ping_status":"closed","template":"","meta":{"inline_featured_image":false,"footnotes":""},"class_list":["post-15146","page","type-page","status-publish","has-post-thumbnail","hentry"],"_links":{"self":[{"href":"https:\/\/www.software-reuse.eu\/it\/wp-json\/wp\/v2\/pages\/15146","targetHints":{"allow":["GET"]}}],"collection":[{"href":"https:\/\/www.software-reuse.eu\/it\/wp-json\/wp\/v2\/pages"}],"about":[{"href":"https:\/\/www.software-reuse.eu\/it\/wp-json\/wp\/v2\/types\/page"}],"author":[{"embeddable":true,"href":"https:\/\/www.software-reuse.eu\/it\/wp-json\/wp\/v2\/users\/22"}],"replies":[{"embeddable":true,"href":"https:\/\/www.software-reuse.eu\/it\/wp-json\/wp\/v2\/comments?post=15146"}],"version-history":[{"count":0,"href":"https:\/\/www.software-reuse.eu\/it\/wp-json\/wp\/v2\/pages\/15146\/revisions"}],"up":[{"embeddable":true,"href":"https:\/\/www.software-reuse.eu\/it\/wp-json\/wp\/v2\/pages\/39755"}],"wp:featuredmedia":[{"embeddable":true,"href":"https:\/\/www.software-reuse.eu\/it\/wp-json\/wp\/v2\/media\/51875"}],"wp:attachment":[{"href":"https:\/\/www.software-reuse.eu\/it\/wp-json\/wp\/v2\/media?parent=15146"}],"curies":[{"name":"wp","href":"https:\/\/api.w.org\/{rel}","templated":true}]}}