{"id":39651,"date":"2022-11-29T11:12:38","date_gmt":"2022-11-29T10:12:38","guid":{"rendered":"https:\/\/swr1.wpenginepowered.com\/autocad-2022\/"},"modified":"2024-07-03T10:16:03","modified_gmt":"2024-07-03T08:16:03","slug":"autocad-2022","status":"publish","type":"page","link":"https:\/\/www.software-reuse.eu\/it\/autocad-2022-una-panoramica-su-utte-le-nuove-funzioni\/","title":{"rendered":"AutoCAD 2022 &#8211; Una panoramica su utte le nuove funzioni"},"content":{"rendered":"<section><div class=\"container\"><div class=\"row\"><div class=\"wpb_column hcode-column-container vc_col-sm-2 col-xs-mobile-fullwidth\" data-front-class=\"col-xs-mobile-fullwidth\"><div class=\"vc-column-innner-wrapper\"><\/div><\/div><div class=\"wpb_column hcode-column-container vc_col-sm-8 col-xs-mobile-fullwidth\" data-front-class=\"col-xs-mobile-fullwidth\"><div class=\"vc-column-innner-wrapper\">[vc_single_image source=\"featured_image\" img_size=\"full\" css=\"\"][vc_empty_space]<h1>AutoCAD 2022 - Una panoramica delle nuove funzioni<\/h1>\n<p>Nella primavera dello scorso anno, la societ\u00e0 di software statunitense Autodesk ha rilasciato il nuovo AutoCAD 2022. L'attuale versione del programma di progettazione contiene set di strumenti specifici del settore, promette un'esperienza utente migliorata e multipiattaforma e porta con s\u00e9 numerose nuove funzioni. Abbiamo esaminato le innovazioni pi\u00f9 importanti e le abbiamo riassunte per voi in questo articolo.<\/p>\n<p>&nbsp;<\/p>\n<h2>Was ist AutoCAD und was kann man mit AutoCAD machen?<\/h2>\n<p>AutoCAD \u00e8 un editor di disegni vettoriali di Autodesk che consente la creazione professionale di disegni tecnici. \u00c8 possibile creare modelli 2D e progetti 3D complessi sulla base di semplici elementi di base. CAD \u00e8 l'acronimo di \"computer-aided design\".<\/p>\n<p>Per architetti, ingegneri meccanici, tecnici edili, ingegneri e molte altre professioni tecniche, i moderni software di progettazione offrono una serie di strumenti e funzioni specifiche per il settore. In questo modo, semplifica l'intero processo di progettazione e pianificazione.<\/p>\n<p>AutoCAD preferisce lavorare con i formati DWF e DXF, formati standard per i file CAD.<\/p>\n<h2>Cosa c'\u00e8 di nuovo in AutoCAD 2022?<\/h2>\n<p>AutoCAD 2022 contiene molte interessanti innovazioni.<\/p>\n<ul>\n<li>Processi automatizzati. Con funzioni come \"COUNT\/COUNT\", \"BAND\/TRACE\" o \"RELEASE\/SHARE\", l'ultima versione dell'editor di disegni automatizza processi che normalmente richiedono molto tempo. In questo modo \u00e8 possibile lavorare in modo pi\u00f9 efficiente.<br \/>\nConteggio effettivo. Con \"COUNT\/COUNT\" \u00e8 possibile contare le singole istanze di geometrie e blocchi con pochi clic e raccogliere i dati ottenuti in una tabella.<br \/>\nTracciamento sicuro. La funzione \"BAND\/TRACE\" crea un luogo sicuro per commenti e marcature. I colleghi del team possono aggiungere commenti senza modificare il file originale. Il monitoraggio \u00e8 limitato al web e all'app mobile.<br \/>\nFacile condivisione. La funzione \"CONDIVIDI\/SHARE\" consente di controllare chi pu\u00f2 aprire e modificare un documento. Una copia del disegno interessato pu\u00f2 essere condivisa con i compagni di squadra e pu\u00f2 essere modificata da qualsiasi luogo.<br \/>\nCollaborazione nel cloud. I file di AutoCAD possono essere archiviati e condivisi in Autodesk Construction Cloud.<br \/>\nModifica su pi\u00f9 dispositivi. I disegni CAD possono essere creati e modificati sul desktop, nel browser con l'applicazione web AutoCAD e in mobilit\u00e0 con l'applicazione mobile AutoCAD.<br \/>\nApplicazioni web e mobile. AutoCAD Web App 2022 e AutoCAD Mobile App 2022 consentono di lavorare indipendentemente dal luogo, dall'ora e dal dispositivo. Ad esempio, i file DWG possono essere aperti direttamente tramite l'applicazione mobile. La web app consente di lavorare direttamente nel browser web.<br \/>\nDocumenti Autodesk. Con il pulsante \"Sposta in Autodesk Docs\", i file PDF possono essere inviati da AutoCAD direttamente a BIM 360 o ad Autodesk Doc.<br \/>\nFinestre mobili. In AutoCAD 2022 \u00e8 possibile visualizzare e modificare due disegni affiancati o su due schermi.<\/li>\n<\/ul>\n<h2>Quanto costa AutoCAD?<\/h2>\n<p>Si pu\u00f2 accedere ad AutoCAD 2022 tramite un <a href=\"https:\/\/www.autodesk.de\/products\/autocad\/overview?term=1-YEAR&amp;tab=subscription\" target=\"_blank\" rel=\"noopener\">Abbonamento.<\/a><\/p>\n<p>\u00c8 possibile scegliere tra un pagamento mensile di 286 euro, un pagamento annuale di 2.303 euro e un pagamento di 6.218 euro ogni tre anni (prezzo di vendita ufficiale Autodesk a gennaio 2022).<\/p>\n<p>Oltre a queste opzioni, alcuni prodotti Autodesk possono essere acquistati per un periodo di utilizzo di 24 ore. In questo caso, il pagamento viene effettuato con i token, che possono essere acquistati nel webshop Autodesk.<\/p>\n<p>AutoCAD pu\u00f2 essere utilizzato anche per 30 giorni in versione <a href=\"https:\/\/www.autodesk.de\/products\/autocad\/free-trial\" target=\"_blank\" rel=\"noopener\">test.<\/a><\/p>\n<p>Inoltre, c'\u00e8 anche la possibilit\u00e0 di acquistare versioni illimitate di AutoCAD o di altri prodotti Autodesk di seconda mano presso Software ReUse.<\/p>\n<p>&nbsp;<\/p>\n<h2>AutoCAD-Toolsets<\/h2>\n<p>AutoCAD 2022 bwerden.contiene una serie di set di strumenti che sono stati sviluppati per settori specifici.<\/p>\n<p>Strumenti di architettura per il settore dell'architettura<br \/>\nMeccanica - Set di strumenti per la meccanica e l'ingegneria meccanica<br \/>\nSet di strumenti Map 3D per GIS e cartografia 3D<br \/>\nElettrico - Set di strumenti per la progettazione elettrica<br \/>\nSet di strumenti MEP per le attrezzature tecniche dell'edificio<br \/>\nPlant-3D-Toolset per la costruzione di impianti<br \/>\nRaster Design Toolset per l'elaborazione di disegni scansionati e la conversione di immagini raster in file DWG<\/p>\n<p><strong>Utilizzate AutoCAD gratuitamente: AutoCAD versione studente e AutoCAD per insegnanti<\/strong><\/p>\n<p>La\u00a0 <a href=\"https:\/\/www.autodesk.de\/education\/home?mktvar004=3510399027&amp;internalc=true&amp;source=footer\" target=\"_blank\" rel=\"noopener\">Autodesk Education Community <\/a>consente ad alunni, studenti, insegnanti e altro personale degli istituti scolastici di utilizzare gratuitamente AutoCAD 2022 e altri prodotti Autodesk. Oltre alle soluzioni software, le persone autorizzate hanno accesso a numerose risorse di formazione.<\/p>\n<p>Per utilizzare AutoCAD gratuitamente, \u00e8 sufficiente creare un account Autodesk in cui deve essere convalidata l'appartenenza a un istituto scolastico idoneo.<\/p>\n<h3>Versioni di AutoCAD: AutoCAD o AutoCAD LT?<\/h3>\n<p>Il software CAD di Autodesk \u00e8 disponibile in due versioni: AutoCAD e AutoCAD LT.<\/p>\n<p>AutoCAD LT \u00e8 meno costoso ed \u00e8 adatto a progetti bidimensionali. AutoCAD \u00e8 funzionalmente superiore ad AutoCAD LT. La versione pi\u00f9 costosa consente inoltre la creazione di modelli tridimensionali, include set di strumenti specifici per il settore e convince con ulteriori funzioni efficaci per facilitare il processo di lavoro.<\/p>\n<p>&nbsp;<\/p>\n<h3>AutoCAD 2019: Acquistare AutoCAD senza abbonamento<\/h3>\n<p>AutoCAD ha dato prova di s\u00e9 anche nelle versioni precedenti e da tempo vanta funzioni notevoli.Con Software ReUse puoi acquistare\u00a0<a href=\"\/?p=8484\">Prodotti AutoCAD<\/a> fino al 75% per ogni pagamento unico, oltre ad altri prodotti. Approfittate di questa opportunit\u00e0 per risparmiare denaro e per essere efficienti.<\/p>\n<p>Richiedi l\u00b4 <a href=\"\/?page_id=7961\">Offerta<\/a>. Se non trovate il prodotto che state cercando, potete anche inviarci una richiesta.<\/p>\n<\/div><\/div><div class=\"wpb_column hcode-column-container vc_col-sm-2 col-xs-mobile-fullwidth\" data-front-class=\"col-xs-mobile-fullwidth\"><div class=\"vc-column-innner-wrapper\"><\/div><\/div><\/div><\/div><\/section><section class=\" vc_custom_1607508772717\"><div class=\"container\"><div class=\"row\"><div class=\"wpb_column hcode-column-container vc_col-sm-12 col-xs-mobile-fullwidth\" data-front-class=\"col-xs-mobile-fullwidth\"><div class=\"vc-column-innner-wrapper\"><h2 style=\"text-align: center;\">Siete interessati ad acquistare o vendere software per la vostra azienda?<\/h2>\n<div class=\"cta-buttons hcode-inner-row\"><div class=\"wpb_column hcode-column-container vc_col-sm-12 col-xs-mobile-fullwidth\" data-front-class=\"col-xs-mobile-fullwidth\"><div class=\"vc-column-innner-wrapper\">[vc_btn title=\"Vai al negozio\" link=\"url:https%3A%2F%2Fwww.software-reuse.eu%2Fit%2Fshop%2F|title:Vai%20al%20negozio|\" el_class=\"primary-button\"][vc_btn title=\"Consulenza gratuita\" el_class=\"secondary-button\" link=\"url:https%3A%2F%2Fwww.software-reuse.eu%2Fit%2Fcontatti%2F|title:Consulenza%20gratuita|\"]<\/div><\/div><\/div><\/div><\/div><\/div><\/div><\/section><section class=\"fakten-cta\"><div class=\"container\"><div class=\"row\"><div class=\"wpb_column hcode-column-container vc_col-sm-12 col-xs-mobile-fullwidth\" data-front-class=\"col-xs-mobile-fullwidth\"><div class=\"vc-column-innner-wrapper\"><div class=\"padding-three-bottom sm-padding-three-bottom xs-padding-three-tb\"><h2 style=\"text-align: center;\">\u00a0Software ReUse - Scrivono di noi<\/h2>\n<\/div>[vc_raw_html el_class=\"presse-logo-slider\"]W2xvZ29zaG93Y2FzZSBjYXRfaWQ9IjI2IiBkb3RzPSJmYWxzZSJd[\/vc_raw_html]<\/div><\/div><\/div><\/div><\/section>","protected":false},"excerpt":{"rendered":"<p>[vc_single_image source=&#8221;featured_image&#8221; img_size=&#8221;full&#8221; css=&#8221;&#8221;][vc_empty_space]AutoCAD 2022 &#8211; Una panoramica delle nuove funzioni Nella primavera dello scorso anno, la societ\u00e0 di software statunitense Autodesk ha rilasciato il nuovo AutoCAD 2022. L&#8217;attuale versione del programma di progettazione contiene set di strumenti specifici del settore, promette un&#8217;esperienza utente migliorata e multipiattaforma e porta con s\u00e9 numerose nuove funzioni. Abbiamo [&hellip;]<\/p>\n","protected":false},"author":22,"featured_media":52339,"parent":0,"menu_order":0,"comment_status":"closed","ping_status":"closed","template":"","meta":{"inline_featured_image":false,"footnotes":""},"class_list":["post-39651","page","type-page","status-publish","has-post-thumbnail","hentry"],"_links":{"self":[{"href":"https:\/\/www.software-reuse.eu\/it\/wp-json\/wp\/v2\/pages\/39651","targetHints":{"allow":["GET"]}}],"collection":[{"href":"https:\/\/www.software-reuse.eu\/it\/wp-json\/wp\/v2\/pages"}],"about":[{"href":"https:\/\/www.software-reuse.eu\/it\/wp-json\/wp\/v2\/types\/page"}],"author":[{"embeddable":true,"href":"https:\/\/www.software-reuse.eu\/it\/wp-json\/wp\/v2\/users\/22"}],"replies":[{"embeddable":true,"href":"https:\/\/www.software-reuse.eu\/it\/wp-json\/wp\/v2\/comments?post=39651"}],"version-history":[{"count":0,"href":"https:\/\/www.software-reuse.eu\/it\/wp-json\/wp\/v2\/pages\/39651\/revisions"}],"wp:featuredmedia":[{"embeddable":true,"href":"https:\/\/www.software-reuse.eu\/it\/wp-json\/wp\/v2\/media\/52339"}],"wp:attachment":[{"href":"https:\/\/www.software-reuse.eu\/it\/wp-json\/wp\/v2\/media?parent=39651"}],"curies":[{"name":"wp","href":"https:\/\/api.w.org\/{rel}","templated":true}]}}