{"id":39655,"date":"2022-11-29T11:20:47","date_gmt":"2022-11-29T10:20:47","guid":{"rendered":"https:\/\/swr1.wpenginepowered.com\/windows-11-vantaggi-e-svantaggi\/"},"modified":"2022-11-29T11:20:48","modified_gmt":"2022-11-29T10:20:48","slug":"windows-11-vantaggi-e-svantaggi","status":"publish","type":"page","link":"https:\/\/www.software-reuse.eu\/it\/windows-11-vantaggi-e-svantaggi\/","title":{"rendered":"Windows 11: Vantaggi e svantaggi"},"content":{"rendered":"<section><div class=\"container\"><div class=\"row\"><div class=\"wpb_column hcode-column-container vc_col-sm-2 col-xs-mobile-fullwidth\" data-front-class=\"col-xs-mobile-fullwidth\"><div class=\"vc-column-innner-wrapper\"><\/div><\/div><div class=\"wpb_column hcode-column-container vc_col-sm-8 col-xs-mobile-fullwidth\" data-front-class=\"col-xs-mobile-fullwidth\"><div class=\"vc-column-innner-wrapper\">[vc_single_image image=\"14912\" img_size=\"full\"][vc_empty_space]<h1>Windows 11: ecco vantaggi e svantaggi<\/h1>\n<p><a href=\"https:\/\/www.microsoft.com\/de-at\/windows\/windows-11?r=1\" target=\"_blank\" rel=\"noopener\">Windows 11<\/a> \u00e8 stato rilasciato il 5 ottobre 2021 e porta un nuovo vento nel mondo del produttore americano di software <a href=\"https:\/\/www.microsoft.com\/de-at\/\" target=\"_blank\" rel=\"noopener\">Microsoft<\/a>. Il nuovo sistema operativo include innovazioni promettenti, ma \u00e8 anche ripetutamente sotto il fuoco incrociato delle critiche, perch\u00e9 i cambiamenti non portano solo opportunit\u00e0, ma anche rischi. In questo post del blog, esaminiamo da vicino i cambiamenti pi\u00f9 importanti di Windows 11 e vi illustriamo i vantaggi e gli svantaggi del nuovo software.<\/p>\n<h2>Qual \u00e8 la differenza tra Windows 10 e Windows 11?<\/h2>\n<p>Sebbene il salto da Windows 8 a Windows 10 non sia stato particolarmente grande e i cambiamenti siano stati probabilmente poco evidenti per l'utente medio, lae<a href=\"\/?page_id=14919\">differenze tra Windows 10 e Windows 11<\/a> sono palesi. Il nuovo sistema operativo colpisce soprattutto per il suo design modernizzato e per l'interfaccia utente rivisitata. Alcune modifiche ricordano fortemente il sistema operativo macOS di Apple. Ad esempio, l'intero menu di avvio si sposta dal lato sinistro al centro dello schermo. Le icone delle applicazioni pi\u00f9 utilizzate sono elencate una dopo l'altra. La classica struttura a cartelle scompare cos\u00ec e il design assume un discreto tocco Apple.<\/p>\n<h2>Quali sono i vantaggi di Windows 11<\/h2>\n<p>A parte il design, l'aggiornamento di Windows 11 offre alcuni vantaggi agli utenti.<\/p>\n<ul>\n<li>Il nuovo sistema operativo \u00e8 significativamente pi\u00f9 veloce e pi\u00f9 stabile del suo predecessore, Windows 10, come risulta da una serie di test di velocit\u00e0.<\/li>\n<li>Alcune delle innovazioni di Windows 11 sono opzionali e possono essere annullate. Ad esempio, la barra delle applicazioni allineata al centro pu\u00f2 essere spostata sul bordo sinistro dello schermo. Quindi alcuni punti salienti di Windows 10 non scompaiono completamente.<\/li>\n<li>L'applicazione Impostazioni \u00e8 stata completamente ridisegnata con Windows 11. Piccole icone e una nuova disposizione dei vari elementi garantiscono maggiore chiarezza e struttura.<\/li>\n<li>Grazie ai cosiddetti layout a scatto, una sorta di kit di costruzione per la disposizione delle finestre, le finestre dei programmi possono essere disposte in modo pi\u00f9 efficiente. Una funzione che dovrebbe facilitare il multitasking in futuro.<\/li>\n<li>Il noto Internet Explorer \u00e8 stato sostituito da Microsoft Edge. Il \"nuovo\" browser dovrebbe essere molte volte pi\u00f9 veloce e quindi va di pari passo con l'altrettanto veloce Windows 11.<\/li>\n<li>Se Windows 10 \u00e8 gi\u00e0 installato su un dispositivo, \u00e8 possibile aggiornarlo a Windows 11 in modo completamente gratuito.<\/li>\n<li>A proposito di aggiornamenti: con Windows 11 gli aggiornamenti regolari di Windows dovrebbero finalmente diventare di dimensioni ridotte.<\/li>\n<\/ul>\n<p>&nbsp;<\/p>\n<h2>Quali sono gli svantaggi di Windows 11?<\/h2>\n<p>Oltre ai vantaggi appena citati, l'aggiornamento di Windows 11 comporta anche alcuni svantaggi.<\/p>\n<ul>\n<li>Alla barra delle applicazioni viene assegnato un posto fisso, ovvero la parte inferiore dello schermo. Sebbene possa essere allineato a sinistra, come in Windows 10, non pu\u00f2 pi\u00f9 essere attaccato verticalmente al lato destro o sinistro dello schermo. Non pu\u00f2 nemmeno essere attaccato al bordo superiore dello schermo.<\/li>\n<li>I requisiti hardware specifici, come il processore moderno, garantiscono la particolare velocit\u00e0 del successore di Windows 10, ma comportano anche molte limitazioni. Se il dispositivo non soddisfa questi requisiti, si \u00e8 rapidamente costretti ad acquistarne uno nuovo.<\/li>\n<li>L'installazione di Windows 11 richiede un account utente online e quindi una connessione a Internet. L'installazione offline non \u00e8 pi\u00f9 possibile.<\/li>\n<\/ul>\n<p>&nbsp;<\/p>\n<h2>Windows 11 \u00e8 migliore di Windows 10?<\/h2>\n<p>A prima vista, Windows 11 \u00e8 una versione pi\u00f9 elegante e strutturata di Windows 10. La nuova versione porta con s\u00e9 alcuni vantaggi. A parte i sorprendenti cambiamenti nel design, tuttavia, si tratta di modifiche piuttosto marginali. Chi attribuisce grande importanza a un'interfaccia utente rinnovata e a una maggiore velocit\u00e0, con Windows 11 sceglie il sistema operativo giusto. Se non siete ancora sicuri, \u00e8 meglio aspettare e vedere per evitare eventuali problemi iniziali con la nuova versione. Windows 10 sar\u00e0 supportato fino al 2025 e sar\u00e0 continuamente rivisto. Quindi c'\u00e8 ancora molto tempo prima della scadenza del termine per il cambio.<\/p>\n<\/div><\/div><div class=\"wpb_column hcode-column-container vc_col-sm-2 col-xs-mobile-fullwidth\" data-front-class=\"col-xs-mobile-fullwidth\"><div class=\"vc-column-innner-wrapper\"><\/div><\/div><\/div><\/div><\/section><section class=\" vc_custom_1607508772717\"><div class=\"container\"><div class=\"row\"><div class=\"wpb_column hcode-column-container vc_col-sm-12 col-xs-mobile-fullwidth\" data-front-class=\"col-xs-mobile-fullwidth\"><div class=\"vc-column-innner-wrapper\"><h2 style=\"text-align: center;\">Siete interessati ad acquistare o vendere software per la vostra azienda?<\/h2>\n<div class=\"cta-buttons hcode-inner-row\"><div class=\"wpb_column hcode-column-container vc_col-sm-12 col-xs-mobile-fullwidth\" data-front-class=\"col-xs-mobile-fullwidth\"><div class=\"vc-column-innner-wrapper\">[vc_btn title=\"Vai al negozio\" link=\"url:https%3A%2F%2Fwww.software-reuse.eu%2Fit%2Fshop%2F|title:Vai%20al%20negozio|\" el_class=\"primary-button\"][vc_btn title=\"Consulenza gratuita\" el_class=\"secondary-button\" link=\"url:https%3A%2F%2Fwww.software-reuse.eu%2Fit%2Fcontatti%2F|title:Consulenza%20gratuita|\"]<\/div><\/div><\/div><\/div><\/div><\/div><\/div><\/section><section class=\"fakten-cta\"><div class=\"container\"><div class=\"row\"><div class=\"wpb_column hcode-column-container vc_col-sm-12 col-xs-mobile-fullwidth\" data-front-class=\"col-xs-mobile-fullwidth\"><div class=\"vc-column-innner-wrapper\"><div class=\"padding-three-bottom sm-padding-three-bottom xs-padding-three-tb\"><h2 style=\"text-align: center;\">Software ReUse - Scrivono di noi<\/h2>\n<\/div>[vc_raw_html el_class=\"presse-logo-slider\"]W2xvZ29zaG93Y2FzZSBjYXRfaWQ9IjI2IiBkb3RzPSJmYWxzZSJd[\/vc_raw_html]<\/div><\/div><\/div><\/div><\/section>","protected":false},"excerpt":{"rendered":"<p>[vc_single_image image=&#8221;14912&#8243; img_size=&#8221;full&#8221;][vc_empty_space]Windows 11: ecco vantaggi e svantaggi Windows 11 \u00e8 stato rilasciato il 5 ottobre 2021 e porta un nuovo vento nel mondo del produttore americano di software Microsoft. Il nuovo sistema operativo include innovazioni promettenti, ma \u00e8 anche ripetutamente sotto il fuoco incrociato delle critiche, perch\u00e9 i cambiamenti non portano solo opportunit\u00e0, ma [&hellip;]<\/p>\n","protected":false},"author":22,"featured_media":51858,"parent":0,"menu_order":0,"comment_status":"closed","ping_status":"closed","template":"","meta":{"inline_featured_image":false,"footnotes":""},"class_list":["post-39655","page","type-page","status-publish","has-post-thumbnail","hentry"],"_links":{"self":[{"href":"https:\/\/www.software-reuse.eu\/it\/wp-json\/wp\/v2\/pages\/39655","targetHints":{"allow":["GET"]}}],"collection":[{"href":"https:\/\/www.software-reuse.eu\/it\/wp-json\/wp\/v2\/pages"}],"about":[{"href":"https:\/\/www.software-reuse.eu\/it\/wp-json\/wp\/v2\/types\/page"}],"author":[{"embeddable":true,"href":"https:\/\/www.software-reuse.eu\/it\/wp-json\/wp\/v2\/users\/22"}],"replies":[{"embeddable":true,"href":"https:\/\/www.software-reuse.eu\/it\/wp-json\/wp\/v2\/comments?post=39655"}],"version-history":[{"count":0,"href":"https:\/\/www.software-reuse.eu\/it\/wp-json\/wp\/v2\/pages\/39655\/revisions"}],"wp:featuredmedia":[{"embeddable":true,"href":"https:\/\/www.software-reuse.eu\/it\/wp-json\/wp\/v2\/media\/51858"}],"wp:attachment":[{"href":"https:\/\/www.software-reuse.eu\/it\/wp-json\/wp\/v2\/media?parent=39655"}],"curies":[{"name":"wp","href":"https:\/\/api.w.org\/{rel}","templated":true}]}}