{"id":39659,"date":"2022-11-29T11:34:24","date_gmt":"2022-11-29T10:34:24","guid":{"rendered":"https:\/\/swr1.wpenginepowered.com\/windows-11-vs-windows-10-le-differenze\/"},"modified":"2026-01-14T15:16:32","modified_gmt":"2026-01-14T14:16:32","slug":"windows-11-vs-windows-10-le-differenze","status":"publish","type":"page","link":"https:\/\/www.software-reuse.eu\/it\/windows-11-vs-windows-10-le-differenze\/","title":{"rendered":"Windows 11 vs. Windows 10: le differenze"},"content":{"rendered":"<section><div class=\"container\"><div class=\"row\"><div class=\"wpb_column hcode-column-container vc_col-sm-2 col-xs-mobile-fullwidth\" data-front-class=\"col-xs-mobile-fullwidth\"><div class=\"vc-column-innner-wrapper\"><\/div><\/div><div class=\"wpb_column hcode-column-container vc_col-sm-8 col-xs-mobile-fullwidth\" data-front-class=\"col-xs-mobile-fullwidth\"><div class=\"vc-column-innner-wrapper\">[vc_single_image image=\"14944\" img_size=\"full\"][vc_empty_space]<h1><span class=\"TextRun SCXW138658587 BCX4\" lang=\"DE-AT\" xml:lang=\"DE-AT\" data-contrast=\"auto\"><span class=\"NormalTextRun SCXW138658587 BCX4\">Windows 11<\/span> <span class=\"NormalTextRun SCXW138658587 BCX4\">vs.<\/span> <span class=\"NormalTextRun SCXW138658587 BCX4\">Windows 10<\/span><span class=\"NormalTextRun SCXW138658587 BCX4\">: Le differenze<\/span><\/span><\/h1>\n<p><a href=\"https:\/\/www.microsoft.com\/de-at\/windows\/windows-11?r=1\" target=\"_blank\" rel=\"noopener\">Windows 11 <\/a>\u00e8\u00a0disponibile! Il nuovo sistema <a href=\"https:\/\/www.microsoft.com\/de-at\/\" target=\"_blank\" rel=\"noopener\">Microsoft <\/a>\u00e8 stato lanciato il 5 ottobre di quest'anno in concomitanza con il nuovo software per l'ufficio <a href=\"\/?page_id=15126\">Office 2021<\/a> Dopo la sua introduzione a giugno, Windows 10 sta per essere gradualmente sostituito da Windows 11. Leggete tutte le risposte alle domande pi\u00f9 importanti e le innovazioni nel nostro post sul blog!<\/p>\n<p>&nbsp;<\/p>\n<h2>Cosa c'\u00e8 di nuovo in Windows 11?<\/h2>\n<p>Successore di Windows 10, Windows 11 porta con s\u00e9 una serie di innovazioni.<\/p>\n<ul>\n<li>I maggiori cambiamenti riguardano soprattutto il design. Le finestre, che prima avevano un aspetto piuttosto duro, sono ora arrotondate e sono state apportate alcune modifiche minori al colore e ai caratteri.<\/li>\n<li>La barra delle applicazioni e il menu di avvio si spostano al centro dello schermo e si posizionano sopra la barra delle applicazioni, anch'essa allineata al centro, funzione che pu\u00f2 essere invertita con pochi clic.<\/li>\n<li>Le live tile hanno finalmente fatto il loro tempo con il successore di Windows 10. Invece, gli elementi utilizzati di frequente possono essere privilegiati e appuntati nel nuovo menu Start.<\/li>\n<li>Una caratteristica che far\u00e0 piacere a molti utenti di Windows di vecchia data \u00e8 la \"Modalit\u00e0 scura\". L'apprezzata modalit\u00e0 scura colora l'interfaccia utente con sfumature di colore blu-nero e dovrebbe quindi essere particolarmente delicata per gli occhi.<\/li>\n<li>Trasformare il vecchio in nuovo. Appunti, meteo, situazione del traffico e cos\u00ec via: con Windows 11, i widget per il desktop tornano in auge. Con questi piccoli programmi, gli utenti possono progettare e personalizzare la propria schermata iniziale secondo i propri desideri.<\/li>\n<li>Inoltre, in Windows 11 le finestre dei programmi aperti possono essere disposte in modo pi\u00f9 efficiente. \u00c8 possibile scegliere tra un catalogo di layout predefiniti che consentono di assegnare le finestre aperte a posizioni fisse e di lavorare in pi\u00f9 programmi contemporaneamente.<\/li>\n<li>Le sessioni di concentrazione sono progettate per aumentare la produttivit\u00e0. La nuova funzione consente all'utente di disattivare i messaggi e le notifiche per un certo periodo di tempo.<\/li>\n<li>L'app Impostazioni riceve nuove funzioni. Oltre a un layout pi\u00f9 chiaro, la colonna sinistra della finestra mostra le impostazioni utilizzate di frequente.<\/li>\n<li>Con Windows 11, il produttore di software americano dice addio allo strumento di comunicazione Skype e apre le porte a Microsoft Teams. Il nuovo strumento \u00e8 gi\u00e0 preinstallato nel successore di Windows 10.<\/li>\n<\/ul>\n<p>&nbsp;<\/p>\n<h2>Quali sono le differenze tra Windows 10 e Windows 11?<\/h2>\n<p>Un confronto tra i due sistemi operativi mostra alcune differenze oltre alle innovazioni appena citate. Ad esempio, Windows 11 \u00e8 ora disponibile solo nella versione a 64 bit, mentre Windows 10 era disponibile anche nella versione a 32 bit. Anche i programmi preinstallati, come Skype o Paint 3D, devono fare spazio alle nuove funzionalit\u00e0. L'assistente vocale Cortana non continuer\u00e0 ad essere presente in Windows 11. Internet Explorer sar\u00e0 finalmente sostituito da Microsoft Edge. Inoltre, ci sono tanti altri piccoli cambiamenti che sono difficili da vedere a occhio nudo e che spesso diventano evidenti solo quando li si cerca direttamente.<\/p>\n<p>&nbsp;<\/p>\n<h2>Il mio PC \u00e8 adatto a Windows 11?<\/h2>\n<p>Chi utilizza gi\u00e0 la versione attuale di Windows 10 pu\u00f2 aggiornare gratuitamente a Windows 11, a condizione che il dispositivo soddisfi tutti i requisiti hardware necessari - e qui ci sono alcuni cambiamenti. Per un'installazione corretta di Windows 11, il dispositivo deve essere in grado di funzionare:<\/p>\n<ul>\n<li>un processore dual-core da 1 GHz e supporto a 64 bit<\/li>\n<li>una memoria di lavoro di almeno 4 GB<\/li>\n<li>una risoluzione minima dello schermo di 720p con una dimensione del display di almeno 9 pollici<\/li>\n<li>9 GB di spazio di archiviazione libero<\/li>\n<li>un modulo TPM (Trusted Platform Module) 2.0<\/li>\n<li>una scheda grafica compatibile con almeno DirectX 12 e<\/li>\n<li>un firmware di sistema UEFI (Unified Extensible Firmware Interface)<\/li>\n<\/ul>\n<p>&nbsp;<\/p>\n<h2>Dove \u00e8 possibile scaricare Windows 11?<\/h2>\n<p>Se il vostro computer soddisfa i requisiti di cui sopra, potete scaricare Windows 11 gratuitamente in tre modi:<\/p>\n<ol>\n<li>Aggiornare tramite l'installazione guidata di Windows 11 per aggiornare un PC Windows 10 a Windows 11.<\/li>\n<li>Creare supporti di installazione di Windows 11 per le nuove installazioni o per le prime installazioni di Windows 11 su un dispositivo.<\/li>\n<li>Scaricare un'immagine del supporto dati (ISO) di Windows 11: Se si vuole creare un supporto di installazione avviabile, ad esempio una chiavetta USB o un DVD.<\/li>\n<\/ol>\n<p>Potete trovare i vari download direttamente su<a href=\"https:\/\/www.microsoft.com\/de-de\/software-download\/windows11\" target=\"_blank\" rel=\"noopener\"> Microsoft<\/a>.<\/p>\n<p>L'aggiornamento da Windows 10 a Windows 11 \u00e8 attualmente gratuito. Se si installa il sistema operativo senza un codice prodotto, \u00e8 necessario disporre di una licenza valida per attivarlo.<\/p>\n<p>Il nostro consiglio di risparmio quindi: I clienti aziendali possono inoltre usufruire dell'aggiornamento gratuito da Windows 10 a Windows 11. Con una licenza di Windows 10 usata, si tratta di una variante estremamente conveniente per la concessione di licenze per le workstation con Windows 11.<\/p>\n<h2>Windows 11 vs. Windows 10: cambiare o no?<\/h2>\n<p>Proprio come nel caso del nostro <a href=\"\/?page_id=15146\">confronto tra Office 2021 e Office 2019<\/a> non vediamo alcuna necessit\u00e0 di cambiare. I maggiori cambiamenti di Windows 11 riguardano il design e i requisiti di sistema. Chi pu\u00f2 fare a meno di queste innovazioni per il momento e vuole evitare i dolori iniziali del nuovo sistema operativo, far\u00e0 una buona scelta con Windows 10. La versione precedente sar\u00e0 ancora supportata fino a ottobre 2025. C'\u00e8 ancora molto tempo fino ad allora.<\/p>\n<\/div><\/div><div class=\"wpb_column hcode-column-container vc_col-sm-2 col-xs-mobile-fullwidth\" data-front-class=\"col-xs-mobile-fullwidth\"><div class=\"vc-column-innner-wrapper\"><\/div><\/div><\/div><\/div><\/section><section class=\" vc_custom_1607508772717\"><div class=\"container\"><div class=\"row\"><div class=\"wpb_column hcode-column-container vc_col-sm-12 col-xs-mobile-fullwidth\" data-front-class=\"col-xs-mobile-fullwidth\"><div class=\"vc-column-innner-wrapper\"><h2 style=\"text-align: center;\">Siete interessati ad acquistare o vendere software per la vostra azienda?<\/h2>\n<div class=\"cta-buttons hcode-inner-row\"><div class=\"wpb_column hcode-column-container vc_col-sm-12 col-xs-mobile-fullwidth\" data-front-class=\"col-xs-mobile-fullwidth\"><div class=\"vc-column-innner-wrapper\">[vc_btn title=\"Vai al negozio\" link=\"url:https%3A%2F%2Fwww.software-reuse.eu%2Fit%2Fshop%2F|title:Vai%20al%20negozio|\" el_class=\"primary-button\"][vc_btn title=\"Consulenza gratuita\" el_class=\"secondary-button\" link=\"url:https%3A%2F%2Fwww.software-reuse.eu%2Fit%2Fcontatti%2F|title:Consulenza%20gratuita|\"]<\/div><\/div><\/div><\/div><\/div><\/div><\/div><\/section><section class=\"fakten-cta\"><div class=\"container\"><div class=\"row\"><div class=\"wpb_column hcode-column-container vc_col-sm-12 col-xs-mobile-fullwidth\" data-front-class=\"col-xs-mobile-fullwidth\"><div class=\"vc-column-innner-wrapper\"><div class=\"padding-three-bottom sm-padding-three-bottom xs-padding-three-tb\"><h2 style=\"text-align: center;\">Software ReUse - Scrivono di noi<\/h2>\n<\/div>[vc_raw_html el_class=\"presse-logo-slider\"]W2xvZ29zaG93Y2FzZSBjYXRfaWQ9IjI2IiBkb3RzPSJmYWxzZSJd[\/vc_raw_html]<\/div><\/div><\/div><\/div><\/section>","protected":false},"excerpt":{"rendered":"<p>[vc_single_image image=&#8221;14944&#8243; img_size=&#8221;full&#8221;][vc_empty_space]Windows 11 vs. Windows 10: Le differenze Windows 11 \u00e8\u00a0disponibile! Il nuovo sistema Microsoft \u00e8 stato lanciato il 5 ottobre di quest&#8217;anno in concomitanza con il nuovo software per l&#8217;ufficio Office 2021 Dopo la sua introduzione a giugno, Windows 10 sta per essere gradualmente sostituito da Windows 11. Leggete tutte le risposte alle [&hellip;]<\/p>\n","protected":false},"author":22,"featured_media":51866,"parent":0,"menu_order":0,"comment_status":"closed","ping_status":"closed","template":"","meta":{"inline_featured_image":false,"footnotes":""},"class_list":["post-39659","page","type-page","status-publish","has-post-thumbnail","hentry"],"_links":{"self":[{"href":"https:\/\/www.software-reuse.eu\/it\/wp-json\/wp\/v2\/pages\/39659","targetHints":{"allow":["GET"]}}],"collection":[{"href":"https:\/\/www.software-reuse.eu\/it\/wp-json\/wp\/v2\/pages"}],"about":[{"href":"https:\/\/www.software-reuse.eu\/it\/wp-json\/wp\/v2\/types\/page"}],"author":[{"embeddable":true,"href":"https:\/\/www.software-reuse.eu\/it\/wp-json\/wp\/v2\/users\/22"}],"replies":[{"embeddable":true,"href":"https:\/\/www.software-reuse.eu\/it\/wp-json\/wp\/v2\/comments?post=39659"}],"version-history":[{"count":0,"href":"https:\/\/www.software-reuse.eu\/it\/wp-json\/wp\/v2\/pages\/39659\/revisions"}],"wp:featuredmedia":[{"embeddable":true,"href":"https:\/\/www.software-reuse.eu\/it\/wp-json\/wp\/v2\/media\/51866"}],"wp:attachment":[{"href":"https:\/\/www.software-reuse.eu\/it\/wp-json\/wp\/v2\/media?parent=39659"}],"curies":[{"name":"wp","href":"https:\/\/api.w.org\/{rel}","templated":true}]}}