{"id":39688,"date":"2022-11-29T14:25:30","date_gmt":"2022-11-29T13:25:30","guid":{"rendered":"https:\/\/swr1.wpenginepowered.com\/office-2021-cosa-sappiamo\/"},"modified":"2026-01-15T10:36:43","modified_gmt":"2026-01-15T09:36:43","slug":"office-2021-cosa-sappiamo","status":"publish","type":"page","link":"https:\/\/www.software-reuse.eu\/it\/blog\/office-2021-cosa-sappiamo-fin-ora\/","title":{"rendered":"Office 2021 \u2013 cosa sappiamo fin ora"},"content":{"rendered":"<section><div class=\"container\"><div class=\"row\"><div class=\"wpb_column hcode-column-container vc_col-sm-2 col-xs-mobile-fullwidth\" data-front-class=\"col-xs-mobile-fullwidth\"><div class=\"vc-column-innner-wrapper\"><\/div><\/div><div class=\"wpb_column hcode-column-container vc_col-sm-8 col-xs-mobile-fullwidth\" data-front-class=\"col-xs-mobile-fullwidth\"><div class=\"vc-column-innner-wrapper\">[vc_single_image image=\"13722\" img_size=\"full\"][vc_empty_space]<p style=\"text-align: center;\"><em><strong>Aggiornamento<\/strong>: la data di uscita \u00e8 ora fissata al 5 ottobre 2021. Tuttavia, \u00e8 lecito aspettarsi un prezzo superiore di circa il 10%. Sono stati annunciati Microsoft Office Home and Student 2021, Microsoft Office Home and Business 2021, Microsoft Project Standard 2021 e Microsoft Visio Standard 2021 e Professional 2021 in edizione FPP.<\/em><\/p>\n<h1>Office 2021 - cosa si sa finora<\/h1>\n<p>Microsoft Office 2021 \u00e8 ai blocchi di partenza e non smette di entusiasmare. Perch\u00e9 come<a href=\"\/?p=8217\"> Office 2019<\/a> si sono intensificate le voci secondo cui questa versione sarebbe stata l'ultima ad essere disponibile come acquisto unico.<\/p>\n<h2>Office 2021 pu\u00f2 ancora essere acquistato una tantum.<\/h2>\n<p>E in effetti, con Microsoft 365, una versione di software in abbonamento si \u00e8 affermata in modo duraturo sul mercato. Con un pagamento annuale, si ottiene sempre l'ultima versione di Office e si viene accontentati con bonus come le app di Office e lo storage extra.<\/p>\n<p>Per tutti i critici di questo modello di business, c'\u00e8 ora la fondata speranza che non sia (ancora) cos\u00ec e che, almeno nel prossimo futuro, continuer\u00e0 ad esserci la possibilit\u00e0 di acquistare pacchetti software con un pagamento unico.<\/p>\n<h2>Il modello di abbonamento dovrebbe lentamente affermarsi dopo Office 2021.<\/h2>\n<p>Diverse dichiarazioni provenienti dai ranghi del gigante del software parlano del fatto che nell'autunno del 2021 ci sar\u00e0 un'altra versione di acquisto chiamata Office 2021, che sar\u00e0 compatibile sia con Windows che con Mac e sar\u00e0 disponibile in edizione a 32 e 64 bit.<\/p>\n<p>Tuttavia, questo non cambia il fatto che<a href=\"https:\/\/www.microsoft.com\/de-at\/\" target=\"_blank\" rel=\"noopener\"> Microsoft<\/a> sta comunque lavorando con tutte le sue forze per convincere il maggior numero possibile di clienti della sua variante di abbonamento. Per raggiungere questo obiettivo, ad esempio, i prezzi della versione d'acquisto saranno aumentati di circa il 10% rispetto a Office 2019 e il supporto mainstream sar\u00e0 ridotto da sette a cinque anni.<\/p>\n<h2>Office 2021 non \u00e8 aggiornabile con un unico acquisto<\/h2>\n<p>\u00c8 stato inoltre confermato che ci sar\u00e0 un'edizione Office Standard e un'edizione Office Professional Plus, mentre non si sa nulla di un'altra versione di Office Home &amp; Business.<\/p>\n<p>Con Office 2021 sar\u00e0 nuovamente disponibile la versione Long-Term Servicing Channel (LTSC). Ci\u00f2 significa che questa versione ricever\u00e0 solo aggiornamenti e patch di sicurezza (rimanendo quindi al livello dell'installazione iniziale) e non potr\u00e0 pi\u00f9 essere ampliata in termini di funzionalit\u00e0.<\/p>\n<h2>Microsoft Teams e OneNote sono presenti in Office 2021<\/h2>\n<p>Ad oggi (inizio aprile 2021) non sono stati annunciati ulteriori dettagli sui contenuti esatti della nuova suite. Tuttavia, il successore di Skype, Microsoft Teams e OneNote saranno sicuramente aggiunti come prodotti supplementari al nuovo pacchetto Office.<\/p>\n<p>Non appena avremo nuove informazioni da Redmond, ovviamente le leggerete di nuovo qui!<\/p>\n<\/div><\/div><div class=\"wpb_column hcode-column-container vc_col-sm-2 col-xs-mobile-fullwidth\" data-front-class=\"col-xs-mobile-fullwidth\"><div class=\"vc-column-innner-wrapper\"><\/div><\/div><\/div><\/div><\/section><section class=\" vc_custom_1607508772717\"><div class=\"container\"><div class=\"row\"><div class=\"wpb_column hcode-column-container vc_col-sm-12 col-xs-mobile-fullwidth\" data-front-class=\"col-xs-mobile-fullwidth\"><div class=\"vc-column-innner-wrapper\"><h2 style=\"text-align: center;\">Siete interessati ad acquistare o vendere software per la vostra azienda?<\/h2>\n<div class=\"cta-buttons hcode-inner-row\"><div class=\"wpb_column hcode-column-container vc_col-sm-12 col-xs-mobile-fullwidth\" data-front-class=\"col-xs-mobile-fullwidth\"><div class=\"vc-column-innner-wrapper\">[vc_btn title=\"Vai allo Shop\" link=\"url:https%3A%2F%2Fwww.software-reuse.eu%2Fit%2Fshop%2F|title:Vai%20allo%20Shop|\" el_class=\"primary-button\"][vc_btn title=\"consulenza senza impegno\" el_class=\"secondary-button\" link=\"url:https%3A%2F%2Fwww.software-reuse.eu%2Fit%2Fcontatti%2F|title:consulenza%20senza%20impegno|\"]<\/div><\/div><\/div><\/div><\/div><\/div><\/div><\/section><section class=\"fakten-cta\"><div class=\"container\"><div class=\"row\"><div class=\"wpb_column hcode-column-container vc_col-sm-12 col-xs-mobile-fullwidth\" data-front-class=\"col-xs-mobile-fullwidth\"><div class=\"vc-column-innner-wrapper\"><div class=\"padding-three-bottom sm-padding-three-bottom xs-padding-three-tb\"><h2 style=\"text-align: center;\">\u00a0Software ReUse - Scrivono di noi<\/h2>\n<\/div>[vc_raw_html el_class=\"presse-logo-slider\"]W2xvZ29zaG93Y2FzZSBjYXRfaWQ9IjI2IiBkb3RzPSJmYWxzZSJd[\/vc_raw_html]<\/div><\/div><\/div><\/div><\/section>","protected":false},"excerpt":{"rendered":"<p>[vc_single_image image=&#8221;13722&#8243; img_size=&#8221;full&#8221;][vc_empty_space]Aggiornamento: la data di uscita \u00e8 ora fissata al 5 ottobre 2021. Tuttavia, \u00e8 lecito aspettarsi un prezzo superiore di circa il 10%. Sono stati annunciati Microsoft Office Home and Student 2021, Microsoft Office Home and Business 2021, Microsoft Project Standard 2021 e Microsoft Visio Standard 2021 e Professional 2021 in edizione FPP. [&hellip;]<\/p>\n","protected":false},"author":5,"featured_media":51919,"parent":39755,"menu_order":0,"comment_status":"closed","ping_status":"closed","template":"","meta":{"inline_featured_image":false,"footnotes":""},"class_list":["post-39688","page","type-page","status-publish","has-post-thumbnail","hentry"],"_links":{"self":[{"href":"https:\/\/www.software-reuse.eu\/it\/wp-json\/wp\/v2\/pages\/39688","targetHints":{"allow":["GET"]}}],"collection":[{"href":"https:\/\/www.software-reuse.eu\/it\/wp-json\/wp\/v2\/pages"}],"about":[{"href":"https:\/\/www.software-reuse.eu\/it\/wp-json\/wp\/v2\/types\/page"}],"author":[{"embeddable":true,"href":"https:\/\/www.software-reuse.eu\/it\/wp-json\/wp\/v2\/users\/5"}],"replies":[{"embeddable":true,"href":"https:\/\/www.software-reuse.eu\/it\/wp-json\/wp\/v2\/comments?post=39688"}],"version-history":[{"count":0,"href":"https:\/\/www.software-reuse.eu\/it\/wp-json\/wp\/v2\/pages\/39688\/revisions"}],"up":[{"embeddable":true,"href":"https:\/\/www.software-reuse.eu\/it\/wp-json\/wp\/v2\/pages\/39755"}],"wp:featuredmedia":[{"embeddable":true,"href":"https:\/\/www.software-reuse.eu\/it\/wp-json\/wp\/v2\/media\/51919"}],"wp:attachment":[{"href":"https:\/\/www.software-reuse.eu\/it\/wp-json\/wp\/v2\/media?parent=39688"}],"curies":[{"name":"wp","href":"https:\/\/api.w.org\/{rel}","templated":true}]}}