{"id":39699,"date":"2022-11-29T14:46:23","date_gmt":"2022-11-29T13:46:23","guid":{"rendered":"https:\/\/swr1.wpenginepowered.com\/fatti\/windows-server-2016-2019-core-licenze-spiegate\/"},"modified":"2026-01-15T10:25:33","modified_gmt":"2026-01-15T09:25:33","slug":"windows-server-2016-2019-core-licenze-spiegate","status":"publish","type":"page","link":"https:\/\/www.software-reuse.eu\/it\/fatti\/windows-server-2016-2019-core-licenze-spiegate\/","title":{"rendered":"Windows Server 2016\/2019 Core Licenze spiegate"},"content":{"rendered":"<section><div class=\"container\"><div class=\"row\"><div class=\"wpb_column hcode-column-container  vc_custom_1581282046709 vc_col-sm-2 col-xs-mobile-fullwidth\" data-front-class=\" vc_custom_1581282046709 col-xs-mobile-fullwidth\"><div class=\"vc-column-innner-wrapper\"><\/div><\/div><div class=\"wpb_column hcode-column-container vc_col-sm-8 col-xs-mobile-fullwidth\" data-front-class=\"col-xs-mobile-fullwidth\"><div class=\"vc-column-innner-wrapper\">[vc_single_image image=\"10931\" img_size=\"full\"][vc_empty_space height=\"24px\"]<h2>Windows Server 2016\/2019 core licensing spiegato (con esempi)<\/h2>\n<p>Da Windows Server 2016, Microsoft ha cambiato il modello di licenza. I core (nuclei), non le CPU, sono ora concessi in licenza.<\/p>\n<p>Si applicano i seguenti requisiti:<\/p>\n<ul>\n<li>La licenza minima per server fisico \u00e8 di 16 core. Quindi, anche se il vostro server ha meno di 16 core, questi devono essere acquistati. Ad esempio, se il server dispone di 4 CPU con 8 core ciascuna, deve essere concesso in licenza con un totale di 32 core.<\/li>\n<li>La licenza minima per CPU fisica \u00e8 di 8 core.<\/li>\n<li>Tutti i core fisici e attivi devono essere autorizzati.<\/li>\n<\/ul>\n<h3>Macchine virtuali?<\/h3>\n<p>Con Windows Server Standard 2016 e 2019 \u00e8 possibile installare due macchine virtuali, con Datacenter illimitato.<\/p>\n<p>Raddoppiando i core, \u00e8 possibile concedere in licenza due macchine virtuali in pi\u00f9. Ad esempio, se avete bisogno di quattro macchine virtuali invece di due e il server ha 16 core, dovete acquistare 32 core. Per sei macchine virtuali, in questo esempio sono necessari 48 core.<\/p>\n<p>Se avete bisogno di diverse macchine virtuali, ha sicuramente senso considerare l'acquisto di una licenza Datacenter.<\/p>\n<div class=\"margin-three-bottom sm-margin-three-bottom xs-margin-three-bottom\"><h3>Esempi di calcolo per le licenze di Windows Server 2016\/2019:<\/h3>\n<\/div><p><strong>Esempio 1)<\/strong><\/p>\n<p><strong>Prerequisito:<\/strong><\/p>\n<p>Un server con 2 CPU fisiche con 6 core ciascuna deve essere concesso in licenza con 2 macchine virtuali.<\/p>\n<p><strong>Soluzione<\/strong>: sono necessari 16 core, anche se il server ne ha solo 12. Questo perch\u00e9 la licenza minima \u00e8 di 16 core.\u00a0In questo caso \u00e8 sufficiente Windows Server Standard Edition.<\/p>\n<p><strong>Esempio 2)<\/strong><\/p>\n<p><strong>Prerequisito:<\/strong><\/p>\n<p>Un server con 4 CPU fisiche con 4 core ciascuna deve essere concesso in licenza con 4 macchine virtuali.<\/p>\n<p>Soluzione: o acquistate 32 core di Windows Server Standard (= 16 core moltiplicati per due, poich\u00e9 raddoppiando i core si possono concedere in licenza due macchine virtuali aggiuntive) o acquistate 16 core di Windows Server Datacenter.<\/p>\n<p><strong>Esempio 3)<\/strong><\/p>\n<p><strong>Prerequisito:<\/strong><\/p>\n<p>Un server con 4 CPU fisiche con 8 core ciascuna deve essere concesso in licenza con 10 macchine virtuali.<\/p>\n<p><strong>Soluzione<\/strong>: o acquistate 32 * 5 = 160 core di Windows Server Standard o 32 core di Windows Server Datacenter.<\/p>\n<p>Come si pu\u00f2 vedere, \u00e8 sicuramente utile calcolare se l'acquisto di Windows Server Standard o Datacenter \u00e8 necessario. Con Datacenter si ha una maggiore flessibilit\u00e0 in termini di macchine virtuali, ma l'acquisto \u00e8 significativamente pi\u00f9 costoso.<\/p>\n<p><strong>Avete domande sulle licenze di Windows Server 2016\/2019? Allora non esitate a chiamarci al numero +43 1 997 27 87-10 o a scriverci alla voce Contatti.<\/strong><\/p>\n<\/div><\/div><div class=\"wpb_column hcode-column-container vc_col-sm-2 col-xs-mobile-fullwidth\" data-front-class=\"col-xs-mobile-fullwidth\"><div class=\"vc-column-innner-wrapper\"><\/div><\/div><\/div><\/div><\/section><section class=\" vc_custom_1607508772717\"><div class=\"container\"><div class=\"row\"><div class=\"wpb_column hcode-column-container vc_col-sm-12 col-xs-mobile-fullwidth\" data-front-class=\"col-xs-mobile-fullwidth\"><div class=\"vc-column-innner-wrapper\"><h2 style=\"text-align: center;\">Siete interessati ad acquistare o vendere software per la vostra azienda?<\/h2>\n<div class=\"cta-buttons hcode-inner-row\"><div class=\"wpb_column hcode-column-container vc_col-sm-12 col-xs-mobile-fullwidth\" data-front-class=\"col-xs-mobile-fullwidth\"><div class=\"vc-column-innner-wrapper\">[vc_btn title=\"Vai allo Shop\" link=\"url:https%3A%2F%2Fwww.software-reuse.eu%2Fit%2Fshop%2F|title:Vai%20allo%20Shop|\" el_class=\"primary-button\"][vc_btn title=\"consulenza senza impegno\" el_class=\"secondary-button\" link=\"url:https%3A%2F%2Fwww.software-reuse.eu%2Fit%2Fcontatti%2F|title:consulenza%20senza%20impegno|\"]<\/div><\/div><\/div><\/div><\/div><\/div><\/div><\/section><section class=\"fakten-cta\"><div class=\"container\"><div class=\"row\"><div class=\"wpb_column hcode-column-container vc_col-sm-12 col-xs-mobile-fullwidth\" data-front-class=\"col-xs-mobile-fullwidth\"><div class=\"vc-column-innner-wrapper\"><div class=\"padding-three-bottom sm-padding-three-bottom xs-padding-three-tb\"><h2 style=\"text-align: center;\">\u00a0Software ReUse -\u00a0 Scrivono di noi<\/h2>\n<\/div>[vc_raw_html el_class=\"presse-logo-slider\"]W2xvZ29zaG93Y2FzZSBjYXRfaWQ9IjI2IiBkb3RzPSJmYWxzZSJd[\/vc_raw_html]<\/div><\/div><\/div><\/div><\/section>","protected":false},"excerpt":{"rendered":"<p>[vc_single_image image=&#8221;10931&#8243; img_size=&#8221;full&#8221;][vc_empty_space height=&#8221;24px&#8221;]Windows Server 2016\/2019 core licensing spiegato (con esempi) Da Windows Server 2016, Microsoft ha cambiato il modello di licenza. I core (nuclei), non le CPU, sono ora concessi in licenza. Si applicano i seguenti requisiti: La licenza minima per server fisico \u00e8 di 16 core. Quindi, anche se il vostro server ha [&hellip;]<\/p>\n","protected":false},"author":5,"featured_media":51936,"parent":8152,"menu_order":0,"comment_status":"closed","ping_status":"closed","template":"","meta":{"inline_featured_image":false,"footnotes":""},"class_list":["post-39699","page","type-page","status-publish","has-post-thumbnail","hentry"],"_links":{"self":[{"href":"https:\/\/www.software-reuse.eu\/it\/wp-json\/wp\/v2\/pages\/39699","targetHints":{"allow":["GET"]}}],"collection":[{"href":"https:\/\/www.software-reuse.eu\/it\/wp-json\/wp\/v2\/pages"}],"about":[{"href":"https:\/\/www.software-reuse.eu\/it\/wp-json\/wp\/v2\/types\/page"}],"author":[{"embeddable":true,"href":"https:\/\/www.software-reuse.eu\/it\/wp-json\/wp\/v2\/users\/5"}],"replies":[{"embeddable":true,"href":"https:\/\/www.software-reuse.eu\/it\/wp-json\/wp\/v2\/comments?post=39699"}],"version-history":[{"count":0,"href":"https:\/\/www.software-reuse.eu\/it\/wp-json\/wp\/v2\/pages\/39699\/revisions"}],"up":[{"embeddable":true,"href":"https:\/\/www.software-reuse.eu\/it\/wp-json\/wp\/v2\/pages\/8152"}],"wp:featuredmedia":[{"embeddable":true,"href":"https:\/\/www.software-reuse.eu\/it\/wp-json\/wp\/v2\/media\/51936"}],"wp:attachment":[{"href":"https:\/\/www.software-reuse.eu\/it\/wp-json\/wp\/v2\/media?parent=39699"}],"curies":[{"name":"wp","href":"https:\/\/api.w.org\/{rel}","templated":true}]}}