{"id":39713,"date":"2022-11-29T15:20:42","date_gmt":"2022-11-29T14:20:42","guid":{"rendered":"https:\/\/swr1.wpenginepowered.com\/fatti\/office-2019-o-office-2016\/"},"modified":"2026-01-15T10:12:32","modified_gmt":"2026-01-15T09:12:32","slug":"office-2019-o-office-2016","status":"publish","type":"page","link":"https:\/\/www.software-reuse.eu\/it\/fatti\/office-2019-o-office-2016-quale-versione-e-migliore\/","title":{"rendered":"Office 2019 o Office 2016: quale versione \u00e8 migliore?"},"content":{"rendered":"<section><div class=\"container\"><div class=\"row\"><div class=\"wpb_column hcode-column-container  vc_custom_1581282046709 vc_col-sm-2 col-xs-mobile-fullwidth\" data-front-class=\" vc_custom_1581282046709 col-xs-mobile-fullwidth\"><div class=\"vc-column-innner-wrapper\"><\/div><\/div><div class=\"wpb_column hcode-column-container vc_col-sm-8 col-xs-mobile-fullwidth\" data-front-class=\"col-xs-mobile-fullwidth\"><div class=\"vc-column-innner-wrapper\">[vc_single_image image=\"10916\" img_size=\"full\" css=\".vc_custom_1601376399880{padding-bottom: 0px !important;}\"][vc_empty_space height=\"24px\"]<h1>Office 2019 o Office 2016: quale versione \u00e8 migliore?<br \/>\nE quando vale la pena passare da Office 2016 a Office 2019?<\/h1>\n<p>Microsoft non rende facile decidere quale versione di Office scegliere: leggete il nostro blog per scoprire cosa c'\u00e8 da sapere su Office 2016 e Office 2019 e dove trovare entrambe le versioni al di sotto del prezzo di mercato!<\/p>\n[vc_btn title=\"Consulenza senza impegno\" align=\"center\" link=\"url:https%3A%2F%2Fwww.software-reuse.eu%2Fit%2Fcontatti%2F|title:Consulenza%20senza%20impegno|\" el_class=\"primary-button\"]<p>Prima di tutto, la cattiva notizia: la nuova versione di Office 2019 \u00e8 significativamente pi\u00f9 costosa di Office 2016. Va inoltre notato che Office 2019 pu\u00f2 essere installato solo su computer che hanno gi\u00e0 Windows 10. Office 2019 non pu\u00f2 pi\u00f9 essere installato su Windows 7 e Windows 8. Allo stesso tempo, Microsoft ha ridotto il periodo di supporto da 10 anni a soli 7 anni.<\/p>\n<p><img loading=\"lazy\" decoding=\"async\" class=\"alignnone wp-image-14895\" src=\"https:\/\/www.software-reuse.eu\/wp-content\/uploads\/2021\/12\/Kompatibilita\u0308t-Office-Versionen-mit-Windows-Versionen-300x53.png\" alt=\"Tabelle Office Versionen und Windows Versionen kompatibel\" width=\"931\" height=\"164\" title=\"\" srcset=\"https:\/\/www.software-reuse.eu\/wp-content\/uploads\/2021\/12\/Kompatibilita\u0308t-Office-Versionen-mit-Windows-Versionen-300x53.png 300w, https:\/\/www.software-reuse.eu\/wp-content\/uploads\/2021\/12\/Kompatibilita\u0308t-Office-Versionen-mit-Windows-Versionen-600x105.png 600w, https:\/\/www.software-reuse.eu\/wp-content\/uploads\/2021\/12\/Kompatibilita\u0308t-Office-Versionen-mit-Windows-Versionen-1024x179.png 1024w, https:\/\/www.software-reuse.eu\/wp-content\/uploads\/2021\/12\/Kompatibilita\u0308t-Office-Versionen-mit-Windows-Versionen-768x135.png 768w, https:\/\/www.software-reuse.eu\/wp-content\/uploads\/2021\/12\/Kompatibilita\u0308t-Office-Versionen-mit-Windows-Versionen-81x14.png 81w, https:\/\/www.software-reuse.eu\/wp-content\/uploads\/2021\/12\/Kompatibilita\u0308t-Office-Versionen-mit-Windows-Versionen.png 1375w\" sizes=\"auto, (max-width: 931px) 100vw, 931px\" \/><\/p>\n<p style=\"padding-left: 40px;\">Immagine: Panoramica della compatibilit\u00e0 delle versioni di Office con le versioni di Windows<\/p>\n<p>&nbsp;<\/p>\n<p>Una volta scelto Office 2019 e avviato il nuovo sistema, non si noter\u00e0 quasi nessuna differenza rispetto a Office 2016, perch\u00e9 tutte le funzioni si trovano nei punti gi\u00e0 noti. In questo modo non \u00e8 necessario familiarizzare con un nuovo sistema, come \u00e8 successo quando si \u00e8 passati da Office 2007 a Office 2010. Microsoft ha posto maggiore enfasi sull'usabilit\u00e0 e sulle abitudini degli utenti.<\/p>\n<p>Per quanto riguarda Office 2019 o Office 2016, Microsoft offre cinque versioni ciascuna:<\/p>\n<p>Le versioni di Office 2016:<\/p>\n<ul>\n<li>Office 2016 Standard<\/li>\n<li><a href=\"\/?product_cat=office-professional-plus-2016-lizenz\">Office 2016 Professional Plus<\/a><\/li>\n<li>Office 2016 Home &amp; Student<\/li>\n<li>Office 2016 Home &amp; Business<\/li>\n<li>Office 2016 Home &amp; Business f\u00fcr Mac<\/li>\n<\/ul>\n<p>Le versioni di Office 2019:<\/p>\n<ul>\n<li>Office 2019 Standard<\/li>\n<li><a href=\"\/?product_cat=office-professional-plus-2019-lizenz\">Office 2019 Professional Plus<\/a><\/li>\n<li>Office 2019 Home &amp; Student<\/li>\n<li>Office 2019 Home &amp; Business<\/li>\n<li>Office 2019 Home &amp; Business f\u00fcr Mac<\/li>\n<\/ul>\n<p>Indipendentemente dalla variante di Office scelta, \u00e8 sicuramente importante scoprire quale sia la versione migliore per la propria azienda e quali vantaggi ci si pu\u00f2 aspettare.<\/p>\n<\/div><\/div><div class=\"wpb_column hcode-column-container vc_col-sm-2 col-xs-mobile-fullwidth\" data-front-class=\"col-xs-mobile-fullwidth\"><div class=\"vc-column-innner-wrapper\"><\/div><\/div><\/div><\/div><\/section><section class=\" vc_custom_1607508772717\"><div class=\"container\"><div class=\"row\"><div class=\"wpb_column hcode-column-container vc_col-sm-12 col-xs-mobile-fullwidth\" data-front-class=\"col-xs-mobile-fullwidth\"><div class=\"vc-column-innner-wrapper\"><h2 style=\"text-align: center;\">Risparmiate fino al 75% con il software usato e acquistate software nuovo a prezzo ridotto! 100% legale e 100% conforme alla normativa UE.<\/h2>\n<div class=\"cta-buttons hcode-inner-row\"><div class=\"wpb_column hcode-column-container vc_col-sm-12 col-xs-mobile-fullwidth\" data-front-class=\"col-xs-mobile-fullwidth\"><div class=\"vc-column-innner-wrapper\">[vc_btn title=\"Acquista nello shop\" link=\"url:https%3A%2F%2Fwww.software-reuse.eu%2Fit%2Fshop%2Foffice%2F|title:Vai%20allo%20Shop|\" el_class=\"primary-button\"][vc_btn title=\"consulenza senza impegno\" el_class=\"secondary-button\" link=\"url:https%3A%2F%2Fwww.software-reuse.eu%2Fit%2Fcontatti%2F|title:consulenza%20senza%20impegno|\"]<\/div><\/div><\/div><\/div><\/div><\/div><\/div><\/section><section><div class=\"container\"><div class=\"row\"><div class=\"wpb_column hcode-column-container  vc_custom_1581282046709 vc_col-sm-2 col-xs-mobile-fullwidth\" data-front-class=\" vc_custom_1581282046709 col-xs-mobile-fullwidth\"><div class=\"vc-column-innner-wrapper\"><\/div><\/div><div class=\"wpb_column hcode-column-container vc_col-sm-8 col-xs-mobile-fullwidth\" data-front-class=\"col-xs-mobile-fullwidth\"><div class=\"vc-column-innner-wrapper\"><h2>Office 2019 o Office 2016: quale pacchetto \u00e8 migliore?<\/h2>\n<p>Le innovazioni di Office 2019 sono un incentivo sufficiente per effettuare l'aggiornamento? Naturalmente sono presenti le applicazioni pi\u00f9 note, come PowerPoint, Word e Outlook. Inoltre, ci sono applicazioni come Access, Publisher, InfoPath e, pi\u00f9 recentemente, un'applicazione di messaggistica chiamata Lync.<\/p>\n<p>Per la maggior parte degli utenti, tuttavia, le funzioni gi\u00e0 molto estese di Office 2007 o 2010 sono del tutto sufficienti. Purtroppo il supporto di Microsoft per questi prodotti \u00e8 gi\u00e0 scaduto, per cui molte aziende sono costrette ad aggiornare per motivi di sicurezza.<\/p>\n<p><strong>I vantaggi di Office 2019<\/strong><\/p>\n<ul>\n<li><strong>Design familiare:<\/strong>Se conoscete Office 2016, troverete subito la strada per Office 2019. L'interfaccia non \u00e8 praticamente cambiata, tutto \u00e8 al suo posto.<\/li>\n<li><strong>Microsoft Teams:<\/strong> Negli ultimi anni, quando si trattava dell'app di messaggistica di Microsoft Office, non si riusciva a distinguere una linea chiara. Ora, con Microsoft Teams e il supporto cloud integrato, lo strumento che stavamo aspettando \u00e8 finalmente arrivato.<\/li>\n<li><strong>Molte nuove funzionalit\u00e0 interne:<\/strong>Mentre in passato utili add-in come la funzione di dettatura di Word venivano integrati esternamente, in Office 2019 troverete molti nuovi e pratici strumenti gi\u00e0 integrati nel programma.<br \/>\nInstallazione semplice: l'installazione \u00e8 molto pi\u00f9 semplice e si esegue in un solo passaggio. Avviate l'applicazione e avrete accesso a tutti i programmi di Office. Non potrebbe essere pi\u00f9 semplice!<br \/>\n<strong>Supporto esteso<\/strong>: sono stati apportati miglioramenti in molte aree che non sono visibili a prima vista. Ad esempio, \u00e8 stata implementata la possibilit\u00e0 di utilizzare i pittogrammi; inoltre, \u00e8 ora possibile effettuare traduzioni, verificare l'accessibilit\u00e0 e molto altro ancora.<\/li>\n<\/ul>\n<p>&nbsp;<\/p>\n<p><img loading=\"lazy\" decoding=\"async\" class=\"alignnone wp-image-14901\" src=\"https:\/\/www.software-reuse.eu\/wp-content\/uploads\/2021\/12\/Neue-Funktionen-Office-2019-300x152.png\" alt=\"Funktion Barrierefreiheit Office 2019\" width=\"904\" height=\"458\" title=\"\" srcset=\"https:\/\/www.software-reuse.eu\/wp-content\/uploads\/2021\/12\/Neue-Funktionen-Office-2019-300x152.png 300w, https:\/\/www.software-reuse.eu\/wp-content\/uploads\/2021\/12\/Neue-Funktionen-Office-2019-600x304.png 600w, https:\/\/www.software-reuse.eu\/wp-content\/uploads\/2021\/12\/Neue-Funktionen-Office-2019-1024x519.png 1024w, https:\/\/www.software-reuse.eu\/wp-content\/uploads\/2021\/12\/Neue-Funktionen-Office-2019-768x390.png 768w, https:\/\/www.software-reuse.eu\/wp-content\/uploads\/2021\/12\/Neue-Funktionen-Office-2019-81x41.png 81w, https:\/\/www.software-reuse.eu\/wp-content\/uploads\/2021\/12\/Neue-Funktionen-Office-2019.png 1384w\" sizes=\"auto, (max-width: 904px) 100vw, 904px\" \/><\/p>\n<p style=\"padding-left: 200px;\">Immagine: Rappresentazione della funzione di accessibilit\u00e0<\/p>\n<p>&nbsp;<\/p>\n<h3>Acquistare Microsoft Office 2016 a un prezzo inferiore e risparmiare<\/h3>\n<p>Se siete ancora indecisi sulla versione e non sapete se Office 2019 o Office 2016 fa al caso vostro, date un'occhiata al predecessore Office 2016. Questo pacchetto contiene molte funzioni interessanti ed \u00e8 disponibile nel commercio di software usato a un prezzo fino al 50% inferiore rispetto a Office 2019. Il prodotto \u00e8 stato inoltre testato a lungo nella pratica ed \u00e8 quindi garantito come completamente privo di \"problemi di dentizione\".<\/p>\n<p><strong>Office 2019 ha la stessa data di fine supporto di Office 2016.<\/strong><\/p>\n<p>Sfortunatamente, Microsoft ha ridotto notevolmente la durata del supporto esteso di Office 2019: normalmente, ogni versione di Office \u00e8 supportata per 10 anni. Con Office 2019, Microsoft ha rotto questa tradizione e ha accorciato i tempi a sette anni. Ci\u00f2 significa che sia Office 2016 che Office 2019 saranno supportati fino al 14 ottobre 2025. Questo \u00e8 un altro motivo per cui molte aziende preferiscono il pi\u00f9 economico Office 2016 usato.<\/p>\n<p>Volete lavorare con le funzioni pi\u00f9 recenti e non affidare i vostri dati a un cloud? Abbiamo raccolto per voi le informazioni pi\u00f9 importanti:<\/p>\n<h2>Office 2019: un consiglio per gli scettici del cloud!<br \/>\nAcquistate Microsoft Office 2019 da Software ReUse con oltre il 60% in meno di sconto<\/h2>\n<p>Microsoft ha presentato Office 2019 senza troppo clamore, cercando di convincere i suoi clienti a passare a Office 365 in modo discreto ma deciso. Tuttavia, molti privati, PMI e persino grandi aziende preferiscono pagare il software una sola volta piuttosto che affidarsi al cloud e vedersi chiedere di pagarlo mensilmente.<\/p>\n<p>Per gli utenti intensivi che attendono la funzione morphing di PowerPoint, le nuove formule di Excel e cos\u00ec via, Office 365 \u00e8 un'opzione coerente, in quanto viene fornito con aggiornamenti quasi mensili. Inoltre, questa versione dispone di uno spazio di archiviazione OneDrive estremamente potente e di molto altro ancora. Tuttavia, se non riuscite ad abituarvi alla versione cloud e volete comunque acquistare un pacchetto Office completamente nuovo, dovete ancora decidere se scegliere Office 2016 o Office 2019.<\/p>\n<h3>Office 2019 o Office 2016: la nostra conclusione<\/h3>\n<p>Con Office 2019, Microsoft ha fatto un passo avanti logico, ben pensato e, soprattutto, facile da usare. Diverse nuove funzioni con un design familiare, la semplicit\u00e0 di installazione e anche Microsoft Teams sono buoni argomenti per ottenere Office 2019.<\/p>\n<p>Se non avete assolutamente bisogno delle nuove funzioni e non volete comunque investire nella versione in abbonamento di Microsoft, potete pensare che Office 2016 sia del tutto sufficiente.<\/p>\n<p>Alla fine, sono sempre le vostre esigenze personali a decidere quale sia la versione pi\u00f9 adatta a voi. Se non siete ancora sicuri e avete bisogno di aiuto per decidere, non esitate a contattarci. Per noi di Software ReUse, tutti i pacchetti Office presentano vantaggi diversi. Le conosciamo tutte e possiamo aiutarvi a individuare la versione ideale per voi.<\/p>\n<p>Per una consulenza telefonica non vincolante, chiamateci al numero +43 1 997 27 87-10 o scriveteci!<\/p>\n<\/div><\/div><div class=\"wpb_column hcode-column-container vc_col-sm-2 col-xs-mobile-fullwidth\" data-front-class=\"col-xs-mobile-fullwidth\"><div class=\"vc-column-innner-wrapper\"><\/div><\/div><\/div><\/div><\/section><section class=\" vc_custom_1611141441122\"><div class=\"container\"><div class=\"row\"><div class=\"wpb_column hcode-column-container  vc_custom_1581282046709 vc_col-sm-2 col-xs-mobile-fullwidth\" data-front-class=\" vc_custom_1581282046709 col-xs-mobile-fullwidth\"><div class=\"vc-column-innner-wrapper\"><\/div><\/div><div class=\"wpb_column hcode-column-container vc_col-sm-8 col-xs-mobile-fullwidth\" data-front-class=\"col-xs-mobile-fullwidth\"><div class=\"vc-column-innner-wrapper\"><h2>Licenze Microsoft Office presso Software ReUse: acquistate usato e risparmiate!<\/h2>\n<\/div><\/div><div class=\"wpb_column hcode-column-container vc_col-sm-2 col-xs-mobile-fullwidth\" data-front-class=\"col-xs-mobile-fullwidth\"><div class=\"vc-column-innner-wrapper\"><\/div><\/div><\/div><\/div><\/section><section class=\" vc_custom_1611141057979\"><div class=\"container\"><div class=\"row\"><div class=\"wpb_column hcode-column-container  vc_custom_1581282046709 vc_col-sm-12 col-xs-mobile-fullwidth\" data-front-class=\" vc_custom_1581282046709 col-xs-mobile-fullwidth\"><div class=\"vc-column-innner-wrapper\">[vc_single_image image=\"13262\" img_size=\"full\" alignment=\"center\"]<\/div><\/div><\/div><\/div><\/section><section><div class=\"container\"><div class=\"row\"><div class=\"wpb_column hcode-column-container  vc_custom_1581282046709 vc_col-sm-2 col-xs-mobile-fullwidth\" data-front-class=\" vc_custom_1581282046709 col-xs-mobile-fullwidth\"><div class=\"vc-column-innner-wrapper\"><\/div><\/div><div class=\"wpb_column hcode-column-container vc_col-sm-8 col-xs-mobile-fullwidth\" data-front-class=\"col-xs-mobile-fullwidth\"><div class=\"vc-column-innner-wrapper\"><h3>Sebbene queste informazioni siano state utili, avete ancora bisogno di aiuto per decidere se acquistare Office 2016 o Office 2019?<\/h3>\n<p>Per noi di Software ReUse, tutti i pacchetti Office presentano vantaggi diversi. Siamo a vostra disposizione per scoprire la versione ideale per voi!<\/p>\n<p>Per una consulenza telefonica non vincolante, chiamateci al numero +43 1 997 27 87-10 o scriveteci!<\/p>\n<\/div><\/div><div class=\"wpb_column hcode-column-container vc_col-sm-2 col-xs-mobile-fullwidth\" data-front-class=\"col-xs-mobile-fullwidth\"><div class=\"vc-column-innner-wrapper\"><\/div><\/div><\/div><\/div><\/section><section><div class=\"container\"><div class=\"row\"><div class=\"wpb_column hcode-column-container vc_col-sm-12 col-xs-mobile-fullwidth\" data-front-class=\"col-xs-mobile-fullwidth\"><div class=\"vc-column-innner-wrapper\"><h2 style=\"text-align: center;\">I bestseller Office del nostro\u00a0 in negozio<\/h2>\n[vc_empty_space height=\"24px\" css=\".vc_custom_1607510816204{background-color: #ffffff !important;}\"]<div class=\"hcode-inner-row\"><div class=\"wpb_column hcode-column-container vc_col-sm-6 col-xs-mobile-fullwidth\" data-front-class=\"col-xs-mobile-fullwidth\"><div class=\"vc-column-innner-wrapper\">[vc_single_image image=\"10728\" img_size=\"medium\" alignment=\"center\" onclick=\"custom_link\" link=\"https:\/\/www.software-reuse.eu\/it\/shop\/office\/\"]<\/div><\/div><div class=\"wpb_column hcode-column-container vc_col-sm-6 col-xs-mobile-fullwidth\" data-front-class=\"col-xs-mobile-fullwidth\"><div class=\"vc-column-innner-wrapper\">[vc_single_image image=\"10738\" img_size=\"medium\" alignment=\"center\" onclick=\"custom_link\" link=\"https:\/\/www.software-reuse.eu\/it\/shop\/office\/\"]<\/div><\/div><\/div><\/div><\/div><\/div><\/div><\/section><section class=\"fakten-cta\"><div class=\"container\"><div class=\"row\"><div class=\"wpb_column hcode-column-container vc_col-sm-12 col-xs-mobile-fullwidth\" data-front-class=\"col-xs-mobile-fullwidth\"><div class=\"vc-column-innner-wrapper\"><div class=\"padding-three-bottom sm-padding-three-bottom xs-padding-three-tb\"><h2 style=\"text-align: center;\">\u00a0Software ReUse - Scrivono di noi<\/h2>\n<\/div>[vc_raw_html]W2xvZ29zaG93Y2FzZSBjYXRfaWQ9IjI2IiBkb3RzPSJmYWxzZSJd[\/vc_raw_html]<\/div><\/div><\/div><\/div><\/section><section><div class=\"container\"><div class=\"row\"><div class=\"wpb_column hcode-column-container vc_col-sm-2 col-xs-mobile-fullwidth\" data-front-class=\"col-xs-mobile-fullwidth\"><div class=\"vc-column-innner-wrapper\"><\/div><\/div><div class=\"wpb_column hcode-column-container vc_col-sm-8 col-xs-mobile-fullwidth\" data-front-class=\"col-xs-mobile-fullwidth\"><div class=\"vc-column-innner-wrapper\"><h2 style=\"text-align: left;\">Domande sulla differenza tra Office 2016 e Office 2019<\/h2>\n[vc_empty_space height=\"24px\"][vc_tta_accordion style=\"flat\" shape=\"round\" c_icon=\"chevron\" active_section=\"1\"][vc_tta_section title=\"Qual \u00e8 la differenza tra Office 2016 e Office 2019?\" tab_id=\"1607512945618-59e94bab-1ac1\"]<p>Se non sapete se Office 2016 o Office 2019 fa al caso vostro, date un'occhiata al predecessore Office 2016. Questo pacchetto contiene molte funzioni interessanti e costa fino al 50% in meno di Office 2019 nei negozi di software usati.<\/p>\n[\/vc_tta_section][vc_tta_section title=\"Qual \u00e8 l'ultima versione di Microsoft Office?\" tab_id=\"1607512945643-8f58e0c9-f08a\"]<p>L'ultima versione di Microsoft Office \u00e8 Office 2019. Presso Software ReUse \u00e8 possibile acquistare licenze a volume di Office 2019 Professional Plus con prova di licenza a partire da 214,80 euro IVA inclusa.<\/p>\n[\/vc_tta_section][vc_tta_section title=\"Quanto costa Office 2019?\" tab_id=\"1607513138048-47657a5b-9358\"]<p>Il nuovo prezzo di Microsoft Office 2019 va da 149 euro per la versione studente a 499 euro per il pacchetto Office pi\u00f9 ampio. Su Software ReUse potete acquistare Office 2019 Professional a partire da soli 214,80 \u20ac IVA inclusa!<\/p>\n[\/vc_tta_section][vc_tta_section title=\"Qual \u00e8 la differenza tra Office 2019 e Office 365?\" tab_id=\"1607513158196-76177f57-c135\"]<p>La differenza principale tra Office 2019 e Office 365 \u00e8 che Office 2019 \u00e8 una versione acquistabile una sola volta. Con Office 365 si sottoscrive un abbonamento per un certo periodo di tempo, che deve essere rinnovato alla scadenza.<\/p>\n[\/vc_tta_section][vc_tta_section title=\"\u00c8 ancora possibile acquistare Office 2016?\" tab_id=\"1607513226034-83ca63f1-893d\"]<p>Office 2016 pu\u00f2 essere acquistato presso i rivenditori ufficiali di software. Presso Software ReUse, Office Professional Plus 2016 \u00e8 attualmente disponibile come licenza a volume con prova di licenza a 154,80 \u20ac IVA inclusa.<\/p>\n[\/vc_tta_section][vc_tta_section title=\"Quanto costa Office 2016?\" tab_id=\"1607513262764-1e2dc858-ff03\"]<p>Il nuovo prezzo di Office 2016 \u00e8 compreso tra 149 e 279 euro. Presso Software ReUse \u00e8 possibile ottenere Office 2016 come licenza di volume usata, inclusa la prova di licenza, a soli 154 \u20ac IVA inclusa. Office Home &amp; Student 2019 \u00e8 particolarmente adatto per l'uso domestico, in quanto include i programmi pi\u00f9 importanti per l'ufficio domestico e non \u00e8 necessario alcun abbonamento.<\/p>\n[\/vc_tta_section][vc_tta_section title=\"Per quanto tempo sar\u00e0 supportato Office 2016?\" tab_id=\"1607513290350-be886a34-825c\"]<p>Secondo Microsoft, il supporto ufficiale per Office 2016 continuer\u00e0 fino al 15.10.2025.<\/p>\n[\/vc_tta_section][\/vc_tta_accordion]<\/div><\/div><div class=\"wpb_column hcode-column-container vc_col-sm-2 col-xs-mobile-fullwidth\" data-front-class=\"col-xs-mobile-fullwidth\"><div class=\"vc-column-innner-wrapper\"><\/div><\/div><\/div><\/div><\/section><div class=\"wpb_column hcode-column-container vc_col-sm-2 col-xs-mobile-fullwidth\" data-front-class=\"col-xs-mobile-fullwidth\"><div class=\"vc-column-innner-wrapper\"><\/div><\/div>","protected":false},"excerpt":{"rendered":"<p>[vc_single_image image=&#8221;10916&#8243; img_size=&#8221;full&#8221; css=&#8221;.vc_custom_1601376399880{padding-bottom: 0px !important;}&#8221;][vc_empty_space height=&#8221;24px&#8221;]Office 2019 o Office 2016: quale versione \u00e8 migliore? E quando vale la pena passare da Office 2016 a Office 2019? Microsoft non rende facile decidere quale versione di Office scegliere: leggete il nostro blog per scoprire cosa c&#8217;\u00e8 da sapere su Office 2016 e Office 2019 e dove [&hellip;]<\/p>\n","protected":false},"author":2,"featured_media":51951,"parent":8152,"menu_order":0,"comment_status":"closed","ping_status":"closed","template":"","meta":{"inline_featured_image":false,"footnotes":""},"class_list":["post-39713","page","type-page","status-publish","has-post-thumbnail","hentry"],"_links":{"self":[{"href":"https:\/\/www.software-reuse.eu\/it\/wp-json\/wp\/v2\/pages\/39713","targetHints":{"allow":["GET"]}}],"collection":[{"href":"https:\/\/www.software-reuse.eu\/it\/wp-json\/wp\/v2\/pages"}],"about":[{"href":"https:\/\/www.software-reuse.eu\/it\/wp-json\/wp\/v2\/types\/page"}],"author":[{"embeddable":true,"href":"https:\/\/www.software-reuse.eu\/it\/wp-json\/wp\/v2\/users\/2"}],"replies":[{"embeddable":true,"href":"https:\/\/www.software-reuse.eu\/it\/wp-json\/wp\/v2\/comments?post=39713"}],"version-history":[{"count":0,"href":"https:\/\/www.software-reuse.eu\/it\/wp-json\/wp\/v2\/pages\/39713\/revisions"}],"up":[{"embeddable":true,"href":"https:\/\/www.software-reuse.eu\/it\/wp-json\/wp\/v2\/pages\/8152"}],"wp:featuredmedia":[{"embeddable":true,"href":"https:\/\/www.software-reuse.eu\/it\/wp-json\/wp\/v2\/media\/51951"}],"wp:attachment":[{"href":"https:\/\/www.software-reuse.eu\/it\/wp-json\/wp\/v2\/media?parent=39713"}],"curies":[{"name":"wp","href":"https:\/\/api.w.org\/{rel}","templated":true}]}}