{"id":40982,"date":"2023-01-24T13:28:25","date_gmt":"2023-01-24T12:28:25","guid":{"rendered":"https:\/\/swr1.wpenginepowered.com\/licenze-software-usate-voucher-e-azioni\/"},"modified":"2024-07-10T15:04:43","modified_gmt":"2024-07-10T13:04:43","slug":"licenze-software-usate-voucher-e-azioni","status":"publish","type":"page","link":"https:\/\/www.software-reuse.eu\/it\/licenze-software-usate-voucher-e-azioni\/","title":{"rendered":"Buoni, codici sconto e promozioni"},"content":{"rendered":"<section class=\" vc_custom_1608028489181\"><div class=\"container\"><div class=\"row\"><div class=\"wpb_column hcode-column-container vc_col-sm-12 col-xs-mobile-fullwidth\" data-front-class=\"col-xs-mobile-fullwidth\"><div class=\"vc-column-innner-wrapper\">[vc_single_image image=\"13798\" img_size=\"full\" alignment=\"center\"]<\/div><\/div><\/div><\/div><\/section><section class=\" vc_custom_1608028579009\"><div class=\"container\"><div class=\"row\"><div class=\"wpb_column hcode-column-container vc_col-sm-2 col-xs-mobile-fullwidth\" data-front-class=\"col-xs-mobile-fullwidth\"><div class=\"vc-column-innner-wrapper\"><\/div><\/div><div class=\"wpb_column hcode-column-container vc_col-sm-8 col-xs-mobile-fullwidth\" data-front-class=\"col-xs-mobile-fullwidth\"><div class=\"vc-column-innner-wrapper\"><h1 style=\"text-align: center;\">Promozione: Licenza per software usato - assicuratevi subito un buono per Adobe InDesign CS6 o Office Professional Plus - solo fino ad esaurimento scorte!<\/h1>\n<p style=\"text-align: center;\">Non regalate soldi: potete risparmiare con le licenze software usate. Ottieni subito il tuo voucher e risparmia fino a 200 \u20ac su prezzi gi\u00e0 ridotti!<\/p>\n<\/div><\/div><div class=\"wpb_column hcode-column-container vc_col-sm-2 col-xs-mobile-fullwidth\" data-front-class=\"col-xs-mobile-fullwidth\"><div class=\"vc-column-innner-wrapper\"><\/div><\/div><\/div><\/div><\/section><section class=\" vc_custom_1619788030124 row-equal-height row-content-middle\"><div class=\"container\"><div class=\"row hcode-row-flex\"><div class=\"wpb_column hcode-column-container vc_col-sm-6 col-xs-mobile-fullwidth\" data-front-class=\"col-xs-mobile-fullwidth\"><div class=\"vc-column-innner-wrapper\"><h2>Microsoft Office 2019 Licenza a volume: 10% di sconto<\/h2>\n<p>Office 2019 \u00e8 l'ultima versione offline della suite Office. Software ReUse offre gi\u00e0 licenze a volume di Office 2019 usate a un prezzo conveniente per la vostra azienda e vi aggiorna cos\u00ec. Ci\u00f2 significa che si risparmia notevolmente rispetto al nuovo prezzo! Dopo l'acquisto, \u00e8 possibile scaricare le licenze a 32 e 64 bit, installarle e attivarle immediatamente con il nostro codice prodotto.<\/p>\n<p>Con il voucher Software ReUse potete risparmiare il 10% sulla vostra licenza a volume di Microsoft Office 2016!<\/p>\n<h3><span style=\"color: #ff0000;\">Il tuo codice sconto: Office-10<\/span><\/h3>\n[vc_btn title=\"Vai al prodotto\" shape=\"square\" css_animation=\"none\" link=\"url:%2F%3Fproduct_cat%3Doffice-professional-plus-2019-lizenz|\" el_class=\"primary-button\"]<\/div><\/div><div class=\"wpb_column hcode-column-container vc_col-sm-6 col-xs-mobile-fullwidth\" data-front-class=\"col-xs-mobile-fullwidth\"><div class=\"vc-column-innner-wrapper\">[vc_single_image image=\"12422\" img_size=\"full\" alignment=\"center\" onclick=\"custom_link\" link=\"\/?product_cat=office-professional-plus-2019-lizenz\"]<\/div><\/div><\/div><\/div><\/section><section class=\" vc_custom_1619788035384 row-equal-height row-content-middle\"><div class=\"container\"><div class=\"row hcode-row-flex\"><div class=\"wpb_column hcode-column-container vc_col-sm-6 col-xs-mobile-fullwidth\" data-front-class=\"col-xs-mobile-fullwidth\"><div class=\"vc-column-innner-wrapper\">[vc_single_image image=\"12226\" img_size=\"full\" alignment=\"center\" onclick=\"custom_link\" link=\"https:\/\/www.software-reuse.eu\/it\/shop\/office\/office-2016-licenze-di-volume\/\"]<\/div><\/div><div class=\"wpb_column hcode-column-container vc_col-sm-6 col-xs-mobile-fullwidth\" data-front-class=\"col-xs-mobile-fullwidth\"><div class=\"vc-column-innner-wrapper\"><p>Microsoft Office 2016 Volume Licence: 10% di sconto<\/p>\n[vc_btn title=\"Vai al prodotto\" shape=\"square\" css_animation=\"none\" link=\"url:%2F%3Fproduct_cat%3Doffice-professional-plus-2016-lizenz|\" el_class=\"primary-button\"]<\/div><\/div><\/div><\/div><\/section><section class=\" vc_custom_1619788044828 row-equal-height row-content-middle\"><div class=\"container\"><div class=\"row hcode-row-flex\"><div class=\"wpb_column hcode-column-container vc_col-sm-6 col-xs-mobile-fullwidth\" data-front-class=\"col-xs-mobile-fullwidth\"><div class=\"vc-column-innner-wrapper\"><h2>Adobe Creative Suite 6 Design Standard e Design &amp; Web Premium: buono<\/h2>\n<p>Adobe Creative Suite \u00e8 il pacchetto software completo per artisti grafici, designer e illustratori. Oltre a Photoshop, inDesign e Illustrator, contiene anche la versione professionale del noto strumento PDF Acrobat Reader: Acrobat X Pro. Inoltre, riceverete il convertitore video Media Encoder e Acrobat Bridge per l'amministrazione centrale dei file multimediali. Quando si acquista la licenza per Adobe Creative Suite, non si paga un canone mensile, ma un prezzo unico.<\/p>\n<p>Con il voucher Software ReUse potete risparmiare 200 euro sulla vostra licenza di Adobe Creative Suite 6!<\/p>\n<p><strong>Il tuo codice sconto: CS6-200<\/strong><\/p>\n[vc_btn title=\"Vai al prodotto\" shape=\"square\" css_animation=\"none\" link=\"url:https%3A%2F%2Fwww.software-reuse.eu%2Fit%2Fshop%2Fadobe%2Fadobe-creative-suite-6%2F|\" el_class=\"primary-button\"]<\/div><\/div><div class=\"wpb_column hcode-column-container vc_col-sm-6 col-xs-mobile-fullwidth\" data-front-class=\"col-xs-mobile-fullwidth\"><div class=\"vc-column-innner-wrapper\">[vc_single_image image=\"12417\" img_size=\"full\" add_caption=\"yes\" alignment=\"center\" onclick=\"custom_link\" link=\"https:\/\/www.software-reuse.eu\/it\/shop\/adobe\/adobe-creative-suite-6\/\"]<\/div><\/div><\/div><\/div><\/section><section class=\"row-equal-height row-content-middle\"><div class=\"container\"><div class=\"row hcode-row-flex\"><div class=\"wpb_column hcode-column-container vc_col-sm-6 col-xs-mobile-fullwidth\" data-front-class=\"col-xs-mobile-fullwidth\"><div class=\"vc-column-innner-wrapper\">[vc_single_image image=\"12432\" img_size=\"full\" add_caption=\"yes\" alignment=\"center\" onclick=\"custom_link\" link=\"\/?product_cat=mac\"]<\/div><\/div><div class=\"wpb_column hcode-column-container vc_col-sm-6 col-xs-mobile-fullwidth\" data-front-class=\"col-xs-mobile-fullwidth\"><div class=\"vc-column-innner-wrapper\"><h2>Adobe InDesign CS6: buono per 100 euro<\/h2>\n<p>Adobe InDesign \u00e8 il software pi\u00f9 famoso e diffuso per l'impaginazione e la pubblicazione, in particolare per la creazione di riviste, libri, giornali e qualsiasi altro formato di stampa. Il vantaggio di acquistare una licenza unica rispetto a un abbonamento mensile \u00e8 che si risparmia sui costi di gestione del software!<\/p>\n<p>Ottenete il voucher Software ReUse oggi stesso e risparmiate altri 100\u20ac sulla vostra licenza di Adobe InDesign CS6!<\/p>\n<p><strong>Il tuo codice sconto: IDCS6-100<\/strong><\/p>\n[vc_btn title=\"Vai al prodotto\" shape=\"square\" link=\"url:%2F%3Fproduct_cat%3Dmac|\" el_class=\"primary-button\"]<\/div><\/div><\/div><\/div><\/section><section class=\"hide  vc_custom_1619788059243 row-equal-height row-content-middle\"><div class=\"container\"><div class=\"row hcode-row-flex\"><div class=\"wpb_column hcode-column-container vc_col-sm-6 col-xs-mobile-fullwidth\" data-front-class=\"col-xs-mobile-fullwidth\"><div class=\"vc-column-innner-wrapper\">[vc_single_image image=\"12432\" img_size=\"full\" add_caption=\"yes\" alignment=\"center\" onclick=\"custom_link\" link=\"\/?product_cat=mac\"]<\/div><\/div><div class=\"wpb_column hcode-column-container vc_col-sm-6 col-xs-mobile-fullwidth\" data-front-class=\"col-xs-mobile-fullwidth\"><div class=\"vc-column-innner-wrapper\"><h2>Adobe InDesign CS6: 10% di sconto<\/h2>\n<p>Adobe InDesign \u00e8 il software pi\u00f9 famoso e diffuso per l'impaginazione e la pubblicazione, in particolare per la creazione di riviste, libri, giornali e qualsiasi altro formato di stampa. Il vantaggio di acquistare una licenza unica rispetto a un abbonamento mensile \u00e8 che si risparmia sui costi di gestione del software!<\/p>\n<p>Ottenete oggi il voucher Software ReUse e risparmiate un ulteriore 10% sulla vostra licenza di Adobe InDesign CS6!<\/p>\n<h3>Il tuo codice sconto: InDesign-10<\/h3>\n[vc_btn title=\"Vai al prodotto\" shape=\"square\" link=\"url:%2F%3Fproduct_cat%3Dmac|\" el_class=\"primary-button\"]<\/div><\/div><\/div><\/div><\/section><section class=\"row-equal-height row-content-middle\"><div class=\"container\"><div class=\"row hcode-row-flex\"><div class=\"wpb_column hcode-column-container vc_col-sm-6 col-xs-mobile-fullwidth\" data-front-class=\"col-xs-mobile-fullwidth\"><div class=\"vc-column-innner-wrapper\"><h2>Adobe Photoshop CS6: buono per 50 euro<\/h2>\n<p>Adobe Photoshop \u00e8 il software tuttofare nel settore della grafica: IL software per la progettazione, l'editing delle immagini e il ritocco. Riducete le vostre spese mensili acquistando una licenza software usata!<\/p>\n<p>Risparmiate 50 euro sulla vostra licenza di Adobe Photoshop CS6 con il voucher Software ReUse!<\/p>\n<p><strong>Il tuo codice sconto: PSCS6-50<\/strong><\/p>\n[vc_btn title=\"Vai al prodotto\" shape=\"square\" link=\"url:https%3A%2F%2Fwww.software-reuse.eu%2Fit%2Fshop%2Fadobe%2Fphotoshop-cs6%2F|\" el_class=\"primary-button\"]<\/div><\/div><div class=\"wpb_column hcode-column-container vc_col-sm-6 col-xs-mobile-fullwidth\" data-front-class=\"col-xs-mobile-fullwidth\"><div class=\"vc-column-innner-wrapper\">[vc_single_image image=\"12437\" img_size=\"full\" add_caption=\"yes\" alignment=\"center\" onclick=\"custom_link\" link=\"https:\/\/www.software-reuse.eu\/it\/shop\/adobe\/photoshop-cs6\/\"]<\/div><\/div><\/div><\/div><\/section><section class=\" vc_custom_1608028326240\"><div class=\"container\"><div class=\"row\"><div class=\"wpb_column hcode-column-container  vc_custom_1581187246887 vc_col-sm-12 col-xs-mobile-fullwidth\" data-front-class=\" vc_custom_1581187246887 col-xs-mobile-fullwidth\"><div class=\"vc-column-innner-wrapper\"><h2 style=\"text-align: center;\">\u00a0Software ReUse - Scrivono di noi<\/h2>\n[vc_raw_html css=\".vc_custom_1608027924156{padding-top: 10px !important;padding-bottom: 20px !important;}\"]W2xvZ29zaG93Y2FzZSBjYXRfaWQ9IjI2IiBkb3RzPSJmYWxzZSJd[\/vc_raw_html]<\/div><\/div><\/div><\/div><\/section><section><div class=\"container\"><div class=\"row\"><div class=\"wpb_column hcode-column-container vc_col-sm-12 col-xs-mobile-fullwidth\" data-front-class=\"col-xs-mobile-fullwidth\"><div class=\"vc-column-innner-wrapper\"><h2 style=\"text-align: center;\">Volete acquistare software usato? Vi invieremo un'offerta individuale!<\/h2>\n[vc_empty_space height=\"24px\"]<div class=\"hcode-inner-row\"><div class=\"wpb_column hcode-column-container vc_col-sm-6 col-xs-mobile-fullwidth\" data-front-class=\"col-xs-mobile-fullwidth\"><div class=\"vc-column-innner-wrapper\">[vc_single_image image=\"10681\" img_size=\"full\"]<\/div><\/div><div class=\"wpb_column hcode-column-container vc_col-sm-6 col-xs-mobile-fullwidth\" data-front-class=\"col-xs-mobile-fullwidth\"><div class=\"vc-column-innner-wrapper\">\n<div class=\"wpcf7 no-js\" id=\"wpcf7-f54411-o1\" lang=\"it-IT\" dir=\"ltr\" data-wpcf7-id=\"54411\">\n<div class=\"screen-reader-response\"><p role=\"status\" aria-live=\"polite\" aria-atomic=\"true\"><\/p> <ul><\/ul><\/div>\n<form action=\"\/it\/wp-json\/wp\/v2\/pages\/40982#wpcf7-f54411-o1\" method=\"post\" class=\"wpcf7-form init\" aria-label=\"Modulo di contatto\" novalidate=\"novalidate\" data-status=\"init\">\n<fieldset class=\"hidden-fields-container\"><input type=\"hidden\" name=\"_wpcf7\" value=\"54411\" \/><input type=\"hidden\" name=\"_wpcf7_version\" value=\"6.1.1\" \/><input type=\"hidden\" name=\"_wpcf7_locale\" value=\"it_IT\" \/><input type=\"hidden\" name=\"_wpcf7_unit_tag\" value=\"wpcf7-f54411-o1\" \/><input type=\"hidden\" name=\"_wpcf7_container_post\" value=\"0\" \/><input type=\"hidden\" name=\"_wpcf7_posted_data_hash\" value=\"\" \/>\n<\/fieldset>\n<div>\n\t<p><label> Salutazione*<br \/>\n<span class=\"wpcf7-form-control-wrap\" data-name=\"salutation\"><select class=\"wpcf7-form-control wpcf7-select wpcf7-validates-as-required\" aria-required=\"true\" aria-invalid=\"false\" name=\"salutation\"><option value=\"Mr\">Mr<\/option><option value=\"Ms\">Ms<\/option><option value=\"Azienda\">Azienda<\/option><\/select><\/span><\/label>\n\t<\/p>\n\t<p><label> Il tuo nome*<br \/>\n<span class=\"wpcf7-form-control-wrap\" data-name=\"your-name\"><input size=\"40\" maxlength=\"400\" class=\"wpcf7-form-control wpcf7-text wpcf7-validates-as-required\" aria-required=\"true\" aria-invalid=\"false\" value=\"\" type=\"text\" name=\"your-name\" \/><\/span> <\/label>\n\t<\/p>\n<\/div>\n<p><label> Il nome della tua azienda<br \/>\n<span class=\"wpcf7-form-control-wrap\" data-name=\"your-company\"><input size=\"40\" maxlength=\"400\" class=\"wpcf7-form-control wpcf7-text\" aria-invalid=\"false\" value=\"\" type=\"text\" name=\"your-company\" \/><\/span> <\/label>\n<\/p>\n<div>\n\t<p><label> Il tuo indirizzo e-mail*<br \/>\n<span class=\"wpcf7-form-control-wrap\" data-name=\"your-email\"><input size=\"40\" maxlength=\"400\" class=\"wpcf7-form-control wpcf7-email wpcf7-validates-as-required wpcf7-text wpcf7-validates-as-email\" aria-required=\"true\" aria-invalid=\"false\" value=\"\" type=\"email\" name=\"your-email\" \/><\/span> <\/label>\n\t<\/p>\n\t<p><label>Telefono*<br \/>\n<span class=\"wpcf7-form-control-wrap\" data-name=\"telefon\"><input size=\"40\" maxlength=\"400\" class=\"wpcf7-form-control wpcf7-tel wpcf7-validates-as-required wpcf7-text wpcf7-validates-as-tel\" aria-required=\"true\" aria-invalid=\"false\" value=\"\" type=\"tel\" name=\"telefon\" \/><\/span><\/label>\n\t<\/p>\n<\/div>\n<div>\n\t<p><label> Bilancio<br \/>\n<span class=\"wpcf7-form-control-wrap\" data-name=\"budget\"><select class=\"wpcf7-form-control wpcf7-select\" aria-invalid=\"false\" name=\"budget\"><option value=\"Non specificato\">Non specificato<\/option><option value=\"0-1.000 \u20ac\">0-1.000 \u20ac<\/option><option value=\"1.000-5.000 \u20ac\">1.000-5.000 \u20ac<\/option><option value=\"5.000-10.000 \u20ac\">5.000-10.000 \u20ac<\/option><option value=\"da 10.000 \u20ac\">da 10.000 \u20ac<\/option><\/select><\/span><\/label>\n\t<\/p>\n\t<p><label> Quantit\u00e0<br \/>\n<span class=\"wpcf7-form-control-wrap\" data-name=\"budget\"><select class=\"wpcf7-form-control wpcf7-select\" aria-invalid=\"false\" name=\"budget\"><option value=\"1-10\">1-10<\/option><option value=\"11-50\">11-50<\/option><option value=\"101-1000\">101-1000<\/option><option value=\"1000+\">1000+<\/option><\/select><\/span><\/label>\n\t<\/p>\n<\/div>\n<p><label> Cliente finale\/rivenditore<\/label><br \/>\n<span class=\"wpcf7-form-control-wrap\" data-name=\"kunde\"><span class=\"wpcf7-form-control wpcf7-radio\"><span class=\"wpcf7-list-item first\"><label><input type=\"radio\" name=\"kunde\" value=\"Non specificato\" checked=\"checked\" \/><span class=\"wpcf7-list-item-label\">Non specificato<\/span><\/label><\/span><span class=\"wpcf7-list-item\"><label><input type=\"radio\" name=\"kunde\" value=\"Cliente finale\" \/><span class=\"wpcf7-list-item-label\">Cliente finale<\/span><\/label><\/span><span class=\"wpcf7-list-item last\"><label><input type=\"radio\" name=\"kunde\" value=\"Rivenditore\" \/><span class=\"wpcf7-list-item-label\">Rivenditore<\/span><\/label><\/span><\/span><\/span><br \/>\n<span id=\"wpcf7-69d0bd0cf0e51-wrapper\" class=\"wpcf7-form-control-wrap honeypot-100-wrap\" style=\"display:none !important; visibility:hidden !important;\"><label for=\"wpcf7-69d0bd0cf0e51-field\" class=\"hp-message\">Si prega di lasciare vuoto questo campo.<\/label><input id=\"wpcf7-69d0bd0cf0e51-field\"  class=\"wpcf7-form-control wpcf7-text\" type=\"text\" name=\"honeypot-100\" value=\"\" size=\"40\" tabindex=\"-1\" autocomplete=\"new-password\" \/><\/span><br \/>\n<label> Prodotti<br \/>\n<span class=\"wpcf7-form-control-wrap\" data-name=\"produkte\"><select class=\"wpcf7-form-control wpcf7-select\" aria-invalid=\"false\" name=\"produkte\"><option value=\"Non specificato\">Non specificato<\/option><option value=\"Microsoft Office\">Microsoft Office<\/option><option value=\"Microsoft Windows\">Microsoft Windows<\/option><option value=\"Microsoft SQL Server und CALs\">Microsoft SQL Server und CALs<\/option><option value=\"Microsoft Windows Server und CALs\">Microsoft Windows Server und CALs<\/option><option value=\"Microsoft Exchange Server und CALs\">Microsoft Exchange Server und CALs<\/option><option value=\"Microsoft (altre licenze)\">Microsoft (altre licenze)<\/option><option value=\"Adobe Acrobat\">Adobe Acrobat<\/option><option value=\"Adobe CS6 Programme\">Adobe CS6 Programme<\/option><option value=\"Autodesk-Produkte\">Autodesk-Produkte<\/option><option value=\"VMware\">VMware<\/option><\/select><\/span><\/label>\n<\/p>\n<p><label> Oggetto*<br \/>\n<span class=\"wpcf7-form-control-wrap\" data-name=\"subject\"><select class=\"wpcf7-form-control wpcf7-select wpcf7-validates-as-required\" aria-required=\"true\" aria-invalid=\"false\" name=\"subject\"><option value=\"Consultazione della licenza non vincolante\">Consultazione della licenza non vincolante<\/option><option value=\"Domande sull&#039;acquisto\/vendita\">Domande sull&#039;acquisto\/vendita<\/option><option value=\"Richieste\/suggerimenti\">Richieste\/suggerimenti<\/option><option value=\"Registrazione come partner (rivenditore)\">Registrazione come partner (rivenditore)<\/option><option value=\"Domande sulla fattura\">Domande sulla fattura<\/option><option value=\"Offerta individuale\">Offerta individuale<\/option><option value=\"Altre richieste\">Altre richieste<\/option><\/select><\/span> <\/label>\n<\/p>\n<p><label> La tua richiesta<br \/>\n<span class=\"wpcf7-form-control-wrap\" data-name=\"message\"><textarea cols=\"40\" rows=\"10\" maxlength=\"2000\" class=\"wpcf7-form-control wpcf7-textarea\" aria-invalid=\"false\" name=\"message\"><\/textarea><\/span> <\/label>\n<\/p>\n<p><label>Come hai saputo di noi?<br \/>\n<span class=\"wpcf7-form-control-wrap\" data-name=\"wie-erfahren\"><input size=\"40\" maxlength=\"400\" class=\"wpcf7-form-control wpcf7-text\" aria-invalid=\"false\" value=\"\" type=\"text\" name=\"wie-erfahren\" \/><\/span><\/label>\n<\/p>\n<p><!-- Mailchimp for WordPress v4.10.7 - https:\/\/www.mc4wp.com\/ --><input type=\"hidden\" name=\"_mc4wp_subscribe_contact-form-7\" value=\"0\" \/><span class=\"mc4wp-checkbox mc4wp-checkbox-contact-form-7 \"><label><input type=\"checkbox\" name=\"_mc4wp_subscribe_contact-form-7\" value=\"1\" ><span>Ich m\u00f6chte den Software ReUse-Newsletter bekommen, um laufend \u00fcber Sonderangebote informiert zu werden. Dies kann jederzeit widerrufen werden. <\/span><\/label><\/span><!-- \/ Mailchimp for WordPress -->\n<\/p>\n<div class=\"f-dsgvo\">\n\t<p><span class=\"wpcf7-form-control-wrap\" data-name=\"acceptance-534\"><span class=\"wpcf7-form-control wpcf7-acceptance\"><span class=\"wpcf7-list-item\"><label><input type=\"checkbox\" name=\"acceptance-534\" value=\"1\" aria-invalid=\"false\" \/><span class=\"wpcf7-list-item-label\">* Ho preso nota dell'<a href=\"https:\/\/www.software-reuse.eu\/datenschutz\/\" target=\"_blank\">informativa sulla privacy<\/a>. Accetto che i miei dati, il cognome, il nome, l'indirizzo e-mail e il mio messaggio siano trattati esclusivamente allo scopo di elaborare e gestire la mia richiesta. Questi dati sono trattati da noi sulla base del tuo consenso in conformit\u00e0 con l'art. 6 comma. 1 a) Il trattamento viene effettuato in base al GDPR.<\/span><\/label><\/span><\/span><\/span>\n\t<\/p>\n<\/div>\n<div class=\"h-captcha\" data-sitekey=\"cd7c840c-b42c-4ae4-80a2-9bca6866534a\" data-size=\"normal\" data-theme=\"light\" data-lang=\"it\"><\/div><span class=\"wpcf7-form-control-wrap cf7apps-hcaptcha\" data-name=\"cf7apps-hcaptcha\"><input type=\"hidden\" name=\"cf7apps-hcaptcha\" value=\"\" class=\"wpcf7-form-control\"><\/span>\n<\/p>\n<p><input class=\"wpcf7-form-control wpcf7-submit has-spinner btn\" type=\"submit\" value=\"Invio\" \/>\n<\/p>\n<input class=\"wpcf7-form-control wpcf7-hidden\" value=\"\" type=\"hidden\" name=\"gclid\" \/><div class=\"wpcf7-response-output\" aria-hidden=\"true\"><\/div>\n<\/form>\n<\/div>\n\n<\/div><\/div><\/div><\/div><\/div><\/div><\/div><\/section>","protected":false},"excerpt":{"rendered":"<p>[vc_single_image image=&#8221;13798&#8243; img_size=&#8221;full&#8221; alignment=&#8221;center&#8221;]Promozione: Licenza per software usato &#8211; assicuratevi subito un buono per Adobe InDesign CS6 o Office Professional Plus &#8211; solo fino ad esaurimento scorte! Non regalate soldi: potete risparmiare con le licenze software usate. Ottieni subito il tuo voucher e risparmia fino a 200 \u20ac su prezzi gi\u00e0 ridotti! Microsoft Office 2019 [&hellip;]<\/p>\n","protected":false},"author":2,"featured_media":0,"parent":0,"menu_order":0,"comment_status":"closed","ping_status":"closed","template":"","meta":{"inline_featured_image":false,"footnotes":""},"class_list":["post-40982","page","type-page","status-publish","hentry"],"_links":{"self":[{"href":"https:\/\/www.software-reuse.eu\/it\/wp-json\/wp\/v2\/pages\/40982","targetHints":{"allow":["GET"]}}],"collection":[{"href":"https:\/\/www.software-reuse.eu\/it\/wp-json\/wp\/v2\/pages"}],"about":[{"href":"https:\/\/www.software-reuse.eu\/it\/wp-json\/wp\/v2\/types\/page"}],"author":[{"embeddable":true,"href":"https:\/\/www.software-reuse.eu\/it\/wp-json\/wp\/v2\/users\/2"}],"replies":[{"embeddable":true,"href":"https:\/\/www.software-reuse.eu\/it\/wp-json\/wp\/v2\/comments?post=40982"}],"version-history":[{"count":0,"href":"https:\/\/www.software-reuse.eu\/it\/wp-json\/wp\/v2\/pages\/40982\/revisions"}],"wp:attachment":[{"href":"https:\/\/www.software-reuse.eu\/it\/wp-json\/wp\/v2\/media?parent=40982"}],"curies":[{"name":"wp","href":"https:\/\/api.w.org\/{rel}","templated":true}]}}