{"id":41280,"date":"2023-02-07T13:17:56","date_gmt":"2023-02-07T12:17:56","guid":{"rendered":"https:\/\/swr1.wpenginepowered.com\/licenze-microsoft-sql-server\/"},"modified":"2023-02-07T13:17:58","modified_gmt":"2023-02-07T12:17:58","slug":"licenze-microsoft-sql-server","status":"publish","type":"page","link":"https:\/\/www.software-reuse.eu\/it\/microsoft-sql-server-lizenzen\/","title":{"rendered":"Acquistare licenze Microsoft SQL Server usate"},"content":{"rendered":"<section class=\" vc_custom_1607951484884\"><div class=\"container\"><div class=\"row\"><div class=\"wpb_column hcode-column-container  vc_custom_1576186422217 vc_col-sm-12 col-xs-mobile-fullwidth\" data-front-class=\" vc_custom_1576186422217 col-xs-mobile-fullwidth\"><div class=\"vc-column-innner-wrapper\">[vc_single_image image=\"15987\" img_size=\"full\" alignment=\"center\"]<\/div><\/div><\/div><\/div><\/section><section class=\" vc_custom_1608224915757\"><div class=\"container\"><div class=\"row\"><div class=\"wpb_column hcode-column-container  vc_custom_1576186422217 vc_col-sm-2 col-xs-mobile-fullwidth\" data-front-class=\" vc_custom_1576186422217 col-xs-mobile-fullwidth\"><div class=\"vc-column-innner-wrapper\"><\/div><\/div><div class=\"wpb_column hcode-column-container vc_col-sm-8 col-xs-mobile-fullwidth\" data-front-class=\"col-xs-mobile-fullwidth\"><div class=\"vc-column-innner-wrapper\"><div class=\"padding-three-bottom sm-padding-three-bottom xs-padding-three-tb\"><h1>Acquista licenze Microsoft SQL Server usate<\/h1>\n<p>Press Software ReUse \u00e8 gi\u00e0 possibile acquistare le ultimate license di Microsoft Server come software usato. Questo perch\u00e9 acquistiamo azioni in eccedenza da societ\u00e0 e fallimenti. Potete trovare maggiori informazioni sul nostro modello di business <a href=\"\/?page_id=7959\" target=\"_blank\" rel=\"noopener\" data-schema-attribute=\"\">qui.<\/a><\/p>\n<\/div><\/div><\/div><div class=\"wpb_column hcode-column-container vc_col-sm-2 col-xs-mobile-fullwidth\" data-front-class=\"col-xs-mobile-fullwidth\"><div class=\"vc-column-innner-wrapper\"><\/div><\/div><\/div><\/div><\/section><section class=\" vc_custom_1608224871152\"><div class=\"container\"><div class=\"row\"><div class=\"wpb_column hcode-column-container  vc_custom_1576186422217 vc_col-sm-4 col-xs-mobile-fullwidth\" data-front-class=\" vc_custom_1576186422217 col-xs-mobile-fullwidth\"><div class=\"vc-column-innner-wrapper\"><h4 style=\"text-align: center;\"><strong>Microsoft Windows SQL Server 2019<br \/>\n<\/strong><\/h4>\n[vc_single_image image=\"15714\" img_size=\"medium\" alignment=\"center\" onclick=\"custom_link\" link=\"https:\/\/www.software-reuse.eu\/software-kaufen\/windows-server-2019-lizenz-gebraucht-kaufen\/\"]<\/div><\/div><div class=\"wpb_column hcode-column-container vc_col-sm-4 col-xs-mobile-fullwidth\" data-front-class=\"col-xs-mobile-fullwidth\"><div class=\"vc-column-innner-wrapper\"><h4 style=\"text-align: center;\"><strong>Microsoft Windows SQL Server 2017<\/strong><\/h4>\n[vc_single_image image=\"15720\" img_size=\"medium\" alignment=\"center\" onclick=\"custom_link\" link=\"https:\/\/www.software-reuse.eu\/software-kaufen\/windows-server-2016-lizenz-gebraucht-kaufen\/\"]<\/div><\/div><div class=\"wpb_column hcode-column-container vc_col-sm-4 col-xs-mobile-fullwidth\" data-front-class=\"col-xs-mobile-fullwidth\"><div class=\"vc-column-innner-wrapper\"><h4 style=\"text-align: center;\"><strong>Microsoft Windows SQL Server 2016<br \/>\n<\/strong><\/h4>\n[vc_single_image image=\"12350\" img_size=\"medium\" alignment=\"center\" onclick=\"custom_link\" link=\"https:\/\/www.software-reuse.eu\/it\/software-kaufen\/windows-server-2012-r2\/\"]<\/div><\/div><\/div><\/div><\/section><section class=\" vc_custom_1608224904339\"><div class=\"container\"><div class=\"row\"><div class=\"wpb_column hcode-column-container  vc_custom_1576186422217 vc_col-sm-2 col-xs-mobile-fullwidth\" data-front-class=\" vc_custom_1576186422217 col-xs-mobile-fullwidth\"><div class=\"vc-column-innner-wrapper\"><\/div><\/div><div class=\"wpb_column hcode-column-container vc_col-sm-8 col-xs-mobile-fullwidth\" data-front-class=\"col-xs-mobile-fullwidth\"><div class=\"vc-column-innner-wrapper\">[vc_empty_space height=\"24px\"]<h3>Miglioramenti delle funzionalit\u00e0 per versione del server<\/h3>\n<p>Ogni nuova versione di Microsoft SQL Server porta con s\u00e9 numerose novit\u00e0. Nelle pagine dei nostri prodotti troverete importanti informazioni sulle licenze e sulle caratteristiche dell'acquisto di licenze usate:<\/p>\n<ul>\n<li><a href=\"https:\/\/www.software-reuse.eu\/software-kaufen\/microsoft-sql-server-2019-lange-version\/\">SQL Server 2019<\/a><\/li>\n<li><a href=\"\/?p=41039\">SQL Server 2017<\/a><\/li>\n<li><a href=\"\/?p=8397\">SQL Server 2016<\/a><\/li>\n<\/ul>\n<\/div><\/div><div class=\"wpb_column hcode-column-container vc_col-sm-2 col-xs-mobile-fullwidth\" data-front-class=\"col-xs-mobile-fullwidth\"><div class=\"vc-column-innner-wrapper\"><\/div><\/div><\/div><\/div><\/section><section class=\" vc_custom_1608224904339\"><div class=\"container\"><div class=\"row\"><div class=\"wpb_column hcode-column-container  vc_custom_1576186422217 vc_col-sm-2 col-xs-mobile-fullwidth\" data-front-class=\" vc_custom_1576186422217 col-xs-mobile-fullwidth\"><div class=\"vc-column-innner-wrapper\"><\/div><\/div><div class=\"wpb_column hcode-column-container vc_col-sm-8 col-xs-mobile-fullwidth\" data-front-class=\"col-xs-mobile-fullwidth\"><div class=\"vc-column-innner-wrapper\">[vc_empty_space height=\"24px\"]<h3>Acquisto di licenze Microsoft Server usate vs. licenze nuove con Software Assurance<\/h3>\n<p>Se si acquista un software Microsoft con la cosiddetta \"Software Assurance\", di solito si ricevono entro 3 anni tutte le versioni aggiornate che compaiono in questo periodo. Per questo, di solito si paga quasi il doppio del prezzo del nuovo e si ricevono in totale due release, a seconda del ciclo di aggiornamento.<\/p>\n<p>Se si acquistano licenze Microsoft Server usate, invece, si paga molto meno del prezzo del nuovo, non ci sono costi annuali di garanzia del software e non si \u00e8 costretti a installare una nuova versione che potrebbe comunque non rientrare nel ciclo di aggiornamento interno dell'azienda.<\/p>\n<\/div><\/div><div class=\"wpb_column hcode-column-container vc_col-sm-2 col-xs-mobile-fullwidth\" data-front-class=\"col-xs-mobile-fullwidth\"><div class=\"vc-column-innner-wrapper\"><\/div><\/div><\/div><\/div><\/section><section class=\" vc_custom_1631274373145\"><div class=\"container\"><div class=\"row\"><div class=\"wpb_column hcode-column-container vc_col-sm-12 col-xs-mobile-fullwidth\" data-front-class=\"col-xs-mobile-fullwidth\"><div class=\"vc-column-innner-wrapper\"><div class=\"padding-three-bottom sm-padding-three-bottom xs-padding-three-tb\"><h2 style=\"text-align: center;\">Software ReUse - Dicono di noi<\/h2>\n<\/div>[vc_raw_html]W2xvZ29zaG93Y2FzZSBjYXRfaWQ9IjI2IiBkb3RzPSJmYWxzZSJd[\/vc_raw_html]<\/div><\/div><\/div><\/div><\/section><section class=\" vc_custom_1608224904339\"><div class=\"container\"><div class=\"row\"><div class=\"wpb_column hcode-column-container  vc_custom_1576186422217 vc_col-sm-2 col-xs-mobile-fullwidth\" data-front-class=\" vc_custom_1576186422217 col-xs-mobile-fullwidth\"><div class=\"vc-column-innner-wrapper\"><\/div><\/div><div class=\"wpb_column hcode-column-container vc_col-sm-8 col-xs-mobile-fullwidth\" data-front-class=\"col-xs-mobile-fullwidth\"><div class=\"vc-column-innner-wrapper\">[vc_empty_space height=\"24px\"]<h3>Supporto esteso delle licenze Microsoft Server<\/h3>\n<p>Come per Microsoft Office e altri prodotti, Microsoft garantisce un supporto esteso per le licenze di SQL Server per 10 anni dal rilascio. In alcuni casi, la durata \u00e8 addirittura estesa. Se non avete bisogno delle ultime funzionalit\u00e0, l'uso delle versioni precedenti \u00e8 sicuro e significativamente pi\u00f9 economico rispetto alla versione pi\u00f9 recente.<\/p>\n<\/div><\/div><div class=\"wpb_column hcode-column-container vc_col-sm-2 col-xs-mobile-fullwidth\" data-front-class=\"col-xs-mobile-fullwidth\"><div class=\"vc-column-innner-wrapper\"><\/div><\/div><\/div><\/div><\/section><section class=\" vc_custom_1607951484884\"><div class=\"container\"><div class=\"row\"><div class=\"wpb_column hcode-column-container  vc_custom_1576186422217 vc_col-sm-2 col-xs-mobile-fullwidth\" data-front-class=\" vc_custom_1576186422217 col-xs-mobile-fullwidth\"><div class=\"vc-column-innner-wrapper\"><\/div><\/div><div class=\"wpb_column hcode-column-container vc_col-sm-8 col-xs-mobile-fullwidth\" data-front-class=\"col-xs-mobile-fullwidth\"><div class=\"vc-column-innner-wrapper\"><h3>Prezzo di acquisto: le licenze usate sono significativamente pi\u00f9 economiche<\/h3>\n<p>A seconda dell'et\u00e0 della release, \u00e8 possibile acquistare fino al 75% di sconto sul prezzo nuovo. Il software non invecchia e l'utente ha gli stessi diritti di un acquisto nuovo.<\/p>\n<p>Speriamo di essere riusciti a fornirvi una buona panoramica delle diverse versioni del server. Maggiori dettagli sono disponibili nelle rispettive pagine dei prodotti per le seguenti versioni di Microsoft SQL Server:<\/p>\n<ul>\n<li><a href=\"https:\/\/www.software-reuse.eu\/software-kaufen\/microsoft-sql-server-2019-lange-version\/\">SQL Server 2019<\/a><\/li>\n<li><a href=\"\/?p=41039\">SQL Server 2017<\/a><\/li>\n<li><a href=\"\/?p=8397\">SQL Server 2016<\/a><\/li>\n<\/ul>\n<\/div><\/div><div class=\"wpb_column hcode-column-container vc_col-sm-2 col-xs-mobile-fullwidth\" data-front-class=\"col-xs-mobile-fullwidth\"><div class=\"vc-column-innner-wrapper\"><\/div><\/div><\/div><\/div><\/section><section class=\" vc_custom_1607951096878\"><div class=\"container\"><div class=\"row\"><div class=\"wpb_column hcode-column-container  vc_custom_1576186422217 vc_col-sm-12 col-xs-mobile-fullwidth\" data-front-class=\" vc_custom_1576186422217 col-xs-mobile-fullwidth\"><div class=\"vc-column-innner-wrapper\"><h2 style=\"text-align: center;\">100% conforme alla normativa UE: acquistate software usato presso Software ReUse!<\/h2>\n<p style=\"text-align: center;\">Se avete domande di carattere legale, potete trovare ulteriori informazioni <a href=\"\/?page_id=8080\">Informationen \u00fcber den EU rechtskonformen Lizenztransfer.<\/a><\/p>\n<p style=\"text-align: center;\">Il team di Software ReUse sar\u00e0 lieto di consigliarvi personalmente!<br \/>\nTel: +43 1 997 27 87-10<\/p>\n<\/div><\/div><\/div><\/div><\/section><section><div class=\"container\"><div class=\"row\"><div class=\"wpb_column hcode-column-container vc_col-sm-2 col-xs-mobile-fullwidth\" data-front-class=\"col-xs-mobile-fullwidth\"><div class=\"vc-column-innner-wrapper\"><\/div><\/div><div class=\"wpb_column hcode-column-container vc_col-sm-8 col-xs-mobile-fullwidth\" data-front-class=\"col-xs-mobile-fullwidth\"><div class=\"vc-column-innner-wrapper\"><h2 style=\"text-align: center;\">Volete acquistare o vendere licenze Microsoft SQL Server?<br \/>\nInviateci una richiesta senza impegno!<\/h2>\n[vc_empty_space height=\"24px\"][vc_btn title=\"Offriamo volentieri una consulenza\" shape=\"square\" align=\"center\" link=\"url:https%3A%2F%2Fwww.software-reuse.eu%2Fit%2Fcontatti%2F|\" el_class=\"primary-button\"]<\/div><\/div><div class=\"wpb_column hcode-column-container vc_col-sm-2 col-xs-mobile-fullwidth\" data-front-class=\"col-xs-mobile-fullwidth\"><div class=\"vc-column-innner-wrapper\"><\/div><\/div><\/div><\/div><\/section>","protected":false},"excerpt":{"rendered":"<p>[vc_single_image image=&#8221;15987&#8243; img_size=&#8221;full&#8221; alignment=&#8221;center&#8221;]Acquista licenze Microsoft SQL Server usate Press Software ReUse \u00e8 gi\u00e0 possibile acquistare le ultimate license di Microsoft Server come software usato. Questo perch\u00e9 acquistiamo azioni in eccedenza da societ\u00e0 e fallimenti. Potete trovare maggiori informazioni sul nostro modello di business qui. Microsoft Windows SQL Server 2019 [vc_single_image image=&#8221;15714&#8243; img_size=&#8221;medium&#8221; alignment=&#8221;center&#8221; onclick=&#8221;custom_link&#8221; [&hellip;]<\/p>\n","protected":false},"author":22,"featured_media":14499,"parent":0,"menu_order":0,"comment_status":"closed","ping_status":"closed","template":"","meta":{"inline_featured_image":false,"footnotes":""},"class_list":["post-41280","page","type-page","status-publish","has-post-thumbnail","hentry"],"_links":{"self":[{"href":"https:\/\/www.software-reuse.eu\/it\/wp-json\/wp\/v2\/pages\/41280","targetHints":{"allow":["GET"]}}],"collection":[{"href":"https:\/\/www.software-reuse.eu\/it\/wp-json\/wp\/v2\/pages"}],"about":[{"href":"https:\/\/www.software-reuse.eu\/it\/wp-json\/wp\/v2\/types\/page"}],"author":[{"embeddable":true,"href":"https:\/\/www.software-reuse.eu\/it\/wp-json\/wp\/v2\/users\/22"}],"replies":[{"embeddable":true,"href":"https:\/\/www.software-reuse.eu\/it\/wp-json\/wp\/v2\/comments?post=41280"}],"version-history":[{"count":0,"href":"https:\/\/www.software-reuse.eu\/it\/wp-json\/wp\/v2\/pages\/41280\/revisions"}],"wp:featuredmedia":[{"embeddable":true,"href":"https:\/\/www.software-reuse.eu\/it\/wp-json\/wp\/v2\/media\/14499"}],"wp:attachment":[{"href":"https:\/\/www.software-reuse.eu\/it\/wp-json\/wp\/v2\/media?parent=41280"}],"curies":[{"name":"wp","href":"https:\/\/api.w.org\/{rel}","templated":true}]}}