{"id":41298,"date":"2023-02-07T13:35:29","date_gmt":"2023-02-07T12:35:29","guid":{"rendered":"https:\/\/swr1.wpenginepowered.com\/windows-server-lizenzen-gebraucht-kaufen\/"},"modified":"2023-03-01T12:23:41","modified_gmt":"2023-03-01T11:23:41","slug":"windows-server-lizenzen-acquistare","status":"publish","type":"page","link":"https:\/\/www.software-reuse.eu\/it\/acquista-licenze-windows-server-usate\/","title":{"rendered":"Acquista licenze Windows Server usate"},"content":{"rendered":"<section class=\" vc_custom_1607951484884\"><div class=\"container\"><div class=\"row\"><div class=\"wpb_column hcode-column-container  vc_custom_1576186422217 vc_col-sm-12 col-xs-mobile-fullwidth\" data-front-class=\" vc_custom_1576186422217 col-xs-mobile-fullwidth\"><div class=\"vc-column-innner-wrapper\">[vc_single_image image=\"14499\" img_size=\"full\" alignment=\"center\"]<\/div><\/div><\/div><\/div><\/section><section class=\" vc_custom_1608224915757\"><div class=\"container\"><div class=\"row\"><div class=\"wpb_column hcode-column-container  vc_custom_1576186422217 vc_col-sm-2 col-xs-mobile-fullwidth\" data-front-class=\" vc_custom_1576186422217 col-xs-mobile-fullwidth\"><div class=\"vc-column-innner-wrapper\"><\/div><\/div><div class=\"wpb_column hcode-column-container vc_col-sm-8 col-xs-mobile-fullwidth\" data-front-class=\"col-xs-mobile-fullwidth\"><div class=\"vc-column-innner-wrapper\"><div class=\"padding-three-bottom sm-padding-three-bottom xs-padding-three-tb\"><h1>Acquista licenze Microsoft Windows Server usate<\/h1>\n<p>Qui elenchiamo i punti pi\u00f9 importanti che devi considerare quando acquisti licenze Microsoft Windows Server.<\/p>\n<\/div><div class=\"padding-three-bottom sm-padding-three-bottom xs-padding-three-tb\"><h2>Elenco di controllo dei fattori decisionali:<\/h2>\n<ul>\n<li>Ottieni una panoramica delle licenze di Windows Server che puoi acquistare utilizzate da Software ReUse<\/li>\n<li>Acquisisci familiarit\u00e0 con i miglioramenti delle funzionalit\u00e0 per suite per ufficio<\/li>\n<li>Verifica la compatibilit\u00e0 di Office con le versioni di Windows e Server<\/li>\n<li>Assicurati di utilizzare il terminal server: quali licenze di acquisto sono adatte?<\/li>\n<li>Controlla quale tipo di licenza \u00e8 adatto alla tua azienda: PKC o contratti multilicenza?<\/li>\n<li>Confronta l'acquisto di licenze Windows Server usate rispetto a nuove licenze con Software Assurance<\/li>\n<li>Controlla il periodo di supporto<\/li>\n<li>Confronta il prezzo di acquisto: le licenze usate sono notevolmente pi\u00f9 economiche<\/li>\n<\/ul>\n<\/div>[vc_empty_space height=\"24px\"]<div class=\"padding-three-bottom sm-padding-three-bottom xs-padding-three-tb\"><h3>Licenze di Microsoft Windows Server che puoi acquistare utilizzate su Software ReUse<\/h3>\n<p>Su Software ReUse puoi gi\u00e0 acquistare le ultime licenze di Microsoft Windows Server come software usato. Questo perch\u00e9 stiamo acquistando scorte in eccesso da societ\u00e0 e fallimenti. Puoi trovare ulteriori informazioni sul nostro modello di business <a href=\"\/?page_id=7959\" target=\"_blank\" rel=\"noopener\" data-schema-attribute=\"\">qui.<\/a><\/p>\n<\/div><\/div><\/div><div class=\"wpb_column hcode-column-container vc_col-sm-2 col-xs-mobile-fullwidth\" data-front-class=\"col-xs-mobile-fullwidth\"><div class=\"vc-column-innner-wrapper\"><\/div><\/div><\/div><\/div><\/section><section class=\" vc_custom_1608224871152\"><div class=\"container\"><div class=\"row\"><div class=\"wpb_column hcode-column-container  vc_custom_1576186422217 vc_col-sm-4 col-xs-mobile-fullwidth\" data-front-class=\" vc_custom_1576186422217 col-xs-mobile-fullwidth\"><div class=\"vc-column-innner-wrapper\"><h4 style=\"text-align: center;\"><strong>Microsoft Windows Server Standard 2019<\/strong><\/h4>\n[vc_single_image image=\"13415\" img_size=\"medium\" alignment=\"center\" onclick=\"custom_link\" link=\"https:\/\/www.software-reuse.eu\/software-kaufen\/windows-server-2019-lizenz-gebraucht-kaufen\/\"]<\/div><\/div><div class=\"wpb_column hcode-column-container vc_col-sm-4 col-xs-mobile-fullwidth\" data-front-class=\"col-xs-mobile-fullwidth\"><div class=\"vc-column-innner-wrapper\"><h4 style=\"text-align: center;\"><strong>Microsoft Windows Server Standard 2016<\/strong><\/h4>\n[vc_single_image image=\"13421\" img_size=\"medium\" alignment=\"center\" onclick=\"custom_link\" link=\"https:\/\/www.software-reuse.eu\/software-kaufen\/windows-server-2016-lizenz-gebraucht-kaufen\/\"]<\/div><\/div><div class=\"wpb_column hcode-column-container vc_col-sm-4 col-xs-mobile-fullwidth\" data-front-class=\"col-xs-mobile-fullwidth\"><div class=\"vc-column-innner-wrapper\"><h4 style=\"text-align: center;\"><strong>Microsoft Windows Server Standard 2012 R2<br \/>\n<\/strong><\/h4>\n[vc_single_image image=\"12276\" img_size=\"medium\" alignment=\"center\" onclick=\"custom_link\" link=\"https:\/\/www.software-reuse.eu\/it\/acquista-software\/windows-server-2012-r2\/\"]<\/div><\/div><\/div><\/div><\/section><section class=\" vc_custom_1608224904339\"><div class=\"container\"><div class=\"row\"><div class=\"wpb_column hcode-column-container  vc_custom_1576186422217 vc_col-sm-2 col-xs-mobile-fullwidth\" data-front-class=\" vc_custom_1576186422217 col-xs-mobile-fullwidth\"><div class=\"vc-column-innner-wrapper\"><\/div><\/div><div class=\"wpb_column hcode-column-container vc_col-sm-8 col-xs-mobile-fullwidth\" data-front-class=\"col-xs-mobile-fullwidth\"><div class=\"vc-column-innner-wrapper\">[vc_empty_space height=\"24px\"]<h3>Miglioramenti delle funzionalit\u00e0 per versione del server<\/h3>\n<p>Ogni nuova versione di Windows Server porta con s\u00e9 numerose nuove funzionalit\u00e0. Nelle nostre pagine dei prodotti troverai importanti informazioni sulla licenza e informazioni sulle funzionalit\u00e0 per l'acquisto di <a href=\"\/?p=41026\">Windows Server 2019<\/a>, <a href=\"\/?p=41031\">Windows Server usati 2016 <\/a> e licenze <a href=\"\/?p=8335\">Windows Server 2012 R2<\/a>.<\/p>\n<\/div><\/div><div class=\"wpb_column hcode-column-container vc_col-sm-2 col-xs-mobile-fullwidth\" data-front-class=\"col-xs-mobile-fullwidth\"><div class=\"vc-column-innner-wrapper\"><\/div><\/div><\/div><\/div><\/section><section class=\" vc_custom_1608224904339\"><div class=\"container\"><div class=\"row\"><div class=\"wpb_column hcode-column-container  vc_custom_1576186422217 vc_col-sm-2 col-xs-mobile-fullwidth\" data-front-class=\" vc_custom_1576186422217 col-xs-mobile-fullwidth\"><div class=\"vc-column-innner-wrapper\"><\/div><\/div><div class=\"wpb_column hcode-column-container vc_col-sm-8 col-xs-mobile-fullwidth\" data-front-class=\"col-xs-mobile-fullwidth\"><div class=\"vc-column-innner-wrapper\">[vc_empty_space height=\"24px\"]<h3>Acquista licenze Microsoft Server usate rispetto a nuove licenze con Software Assurance<\/h3>\n<p>Se acquisti software Microsoft con la cosiddetta \"Software Assurance\", di solito riceverai tutte le versioni di aggiornamento che compaiono durante questo periodo entro 3 anni. Di solito paghi quasi il doppio del nuovo prezzo per questo e ricevi un totale di due versioni a seconda del ciclo di aggiornamento.<\/p>\n<p>D'altra parte, se acquisti licenze Microsoft Windows Server usate, paghi molto meno del nuovo prezzo, non ci sono <a href=\"https:\/\/www.microsoft.com\/de-de\/licensing\/licensing- programs\/software-assurance -default.aspx\" target=\"_blank\" rel=\"noopener\">Costi di Software Assurance<\/a> e non sei obbligato a installare una nuova versione che potrebbe comunque non rientrare nel tuo ciclo di aggiornamento interno.<\/p>\n<\/div><\/div><div class=\"wpb_column hcode-column-container vc_col-sm-2 col-xs-mobile-fullwidth\" data-front-class=\"col-xs-mobile-fullwidth\"><div class=\"vc-column-innner-wrapper\"><\/div><\/div><\/div><\/div><\/section><section class=\" vc_custom_1631274373145\"><div class=\"container\"><div class=\"row\"><div class=\"wpb_column hcode-column-container vc_col-sm-12 col-xs-mobile-fullwidth\" data-front-class=\"col-xs-mobile-fullwidth\"><div class=\"vc-column-innner-wrapper\"><div class=\"padding-three-bottom sm-padding-three-bottom xs-padding-three-tb\"><h2 style=\"text-align: center;\">Report sul riutilizzo del software<\/h2>\n<\/div>[vc_raw_html]W2xvZ29zaG93Y2FzZSBjYXRfaWQ9IjI2IiBkb3RzPSJmYWxzZSJd[\/vc_raw_html]<\/div><\/div><\/div><\/div><\/section><section class=\" vc_custom_1608224904339\"><div class=\"container\"><div class=\"row\"><div class=\"wpb_column hcode-column-container  vc_custom_1576186422217 vc_col-sm-2 col-xs-mobile-fullwidth\" data-front-class=\" vc_custom_1576186422217 col-xs-mobile-fullwidth\"><div class=\"vc-column-innner-wrapper\"><\/div><\/div><div class=\"wpb_column hcode-column-container vc_col-sm-8 col-xs-mobile-fullwidth\" data-front-class=\"col-xs-mobile-fullwidth\"><div class=\"vc-column-innner-wrapper\">[vc_empty_space height=\"24px\"]<h3>Quale tipo di licenza \u00e8 adatto alla tua azienda? Licenze a volume, system builder o ROK?<\/h3>\n<p>Esistono diverse forme di distribuzione in Microsoft, comprese le licenze a volume e gli OEM. Senza eccezioni, raccomandiamo l'uso di licenze a volume per le aziende.<\/p>\n<p>Con i contratti multilicenza, Software ReUse ti fornisce un codice MAK e KMS uniforme <a href=\"\/?page_id=8080\">inclusi tutti i documenti necessari per il trasferimento della licenza conforme all'UE<\/a>. Ci\u00f2 consente di risparmiare un notevole sforzo amministrativo e anche in modo significativo rispetto al nuovo prezzo.<\/p>\n<\/div><\/div><div class=\"wpb_column hcode-column-container vc_col-sm-2 col-xs-mobile-fullwidth\" data-front-class=\"col-xs-mobile-fullwidth\"><div class=\"vc-column-innner-wrapper\"><\/div><\/div><\/div><\/div><\/section><section class=\" vc_custom_1608224904339\"><div class=\"container\"><div class=\"row\"><div class=\"wpb_column hcode-column-container  vc_custom_1576186422217 vc_col-sm-2 col-xs-mobile-fullwidth\" data-front-class=\" vc_custom_1576186422217 col-xs-mobile-fullwidth\"><div class=\"vc-column-innner-wrapper\"><\/div><\/div><div class=\"wpb_column hcode-column-container vc_col-sm-8 col-xs-mobile-fullwidth\" data-front-class=\"col-xs-mobile-fullwidth\"><div class=\"vc-column-innner-wrapper\">[vc_empty_space height=\"24px\"]<h3>Supporto esteso delle licenze server Microsoft<\/h3>\n<p>Come con Microsoft Office e altri prodotti, Microsoft garantisce il supporto esteso per le sue licenze server Microsoft per 10 anni dopo il rilascio. A volte questo \u00e8 anche esteso. Se non hai bisogno delle funzionalit\u00e0 pi\u00f9 recenti, l'utilizzo delle versioni precedenti \u00e8 sicuro e significativamente pi\u00f9 economico rispetto all'ultima versione.<\/p>\n<\/div><\/div><div class=\"wpb_column hcode-column-container vc_col-sm-2 col-xs-mobile-fullwidth\" data-front-class=\"col-xs-mobile-fullwidth\"><div class=\"vc-column-innner-wrapper\"><\/div><\/div><\/div><\/div><\/section><section class=\" vc_custom_1607951484884\"><div class=\"container\"><div class=\"row\"><div class=\"wpb_column hcode-column-container  vc_custom_1576186422217 vc_col-sm-12 col-xs-mobile-fullwidth\" data-front-class=\" vc_custom_1576186422217 col-xs-mobile-fullwidth\"><div class=\"vc-column-innner-wrapper\"><p style=\"text-align: center;\">\n<table id=\"tablepress-18\" class=\"tablepress tablepress-id-18\">\n<tbody class=\"row-striping row-hover\">\n<tr class=\"row-1\">\n\t<td class=\"column-1\"><strong>Windows Server-Release<\/strong><\/td><td class=\"column-2\"><strong>Mainstream-Support<\/strong><\/td><td class=\"column-3\"><strong>Erweiterter Support<\/strong><\/td>\n<\/tr>\n<tr class=\"row-2\">\n\t<td class=\"column-1\">Windows Server 2019<\/td><td class=\"column-2\">09.01.2024<\/td><td class=\"column-3\">09.01.2029<\/td>\n<\/tr>\n<tr class=\"row-3\">\n\t<td class=\"column-1\">Windows Server 2016<\/td><td class=\"column-2\">11.01.2022<\/td><td class=\"column-3\">12.01.2027<\/td>\n<\/tr>\n<tr class=\"row-4\">\n\t<td class=\"column-1\">Windows Server 2012 R2<\/td><td class=\"column-2\">19.10.2018<\/td><td class=\"column-3\">10.10.2023<\/td>\n<\/tr>\n<tr class=\"row-5\">\n\t<td class=\"column-1\">Windows Server 2012<\/td><td class=\"column-2\">19.10.2018<\/td><td class=\"column-3\">10.10.2023<\/td>\n<\/tr>\n<tr class=\"row-6\">\n\t<td class=\"column-1\">Windows Server 2008 R2 Service Pack 1<\/td><td class=\"column-2\">13.01.2015<\/td><td class=\"column-3\">14.01.2020<\/td>\n<\/tr>\n<\/tbody>\n<\/table>\n<!-- #tablepress-18 from cache --><\/p>\n<\/div><\/div><\/div><\/div><\/section><section class=\" vc_custom_1607951484884\"><div class=\"container\"><div class=\"row\"><div class=\"wpb_column hcode-column-container  vc_custom_1576186422217 vc_col-sm-2 col-xs-mobile-fullwidth\" data-front-class=\" vc_custom_1576186422217 col-xs-mobile-fullwidth\"><div class=\"vc-column-innner-wrapper\"><\/div><\/div><div class=\"wpb_column hcode-column-container vc_col-sm-8 col-xs-mobile-fullwidth\" data-front-class=\"col-xs-mobile-fullwidth\"><div class=\"vc-column-innner-wrapper\"><h3>Prezzo: le licenze usate sono notevolmente pi\u00f9 economiche<\/h3>\n<p>A seconda dell'et\u00e0 dell'uscita, puoi acquistare fino al 75% di sconto sul nuovo prezzo. Il software non invecchia e hai gli stessi diritti di quando lo hai acquistato nuovo.<\/p>\n<p>Speriamo di essere stati in grado di darti una buona panoramica delle diverse versioni di Windows Server. Ulteriori dettagli sono disponibili nelle rispettive pagine del prodotto per le seguenti versioni di Windows Server:<\/p>\n<ul>\n<li><a href=\"\/?p=41026\" target=\"_blank\" rel=\"noopener\" data-schema-attribute=\"\">Windows Server 2019<\/a><\/li>\n<li><a href=\"\/?p=41031\" target=\"_blank\" rel=\"noopener\" data-schema-attribute=\"\">Windows Server 2016<\/a><\/li>\n<li><a href=\"\/?p=8335\" target=\"_blank\" rel=\"noopener\" data-schema-attribute=\"\">Windows Server 2012 R2<\/a><\/li>\n<\/ul>\n<\/div><\/div><div class=\"wpb_column hcode-column-container vc_col-sm-2 col-xs-mobile-fullwidth\" data-front-class=\"col-xs-mobile-fullwidth\"><div class=\"vc-column-innner-wrapper\"><\/div><\/div><\/div><\/div><\/section><section class=\" vc_custom_1607951096878\"><div class=\"container\"><div class=\"row\"><div class=\"wpb_column hcode-column-container  vc_custom_1576186422217 vc_col-sm-12 col-xs-mobile-fullwidth\" data-front-class=\" vc_custom_1576186422217 col-xs-mobile-fullwidth\"><div class=\"vc-column-innner-wrapper\"><h2 style=\"text-align: center;\">100% conforme all'UE: acquista software usato da Software ReUse!<\/h2>\n<p style=\"text-align: center;\">Se hai domande legali, puoi trovare ulteriori <a href=\"\/?page_id=8080\">informazioni sul trasferimento della licenza legalmente conforme all'UE qui.<\/a>&lt; \/p&gt;<\/p>\n<p style=\"text-align: center;\">Il team Software ReUse sar\u00e0 lieto di consigliarti personalmente!<br \/>\nTelefono: +43 1 997 27 87-10<\/p>\n<\/div><\/div><\/div><\/div><\/section><section><div class=\"container\"><div class=\"row\"><div class=\"wpb_column hcode-column-container vc_col-sm-2 col-xs-mobile-fullwidth\" data-front-class=\"col-xs-mobile-fullwidth\"><div class=\"vc-column-innner-wrapper\"><\/div><\/div><div class=\"wpb_column hcode-column-container vc_col-sm-8 col-xs-mobile-fullwidth\" data-front-class=\"col-xs-mobile-fullwidth\"><div class=\"vc-column-innner-wrapper\"><h2 style=\"text-align: center;\">Vuoi licenze Microsoft Server o le vendi?<br \/>\nInviaci una richiesta non vincolante!<\/h2>\n[vc_empty_space height=\"24px\"][vc_btn title=\"Richiedi una consulenza\" shape=\"square\" align=\"center\" link=\"url:https%3A%2F%2Fwww.software-reuse.eu%2Fit%2Fcontatti%2F|\" el_class=\"primary-button\"]<\/div><\/div><div class=\"wpb_column hcode-column-container vc_col-sm-2 col-xs-mobile-fullwidth\" data-front-class=\"col-xs-mobile-fullwidth\"><div class=\"vc-column-innner-wrapper\"><\/div><\/div><\/div><\/div><\/section>","protected":false},"excerpt":{"rendered":"<p>[vc_single_image image=&#8221;14499&#8243; img_size=&#8221;full&#8221; alignment=&#8221;center&#8221;]Acquista licenze Microsoft Windows Server usate Qui elenchiamo i punti pi\u00f9 importanti che devi considerare quando acquisti licenze Microsoft Windows Server. Elenco di controllo dei fattori decisionali: Ottieni una panoramica delle licenze di Windows Server che puoi acquistare utilizzate da Software ReUse Acquisisci familiarit\u00e0 con i miglioramenti delle funzionalit\u00e0 per suite per [&hellip;]<\/p>\n","protected":false},"author":19,"featured_media":14499,"parent":0,"menu_order":0,"comment_status":"closed","ping_status":"closed","template":"","meta":{"inline_featured_image":false,"footnotes":""},"class_list":["post-41298","page","type-page","status-publish","has-post-thumbnail","hentry"],"_links":{"self":[{"href":"https:\/\/www.software-reuse.eu\/it\/wp-json\/wp\/v2\/pages\/41298","targetHints":{"allow":["GET"]}}],"collection":[{"href":"https:\/\/www.software-reuse.eu\/it\/wp-json\/wp\/v2\/pages"}],"about":[{"href":"https:\/\/www.software-reuse.eu\/it\/wp-json\/wp\/v2\/types\/page"}],"author":[{"embeddable":true,"href":"https:\/\/www.software-reuse.eu\/it\/wp-json\/wp\/v2\/users\/19"}],"replies":[{"embeddable":true,"href":"https:\/\/www.software-reuse.eu\/it\/wp-json\/wp\/v2\/comments?post=41298"}],"version-history":[{"count":0,"href":"https:\/\/www.software-reuse.eu\/it\/wp-json\/wp\/v2\/pages\/41298\/revisions"}],"wp:featuredmedia":[{"embeddable":true,"href":"https:\/\/www.software-reuse.eu\/it\/wp-json\/wp\/v2\/media\/14499"}],"wp:attachment":[{"href":"https:\/\/www.software-reuse.eu\/it\/wp-json\/wp\/v2\/media?parent=41298"}],"curies":[{"name":"wp","href":"https:\/\/api.w.org\/{rel}","templated":true}]}}