{"id":50086,"date":"2023-11-20T12:55:03","date_gmt":"2023-11-20T11:55:03","guid":{"rendered":"https:\/\/swr1.wpenginepowered.com\/?page_id=50086"},"modified":"2024-07-10T14:49:47","modified_gmt":"2024-07-10T12:49:47","slug":"newsletter-reseller","status":"publish","type":"page","link":"https:\/\/www.software-reuse.eu\/it\/newsletter-reseller\/","title":{"rendered":"Newsletter Reseller"},"content":{"rendered":"<section class=\" vc_custom_1700042882684\"><div class=\"container\"><div class=\"row\"><div class=\"wpb_column hcode-column-container  vc_custom_1700041859575 vc_col-sm-12 vc_hidden-xs col-xs-mobile-fullwidth\" data-front-class=\" vc_custom_1700041859575 col-xs-mobile-fullwidth\"><div class=\"vc-column-innner-wrapper\">[vc_single_image image=\"50094\" img_size=\"full\" alignment=\"center\" css=\".vc_custom_1700481386942{margin-top: 0px !important;margin-bottom: 0px !important;border-top-width: 0px !important;border-bottom-width: 0px !important;padding-top: 0px !important;padding-bottom: 0px !important;}\"]<\/div><\/div><\/div><\/div><\/section><section class=\" vc_custom_1699980578449\"><div class=\"container\"><div class=\"row\"><div class=\"wpb_column hcode-column-container  vc_custom_1700041873305 vc_col-sm-12 vc_hidden-lg vc_hidden-md vc_hidden-sm col-xs-mobile-fullwidth\" data-front-class=\" vc_custom_1700041873305 col-xs-mobile-fullwidth\"><div class=\"vc-column-innner-wrapper\">[vc_single_image image=\"49547\" img_size=\"full\" alignment=\"center\" css=\".vc_custom_1700056383712{margin-top: 0px !important;margin-bottom: 0px !important;border-top-width: 0px !important;border-bottom-width: 0px !important;padding-top: 0px !important;padding-bottom: 0px !important;}\"]<\/div><\/div><\/div><\/div><\/section><section class=\" vc_custom_1699980336082\"><div class=\"container\"><div class=\"row\"><div class=\"wpb_column hcode-column-container vc_col-sm-2 col-xs-mobile-fullwidth\" data-front-class=\"col-xs-mobile-fullwidth\"><div class=\"vc-column-innner-wrapper\"><\/div><\/div><div class=\"wpb_column hcode-column-container  vc_custom_1699606660149 vc_col-sm-8 col-xs-mobile-fullwidth\" data-front-class=\" vc_custom_1699606660149 col-xs-mobile-fullwidth\"><div class=\"vc-column-innner-wrapper\">[vc_btn title=\"Scopri ora le offerte!\" shape=\"square\" align=\"center\" css_animation=\"none\" css=\".vc_custom_1700481452734{margin-top: 0px !important;border-top-width: 0px !important;border-bottom-width: 45px !important;padding-top: 0px !important;}\" link=\"url:%23product\" el_class=\"primary-button\"]<p><strong>Affrettati ora - solo fino ad esaurimento scorte<\/strong><br \/>\nSoftware usato ancora una volta a prezzo estremamente ridotto<\/p>\n<p>Benvenuti alla <strong>Black week <\/strong>di Software ReUse - cogliete questa opportunit\u00e0 unica di ottenere software originale a un prezzo estremamente vantaggioso e fate ai vostri clienti un'offerta imbattibile. Vi offriamo software usato, significativamente pi\u00f9 economico del prezzo nuovo, ora ridotto fino al 50%!<\/p>\n<p>Offerte della <strong>Black week<\/strong>: I nostri punti salienti<\/p>\n<p>Approfittate della nostra settimana di promozione sulla gestione dei database: offrite alle aziende uno degli strumenti pi\u00f9 diffusi sul mercato per migliorare le applicazioni di database in termini di prestazioni, sicurezza e scalabilit\u00e0 con le varie <strong>versioni di SQL Server.<\/strong><\/p>\n<p>\u00c8 inoltre possibile ottenere il pacchetto Office pi\u00f9 completo, <strong>Office 2019 Professional Plus<\/strong>, a un prezzo fortemente scontato fino al 27 novembre - la \"versione perpetua\" \u00e8 particolarmente interessante per chi vuole evitare l'abbonamento o l'obbligo del cloud.<\/p>\n<\/div><\/div><\/div><\/div><\/section><section id=\"product\"><div class=\"container\"><div class=\"row\"><div class=\"wpb_column hcode-column-container vc_col-sm-3 col-xs-mobile-fullwidth\" data-front-class=\"col-xs-mobile-fullwidth\"><div class=\"vc-column-innner-wrapper\">[vc_single_image image=\"49442\" img_size=\"full\" alignment=\"center\" onclick=\"custom_link\" link=\"https:\/\/www.software-reuse.eu\/shop\/office\/office-2019-volumenlizenz\/office-professional-plus-2019-lizenz\"]<h2>Office 2019 Professional Plus<\/h2>\n<h3>Oggi a soli 79 \u20ac a licenza<br \/>\n<span style=\"font-size: 16px;\">invece di 119 \u20ac<\/span><\/h3>\n<p>Office 2019 \u00e8 un investimento ideale per promuovere una collaborazione efficiente nelle aziende e aumentare la produttivit\u00e0: con questa suite di Microsoft, i vostri clienti avranno a disposizione tutte le applicazioni pi\u00f9 importanti per il loro business!<\/p>\n[vc_btn title=\"Richiedi ora!\" shape=\"square\" align=\"center\" css_animation=\"none\" link=\"url:mailto%3Ainfo%40software-reuse.eu%3Fsubject%3DOffice%202019%20Professional%20Plus%20f%C3%BCr%20Reseller%26body%3DSehr%20geehrtes%20Team%20von%20Software%20ReUse%2C%20%250A%250Aich%20bin%20Reseller%20und%20m%C3%B6chte%20die%20Black-Friday-Aktion%20nutzen%20und%20ben%C3%B6tige%20%5BAnzahl%5D%20Lizenzen%20von%20Office%202019%20Professional%20Plus.\" el_class=\"primary-button\"]<\/div><\/div><div class=\"wpb_column hcode-column-container  vc_custom_1699606975672 vc_col-sm-3 col-xs-mobile-fullwidth\" data-front-class=\" vc_custom_1699606975672 col-xs-mobile-fullwidth\"><div class=\"vc-column-innner-wrapper\">[vc_single_image image=\"49460\" img_size=\"full\" alignment=\"center\" onclick=\"custom_link\" link=\"https:\/\/www.software-reuse.eu\/shop\/office\/office-2019-volumenlizenz\/office-professional-plus-2019-lizenz\"]<h2>SQL Server 2022 Enterprise 2 Core<\/h2>\n<h3>Oggi a soli 3.999 \u20ac a licenza<br \/>\n<span style=\"font-size: 16px;\">invece di 7.999 \u20ac<\/span><\/h3>\n<p>Con SQL Server 2022 Enterprise, la versione pi\u00f9 potente e completa del noto software di gestione di database relazionali di Microsoft, i vostri clienti hanno a disposizione una piattaforma affidabile e flessibile con cui gestire grandi volumi di dati.<\/p>\n[vc_btn title=\"Richiedi ora!\" shape=\"square\" align=\"center\" css_animation=\"none\" link=\"url:mailto%3Ainfo%40software-reuse.eu%3Fsubject%3DSQL%20Server%202022%20Enterprise%202%20Core%20f%C3%BCr%20Reseller%26body%3DSehr%20geehrtes%20Team%20von%20Software%20ReUse%2C%20%250A%250Aich%20bin%20Reseller%20und%20m%C3%B6chte%20die%20Black-Friday-Aktion%20nutzen%20und%20ben%C3%B6tige%20%5BAnzahl%5D%20Lizenzen%20von%20SQL%20Server%202022%20Enterprise%202%20Core.\" el_class=\"primary-button\"]<\/div><\/div><div class=\"wpb_column hcode-column-container vc_col-sm-3 col-xs-mobile-fullwidth\" data-front-class=\"col-xs-mobile-fullwidth\"><div class=\"vc-column-innner-wrapper\">[vc_single_image image=\"49448\" img_size=\"full\" alignment=\"center\" onclick=\"custom_link\" link=\"https:\/\/www.software-reuse.eu\/shop\/office\/office-2019-volumenlizenz\/office-professional-plus-2019-lizenz\"]<h2>SQL Server 2019 Standard Server\/CAL<\/h2>\n<h3>Oggi a soli 499 \u20ac a licenza<br \/>\n<span style=\"font-size: 16px;\">invece di 799 \u20ac<\/span><\/h3>\n<p>La versione ideale per le piccole e medie imprese per elaborare volumi di dati in modo efficiente e sicuro, ad esempio per l'analisi dei dati dei clienti o delle transazioni, con il supporto di pi\u00f9 istanze su un server e una maggiore protezione contro i guasti.<\/p>\n[vc_btn title=\"Richiedi ora!\" shape=\"square\" align=\"center\" css_animation=\"none\" link=\"url:mailto%3Ainfo%40software-reuse.eu%3Fsubject%3DSQL%20Server%202019%20Standard%20Server%2FCAL%20f%C3%BCr%20Reseller%26body%3DSehr%20geehrtes%20Team%20von%20Software%20ReUse%2C%20%250A%250Aich%20bin%20Reseller%20und%20m%C3%B6chte%20die%20Black-Friday-Aktion%20nutzen%20und%20ben%C3%B6tige%20%5BAnzahl%5D%20Lizenzen%20von%20SQL%20Server%202019%20Standard%20Server%2FCAL.\" el_class=\"primary-button\"]<\/div><\/div><div class=\"wpb_column hcode-column-container vc_col-sm-3 col-xs-mobile-fullwidth\" data-front-class=\"col-xs-mobile-fullwidth\"><div class=\"vc-column-innner-wrapper\">[vc_single_image image=\"49454\" img_size=\"full\" alignment=\"center\" onclick=\"custom_link\" link=\"https:\/\/www.software-reuse.eu\/shop\/office\/office-2019-volumenlizenz\/office-professional-plus-2019-lizenz\"]<h2>SQL Server 2019 User CAL<\/h2>\n<h3>Oggi a soli 79 \u20ac a licenza<br \/>\n<span style=\"font-size: 16px;\">invece di 99 \u20ac<\/span><\/h3>\n<p>Con questa versione, le aziende possono organizzare in modo flessibile l'accesso a SQL Server per un numero qualsiasi di utenti attraverso dispositivi diversi, mantenendo cos\u00ec bassi i costi delle licenze software. Allo stesso tempo, con questa applicazione le aziende garantiscono la massima sicurezza dei dati.<\/p>\n[vc_btn title=\"Richiedi ora!\" shape=\"square\" align=\"center\" css_animation=\"none\" link=\"url:mailto%3Ainfo%40software-reuse.eu%3Fsubject%3DSQL%20Server%202019%20User%20CAL%20f%C3%BCr%20Reseller%26body%3DSehr%20geehrtes%20Team%20von%20Software%20ReUse%2C%20%250A%250Aich%20bin%20Reseller%20und%20m%C3%B6chte%20die%20Black-Friday-Aktion%20nutzen%20und%20ben%C3%B6tige%20%5BAnzahl%5D%20Lizenzen%20von%20SQL%20Server%202019%20User%20CAL.\" el_class=\"primary-button\"]<\/div><\/div><\/div><\/div><\/section><section class=\" vc_custom_1700147765954\"><div class=\"container\"><div class=\"row\"><div class=\"wpb_column hcode-column-container  vc_custom_1581187246887 vc_col-sm-12 col-xs-mobile-fullwidth\" data-front-class=\" vc_custom_1581187246887 col-xs-mobile-fullwidth\"><div class=\"vc-column-innner-wrapper\"><h2 style=\"text-align: center;\"><span class=\"ui-provider ee bko bkp bkq bkr bks bkt bku bkv bkw bkx bky bkz bla blb blc bld ble blf blg blh bli blj blk bll blm bln blo blp blq blr bls blt blu blv\" dir=\"ltr\">Scopri ora tutte le offerte per la Black Week:<\/span><\/h2>\n[vc_btn title=\"Scarica il listino\" shape=\"square\" align=\"center\" css_animation=\"none\" link=\"url:https%3A%2F%2Fwww.software-reuse.eu%2Fwp-content%2Fuploads%2F2023%2F11%2FBlack-Week-Preise-Software-ReUse.xlsx\" el_class=\"primary-button\"]<\/div><\/div><\/div><\/div><\/section><section class=\" vc_custom_1608028326240\"><div class=\"container\"><div class=\"row\"><div class=\"wpb_column hcode-column-container  vc_custom_1581187246887 vc_col-sm-12 col-xs-mobile-fullwidth\" data-front-class=\" vc_custom_1581187246887 col-xs-mobile-fullwidth\"><div class=\"vc-column-innner-wrapper\"><h2 style=\"text-align: center;\">Dicono di Software ReUse<\/h2>\n[vc_raw_html css=\".vc_custom_1608027924156{padding-top: 10px !important;padding-bottom: 20px !important;}\"]JTVCbG9nb3Nob3djYXNlJTIwY2F0X2lkJTNEJTIyMjYlMjIlMjBkb3RzJTNEJTIyZmFsc2UlMjIlNUQ=[\/vc_raw_html]<\/div><\/div><\/div><\/div><\/section><section id=\"contact\"><div class=\"container\"><div class=\"row\"><div class=\"wpb_column hcode-column-container vc_col-sm-12 col-xs-mobile-fullwidth\" data-front-class=\"col-xs-mobile-fullwidth\"><div class=\"vc-column-innner-wrapper\"><h2 style=\"text-align: center;\">Servono altri chiarimenti?<\/h2>\n<p style=\"text-align: center;\">I nostri esperti certificati sono a disposizione per fornirvi una consulenza professionale,<br \/>\nper trovare la soluzione migliore per le vostre esigenze.<\/p>\n<p style=\"text-align: center;\">Chiamateci al numero: <span style=\"color: #006fb7;\"><strong>+43 1 997 27 87-10<\/strong><\/span><br \/>\nOppure scriveteci:<\/p>\n[vc_empty_space height=\"24px\"]<div class=\"hcode-inner-row\"><div class=\"wpb_column hcode-column-container vc_col-sm-6 col-xs-mobile-fullwidth\" data-front-class=\"col-xs-mobile-fullwidth\"><div class=\"vc-column-innner-wrapper\">[vc_single_image image=\"10681\" img_size=\"full\"]<\/div><\/div><div class=\"wpb_column hcode-column-container vc_col-sm-6 col-xs-mobile-fullwidth\" data-front-class=\"col-xs-mobile-fullwidth\"><div class=\"vc-column-innner-wrapper\">\n<div class=\"wpcf7 no-js\" id=\"wpcf7-f9029-o1\" lang=\"it-IT\" dir=\"ltr\" data-wpcf7-id=\"9029\">\n<div class=\"screen-reader-response\"><p role=\"status\" aria-live=\"polite\" aria-atomic=\"true\"><\/p> <ul><\/ul><\/div>\n<form action=\"\/it\/wp-json\/wp\/v2\/pages\/50086#wpcf7-f9029-o1\" method=\"post\" class=\"wpcf7-form init\" aria-label=\"Modulo di contatto\" novalidate=\"novalidate\" data-status=\"init\">\n<fieldset class=\"hidden-fields-container\"><input type=\"hidden\" name=\"_wpcf7\" value=\"9029\" \/><input type=\"hidden\" name=\"_wpcf7_version\" value=\"6.1.1\" \/><input type=\"hidden\" name=\"_wpcf7_locale\" value=\"it_IT\" \/><input type=\"hidden\" name=\"_wpcf7_unit_tag\" value=\"wpcf7-f9029-o1\" \/><input type=\"hidden\" name=\"_wpcf7_container_post\" value=\"0\" \/><input type=\"hidden\" name=\"_wpcf7_posted_data_hash\" value=\"\" \/>\n<\/fieldset>\n<p><label> Titolo*<br \/>\n<span class=\"wpcf7-form-control-wrap\" data-name=\"menu-159\"><select class=\"wpcf7-form-control wpcf7-select wpcf7-validates-as-required\" aria-required=\"true\" aria-invalid=\"false\" name=\"menu-159\"><option value=\"Sig.\">Sig.<\/option><option value=\"Sig.ra\">Sig.ra<\/option><option value=\"Firma\">Firma<\/option><\/select><\/span><\/label>\n<\/p>\n<p><label> Nome*<br \/>\n<span class=\"wpcf7-form-control-wrap\" data-name=\"your-name\"><input size=\"40\" maxlength=\"400\" class=\"wpcf7-form-control wpcf7-text wpcf7-validates-as-required\" aria-required=\"true\" aria-invalid=\"false\" value=\"\" type=\"text\" name=\"your-name\" \/><\/span> <\/label>\n<\/p>\n<p><label>E-Mail*<br \/>\n<span class=\"wpcf7-form-control-wrap\" data-name=\"your-email\"><input size=\"40\" maxlength=\"400\" class=\"wpcf7-form-control wpcf7-email wpcf7-validates-as-required wpcf7-text wpcf7-validates-as-email\" aria-required=\"true\" aria-invalid=\"false\" value=\"\" type=\"email\" name=\"your-email\" \/><\/span> <\/label>\n<\/p>\n<p><label> Oggetto*<br \/>\n<span class=\"wpcf7-form-control-wrap\" data-name=\"subject\"><select class=\"wpcf7-form-control wpcf7-select wpcf7-validates-as-required\" aria-required=\"true\" aria-invalid=\"false\" name=\"subject\"><option value=\"Domanda sull&#039;acquisto\/vendita\">Domanda sull&#039;acquisto\/vendita<\/option><option value=\"Richieste\/suggerimenti\">Richieste\/suggerimenti<\/option><option value=\"Domande sulla fattura\">Domande sulla fattura<\/option><option value=\"Offerta individuale\">Offerta individuale<\/option><option value=\"Altre domande\">Altre domande<\/option><\/select><\/span> <\/label>\n<\/p>\n<p><label> Richiesta<br \/>\n<span class=\"wpcf7-form-control-wrap\" data-name=\"message\"><textarea cols=\"40\" rows=\"10\" maxlength=\"2000\" class=\"wpcf7-form-control wpcf7-textarea\" aria-invalid=\"false\" name=\"message\"><\/textarea><\/span> <\/label>\n<\/p>\n<div class=\"f-dsgvo\">\n\t<p><span class=\"wpcf7-form-control-wrap\" data-name=\"acceptance-534\"><span class=\"wpcf7-form-control wpcf7-acceptance\"><span class=\"wpcf7-list-item\"><label><input type=\"checkbox\" name=\"acceptance-534\" value=\"1\" aria-invalid=\"false\" \/><span class=\"wpcf7-list-item-label\">Ho letto ed accetto <a href=\"https:\/\/www.software-reuse.eu\/datenschutz\/\" target=\"_blank\">L'informativa sulla privacy<\/a>.<\/span><\/label><\/span><\/span><\/span>\n\t<\/p>\n<\/div>\n<p><input class=\"wpcf7-form-control wpcf7-submit has-spinner btn\" type=\"submit\" value=\"Invia\" \/>\n<\/p>\n<input class=\"wpcf7-form-control wpcf7-hidden\" value=\"\" type=\"hidden\" name=\"gclid\" \/><div class=\"wpcf7-response-output\" aria-hidden=\"true\"><\/div>\n<\/form>\n<\/div>\n\n<\/div><\/div><\/div><\/div><\/div><\/div><\/div><\/section><section><div class=\"container\"><div class=\"row\"><div class=\"wpb_column hcode-column-container vc_col-sm-12 col-xs-mobile-fullwidth\" data-front-class=\"col-xs-mobile-fullwidth\"><div class=\"vc-column-innner-wrapper\"><\/div><\/div><\/div><\/div><\/section>","protected":false},"excerpt":{"rendered":"<p>[vc_single_image image=&#8221;50094&#8243; img_size=&#8221;full&#8221; alignment=&#8221;center&#8221; css=&#8221;.vc_custom_1700481386942{margin-top: 0px !important;margin-bottom: 0px !important;border-top-width: 0px !important;border-bottom-width: 0px !important;padding-top: 0px !important;padding-bottom: 0px !important;}&#8221;][vc_single_image image=&#8221;49547&#8243; img_size=&#8221;full&#8221; alignment=&#8221;center&#8221; css=&#8221;.vc_custom_1700056383712{margin-top: 0px !important;margin-bottom: 0px !important;border-top-width: 0px !important;border-bottom-width: 0px !important;padding-top: 0px !important;padding-bottom: 0px !important;}&#8221;][vc_btn title=&#8221;Scopri ora le offerte!&#8221; shape=&#8221;square&#8221; align=&#8221;center&#8221; css_animation=&#8221;none&#8221; css=&#8221;.vc_custom_1700481452734{margin-top: 0px !important;border-top-width: 0px !important;border-bottom-width: 45px !important;padding-top: 0px !important;}&#8221; link=&#8221;url:%23product&#8221; el_class=&#8221;primary-button&#8221;]Affrettati ora &#8211; solo fino [&hellip;]<\/p>\n","protected":false},"author":2,"featured_media":0,"parent":0,"menu_order":0,"comment_status":"closed","ping_status":"closed","template":"","meta":{"inline_featured_image":false,"footnotes":""},"class_list":["post-50086","page","type-page","status-publish","hentry"],"_links":{"self":[{"href":"https:\/\/www.software-reuse.eu\/it\/wp-json\/wp\/v2\/pages\/50086","targetHints":{"allow":["GET"]}}],"collection":[{"href":"https:\/\/www.software-reuse.eu\/it\/wp-json\/wp\/v2\/pages"}],"about":[{"href":"https:\/\/www.software-reuse.eu\/it\/wp-json\/wp\/v2\/types\/page"}],"author":[{"embeddable":true,"href":"https:\/\/www.software-reuse.eu\/it\/wp-json\/wp\/v2\/users\/2"}],"replies":[{"embeddable":true,"href":"https:\/\/www.software-reuse.eu\/it\/wp-json\/wp\/v2\/comments?post=50086"}],"version-history":[{"count":0,"href":"https:\/\/www.software-reuse.eu\/it\/wp-json\/wp\/v2\/pages\/50086\/revisions"}],"wp:attachment":[{"href":"https:\/\/www.software-reuse.eu\/it\/wp-json\/wp\/v2\/media?parent=50086"}],"curies":[{"name":"wp","href":"https:\/\/api.w.org\/{rel}","templated":true}]}}