{"id":56176,"date":"2026-01-29T13:41:09","date_gmt":"2026-01-29T12:41:09","guid":{"rendered":"https:\/\/www.software-reuse.eu\/vendere-licenze-vmware-lizenzen\/"},"modified":"2026-04-21T11:44:18","modified_gmt":"2026-04-21T09:44:18","slug":"vendere-licenze-vmware-lizenzen","status":"publish","type":"page","link":"https:\/\/www.software-reuse.eu\/it\/vendere-licenze-vmware\/","title":{"rendered":"Vendere licenze VMware"},"content":{"rendered":"<section class=\" vc_custom_1608028489181\"><div class=\"container\"><div class=\"row\"><div class=\"wpb_column hcode-column-container vc_col-sm-12 col-xs-mobile-fullwidth\" data-front-class=\"col-xs-mobile-fullwidth\"><div class=\"vc-column-innner-wrapper\">[vc_single_image image=\"51419\" img_size=\"full\" alignment=\"center\"]<\/div><\/div><\/div><\/div><\/section><section><div class=\"container\"><div class=\"row\"><div class=\"wpb_column hcode-column-container vc_col-sm-2 col-xs-mobile-fullwidth\" data-front-class=\"col-xs-mobile-fullwidth\"><div class=\"vc-column-innner-wrapper\"><\/div><\/div><div class=\"wpb_column hcode-column-container text-center vc_col-sm-8 col-xs-mobile-fullwidth\" data-front-class=\"text-center col-xs-mobile-fullwidth\"><div class=\"vc-column-innner-wrapper\"><div style=\"text-align: center;\">\n<h1 style=\"text-align: center;\">Vuoi vendere le tue licenze VMware?<\/h1>\n<p>Non sei contento del nuovo modello di licenza di VMWare che \u00e8 in vigore da quando Broadcom ha preso il controllo?<\/p>\n<p>Esiste una soluzione ideale! Finanziate la migrazione verso un altro fornitore di software di virtualizzazione vendendoci le vostre licenze VMWare che non vi servono pi\u00f9!<br \/>\nCogliete l'occasione: vendete le vostre licenze VMware finch\u00e9 hanno ancora un alto valore di mercato!<\/p>\n<\/div>\n[vc_btn title=\"Richiedi subito un preventivo\" shape=\"square\" css_animation=\"none\" link=\"url:%23contact|\" el_class=\"primary-button\"]<\/div><\/div><div class=\"wpb_column hcode-column-container vc_col-sm-2 col-xs-mobile-fullwidth\" data-front-class=\"col-xs-mobile-fullwidth\"><div class=\"vc-column-innner-wrapper\"><\/div><\/div><\/div><\/div><\/section><section><div class=\"container\"><div class=\"row\"><div class=\"wpb_column hcode-column-container text-center vc_col-sm-6 col-xs-mobile-fullwidth\" data-front-class=\"text-center col-xs-mobile-fullwidth\"><div class=\"vc-column-innner-wrapper\"><h2 style=\"text-align: left;\">Attualmente stiamo cercando i seguenti programmi di VMWare:<\/h2>\n<ul style=\"text-align: left;\">\n<li>VMWare vSphere <a href=\"https:\/\/www.software-reuse.eu\/it\/software-kaufen\/acquistare-vsphere-enterprise-plus-7-usato\/\">Enterprise Plus 7<\/a>, 8 e versioni successive<\/li>\n<li>VMWare vCenter Standard 7, 8 e versioni successive<\/li>\n<\/ul>\n<p style=\"text-align: left;\">Altre licenze come vSAN ecc. possono essere valutate anche in base alla situazione del mercato.<\/p>\n<p style=\"text-align: left;\">Calcoliamo subito il valore delle vostre licenze! Vi invieremo immediatamente un'offerta.<\/p>\n<\/div><\/div><div class=\"wpb_column hcode-column-container vc_col-sm-6 col-xs-mobile-fullwidth\" data-front-class=\"col-xs-mobile-fullwidth\"><div class=\"vc-column-innner-wrapper\"><h2>Se desiderate vendere licenze VMware, sono validi i seguenti requisiti:<\/h2>\n<ul>\n<li>Le licenze a volume e le licenze OEM devono essere licenze commerciali o governative acquistate nell'UE o nel SEE.<\/li>\n<li>\u00c8 necessario firmare una dichiarazione di disinstallazione che confermi che le licenze non sono pi\u00f9 in uso.<\/li>\n<li>L'ultima rata del contratto di manutenzione dovrebbe essere gi\u00e0 stata pagata.<\/li>\n<\/ul>\n<\/div><\/div><\/div><\/div><\/section><section><div class=\"container\"><div class=\"row\"><div class=\"wpb_column hcode-column-container vc_col-sm-12 col-xs-mobile-fullwidth\" data-front-class=\"col-xs-mobile-fullwidth\"><div class=\"vc-column-innner-wrapper\"><div class=\"margin-three-bottom\"><h2>Vendita di licenze VMware usate \u2013 Domande e risposte:<\/h2>\n<\/div>[vc_tta_accordion][vc_tta_section title=\"Da quanto tempo Software ReUse acquista e vende licenze VMware?\" tab_id=\"1688375141259-93eecc4b-efb8\"]<p>Gi\u00e0 dal 2016 vendiamo licenze VMware usate ad aziende clienti in Germania, Austria e nel resto dell'Unione Europea<\/p>\n[\/vc_tta_section][vc_tta_section title=\"Come funziona la vendita delle licenze VMware usate?\" tab_id=\"1688375141306-02304608-5e1a\"]<ol>\n<li>Se desiderate vendere le vostre licenze VMware, vi invieremo innanzitutto un'offerta di acquisto.<\/li>\n<li>Se accetti l'offerta di acquisto, stipuleremo un contratto di compravendita.<\/li>\n<li>Parallelamente, verifichiamo i documenti necessari per il trasferimento della licenza in conformit\u00e0 con la normativa UE (contratto di licenza originale con VMware\/Broadcom, screenshot dal portale delle licenze, copie delle fatture).<\/li>\n<li>Una volta completata la verifica (di solito entro pochi giorni lavorativi), provvederemo immediatamente a trasferire il prezzo di acquisto concordato.<\/li>\n<\/ol>\n[\/vc_tta_section][vc_tta_section title=\"Vendita di licenze VMware: come funziona il trasferimento delle licenze?\" tab_id=\"1688375481617-bcf4d109-f4fb\"]<p>Software ReUse garantisce che il trasferimento della licenza sia conforme alla normativa UE:<\/p>\n<ul>\n<li>In qualit\u00e0 di venditore, \u00e8 necessario confermare la cancellazione delle licenze. Tale conferma \u00e8 contenuta nel contratto di acquisto stipulato con Software ReUse.<\/li>\n<li>Software ReUse verifica che siano soddisfatti tutti gli altri requisiti della sentenza della Corte di giustizia europea per la vendita di licenze a volume per un trasferimento (primo acquisto nell'UE\/SEE, il produttore deve aver ricevuto un compenso adeguato,<\/li>\n<li>Ci\u00f2 garantisce un trasferimento sicuro delle licenze, assicurando la conformit\u00e0 legale sia al venditore che al futuro acquirente delle licenze.<\/li>\n<\/ul>\n[\/vc_tta_section][vc_tta_section title=\"\u00c8 legale vendere le nostre licenze VMware?\" tab_id=\"1688375483477-54c68cd6-8434\"]<p>Assolutamente s\u00ec! Poich\u00e9 tutti i requisiti previsti dalla normativa UE sono soddisfatti (conferma della cancellazione delle licenze da parte del primo acquirente, primo acquisto nell'UE\/SEE, compenso adeguato ricevuto dal produttore), le licenze possono essere vendute e utilizzate dal nuovo proprietario.<\/p>\n[\/vc_tta_section][vc_tta_section title=\"Quanto guadagniamo vendendo le nostre licenze VMware?\" tab_id=\"1688375594059-beacc6d1-db77\"]<p>I prezzi dei software usati variano notevolmente a seconda dell'offerta e della domanda. Vi invieremo in breve tempo un'offerta vincolante per le vostre licenze che non vi servono pi\u00f9.<\/p>\n[\/vc_tta_section][\/vc_tta_accordion]<\/div><\/div><\/div><\/div><\/section><section class=\" vc_custom_1688377097074\"><div class=\"container\"><div class=\"row\"><div class=\"wpb_column hcode-column-container vc_col-sm-12 col-xs-mobile-fullwidth\" data-front-class=\"col-xs-mobile-fullwidth\"><div class=\"vc-column-innner-wrapper\"><h2 style=\"text-align: center;\">Semplice, redditizio e conforme alla legge \u2013<\/h2>\n<h2 style=\"text-align: center;\">Acquistiamo le vostre licenze software in modo rapido e semplice!<\/h2>\n<\/div><\/div><\/div><\/div><\/section><section class=\" vc_custom_1688377103107\"><div class=\"container\"><div class=\"row\"><div class=\"wpb_column hcode-column-container vc_col-sm-4 col-xs-mobile-fullwidth\" data-front-class=\"col-xs-mobile-fullwidth\"><div class=\"vc-column-innner-wrapper\">[vc_single_image image=\"11769\" alignment=\"center\"]<h3 style=\"text-align: center;\">Vendere facilmente licenze permanenti<\/h3>\n<p style=\"text-align: center;\">Passando al modello di abbonamento VMware\/Broadcom, potrete compensare i costi correnti vendendo le vostre vecchie licenze.<\/p>\n<\/div><\/div><div class=\"wpb_column hcode-column-container vc_col-sm-4 col-xs-mobile-fullwidth\" data-front-class=\"col-xs-mobile-fullwidth\"><div class=\"vc-column-innner-wrapper\">[vc_single_image image=\"11463\" alignment=\"center\"]<h3 style=\"text-align: center;\">Redditizio<\/h3>\n<p style=\"text-align: center;\">L'importo di acquisto che possiamo offrire per le vostre licenze varia a seconda della situazione di mercato. Richiedete un'offerta: la riceverete entro 24 ore.<\/p>\n<\/div><\/div><div class=\"wpb_column hcode-column-container vc_col-sm-4 col-xs-mobile-fullwidth\" data-front-class=\"col-xs-mobile-fullwidth\"><div class=\"vc-column-innner-wrapper\">[vc_single_image image=\"11453\" alignment=\"center\"]<h3 style=\"text-align: center;\">Conforme alla legge<\/h3>\n<p style=\"text-align: center;\">Dalla sentenza della Corte di giustizia europea del 3 luglio 2012 \u00e8 chiaro che la rivendita di software a tempo indeterminato acquistato nel <a href=\"https:\/\/www.u-s-c.de\/eugh-urteil-gebrauchte-software-lizenzen\/\" target=\"_blank\" rel=\"noopener\">SEE<\/a> \u00e8 legale se il venditore rende inutilizzabile la propria copia.<\/p>\n<\/div><\/div><\/div><\/div><\/section><section><div class=\"container\"><div class=\"row\"><div class=\"wpb_column hcode-column-container  vc_custom_1581187246887 vc_col-sm-12 col-xs-mobile-fullwidth\" data-front-class=\" vc_custom_1581187246887 col-xs-mobile-fullwidth\"><div class=\"vc-column-innner-wrapper\">[vc_raw_html css=\".vc_custom_1608027924156{padding-top: 10px !important;padding-bottom: 20px !important;}\"]W2xvZ29zaG93Y2FzZSBjYXRfaWQ9IjI2IiBkb3RzPSJmYWxzZSJd[\/vc_raw_html]<\/div><\/div><\/div><\/div><\/section><section id=\"contact\"><div class=\"container\"><div class=\"row\"><div class=\"wpb_column hcode-column-container vc_col-sm-12 col-xs-mobile-fullwidth\" data-front-class=\"col-xs-mobile-fullwidth\"><div class=\"vc-column-innner-wrapper\"><h2 style=\"text-align: center;\">Desiderate acquistare software usato? Vi invieremo un'offerta personalizzata!<\/h2>\n[vc_empty_space height=\"24px\"]<div class=\"hcode-inner-row\"><div class=\"wpb_column hcode-column-container vc_col-sm-6 col-xs-mobile-fullwidth\" data-front-class=\"col-xs-mobile-fullwidth\"><div class=\"vc-column-innner-wrapper\">[vc_single_image image=\"10681\" img_size=\"full\"]<\/div><\/div><div class=\"wpb_column hcode-column-container vc_col-sm-6 col-xs-mobile-fullwidth\" data-front-class=\"col-xs-mobile-fullwidth\"><div class=\"vc-column-innner-wrapper\">\n<div class=\"wpcf7 no-js\" id=\"wpcf7-f9030-o1\" lang=\"it-IT\" dir=\"ltr\" data-wpcf7-id=\"9030\">\n<div class=\"screen-reader-response\"><p role=\"status\" aria-live=\"polite\" aria-atomic=\"true\"><\/p> <ul><\/ul><\/div>\n<form action=\"\/it\/wp-json\/wp\/v2\/pages\/56176#wpcf7-f9030-o1\" method=\"post\" class=\"wpcf7-form init\" aria-label=\"Modulo di contatto\" novalidate=\"novalidate\" data-status=\"init\">\n<fieldset class=\"hidden-fields-container\"><input type=\"hidden\" name=\"_wpcf7\" value=\"9030\" \/><input type=\"hidden\" name=\"_wpcf7_version\" value=\"6.1.1\" \/><input type=\"hidden\" name=\"_wpcf7_locale\" value=\"it_IT\" \/><input type=\"hidden\" name=\"_wpcf7_unit_tag\" value=\"wpcf7-f9030-o1\" \/><input type=\"hidden\" name=\"_wpcf7_container_post\" value=\"0\" \/><input type=\"hidden\" name=\"_wpcf7_posted_data_hash\" value=\"\" \/>\n<\/fieldset>\n<h5 class=\"likeh2\"; style=\"text-align:left\">Modulo di richiesta \u2013 Vendita software\n<\/h5>\n<p>Si prega di compilare tutti i campi contrassegnati con *. Grazie.\n<\/p>\n<p>Vorremo vendere le seguenti licenze:*<br \/>\n<small>Indicare le VERSIONI E la QUANTIT\u00c0 per le quali si desidera avere un'offerta (ad es. Office 2010, 2013 ecc.):<\/small>\n<\/p>\n<p><span class=\"wpcf7-form-control-wrap\" data-name=\"Softwareverkaufen\"><textarea cols=\"40\" rows=\"10\" maxlength=\"2000\" class=\"wpcf7-form-control wpcf7-textarea wpcf7-validates-as-required\" aria-required=\"true\" aria-invalid=\"false\" name=\"Softwareverkaufen\"><\/textarea><\/span>\n<\/p>\n<p>Vorremmo acquistare le seguenti licenze (facoltativo):<br \/>\n<small> Inserire la versione e quantit\u00e0.<\/small>\n<\/p>\n<p><span class=\"wpcf7-form-control-wrap\" data-name=\"Softwarekaufen\"><textarea cols=\"40\" rows=\"10\" maxlength=\"2000\" class=\"wpcf7-form-control wpcf7-textarea\" aria-invalid=\"false\" name=\"Softwarekaufen\"><\/textarea><\/span>\n<\/p>\n<p><label> Titolo*<br \/>\n<span class=\"wpcf7-form-control-wrap\" data-name=\"menu-159\"><select class=\"wpcf7-form-control wpcf7-select wpcf7-validates-as-required\" aria-required=\"true\" aria-invalid=\"false\" name=\"menu-159\"><option value=\"Sig\">Sig<\/option><option value=\"Sig.ra\">Sig.ra<\/option><option value=\"Firma\">Firma<\/option><\/select><\/span><\/label>\n<\/p>\n<p><label> Nome*<br \/>\n<span class=\"wpcf7-form-control-wrap\" data-name=\"your-name\"><input size=\"40\" maxlength=\"400\" class=\"wpcf7-form-control wpcf7-text wpcf7-validates-as-required\" aria-required=\"true\" aria-invalid=\"false\" value=\"\" type=\"text\" name=\"your-name\" \/><\/span> <\/label>\n<\/p>\n<p><label> E-Mail*<br \/>\n<span class=\"wpcf7-form-control-wrap\" data-name=\"your-email\"><input size=\"40\" maxlength=\"400\" class=\"wpcf7-form-control wpcf7-email wpcf7-validates-as-required wpcf7-text wpcf7-validates-as-email\" aria-required=\"true\" aria-invalid=\"false\" value=\"\" type=\"email\" name=\"your-email\" \/><\/span> <\/label>\n<\/p>\n<p><label> Telefono*<br \/>\n<span class=\"wpcf7-form-control-wrap\" data-name=\"telefon\"><input size=\"40\" maxlength=\"400\" class=\"wpcf7-form-control wpcf7-tel wpcf7-validates-as-required wpcf7-text wpcf7-validates-as-tel\" aria-required=\"true\" aria-invalid=\"false\" value=\"\" type=\"tel\" name=\"telefon\" \/><\/span> <\/label>\n<\/p>\n<p><label> La vostra richiesta<br \/>\n<span class=\"wpcf7-form-control-wrap\" data-name=\"your-message\"><textarea cols=\"40\" rows=\"10\" maxlength=\"2000\" class=\"wpcf7-form-control wpcf7-textarea\" aria-invalid=\"false\" name=\"your-message\"><\/textarea><\/span> <\/label>\n<\/p>\n<div class=\"f-dsgvo\">\n\t<p><span class=\"wpcf7-form-control-wrap\" data-name=\"acceptance-534\"><span class=\"wpcf7-form-control wpcf7-acceptance\"><span class=\"wpcf7-list-item\"><label><input type=\"checkbox\" name=\"acceptance-534\" value=\"1\" aria-invalid=\"false\" \/><span class=\"wpcf7-list-item-label\">Ho letto ed accetto <a href=\"https:\/\/www.software-reuse.eu\/datenschutz\/\" target=\"_blank\">l'informativa sulla privacy<\/a>.<\/span><\/label><\/span><\/span><\/span>\n\t<\/p>\n<\/div>\n<p><input class=\"wpcf7-form-control wpcf7-submit has-spinner btn\" type=\"submit\" value=\"Invia\" \/>\n<\/p>\n<input class=\"wpcf7-form-control wpcf7-hidden\" value=\"\" type=\"hidden\" name=\"gclid\" \/><div class=\"wpcf7-response-output\" aria-hidden=\"true\"><\/div>\n<\/form>\n<\/div>\n\n<\/div><\/div><\/div><\/div><\/div><\/div><\/div><\/section>","protected":false},"excerpt":{"rendered":"<p>[vc_single_image image=&#8221;51419&#8243; img_size=&#8221;full&#8221; alignment=&#8221;center&#8221;] Vuoi vendere le tue licenze VMware? Non sei contento del nuovo modello di licenza di VMWare che \u00e8 in vigore da quando Broadcom ha preso il controllo? Esiste una soluzione ideale! Finanziate la migrazione verso un altro fornitore di software di virtualizzazione vendendoci le vostre licenze VMWare che non vi servono [&hellip;]<\/p>\n","protected":false},"author":19,"featured_media":51419,"parent":0,"menu_order":0,"comment_status":"closed","ping_status":"closed","template":"","meta":{"inline_featured_image":false,"footnotes":""},"class_list":["post-56176","page","type-page","status-publish","has-post-thumbnail","hentry"],"_links":{"self":[{"href":"https:\/\/www.software-reuse.eu\/it\/wp-json\/wp\/v2\/pages\/56176","targetHints":{"allow":["GET"]}}],"collection":[{"href":"https:\/\/www.software-reuse.eu\/it\/wp-json\/wp\/v2\/pages"}],"about":[{"href":"https:\/\/www.software-reuse.eu\/it\/wp-json\/wp\/v2\/types\/page"}],"author":[{"embeddable":true,"href":"https:\/\/www.software-reuse.eu\/it\/wp-json\/wp\/v2\/users\/19"}],"replies":[{"embeddable":true,"href":"https:\/\/www.software-reuse.eu\/it\/wp-json\/wp\/v2\/comments?post=56176"}],"version-history":[{"count":0,"href":"https:\/\/www.software-reuse.eu\/it\/wp-json\/wp\/v2\/pages\/56176\/revisions"}],"wp:featuredmedia":[{"embeddable":true,"href":"https:\/\/www.software-reuse.eu\/it\/wp-json\/wp\/v2\/media\/51419"}],"wp:attachment":[{"href":"https:\/\/www.software-reuse.eu\/it\/wp-json\/wp\/v2\/media?parent=56176"}],"curies":[{"name":"wp","href":"https:\/\/api.w.org\/{rel}","templated":true}]}}