{"id":56214,"date":"2026-02-10T13:37:08","date_gmt":"2026-02-10T12:37:08","guid":{"rendered":"https:\/\/www.software-reuse.eu\/blog\/le-licenze-vmware-usate-sono-legali\/"},"modified":"2026-02-10T15:52:14","modified_gmt":"2026-02-10T14:52:14","slug":"le-licenze-vmware-usate-sono-legali","status":"publish","type":"page","link":"https:\/\/www.software-reuse.eu\/it\/blog\/le-licenze-vmware-usate-sono-legali\/","title":{"rendered":"Le licenze VMware usate sono legali?"},"content":{"rendered":"<p>\u00c8 davvero possibile acquistare o vendere licenze VMware usate? S\u00ec, la rivendita \u00e8 consentita dalla legge. Spieghiamo cosa devono sapere le aziende al riguardo e perch\u00e9 le licenze perpetue rimangono un&#8217;opzione interessante.  <\/p>\n","protected":false},"excerpt":{"rendered":"<p>\u00c8 davvero possibile acquistare o vendere licenze VMware usate? S\u00ec, la rivendita \u00e8 consentita dalla legge. Spieghiamo cosa devono sapere le aziende al riguardo e perch\u00e9 le licenze perpetue rimangono un&#8217;opzione interessante.  <\/p>\n","protected":false},"author":2,"featured_media":56203,"parent":39755,"menu_order":0,"comment_status":"closed","ping_status":"closed","template":"","meta":{"inline_featured_image":false,"footnotes":""},"class_list":["post-56214","page","type-page","status-publish","has-post-thumbnail","hentry"],"_links":{"self":[{"href":"https:\/\/www.software-reuse.eu\/it\/wp-json\/wp\/v2\/pages\/56214","targetHints":{"allow":["GET"]}}],"collection":[{"href":"https:\/\/www.software-reuse.eu\/it\/wp-json\/wp\/v2\/pages"}],"about":[{"href":"https:\/\/www.software-reuse.eu\/it\/wp-json\/wp\/v2\/types\/page"}],"author":[{"embeddable":true,"href":"https:\/\/www.software-reuse.eu\/it\/wp-json\/wp\/v2\/users\/2"}],"replies":[{"embeddable":true,"href":"https:\/\/www.software-reuse.eu\/it\/wp-json\/wp\/v2\/comments?post=56214"}],"version-history":[{"count":0,"href":"https:\/\/www.software-reuse.eu\/it\/wp-json\/wp\/v2\/pages\/56214\/revisions"}],"up":[{"embeddable":true,"href":"https:\/\/www.software-reuse.eu\/it\/wp-json\/wp\/v2\/pages\/39755"}],"wp:featuredmedia":[{"embeddable":true,"href":"https:\/\/www.software-reuse.eu\/it\/wp-json\/wp\/v2\/media\/56203"}],"wp:attachment":[{"href":"https:\/\/www.software-reuse.eu\/it\/wp-json\/wp\/v2\/media?parent=56214"}],"curies":[{"name":"wp","href":"https:\/\/api.w.org\/{rel}","templated":true}]}}