{"id":7939,"date":"2020-02-18T12:16:33","date_gmt":"2020-02-18T11:16:33","guid":{"rendered":"https:\/\/swr1.wpenginepowered.com\/consulenza-per-le-licenze\/"},"modified":"2026-04-21T11:39:34","modified_gmt":"2026-04-21T09:39:34","slug":"consulenza-per-le-licenze","status":"publish","type":"page","link":"https:\/\/www.software-reuse.eu\/it\/il-nostro-team\/consulenza-per-le-licenze-e-lauditing\/","title":{"rendered":"Consulenza per le licenze e l&#8217;auditing"},"content":{"rendered":"<section class=\" vc_custom_1608230717403 row-equal-height row-content-middle\"><div class=\"container\"><div class=\"row hcode-row-flex\"><div class=\"wpb_column hcode-column-container vc_col-sm-12 col-xs-mobile-fullwidth\" data-front-class=\"col-xs-mobile-fullwidth\"><div class=\"vc-column-innner-wrapper\">[vc_single_image image=\"12160\" img_size=\"full\"]<\/div><\/div><\/div><\/div><\/section><section><div class=\"container\"><div class=\"row\"><div class=\"wpb_column hcode-column-container vc_col-sm-2 col-xs-mobile-fullwidth\" data-front-class=\"col-xs-mobile-fullwidth\"><div class=\"vc-column-innner-wrapper\"><\/div><\/div><div class=\"wpb_column hcode-column-container vc_col-sm-8 col-xs-mobile-fullwidth\" data-front-class=\"col-xs-mobile-fullwidth\"><div class=\"vc-column-innner-wrapper\"><h1 style=\"text-align: center;\">Un produttore di software chiede di verificare le vostre licenze?<\/h1>\n<p>Potrebbe capitare che l'azienda produttrice dei vostri software in uso decida di effettuare un'ispezione per verificare che ne facciate un uso adeguato.<\/p>\n<p>Spesso questi audit avvengono in maniera velata, iniziano come un'innocua conversazione tra uno degli amministratori IT e un rappresentante del produttore di software che poi si rivela essere un ispettore.<\/p>\n<\/div><\/div><div class=\"wpb_column hcode-column-container vc_col-sm-2 col-xs-mobile-fullwidth\" data-front-class=\"col-xs-mobile-fullwidth\"><div class=\"vc-column-innner-wrapper\"><\/div><\/div><\/div><\/div><\/section><section><div class=\"container\"><div class=\"row\"><div class=\"wpb_column hcode-column-container vc_col-sm-6 col-xs-mobile-fullwidth\" data-front-class=\"col-xs-mobile-fullwidth\"><div class=\"vc-column-innner-wrapper\"><h3 style=\"text-align: left;\">In cosa consiste l'audit dei software?<\/h3>\n<p>L'ispezione serve a verificare che l'uso delle licenze sia corretto. Se non avete mai affrontato questo tipo di ispezioni, questo tipo di procedure potrebbero generare una spesa onerosa.<\/p>\n<p>Uno degli scenari che potrebbero presentarsi \u00e8 che la vostra azienda non disponga del numero di licenze adeguato, ci\u00f2 potrebbe significare che stiate utilizzando pi\u00f9 licenze di quelle che avete acquistato.<\/p>\n<p>Allo stesso modo, potrebbe essere vero il contrario, ovvero che la vostra azienda disponga di licenze in eccesso. Entrambi i casi potrebbero portare a sanzioni pecuniarie importanti.<\/p>\n<p>&nbsp;<\/p>\n<p>Nel caso di insufficienza di licenze, si rischiano multe elevate, sia per le licenze successive e sia retroattivamente per il supporto durante il periodo di utilizzo improprio. Anche l'eccesso di licenze pu\u00f2 avere un impatto negativo sul bilancio, perch\u00e9 si rischiano multe dovute alla mancata gestione del numero di licenze lasciate inattive.<\/p>\n<p>Inoltre, durante tutto il periodo in questione, potreste aver pagato per un supporto aggiuntivo del quale non avete mai usufruito.<\/p>\n<\/div><\/div><div class=\"wpb_column hcode-column-container vc_col-sm-6 col-xs-mobile-fullwidth\" data-front-class=\"col-xs-mobile-fullwidth\"><div class=\"vc-column-innner-wrapper\"><h3 style=\"text-align: left;\">Come posso essere sicuro di superare tranquillamente l'ispezione?<\/h3>\n<p>\u00c8 essenziale che il vostro reparto IT sia adeguatamente preparato. Sentitevi liberi di contattarci direttamente per qualsiasi dubbio, vi servir\u00e0 soltanto compilare il modulo sottostante e vi risponderemo tempestivamente.<\/p>\n<p>Il team di Software ReUse sar\u00e0 lieto di aiutarvi a garantire che la vostra azienda sia dotata di licenze conformi ed adeguate!<\/p>\n<\/div><\/div><\/div><\/div><\/section><section><div class=\"container\"><div class=\"row\"><div class=\"wpb_column hcode-column-container vc_col-sm-2 col-xs-mobile-fullwidth\" data-front-class=\"col-xs-mobile-fullwidth\"><div class=\"vc-column-innner-wrapper\"><\/div><\/div><div class=\"wpb_column hcode-column-container vc_col-sm-8 col-xs-mobile-fullwidth\" data-front-class=\"col-xs-mobile-fullwidth\"><div class=\"vc-column-innner-wrapper\"><p>Contattaci senza impegno per eventuali necessit\u00e0 o chiarimenti<\/p>\n\n<div class=\"wpcf7 no-js\" id=\"wpcf7-f54411-o1\" lang=\"it-IT\" dir=\"ltr\" data-wpcf7-id=\"54411\">\n<div class=\"screen-reader-response\"><p role=\"status\" aria-live=\"polite\" aria-atomic=\"true\"><\/p> <ul><\/ul><\/div>\n<form action=\"\/it\/wp-json\/wp\/v2\/pages\/7939#wpcf7-f54411-o1\" method=\"post\" class=\"wpcf7-form init\" aria-label=\"Modulo di contatto\" novalidate=\"novalidate\" data-status=\"init\">\n<fieldset class=\"hidden-fields-container\"><input type=\"hidden\" name=\"_wpcf7\" value=\"54411\" \/><input type=\"hidden\" name=\"_wpcf7_version\" value=\"6.1.1\" \/><input type=\"hidden\" name=\"_wpcf7_locale\" value=\"it_IT\" \/><input type=\"hidden\" name=\"_wpcf7_unit_tag\" value=\"wpcf7-f54411-o1\" \/><input type=\"hidden\" name=\"_wpcf7_container_post\" value=\"0\" \/><input type=\"hidden\" name=\"_wpcf7_posted_data_hash\" value=\"\" \/>\n<\/fieldset>\n<div>\n\t<p><label> Titolo*<br \/>\n<span class=\"wpcf7-form-control-wrap\" data-name=\"salutation\"><select class=\"wpcf7-form-control wpcf7-select wpcf7-validates-as-required\" aria-required=\"true\" aria-invalid=\"false\" name=\"salutation\"><option value=\"Sig.\">Sig.<\/option><option value=\"Sig.ra\">Sig.ra<\/option><option value=\"Azienda\">Azienda<\/option><\/select><\/span><\/label>\n\t<\/p>\n\t<p><label> Nome e Cognome*<br \/>\n<span class=\"wpcf7-form-control-wrap\" data-name=\"your-name\"><input size=\"40\" maxlength=\"400\" class=\"wpcf7-form-control wpcf7-text wpcf7-validates-as-required\" aria-required=\"true\" aria-invalid=\"false\" value=\"\" type=\"text\" name=\"your-name\" \/><\/span> <\/label>\n\t<\/p>\n<\/div>\n<p><label> Ragione sociale<br \/>\n<span class=\"wpcf7-form-control-wrap\" data-name=\"your-company\"><input size=\"40\" maxlength=\"400\" class=\"wpcf7-form-control wpcf7-text\" aria-invalid=\"false\" value=\"\" type=\"text\" name=\"your-company\" \/><\/span> <\/label>\n<\/p>\n<div>\n\t<p><label> Indirizzo e-mail*<br \/>\n<span class=\"wpcf7-form-control-wrap\" data-name=\"your-email\"><input size=\"40\" maxlength=\"400\" class=\"wpcf7-form-control wpcf7-email wpcf7-validates-as-required wpcf7-text wpcf7-validates-as-email\" aria-required=\"true\" aria-invalid=\"false\" value=\"\" type=\"email\" name=\"your-email\" \/><\/span> <\/label>\n\t<\/p>\n\t<p><label>Telefono*<br \/>\n<span class=\"wpcf7-form-control-wrap\" data-name=\"telefon\"><input size=\"40\" maxlength=\"400\" class=\"wpcf7-form-control wpcf7-tel wpcf7-validates-as-required wpcf7-text wpcf7-validates-as-tel\" aria-required=\"true\" aria-invalid=\"false\" value=\"\" type=\"tel\" name=\"telefon\" \/><\/span><\/label>\n\t<\/p>\n<\/div>\n<div>\n\t<p><label> Fatturato<br \/>\n<span class=\"wpcf7-form-control-wrap\" data-name=\"budget\"><select class=\"wpcf7-form-control wpcf7-select\" aria-invalid=\"false\" name=\"budget\"><option value=\"Non specificato\">Non specificato<\/option><option value=\"0-1.000 \u20ac\">0-1.000 \u20ac<\/option><option value=\"1.000-5.000 \u20ac\">1.000-5.000 \u20ac<\/option><option value=\"5.000-10.000 \u20ac\">5.000-10.000 \u20ac<\/option><option value=\"da 10.000 \u20ac\">da 10.000 \u20ac<\/option><\/select><\/span><\/label>\n\t<\/p>\n\t<p><label> Quantit\u00e0<br \/>\n<span class=\"wpcf7-form-control-wrap\" data-name=\"budget\"><select class=\"wpcf7-form-control wpcf7-select\" aria-invalid=\"false\" name=\"budget\"><option value=\"1-10\">1-10<\/option><option value=\"11-50\">11-50<\/option><option value=\"101-1000\">101-1000<\/option><option value=\"1000+\">1000+<\/option><\/select><\/span><\/label>\n\t<\/p>\n<\/div>\n<p><label> Cliente finale\/rivenditore<\/label><br \/>\n<span class=\"wpcf7-form-control-wrap\" data-name=\"kunde\"><span class=\"wpcf7-form-control wpcf7-radio\"><span class=\"wpcf7-list-item first\"><label><input type=\"radio\" name=\"kunde\" value=\"Non specificato\" checked=\"checked\" \/><span class=\"wpcf7-list-item-label\">Non specificato<\/span><\/label><\/span><span class=\"wpcf7-list-item\"><label><input type=\"radio\" name=\"kunde\" value=\"Cliente finale\" \/><span class=\"wpcf7-list-item-label\">Cliente finale<\/span><\/label><\/span><span class=\"wpcf7-list-item last\"><label><input type=\"radio\" name=\"kunde\" value=\"Rivenditore\" \/><span class=\"wpcf7-list-item-label\">Rivenditore<\/span><\/label><\/span><\/span><\/span><br \/>\n<span id=\"wpcf7-69e905d944437-wrapper\" class=\"wpcf7-form-control-wrap honeypot-100-wrap\" style=\"display:none !important; visibility:hidden !important;\"><label for=\"wpcf7-69e905d944437-field\" class=\"hp-message\">Si prega di lasciare vuoto questo campo.<\/label><input id=\"wpcf7-69e905d944437-field\"  class=\"wpcf7-form-control wpcf7-text\" type=\"text\" name=\"honeypot-100\" value=\"\" size=\"40\" tabindex=\"-1\" autocomplete=\"new-password\" \/><\/span><br \/>\n<label> Prodotto<br \/>\n<span class=\"wpcf7-form-control-wrap\" data-name=\"produkte\"><select class=\"wpcf7-form-control wpcf7-select\" aria-invalid=\"false\" name=\"produkte\"><option value=\"Non specificato\">Non specificato<\/option><option value=\"Microsoft Office\">Microsoft Office<\/option><option value=\"Microsoft Windows\">Microsoft Windows<\/option><option value=\"Microsoft SQL Server und CALs\">Microsoft SQL Server und CALs<\/option><option value=\"Microsoft Windows Server und CALs\">Microsoft Windows Server und CALs<\/option><option value=\"Microsoft Exchange Server und CALs\">Microsoft Exchange Server und CALs<\/option><option value=\"Microsoft (altre licenze)\">Microsoft (altre licenze)<\/option><option value=\"Adobe Acrobat\">Adobe Acrobat<\/option><option value=\"Adobe CS6 Programme\">Adobe CS6 Programme<\/option><option value=\"Autodesk-Produkte\">Autodesk-Produkte<\/option><option value=\"VMware\">VMware<\/option><\/select><\/span><\/label>\n<\/p>\n<p><label> Oggetto*<br \/>\n<span class=\"wpcf7-form-control-wrap\" data-name=\"subject\"><select class=\"wpcf7-form-control wpcf7-select wpcf7-validates-as-required\" aria-required=\"true\" aria-invalid=\"false\" name=\"subject\"><option value=\"Consulenza licenze senza impegno\">Consulenza licenze senza impegno<\/option><option value=\"Domande sull&#039;acquisto\/vendita\">Domande sull&#039;acquisto\/vendita<\/option><option value=\"Richieste\/suggerimenti\">Richieste\/suggerimenti<\/option><option value=\"Registrazione come partner (rivenditore)\">Registrazione come partner (rivenditore)<\/option><option value=\"Domande sulle fatture\">Domande sulle fatture<\/option><option value=\"Offerta individuale\">Offerta individuale<\/option><option value=\"Altre richieste\">Altre richieste<\/option><\/select><\/span> <\/label>\n<\/p>\n<p><label> La tua richiesta<br \/>\n<span class=\"wpcf7-form-control-wrap\" data-name=\"message\"><textarea cols=\"40\" rows=\"10\" maxlength=\"2000\" class=\"wpcf7-form-control wpcf7-textarea\" aria-invalid=\"false\" name=\"message\"><\/textarea><\/span> <\/label>\n<\/p>\n<p><label>Come hai saputo di noi?<br \/>\n<span class=\"wpcf7-form-control-wrap\" data-name=\"wie-erfahren\"><input size=\"40\" maxlength=\"400\" class=\"wpcf7-form-control wpcf7-text\" aria-invalid=\"false\" value=\"\" type=\"text\" name=\"wie-erfahren\" \/><\/span><\/label>\n<\/p>\n<p><!-- Mailchimp for WordPress v4.10.7 - https:\/\/www.mc4wp.com\/ --><input type=\"hidden\" name=\"_mc4wp_subscribe_contact-form-7\" value=\"0\" \/><span class=\"mc4wp-checkbox mc4wp-checkbox-contact-form-7 \"><label><input type=\"checkbox\" name=\"_mc4wp_subscribe_contact-form-7\" value=\"1\" ><span>Ich m\u00f6chte den Software ReUse-Newsletter bekommen, um laufend \u00fcber Sonderangebote informiert zu werden. Dies kann jederzeit widerrufen werden. <\/span><\/label><\/span><!-- \/ Mailchimp for WordPress -->\n<\/p>\n<div class=\"f-dsgvo\">\n\t<p><span class=\"wpcf7-form-control-wrap\" data-name=\"acceptance-534\"><span class=\"wpcf7-form-control wpcf7-acceptance\"><span class=\"wpcf7-list-item\"><label><input type=\"checkbox\" name=\"acceptance-534\" value=\"1\" aria-invalid=\"false\" \/><span class=\"wpcf7-list-item-label\">* Ho preso nota dell'<a href=\"https:\/\/www.software-reuse.eu\/datenschutz\/\" target=\"_blank\">informativa sulla privacy<\/a>. Accetto che i miei dati, il cognome, il nome, l'indirizzo e-mail e il mio messaggio siano trattati esclusivamente allo scopo di elaborare e gestire la mia richiesta. Questi dati sono trattati da noi sulla base del tuo consenso in conformit\u00e0 con l'art. 6 comma. 1 a) Il trattamento viene effettuato in base al GDPR.<\/span><\/label><\/span><\/span><\/span>\n\t<\/p>\n<\/div>\n<div class=\"h-captcha\" data-sitekey=\"cd7c840c-b42c-4ae4-80a2-9bca6866534a\" data-size=\"normal\" data-theme=\"light\" data-lang=\"it\"><\/div><span class=\"wpcf7-form-control-wrap cf7apps-hcaptcha\" data-name=\"cf7apps-hcaptcha\"><input type=\"hidden\" name=\"cf7apps-hcaptcha\" value=\"\" class=\"wpcf7-form-control\"><\/span>\n<\/p>\n<p><input class=\"wpcf7-form-control wpcf7-submit has-spinner btn\" type=\"submit\" value=\"Invio\" \/>\n<\/p>\n<input class=\"wpcf7-form-control wpcf7-hidden\" value=\"\" type=\"hidden\" name=\"gclid\" \/><div class=\"wpcf7-response-output\" aria-hidden=\"true\"><\/div>\n<\/form>\n<\/div>\n\n<\/div><\/div><div class=\"wpb_column hcode-column-container vc_col-sm-2 col-xs-mobile-fullwidth\" data-front-class=\"col-xs-mobile-fullwidth\"><div class=\"vc-column-innner-wrapper\"><\/div><\/div><\/div><\/div><\/section>","protected":false},"excerpt":{"rendered":"<p>[vc_single_image image=&#8221;12160&#8243; img_size=&#8221;full&#8221;]Un produttore di software chiede di verificare le vostre licenze? Potrebbe capitare che l&#8217;azienda produttrice dei vostri software in uso decida di effettuare un&#8217;ispezione per verificare che ne facciate un uso adeguato. Spesso questi audit avvengono in maniera velata, iniziano come un&#8217;innocua conversazione tra uno degli amministratori IT e un rappresentante del produttore [&hellip;]<\/p>\n","protected":false},"author":1,"featured_media":0,"parent":7953,"menu_order":0,"comment_status":"closed","ping_status":"closed","template":"","meta":{"inline_featured_image":false,"footnotes":""},"class_list":["post-7939","page","type-page","status-publish","hentry"],"_links":{"self":[{"href":"https:\/\/www.software-reuse.eu\/it\/wp-json\/wp\/v2\/pages\/7939","targetHints":{"allow":["GET"]}}],"collection":[{"href":"https:\/\/www.software-reuse.eu\/it\/wp-json\/wp\/v2\/pages"}],"about":[{"href":"https:\/\/www.software-reuse.eu\/it\/wp-json\/wp\/v2\/types\/page"}],"author":[{"embeddable":true,"href":"https:\/\/www.software-reuse.eu\/it\/wp-json\/wp\/v2\/users\/1"}],"replies":[{"embeddable":true,"href":"https:\/\/www.software-reuse.eu\/it\/wp-json\/wp\/v2\/comments?post=7939"}],"version-history":[{"count":0,"href":"https:\/\/www.software-reuse.eu\/it\/wp-json\/wp\/v2\/pages\/7939\/revisions"}],"up":[{"embeddable":true,"href":"https:\/\/www.software-reuse.eu\/it\/wp-json\/wp\/v2\/pages\/7953"}],"wp:attachment":[{"href":"https:\/\/www.software-reuse.eu\/it\/wp-json\/wp\/v2\/media?parent=7939"}],"curies":[{"name":"wp","href":"https:\/\/api.w.org\/{rel}","templated":true}]}}