{"id":7953,"date":"2020-04-24T13:50:35","date_gmt":"2020-04-24T11:50:35","guid":{"rendered":"https:\/\/swr1.wpenginepowered.com\/?page_id=7953"},"modified":"2025-12-10T14:32:42","modified_gmt":"2025-12-10T13:32:42","slug":"il-nostro-team","status":"publish","type":"page","link":"https:\/\/www.software-reuse.eu\/it\/il-nostro-team\/","title":{"rendered":"Il nostro team"},"content":{"rendered":"<section class=\"slider  vc_custom_1608216774088\"><div class=\"container\"><div class=\"row\"><div class=\"wpb_column hcode-column-container vc_col-sm-12 col-xs-mobile-fullwidth\" data-front-class=\"col-xs-mobile-fullwidth\"><div class=\"vc-column-innner-wrapper\">[rev_slider_vc alias=\"unternehmen-image\"]<\/div><\/div><\/div><\/div><\/section><section class=\"row-equal-height row-content-middle\"><div class=\"container\"><div class=\"row hcode-row-flex\"><div class=\"wpb_column hcode-column-container vc_col-sm-6 col-xs-mobile-fullwidth\" data-front-class=\"col-xs-mobile-fullwidth\"><div class=\"vc-column-innner-wrapper\">[vc_single_image image=\"7998\" img_size=\"full\"]<\/div><\/div><div class=\"wpb_column hcode-column-container vc_col-sm-6 col-xs-mobile-fullwidth\" data-front-class=\"col-xs-mobile-fullwidth\"><div class=\"vc-column-innner-wrapper\"><h2 style=\"text-align: left;\">Software ReUse aiuta la tua azienda a risparmiare denaro in modo intelligente.<\/h2>\n<p>Noi di Software ReUse siamo un team europeo specializzato nel commercio di software usato per le aziende. Il nostro obiettivo \u00e8 acquistare e vendere <strong>Microsoft, Adobe e Autodesk<\/strong>. Ecco come aiutiamo i nostri clienti a risparmiare denaro dal 2011:<\/p>\n<ul>\n<li>Con la <strong>vendita <\/strong>di software usato, poich\u00e9 il software non \u00e8 soggetto ad usura e garantiamo la conformit\u00e0 legale al 100%, non ha senso spendere di pi\u00f9.<\/li>\n<li>Acquistando software usato, ad es. B. quando viene acquistato un nuovo software. Perch\u00e9 buttare via le vecchie versioni? Lo compreremo da te!<\/li>\n<\/ul>\n<p>In questo modo, siamo gi\u00e0 stati in grado di aiutare migliaia di clienti a risparmiare denaro, il che \u00e8 stato confermato anche da innumerevoli recensioni molto soddisfatte su <a href=\"https:\/\/www.trustedshops.de\/bewertung\/info_XC5B0A07301B523083E55E3E2D09E0ED6.html\" target=\"_blank\" rel=\"noopener noreferrer\">Trusted Shops<\/a> conferma. Anche il nostro team \u00e8 responsabile di questo: conoscici meglio e fatti un'idea dei nostri esperti!<\/p>\n[vc_btn title=\"La nostra squadra\" shape=\"square\" link=\"url:https%3A%2F%2Fwww.software-reuse.eu%2Fit%2Fil-nostro-team%2Fil-tuo-team-per-il-software-usato%2F|title:squadra|\" el_class=\"primary-button\"]<\/div><\/div><\/div><\/div><\/section><section class=\"row-equal-height row-content-middle\"><div class=\"container\"><div class=\"row hcode-row-flex\"><div class=\"wpb_column hcode-column-container vc_col-sm-12 col-xs-mobile-fullwidth\" data-front-class=\"col-xs-mobile-fullwidth\"><div class=\"vc-column-innner-wrapper\"><h2 style=\"text-align: center;\">I nostri servizi<\/h2>\n[vc_empty_space height=\"24px\"]<div class=\"hcode-inner-row\"><div class=\"wpb_column hcode-column-container vc_col-sm-6 col-xs-mobile-fullwidth\" data-front-class=\"col-xs-mobile-fullwidth\"><div class=\"vc-column-innner-wrapper\"><h3 style=\"text-align: left;\">Vuoi acquistare software usato?<\/h3>\n<p>Indipendentemente dal fatto che tu stia ristrutturando il tuo IT, fondando una start-up o necessiti di licenze aggiuntive per software per nuovi dipendenti che non sono pi\u00f9 disponibili in commercio (ad es. Office 2016 o 2019), ci sono molte buone ragioni per il software usato. Uno dei pi\u00f9 importanti \u00e8 il <strong>risparmio sui costi<\/strong>. Perch\u00e9 il software non si consuma; quindi perch\u00e9 pagare di pi\u00f9?<br \/>\n<strong>Risparmi fino al 75% - con il 100% di sicurezza legale.<\/strong><\/p>\n<\/div><\/div><div class=\"wpb_column hcode-column-container vc_col-sm-6 col-xs-mobile-fullwidth\" data-front-class=\"col-xs-mobile-fullwidth\"><div class=\"vc-column-innner-wrapper\"><h3 style=\"text-align: left;\">Vuoi vendere software usato?<\/h3>\n<p>Se esegui l'upgrade a una nuova versione del tuo software, devi chiudere la tua azienda o in generale semplicemente decidere su una soluzione software diversa: <strong>Migliora il budget della tua azienda vendendo le licenze software che non ti servono pi\u00f9! <\/strong>Li acquisteremo da te al 100% in conformit\u00e0 con la legge e ridurrai cos\u00ec i costi per le nuove acquisizioni pianificate di software.<\/p>\n<\/div><\/div><\/div><\/div><\/div><\/div><\/div><\/section><section class=\" vc_custom_1608196483026\"><div class=\"container\"><div class=\"row\"><div class=\"wpb_column hcode-column-container vc_col-sm-6 col-xs-mobile-fullwidth\" data-front-class=\"col-xs-mobile-fullwidth\"><div class=\"vc-column-innner-wrapper\"><h2>Consulenza sulle licenze da parte di consulenti certificati Microsoft<\/h2>\n<p>Oltre all'acquisto e alla vendita di licenze software, offriamo una gamma completa di consulenza per piccole e grandi aziende. Ogni azienda ha requisiti diversi a seconda dell'attivit\u00e0, delle dimensioni e delle prospettive: ti aiuteremo a percorrere la strada desiderata nel campo del software. Nella scheda del menu \"<a href=\"\/?page_id=27\">Fatti<\/a>\" troverai molte informazioni utili sulla situazione legale, il trasferimento della licenza e la scelta del software giusto. Nelle nostre <a href=\"\/?page_id=105\">FAQ<\/a> troverai le risposte alle domande pi\u00f9 frequenti. Per tutte le altre preoccupazioni, non esitare a inviarci una <a href=\"\/?page_id=7981\">richiesta di contatto<\/a>!<br \/>\nScarica anche il nostro <strong>\"6 vantaggi del software usato\"<\/strong> di una pagina. E se hai bisogno di consigli sugli audit del software, fai clic sul pulsante!<\/p>\n[vc_btn title=\"6 Vantaggi del software usato\" shape=\"square\" i_icon_fontawesome=\"fas fa-file-download\" add_icon=\"true\" link=\"url:https%3A%2F%2Fwww.software-reuse.eu%2Fit%2Fi-vantaggi-del-software-usato-per-la-vostra-azienda-scarica-ora%2F|title:6%20Vantaggi%20del%20software%20usato|\" el_class=\"primary-button\"][vc_btn title=\"Supporto per le ispezioni\" shape=\"square\" css=\"\" link=\"url:https%3A%2F%2Fwww.software-reuse.eu%2Fit%2Fil-nostro-team%2Fconsulenza-per-le-licenze-e-lauditing%2F|title:Aiutare%20con%20gli%20audit%20del%20software|\" el_class=\"secondary-button\"]<\/div><\/div><div class=\"wpb_column hcode-column-container vc_col-sm-6 col-xs-mobile-fullwidth\" data-front-class=\"col-xs-mobile-fullwidth\"><div class=\"vc-column-innner-wrapper\">[vc_single_image image=\"8031\" img_size=\"medium\" alignment=\"center\" style=\"vc_box_circle\" css=\".vc_custom_1608196463880{padding-bottom: 16px !important;}\"]<p style=\"text-align: center; margin-bottom: 8px;\"><strong>Mag. Stefan Tauchhammer, MBA<\/strong><br \/>\nManager Software ReUse<\/p>\n<\/div><\/div><\/div><\/div><\/section><section><div class=\"container\"><div class=\"row\"><div class=\"wpb_column hcode-column-container vc_col-sm-12 col-xs-mobile-fullwidth\" data-front-class=\"col-xs-mobile-fullwidth\"><div class=\"vc-column-innner-wrapper\"><h2 style=\"text-align: center;\">Alcuni dei nostri clienti soddisfatti<\/h2>\n[vc_empty_space height=\"24px\"][vc_raw_html el_class=\"client-logo-slider\"]W2xvZ29zaG93Y2FzZSBjYXRfaWQ9IjI1IiBhdXRvcGxheT0iZmFsc2UiIGRvdHM9ImZhbHNlIl0=[\/vc_raw_html]<\/div><\/div><\/div><\/div><\/section><section><div class=\"container\"><div class=\"row\"><div class=\"wpb_column hcode-column-container vc_col-sm-2 col-xs-mobile-fullwidth\" data-front-class=\"col-xs-mobile-fullwidth\"><div class=\"vc-column-innner-wrapper\"><\/div><\/div><div class=\"wpb_column hcode-column-container vc_col-sm-8 col-xs-mobile-fullwidth\" data-front-class=\"col-xs-mobile-fullwidth\"><div class=\"vc-column-innner-wrapper\"><h2 style=\"text-align: center;\">Altre domande? Saremo felici di risponderti - scrivici!<\/h2>\n[vc_empty_space height=\"24px\"]\n<div class=\"wpcf7 no-js\" id=\"wpcf7-f54411-o1\" lang=\"it-IT\" dir=\"ltr\" data-wpcf7-id=\"54411\">\n<div class=\"screen-reader-response\"><p role=\"status\" aria-live=\"polite\" aria-atomic=\"true\"><\/p> <ul><\/ul><\/div>\n<form action=\"\/it\/wp-json\/wp\/v2\/pages\/7953#wpcf7-f54411-o1\" method=\"post\" class=\"wpcf7-form init\" aria-label=\"Modulo di contatto\" novalidate=\"novalidate\" data-status=\"init\">\n<fieldset class=\"hidden-fields-container\"><input type=\"hidden\" name=\"_wpcf7\" value=\"54411\" \/><input type=\"hidden\" name=\"_wpcf7_version\" value=\"6.1.1\" \/><input type=\"hidden\" name=\"_wpcf7_locale\" value=\"it_IT\" \/><input type=\"hidden\" name=\"_wpcf7_unit_tag\" value=\"wpcf7-f54411-o1\" \/><input type=\"hidden\" name=\"_wpcf7_container_post\" value=\"0\" \/><input type=\"hidden\" name=\"_wpcf7_posted_data_hash\" value=\"\" \/>\n<\/fieldset>\n<div>\n\t<p><label> Salutazione*<br \/>\n<span class=\"wpcf7-form-control-wrap\" data-name=\"salutation\"><select class=\"wpcf7-form-control wpcf7-select wpcf7-validates-as-required\" aria-required=\"true\" aria-invalid=\"false\" name=\"salutation\"><option value=\"Mr\">Mr<\/option><option value=\"Ms\">Ms<\/option><option value=\"Azienda\">Azienda<\/option><\/select><\/span><\/label>\n\t<\/p>\n\t<p><label> Il tuo nome*<br \/>\n<span class=\"wpcf7-form-control-wrap\" data-name=\"your-name\"><input size=\"40\" maxlength=\"400\" class=\"wpcf7-form-control wpcf7-text wpcf7-validates-as-required\" aria-required=\"true\" aria-invalid=\"false\" value=\"\" type=\"text\" name=\"your-name\" \/><\/span> <\/label>\n\t<\/p>\n<\/div>\n<p><label> Il nome della tua azienda<br \/>\n<span class=\"wpcf7-form-control-wrap\" data-name=\"your-company\"><input size=\"40\" maxlength=\"400\" class=\"wpcf7-form-control wpcf7-text\" aria-invalid=\"false\" value=\"\" type=\"text\" name=\"your-company\" \/><\/span> <\/label>\n<\/p>\n<div>\n\t<p><label> Il tuo indirizzo e-mail*<br \/>\n<span class=\"wpcf7-form-control-wrap\" data-name=\"your-email\"><input size=\"40\" maxlength=\"400\" class=\"wpcf7-form-control wpcf7-email wpcf7-validates-as-required wpcf7-text wpcf7-validates-as-email\" aria-required=\"true\" aria-invalid=\"false\" value=\"\" type=\"email\" name=\"your-email\" \/><\/span> <\/label>\n\t<\/p>\n\t<p><label>Telefono*<br \/>\n<span class=\"wpcf7-form-control-wrap\" data-name=\"telefon\"><input size=\"40\" maxlength=\"400\" class=\"wpcf7-form-control wpcf7-tel wpcf7-validates-as-required wpcf7-text wpcf7-validates-as-tel\" aria-required=\"true\" aria-invalid=\"false\" value=\"\" type=\"tel\" name=\"telefon\" \/><\/span><\/label>\n\t<\/p>\n<\/div>\n<div>\n\t<p><label> Bilancio<br \/>\n<span class=\"wpcf7-form-control-wrap\" data-name=\"budget\"><select class=\"wpcf7-form-control wpcf7-select\" aria-invalid=\"false\" name=\"budget\"><option value=\"Non specificato\">Non specificato<\/option><option value=\"0-1.000 \u20ac\">0-1.000 \u20ac<\/option><option value=\"1.000-5.000 \u20ac\">1.000-5.000 \u20ac<\/option><option value=\"5.000-10.000 \u20ac\">5.000-10.000 \u20ac<\/option><option value=\"da 10.000 \u20ac\">da 10.000 \u20ac<\/option><\/select><\/span><\/label>\n\t<\/p>\n\t<p><label> Quantit\u00e0<br \/>\n<span class=\"wpcf7-form-control-wrap\" data-name=\"budget\"><select class=\"wpcf7-form-control wpcf7-select\" aria-invalid=\"false\" name=\"budget\"><option value=\"1-10\">1-10<\/option><option value=\"11-50\">11-50<\/option><option value=\"101-1000\">101-1000<\/option><option value=\"1000+\">1000+<\/option><\/select><\/span><\/label>\n\t<\/p>\n<\/div>\n<p><label> Cliente finale\/rivenditore<\/label><br \/>\n<span class=\"wpcf7-form-control-wrap\" data-name=\"kunde\"><span class=\"wpcf7-form-control wpcf7-radio\"><span class=\"wpcf7-list-item first\"><label><input type=\"radio\" name=\"kunde\" value=\"Non specificato\" checked=\"checked\" \/><span class=\"wpcf7-list-item-label\">Non specificato<\/span><\/label><\/span><span class=\"wpcf7-list-item\"><label><input type=\"radio\" name=\"kunde\" value=\"Cliente finale\" \/><span class=\"wpcf7-list-item-label\">Cliente finale<\/span><\/label><\/span><span class=\"wpcf7-list-item last\"><label><input type=\"radio\" name=\"kunde\" value=\"Rivenditore\" \/><span class=\"wpcf7-list-item-label\">Rivenditore<\/span><\/label><\/span><\/span><\/span><br \/>\n<span id=\"wpcf7-69d7093b7511d-wrapper\" class=\"wpcf7-form-control-wrap honeypot-100-wrap\" style=\"display:none !important; visibility:hidden !important;\"><label for=\"wpcf7-69d7093b7511d-field\" class=\"hp-message\">Si prega di lasciare vuoto questo campo.<\/label><input id=\"wpcf7-69d7093b7511d-field\"  class=\"wpcf7-form-control wpcf7-text\" type=\"text\" name=\"honeypot-100\" value=\"\" size=\"40\" tabindex=\"-1\" autocomplete=\"new-password\" \/><\/span><br \/>\n<label> Prodotti<br \/>\n<span class=\"wpcf7-form-control-wrap\" data-name=\"produkte\"><select class=\"wpcf7-form-control wpcf7-select\" aria-invalid=\"false\" name=\"produkte\"><option value=\"Non specificato\">Non specificato<\/option><option value=\"Microsoft Office\">Microsoft Office<\/option><option value=\"Microsoft Windows\">Microsoft Windows<\/option><option value=\"Microsoft SQL Server und CALs\">Microsoft SQL Server und CALs<\/option><option value=\"Microsoft Windows Server und CALs\">Microsoft Windows Server und CALs<\/option><option value=\"Microsoft Exchange Server und CALs\">Microsoft Exchange Server und CALs<\/option><option value=\"Microsoft (altre licenze)\">Microsoft (altre licenze)<\/option><option value=\"Adobe Acrobat\">Adobe Acrobat<\/option><option value=\"Adobe CS6 Programme\">Adobe CS6 Programme<\/option><option value=\"Autodesk-Produkte\">Autodesk-Produkte<\/option><option value=\"VMware\">VMware<\/option><\/select><\/span><\/label>\n<\/p>\n<p><label> Oggetto*<br \/>\n<span class=\"wpcf7-form-control-wrap\" data-name=\"subject\"><select class=\"wpcf7-form-control wpcf7-select wpcf7-validates-as-required\" aria-required=\"true\" aria-invalid=\"false\" name=\"subject\"><option value=\"Consultazione della licenza non vincolante\">Consultazione della licenza non vincolante<\/option><option value=\"Domande sull&#039;acquisto\/vendita\">Domande sull&#039;acquisto\/vendita<\/option><option value=\"Richieste\/suggerimenti\">Richieste\/suggerimenti<\/option><option value=\"Registrazione come partner (rivenditore)\">Registrazione come partner (rivenditore)<\/option><option value=\"Domande sulla fattura\">Domande sulla fattura<\/option><option value=\"Offerta individuale\">Offerta individuale<\/option><option value=\"Altre richieste\">Altre richieste<\/option><\/select><\/span> <\/label>\n<\/p>\n<p><label> La tua richiesta<br \/>\n<span class=\"wpcf7-form-control-wrap\" data-name=\"message\"><textarea cols=\"40\" rows=\"10\" maxlength=\"2000\" class=\"wpcf7-form-control wpcf7-textarea\" aria-invalid=\"false\" name=\"message\"><\/textarea><\/span> <\/label>\n<\/p>\n<p><label>Come hai saputo di noi?<br \/>\n<span class=\"wpcf7-form-control-wrap\" data-name=\"wie-erfahren\"><input size=\"40\" maxlength=\"400\" class=\"wpcf7-form-control wpcf7-text\" aria-invalid=\"false\" value=\"\" type=\"text\" name=\"wie-erfahren\" \/><\/span><\/label>\n<\/p>\n<p><!-- Mailchimp for WordPress v4.10.7 - https:\/\/www.mc4wp.com\/ --><input type=\"hidden\" name=\"_mc4wp_subscribe_contact-form-7\" value=\"0\" \/><span class=\"mc4wp-checkbox mc4wp-checkbox-contact-form-7 \"><label><input type=\"checkbox\" name=\"_mc4wp_subscribe_contact-form-7\" value=\"1\" ><span>Ich m\u00f6chte den Software ReUse-Newsletter bekommen, um laufend \u00fcber Sonderangebote informiert zu werden. Dies kann jederzeit widerrufen werden. <\/span><\/label><\/span><!-- \/ Mailchimp for WordPress -->\n<\/p>\n<div class=\"f-dsgvo\">\n\t<p><span class=\"wpcf7-form-control-wrap\" data-name=\"acceptance-534\"><span class=\"wpcf7-form-control wpcf7-acceptance\"><span class=\"wpcf7-list-item\"><label><input type=\"checkbox\" name=\"acceptance-534\" value=\"1\" aria-invalid=\"false\" \/><span class=\"wpcf7-list-item-label\">* Ho preso nota dell'<a href=\"https:\/\/www.software-reuse.eu\/datenschutz\/\" target=\"_blank\">informativa sulla privacy<\/a>. Accetto che i miei dati, il cognome, il nome, l'indirizzo e-mail e il mio messaggio siano trattati esclusivamente allo scopo di elaborare e gestire la mia richiesta. Questi dati sono trattati da noi sulla base del tuo consenso in conformit\u00e0 con l'art. 6 comma. 1 a) Il trattamento viene effettuato in base al GDPR.<\/span><\/label><\/span><\/span><\/span>\n\t<\/p>\n<\/div>\n<div class=\"h-captcha\" data-sitekey=\"cd7c840c-b42c-4ae4-80a2-9bca6866534a\" data-size=\"normal\" data-theme=\"light\" data-lang=\"it\"><\/div><span class=\"wpcf7-form-control-wrap cf7apps-hcaptcha\" data-name=\"cf7apps-hcaptcha\"><input type=\"hidden\" name=\"cf7apps-hcaptcha\" value=\"\" class=\"wpcf7-form-control\"><\/span>\n<\/p>\n<p><input class=\"wpcf7-form-control wpcf7-submit has-spinner btn\" type=\"submit\" value=\"Invio\" \/>\n<\/p>\n<input class=\"wpcf7-form-control wpcf7-hidden\" value=\"\" type=\"hidden\" name=\"gclid\" \/><div class=\"wpcf7-response-output\" aria-hidden=\"true\"><\/div>\n<\/form>\n<\/div>\n<\/div><\/div><div class=\"wpb_column hcode-column-container vc_col-sm-2 col-xs-mobile-fullwidth\" data-front-class=\"col-xs-mobile-fullwidth\"><div class=\"vc-column-innner-wrapper\"><\/div><\/div><\/div><\/div><\/section>","protected":false},"excerpt":{"rendered":"<p>[rev_slider_vc alias=&#8221;unternehmen-image&#8221;][vc_single_image image=&#8221;7998&#8243; img_size=&#8221;full&#8221;]Software ReUse aiuta la tua azienda a risparmiare denaro in modo intelligente. Noi di Software ReUse siamo un team europeo specializzato nel commercio di software usato per le aziende. Il nostro obiettivo \u00e8 acquistare e vendere Microsoft, Adobe e Autodesk. Ecco come aiutiamo i nostri clienti a risparmiare denaro dal 2011: Con [&hellip;]<\/p>\n","protected":false},"author":1,"featured_media":0,"parent":0,"menu_order":0,"comment_status":"closed","ping_status":"closed","template":"","meta":{"inline_featured_image":false,"footnotes":""},"class_list":["post-7953","page","type-page","status-publish","hentry"],"_links":{"self":[{"href":"https:\/\/www.software-reuse.eu\/it\/wp-json\/wp\/v2\/pages\/7953","targetHints":{"allow":["GET"]}}],"collection":[{"href":"https:\/\/www.software-reuse.eu\/it\/wp-json\/wp\/v2\/pages"}],"about":[{"href":"https:\/\/www.software-reuse.eu\/it\/wp-json\/wp\/v2\/types\/page"}],"author":[{"embeddable":true,"href":"https:\/\/www.software-reuse.eu\/it\/wp-json\/wp\/v2\/users\/1"}],"replies":[{"embeddable":true,"href":"https:\/\/www.software-reuse.eu\/it\/wp-json\/wp\/v2\/comments?post=7953"}],"version-history":[{"count":0,"href":"https:\/\/www.software-reuse.eu\/it\/wp-json\/wp\/v2\/pages\/7953\/revisions"}],"wp:attachment":[{"href":"https:\/\/www.software-reuse.eu\/it\/wp-json\/wp\/v2\/media?parent=7953"}],"curies":[{"name":"wp","href":"https:\/\/api.w.org\/{rel}","templated":true}]}}