{"id":7956,"date":"2020-02-19T13:33:19","date_gmt":"2020-02-19T12:33:19","guid":{"rendered":"https:\/\/swr1.wpenginepowered.com\/?page_id=7956"},"modified":"2023-02-28T17:37:16","modified_gmt":"2023-02-28T16:37:16","slug":"requisiti","status":"publish","type":"page","link":"https:\/\/www.software-reuse.eu\/it\/vendita-software-usato\/vendere-licenze-microsoft\/","title":{"rendered":"Requisiti"},"content":{"rendered":"<section><div class=\"container\"><div class=\"row\"><div class=\"wpb_column hcode-column-container  col-xs-mobile-fullwidth\" data-front-class=\"col-xs-mobile-fullwidth front-column-class\"><div class=\"vc-column-innner-wrapper\"><p>Software ReUse sar\u00e0 felice di aiutarti a trasformare il tuo software in denaro! Ci impegniamo per rendere il processo <strong>semplice e senza complicazioni<\/strong> e saremo lieti di <strong> consigliarti senza impegno <\/strong>su eventuali domande o incertezze. Per essere in grado di offrire agli acquirenti del nostro software il pi\u00f9 alto standard possibile, troverai qui di seguito i requisiti per la vendita del tuo software.<\/p>\n<h2>Requisiti per la vendita del software usato<\/h2>\n<p>Per la vendita del software devono essere soddisfatti i seguenti requisiti :<\/p>\n<ul>\n<li style=\"list-style-type: none;\">\n<ul>\n<li>Le licenze di volume devono essere <strong> licenze commerciali o governative <\/strong> acquisite nell'UE o nel SEE.<\/li>\n<li>Firmare la dichiarazione di disinstallazione dove si conferma che le licenze non sono pi\u00f9 in uso.<\/li>\n<li>Il <strong> Software Assurance <\/strong> (ad es. i contratti Microsoft) deve essere gi\u00e0 stato pagato.<\/li>\n<\/ul>\n<\/li>\n<\/ul>\n<p>Il nostro team sar\u00e0 felice di aiutarti a verificare la completezza dei contratti.<\/p>\n<h3>Perch\u00e9 un'azienda dovrebbe vendere il proprio software? 3 esempi:<\/h3>\n<ul>\n<li style=\"list-style-type: none;\">\n<ul>\n<li style=\"list-style-type: none;\">\n<ul>\n<li>La tua azienda \u00e8 passata al <strong> modello di abbonamento di Office 365 <\/strong> Microsoft. Non appena hai completato la migrazione al Cloud, le licenze on-premise (Office 2019, Office 2016, Windows Server 2016 ecc.) che non sono pi\u00f9 in uso, possono essere vendute.<\/li>\n<li>Se per es. avevate 500 PC da ufficio con 250 x Microsoft Windows 7 e Microsoft Office 2016 installati\u00a0 ed a causa di un nuovo acquisto non sono pi\u00f9 necessari i vecchi pacchetti software, noi potremo acquistare tutte le versioni OEM Office e le licenze di Windows 7.<\/li>\n<li>La tua azienda \u00e8 stata acquisita da un gruppo ed il software \u00e8 fornito dalla societ\u00e0 madre, puoi quindi rivendere il software inutilizzato.<\/li>\n<\/ul>\n<\/li>\n<\/ul>\n<\/li>\n<\/ul>\n<a  href=\"https:\/\/www.software-reuse.eu\/it\/vendete-il-vostro-software-usato\/\" target=\"_self\"  class=\"inner-link button btn btn-small-black-border-light btn-round btn-medium\">Modulo di vendita<\/a><\/div><\/div><\/div><\/div><\/section>","protected":false},"excerpt":{"rendered":"<p>Software ReUse sar\u00e0 felice di aiutarti a trasformare il tuo software in denaro! Ci impegniamo per rendere il processo semplice e senza complicazioni e saremo lieti di consigliarti senza impegno su eventuali domande o incertezze. Per essere in grado di offrire agli acquirenti del nostro software il pi\u00f9 alto standard possibile, troverai qui di seguito [&hellip;]<\/p>\n","protected":false},"author":1,"featured_media":0,"parent":7973,"menu_order":0,"comment_status":"closed","ping_status":"closed","template":"","meta":{"inline_featured_image":false,"footnotes":""},"class_list":["post-7956","page","type-page","status-publish","hentry"],"_links":{"self":[{"href":"https:\/\/www.software-reuse.eu\/it\/wp-json\/wp\/v2\/pages\/7956","targetHints":{"allow":["GET"]}}],"collection":[{"href":"https:\/\/www.software-reuse.eu\/it\/wp-json\/wp\/v2\/pages"}],"about":[{"href":"https:\/\/www.software-reuse.eu\/it\/wp-json\/wp\/v2\/types\/page"}],"author":[{"embeddable":true,"href":"https:\/\/www.software-reuse.eu\/it\/wp-json\/wp\/v2\/users\/1"}],"replies":[{"embeddable":true,"href":"https:\/\/www.software-reuse.eu\/it\/wp-json\/wp\/v2\/comments?post=7956"}],"version-history":[{"count":0,"href":"https:\/\/www.software-reuse.eu\/it\/wp-json\/wp\/v2\/pages\/7956\/revisions"}],"up":[{"embeddable":true,"href":"https:\/\/www.software-reuse.eu\/it\/wp-json\/wp\/v2\/pages\/7973"}],"wp:attachment":[{"href":"https:\/\/www.software-reuse.eu\/it\/wp-json\/wp\/v2\/media?parent=7956"}],"curies":[{"name":"wp","href":"https:\/\/api.w.org\/{rel}","templated":true}]}}