{"id":7959,"date":"2020-02-19T13:36:56","date_gmt":"2020-02-19T12:36:56","guid":{"rendered":"https:\/\/swr1.wpenginepowered.com\/faq\/"},"modified":"2026-01-14T15:46:56","modified_gmt":"2026-01-14T14:46:56","slug":"faq","status":"publish","type":"page","link":"https:\/\/www.software-reuse.eu\/it\/fatti\/domande-frequenti\/","title":{"rendered":"Domande frequenti"},"content":{"rendered":"<section><div class=\"container\"><div class=\"row\"><div class=\"wpb_column hcode-column-container  vc_custom_1581282046709 vc_col-sm-2 col-xs-mobile-fullwidth\" data-front-class=\" vc_custom_1581282046709 col-xs-mobile-fullwidth\"><div class=\"vc-column-innner-wrapper\"><\/div><\/div><div class=\"wpb_column hcode-column-container vc_col-sm-8 col-xs-mobile-fullwidth\" data-front-class=\"col-xs-mobile-fullwidth\"><div class=\"vc-column-innner-wrapper\">[vc_single_image source=\"featured_image\" img_size=\"full\" alignment=\"center\" css=\"\"][vc_empty_space height=\"24px\"]<h1>Acquisto di software usato - Domande e risposte<\/h1>\n<p>Noi di Software ReUse riceviamo sempre domande simili sul software di seconda mano, sia da parte dell'acquirente che del venditore. Molti non sanno ancora se il commercio di software di seconda mano sia del tutto legale o quali siano i vantaggi del software di seconda mano. Abbiamo riassunto qui le domande pi\u00f9 frequenti.<\/p>\n<p>Ancora una volta, se ci sono ancora incertezze o se avete ulteriori domande sul software usato, non esitate a contattarci in qualsiasi momento. Saremo lieti di aiutarvi personalmente!<\/p>\n<p>&nbsp;<\/p>\n<h2>Avete domande sul software usato? Abbiamo le risposte!<\/h2>\n[vc_tta_accordion style=\"flat\" shape=\"round\" c_icon=\"chevron\" active_section=\"1\"][vc_tta_section title=\"Come funziona il modello di business di Software ReUse?\" tab_id=\"1512743225442-544b2c1a-7e05\"]<p>Siamo un remarketer di software attivo in tutta Europa, <strong>ovvero acquistiamo e vendiamo software usato, principalmente dei principali produttori<\/strong> Microsoft, Adobe, SAP, Oracle e Quark. In questo modo, le aziende possono risparmiare fino al 75% dei costi o utilizzare le riserve inutilizzate sotto forma di licenze software non pi\u00f9 utilizzate. Saremo inoltre lieti di consigliarvi su come ottimizzare l'acquisto delle vostre licenze software. Contattateci!<\/p>\n[\/vc_tta_section][vc_tta_section title=\"Cosa significa ``Software usato``?\" tab_id=\"1512743225495-9c9b1dcc-22b5\"]<p>A rigor di logica, il termine \"software usato\" \u00e8 fuorviante, perch\u00e9 il software \u00e8 costituito da bit e byte e quindi non pu\u00f2 usurarsi. In questo caso, usato significa solo che il software non \u00e8 in uso iniziale e proviene direttamente dal produttore. A parte questo, \u00e8 come nuovo. Questo \u00e8 uno dei vantaggi del software usato!<\/p>\n[\/vc_tta_section][vc_tta_section title=\"\u00c8 legale l'acquisto e la vendita del Software usato?\" tab_id=\"1512743276114-60670e38-2ede\"]<p>Decisamente s\u00ec. Il commercio di software di seconda mano \u00e8 legale in tutta Europa. Il 3 luglio 2012, la Corte di giustizia europea ha emesso la seguente sentenza: \"Un produttore di software non pu\u00f2 opporsi alla rivendita delle sue licenze \"usate\" che consentono l'uso dei suoi programmi scaricati da Internet (...) anche se il contratto di licenza vieta una successiva vendita\". Informazioni pi\u00f9 dettagliate al riguardo sono disponibili anche nella nostra pagina \"Basi legali per il software usato\".<\/p>\n[\/vc_tta_section][vc_tta_section title=\"Come viene verificato il Software?\" tab_id=\"1512743276979-2c6b9113-b665\"]<p>Acquistiamo solo da <strong>fonti affidabili<\/strong> che devono confermare che il software non \u00e8 pi\u00f9 in uso.<br \/>\nControlliamo i <strong>supporti dati<\/strong> per verificare che siano in <strong>buone condizioni<\/strong> e leggibili.<br \/>\nInoltre, verifichiamo se il software \u00e8 stato registrato presso il produttore ed effettuiamo un trasferimento di licenza conforme alla legge.<br \/>\nQueste tre fasi garantiscono che il software possa essere utilizzato nella vostra azienda senza problemi!<\/p>\n[\/vc_tta_section][vc_tta_section title=\"Cosa mi viene consegnato quando ordino una licenza di volume da Software ReUse?\" tab_id=\"1512743277869-efa4e927-92ec\"]<p>A seconda del tipo di licenza ordinata, riceverete:<\/p>\n<ul>\n<li>Codici di licenza o numeri di serie originali (MAK e KMS)<\/li>\n<li>Dati del titolare originale, Informazioni contrattuali e dichiarazione di cancellazione<\/li>\n<li>opzionale: supporto dati (se applicabile o ordinato)<\/li>\n<li>Fattura e bolla di consegna<\/li>\n<\/ul>\n[\/vc_tta_section][vc_tta_section title=\"Ho diritto ad aggiornamenti e supporto per il software usato?\" tab_id=\"1552321703591-d98c5d17-ba2d\"]<p>L'utente conserva i diritti dell'acquirente originale anche con software di seconda mano. Se la versione utilizzata \u00e8 una versione con il titolo di aggiornamento, l'utente si riserva anche il diritto di acquistare un aggiornamento. La situazione \u00e8 simile per quanto riguarda la manutenzione. Un produttore difficilmente rifiuterebbe la manutenzione sulla base della legge antitrust se i diritti si estendessero anche all'acquisto iniziale.<\/p>\n[\/vc_tta_section][vc_tta_section title=\"Dove posso acquistare software usato?\" tab_id=\"1645452102332-9b15fc06-3452\"]<div class=\"\">\n<div class=\"WordSection1\">\n<p>\u00c8 consigliabile acquistare software usato solo da fornitori affidabili e presenti sul mercato da diversi anni.<\/p>\n<p>Software ReUse trasferisce licenze di software usato dal 2011, senza che i produttori di software si oppongano. In questo modo, rendiamo noti tutti i documenti di cui avete bisogno in base alla sentenza della Corte di giustizia europea del 2012.<\/p>\n<\/div>\n<\/div>\n[\/vc_tta_section][vc_tta_section title=\"Dove posso acquistare software usato per le aziende?\" tab_id=\"1645452104001-9ff19474-b929\"]<div class=\"\">\n<div class=\"WordSection1\">\n<p>Le aziende sono spesso sottoposte a controlli da parte dei produttori di software. Per evitare costosi costi di ri-licenza o addirittura problemi legali, \u00e8 essenziale che la licenza sia corretta.<\/p>\n<p>Software ReUse \u00e8 sinonimo di trasparenza: divulghiamo tutti i documenti relativi alle licenze software acquisite. Questi contengono solitamente la dichiarazione di cancellazione del primo acquirente, i numeri del contratto e altri elementi essenziali del contratto. In questo modo, in caso di verifica da parte dei produttori di software, potrete dimostrare chiaramente di aver concesso correttamente la licenza per il software utilizzato. \u00a0Grazie a questa trasparenza, dalla nostra fondazione nel 2011 trasferiamo software usato senza obiezioni da parte dei produttori di software.<\/p>\n<\/div>\n<\/div>\n[\/vc_tta_section][vc_tta_section title=\"Dove posso vendere software usato?\" tab_id=\"1645452104850-01332d9e-9f0e\"]<div class=\"\">\n<div class=\"WordSection1\">\n<p>\u00c8 consigliabile vendere il software usato a rivenditori che hanno gi\u00e0 molta esperienza in questo settore complesso.<\/p>\n<p>Siete passati al modello di noleggio Microsoft? Software ReUse paga il prezzo pi\u00f9 alto per le vostre licenze software non pi\u00f9 necessarie. Anche se avete usufruito dello sconto Upgrade from Software Assurance, potete vendere legalmente le vostre licenze. Contattate il nostro team per ottenere una valutazione del vostro stock di licenze.<\/p>\n<\/div>\n<\/div>\n[\/vc_tta_section][\/vc_tta_accordion]<p>Potete trovare informazioni pi\u00f9 dettagliate e risposte alle vostre domande sul software usato nelle nostre pagine sulle basi legali o sul trasferimento delle licenze, abbiamo anche riassunto tutti i vantaggi del commercio di software usato e vi offriamo il nostro aiuto per un audit del software!<\/p>\n<\/div><\/div><div class=\"wpb_column hcode-column-container vc_col-sm-2 col-xs-mobile-fullwidth\" data-front-class=\"col-xs-mobile-fullwidth\"><div class=\"vc-column-innner-wrapper\"><\/div><\/div><\/div><\/div><\/section><section class=\" vc_custom_1607508772717\"><div class=\"container\"><div class=\"row\"><div class=\"wpb_column hcode-column-container vc_col-sm-12 col-xs-mobile-fullwidth\" data-front-class=\"col-xs-mobile-fullwidth\"><div class=\"vc-column-innner-wrapper\"><h2 style=\"text-align: center;\">Siete interessati ad acquistare o vendere software per la vostra azienda?<\/h2>\n<div class=\"cta-buttons hcode-inner-row\"><div class=\"wpb_column hcode-column-container vc_col-sm-12 col-xs-mobile-fullwidth\" data-front-class=\"col-xs-mobile-fullwidth\"><div class=\"vc-column-innner-wrapper\">[vc_btn title=\"Vai allo Shop\" link=\"url:https%3A%2F%2Fwww.software-reuse.eu%2Fit%2Fshop%2F|title:Vai%20allo%20Shop|\" el_class=\"primary-button\"][vc_btn title=\"consulenza senza impegno\" el_class=\"secondary-button\" link=\"url:https%3A%2F%2Fwww.software-reuse.eu%2Fit%2Fcontatti%2F|title:consulenza%20senza%20impegno|\"]<\/div><\/div><\/div><\/div><\/div><\/div><\/div><\/section><section class=\"fakten-cta\"><div class=\"container\"><div class=\"row\"><div class=\"wpb_column hcode-column-container vc_col-sm-12 col-xs-mobile-fullwidth\" data-front-class=\"col-xs-mobile-fullwidth\"><div class=\"vc-column-innner-wrapper\"><div class=\"padding-three-bottom sm-padding-three-bottom xs-padding-three-tb\"><h2 style=\"text-align: center;\">\u00a0Software ReUse - Scrivono di noi<\/h2>\n<\/div>[vc_raw_html]W2xvZ29zaG93Y2FzZSBjYXRfaWQ9IjI2IiBkb3RzPSJmYWxzZSJd[\/vc_raw_html]<\/div><\/div><\/div><\/div><\/section>","protected":false},"excerpt":{"rendered":"<p>[vc_single_image source=&#8221;featured_image&#8221; img_size=&#8221;full&#8221; alignment=&#8221;center&#8221; css=&#8221;&#8221;][vc_empty_space height=&#8221;24px&#8221;]Acquisto di software usato &#8211; Domande e risposte Noi di Software ReUse riceviamo sempre domande simili sul software di seconda mano, sia da parte dell&#8217;acquirente che del venditore. Molti non sanno ancora se il commercio di software di seconda mano sia del tutto legale o quali siano i vantaggi del [&hellip;]<\/p>\n","protected":false},"author":1,"featured_media":52392,"parent":8152,"menu_order":0,"comment_status":"closed","ping_status":"closed","template":"","meta":{"inline_featured_image":false,"footnotes":""},"class_list":["post-7959","page","type-page","status-publish","has-post-thumbnail","hentry"],"_links":{"self":[{"href":"https:\/\/www.software-reuse.eu\/it\/wp-json\/wp\/v2\/pages\/7959","targetHints":{"allow":["GET"]}}],"collection":[{"href":"https:\/\/www.software-reuse.eu\/it\/wp-json\/wp\/v2\/pages"}],"about":[{"href":"https:\/\/www.software-reuse.eu\/it\/wp-json\/wp\/v2\/types\/page"}],"author":[{"embeddable":true,"href":"https:\/\/www.software-reuse.eu\/it\/wp-json\/wp\/v2\/users\/1"}],"replies":[{"embeddable":true,"href":"https:\/\/www.software-reuse.eu\/it\/wp-json\/wp\/v2\/comments?post=7959"}],"version-history":[{"count":0,"href":"https:\/\/www.software-reuse.eu\/it\/wp-json\/wp\/v2\/pages\/7959\/revisions"}],"up":[{"embeddable":true,"href":"https:\/\/www.software-reuse.eu\/it\/wp-json\/wp\/v2\/pages\/8152"}],"wp:featuredmedia":[{"embeddable":true,"href":"https:\/\/www.software-reuse.eu\/it\/wp-json\/wp\/v2\/media\/52392"}],"wp:attachment":[{"href":"https:\/\/www.software-reuse.eu\/it\/wp-json\/wp\/v2\/media?parent=7959"}],"curies":[{"name":"wp","href":"https:\/\/api.w.org\/{rel}","templated":true}]}}