{"id":7965,"date":"2020-04-30T13:15:51","date_gmt":"2020-04-30T11:15:51","guid":{"rendered":"https:\/\/swr1.wpenginepowered.com\/?page_id=7965"},"modified":"2026-04-08T11:17:48","modified_gmt":"2026-04-08T09:17:48","slug":"dicono-di-noi","status":"publish","type":"page","link":"https:\/\/www.software-reuse.eu\/it\/il-nostro-team\/software-reuse-nella-stampa\/","title":{"rendered":"Software ReUse nella stampa"},"content":{"rendered":"<section><div class=\"container\"><div class=\"row\"><div class=\"wpb_column hcode-column-container vc_col-sm-12 col-xs-mobile-fullwidth\" data-front-class=\"col-xs-mobile-fullwidth\"><div class=\"vc-column-innner-wrapper\"><p>Anche la stampa ci ha notato. Gi\u00e0 da diverso tempo, l'argomento software usato ha assunto una certa rilevenza a livello mediatico, soprattutto a seguito della sentenza\u00a0 decisiva della Corte di giustizia europea del 2012. Con questa sentenza \u00e8 stato stabilito che il software usato - indipendentemente dal tipo di acquisto - pu\u00f2 essere rivenduto. Attraverso questa sentenza, il commercio delle licenze usate ha subito un notevole cambiamento: \u00e8 stato infatti confermato il diritto di rivendita delle licenze immesse sul mercato anche solo tramite download, che ora possono essere commercializzate anche senza il consenso del produttore. Ovviamente, anche noi rivenditori di software avevamo qualcosa da dire al riguardo: il nostro amministratore delegato Stefan \u00e8 stato intervistato pi\u00f9 volte ed ora vogliamo condividere questi interventi con i nostri clienti!<br \/>\nNella pagina seguente abbiamo riassunto tutti gli articoli della stampa in cui si parla di noi. Di seguito vedrai gli articoli della stampa in fila, per saperne di pi\u00f9 clicca sui link e verrai reindirizzato alla pagina appropriata. Speriamo che le informazioni\u00a0 ti siano utili!<\/p>\n<p>In questa pagina vorremmo presentarti i nostri partner che ci accompagnano nel trading di software usato. Alcuni di loro ci hanno consigliato e supportato per molti anni e anche tu, in qualit\u00e0 dinostro cliente, puoi contare sul loro supporto! Di seguito puoi scoprire di pi\u00f9 sui nostri partner e sulle loro competenze.<\/p>\n<h2 class=\"section-title no-padding-bottom sm-no-padding-bottom xs-no-padding-bottom\">Software ReUse nella stampa<\/h2><p>La nostra ultima rassegna stampa evidenzia un\u2019opportunit\u00e0 spesso nascosta: le aziende austriache lasciano inutilizzati fino a <strong>60 milioni di euro all\u2019anno in licenze software<\/strong>. <a href=\"\/?page_id=7973\">Rivendendo le licenze in eccesso<\/a>\u2014soprattutto dopo il passaggio al cloud\u2014\u00e8 possibile recuperare circa <strong>20 milioni<\/strong> di euro annui, trasformando asset IT inutilizzati in liquidit\u00e0 e contribuendo alla sostenibilit\u00e0.<br data-start=\"972\" data-end=\"975\" data-is-only-node=\"\" \/>Qui sotto puoi leggere gli articoli completi pubblicati nei principali media online in lingua tedesca.<\/p>\n<p><a href=\"https:\/\/www.dropbox.com\/scl\/fi\/5nw4xlci7bvrejp84yzhj\/260407-OO-Nachrichten-PA-Versteckte-Millionen-in-sterreichs-Serverr-umen.pdf?rlkey=icx9iu36yc4gzea23eyzyibjw&amp;st=bt0zvmwl&amp;dl=0\" target=\"_blank\" rel=\"noopener\">Softwarelizenzen: In \u00d6sterreichs Serverr\u00e4umen liegen Millionenbeitr\u00e4ge. - O\u00d6 Nachrichten<\/a><\/p>\n<p><a href=\"https:\/\/www.ittbusiness.at\/article\/ungenutzte-software-lizenzen-millionenpotenzial-in-oesterreichs-serverraeumen\" target=\"_blank\" rel=\"noopener\">\u201cUngenutzte Software-Lizenzen: Millionenpotenzial in \u00d6sterreichs Serverr\u00e4umen\u201d \u2013 it &amp; t Business<\/a><\/p>\n<p><a href=\"https:\/\/www.leadersnet.at\/news\/98561,in-den-serverraeumen-heimischer-unternehmen-schlummern-millionen.html\" target=\"_blank\" rel=\"noopener\">\u201cIn den Serverr\u00e4umen heimischer Unternehmen schlummern Millionen\u201d \u2013 Opinion Leaders Network<\/a><\/p>\n<p><a href=\"https:\/\/www.die-wirtschaft.at\/allgemein\/millionenpotenzial-in-oesterreichs-serverraeumen\/\" target=\"_blank\" rel=\"noopener\">\u201cMillionenpotenzial in \u00d6sterreichs Serverr\u00e4umen\u201d \u2013 diewirtschaft<\/a><\/p>\n<p><a href=\"https:\/\/www.top-news.at\/2026\/03\/25\/versteckte-millionen-in-oesterreichs-serverraeumen\/\" target=\"_blank\" rel=\"noopener\">\u201cUnternehmen lassen durch ungenutzte Software-Lizenzen wertvolle IT-Budgets liegen\u201d \u2013 topnews.at<\/a><\/p>\n<p><a href=\"https:\/\/www.pressefeuer.at\/news\/24006\" target=\"_blank\" rel=\"noopener\">\u201c20 Millionen Euro liegen ungenutzt in \u00d6sterreichs IT-Systemen\u201d \u2013 pressefeuer.at<\/a><\/p>\n<p><a href=\"https:\/\/itwelt.at\/news\/topmeldung\/versteckte-millionen-in-oesterreichs-serverraeumen\/\" target=\"_blank\" rel=\"noopener\">\u201cVersteckte Millionen in \u00d6sterreichs Serverr\u00e4umen\u201d \u2013 itwelt.at<\/a><\/p>\n<p class=\"p1\"><a href=\"https:\/\/computerwelt.at\/news\/verhaltensregeln-beim-gebrauchtsoftwarekauf\/\" target=\"_blank\" rel=\"noopener\">\u201eVerhaltensregeln beim Gebrauchtsoftwarekauf\u201c \u2013 Computerwelt<\/a><\/p>\n<p class=\"p1\"><a href=\"http:\/\/diepresse.com\/home\/wirtschaft\/recht\/4638576\/Softwarepakete_Manchmal-darf-man-doch-splitten?_vl_backlink=\/home\/wirtschaft\/recht\/index.do\" target=\"_blank\" rel=\"noopener\">\u201eSoftwarelizenzen: Manchmal darf man doch splitten\u201c \u2013 Die Presse<\/a><\/p>\n<p class=\"p1\"><a href=\"http:\/\/diepresse.com\/home\/wirtschaft\/recht\/4605419\/Wissenslucken-bei-Softwarenutzung\" target=\"_blank\" rel=\"noopener\">\u201eWissensl\u00fccken bei Softwarenutzung\u201c \u2013 Die Presse<\/a><\/p>\n<p class=\"p1\"><a href=\"http:\/\/karrierenews.diepresse.com\/home\/karrieretrends\/entrepreneure\/3874581\/StartupSteckbrief_Software-ReUse-handelt-mit-gebrauchter-Software\" target=\"_blank\" rel=\"noopener\">\u201eSoftware ReUse handelt mit gebrauchter Software\u201c \u2013 karriere.diepresse.com<\/a><\/p>\n<p class=\"p1\"><a href=\"https:\/\/www.software-reuse.eu\/wp-content\/uploads\/2018\/02\/Kurier-04.03.2014.pdf\" data-lf-fd-inspected-3p1w24db55k8my5n=\"true\">Handel mit gebrauchter Software legt kr\u00e4ftig zu \u2013 Kurier<\/a><\/p>\n<p class=\"p1\"><a href=\"http:\/\/futurezone.at\/b2b\/handel-mit-gebrauchtsoftware-im-aufwind\/53.628.302\" target=\"_blank\" rel=\"noopener\">\u201eHandel mit Gebrauchtsoftware im Aufwind\u201c \u2013 www.futurezone.at<\/a><\/p>\n<p class=\"p1\"><a href=\"https:\/\/www.software-reuse.eu\/wp-content\/uploads\/2018\/02\/MN1760_49_t_20140214_49.jpg\">\u201eLizenzenhandel\u201c \u2013 Medianet<\/a><\/p>\n<p class=\"p1\"><a href=\"https:\/\/www.software-reuse.eu\/wp-content\/uploads\/2018\/02\/MN1760_49_t_20140214_49.pdf\" data-lf-fd-inspected-3p1w24db55k8my5n=\"true\">\u201eSoftware-Lizenzen vom Second-Hand-Markt\u201c, \u2013 Medianet<\/a><\/p>\n<p class=\"p1\"><a href=\"http:\/\/www.vienna.at\/gebraucht-software-als-it-loesung\/3722825\" target=\"_blank\" rel=\"noopener\">\u201eGebraucht-Software als IT-L\u00f6sung\u201c \u2013 www.vienna.at<\/a><\/p>\n<p class=\"p1\"><a href=\"https:\/\/www.software-reuse.eu\/wp-content\/uploads\/2018\/02\/Output0513-Software-ReUse.pdf\" data-lf-fd-inspected-3p1w24db55k8my5n=\"true\">\u201eDas IT-Budget entlasten \u2013 Gebraucht-Software boomt in \u00d6sterreich\u201c \u2013 Output<\/a><\/p>\n<p class=\"p1\"><a href=\"https:\/\/www.whatchado.com\/en\/stories\/stefan-tauchhammer\" target=\"_blank\" rel=\"noopener\">\u201eInterview mit Stefan Tauchhammer, Gr\u00fcnder von Software ReUse\u201c \u2013 whatchado<\/a><\/p>\n<p class=\"p1\"><a href=\"https:\/\/www.software-reuse.eu\/wp-content\/uploads\/2018\/02\/Format-05.04.pdf\" data-lf-fd-inspected-3p1w24db55k8my5n=\"true\">Software aus zweiter Hand wird immer beliebter \u2013 Format<\/a><\/p>\n<p class=\"p1\"><a href=\"https:\/\/www.software-reuse.eu\/wp-content\/uploads\/2018\/02\/Medianet-5.4.2013-Seite-47.pdf\" data-lf-fd-inspected-3p1w24db55k8my5n=\"true\">Erster H\u00e4ndler mit Gebrauchtsoftware \u2013 Medianet<\/a><\/p>\n<p class=\"p1\"><a href=\"http:\/\/www.austria.com\/software-reuse-erster-gebraucht-software-haendler-in-oesterreich\/3531278\" target=\"_blank\" rel=\"noopener\">\u201eErster Gebraucht-Software H\u00e4ndler in \u00d6sterreich\u201c \u2013 www.austria.com<\/a><\/p>\n<p class=\"p1\"><a href=\"https:\/\/www.software-reuse.eu\/wp-content\/uploads\/2018\/02\/Gewinn-jungunternehmer-2012.pdf\" data-lf-fd-inspected-3p1w24db55k8my5n=\"true\">\u201eGewinn-Jungunternehmerwettbewerb, Verleihung des Platzes 40 an Software ReUse\u201c \u2013 Gewinn<\/a><\/p>\n<p class=\"p1\"><a href=\"https:\/\/www.software-reuse.eu\/wp-content\/uploads\/2018\/02\/Artikel-Computerwelt-09.2012_.pdf\" data-lf-fd-inspected-3p1w24db55k8my5n=\"true\">\u201eInterview mit Stefan Tauchhammer, Gr\u00fcnder von Software ReUse\u201c \u2013 Computerwelt<\/a><\/p>\n<\/div><\/div><\/div><\/div><\/section><section><div class=\"container\"><div class=\"row\"><div class=\"wpb_column hcode-column-container vc_col-sm-12 col-xs-mobile-fullwidth\" data-front-class=\"col-xs-mobile-fullwidth\"><div class=\"vc-column-innner-wrapper\"><\/div><\/div><\/div><\/div><\/section>","protected":false},"excerpt":{"rendered":"<p>Anche la stampa ci ha notato. Gi\u00e0 da diverso tempo, l&#8217;argomento software usato ha assunto una certa rilevenza a livello mediatico, soprattutto a seguito della sentenza\u00a0 decisiva della Corte di giustizia europea del 2012. Con questa sentenza \u00e8 stato stabilito che il software usato &#8211; indipendentemente dal tipo di acquisto &#8211; pu\u00f2 essere rivenduto. Attraverso [&hellip;]<\/p>\n","protected":false},"author":2,"featured_media":0,"parent":7953,"menu_order":0,"comment_status":"closed","ping_status":"closed","template":"","meta":{"inline_featured_image":false,"footnotes":""},"class_list":["post-7965","page","type-page","status-publish","hentry"],"_links":{"self":[{"href":"https:\/\/www.software-reuse.eu\/it\/wp-json\/wp\/v2\/pages\/7965","targetHints":{"allow":["GET"]}}],"collection":[{"href":"https:\/\/www.software-reuse.eu\/it\/wp-json\/wp\/v2\/pages"}],"about":[{"href":"https:\/\/www.software-reuse.eu\/it\/wp-json\/wp\/v2\/types\/page"}],"author":[{"embeddable":true,"href":"https:\/\/www.software-reuse.eu\/it\/wp-json\/wp\/v2\/users\/2"}],"replies":[{"embeddable":true,"href":"https:\/\/www.software-reuse.eu\/it\/wp-json\/wp\/v2\/comments?post=7965"}],"version-history":[{"count":0,"href":"https:\/\/www.software-reuse.eu\/it\/wp-json\/wp\/v2\/pages\/7965\/revisions"}],"up":[{"embeddable":true,"href":"https:\/\/www.software-reuse.eu\/it\/wp-json\/wp\/v2\/pages\/7953"}],"wp:attachment":[{"href":"https:\/\/www.software-reuse.eu\/it\/wp-json\/wp\/v2\/media?parent=7965"}],"curies":[{"name":"wp","href":"https:\/\/api.w.org\/{rel}","templated":true}]}}