{"id":7973,"date":"2020-04-24T13:47:36","date_gmt":"2020-04-24T11:47:36","guid":{"rendered":"https:\/\/swr1.wpenginepowered.com\/?page_id=7973"},"modified":"2023-02-07T13:42:37","modified_gmt":"2023-02-07T12:42:37","slug":"vendete-il-vostro-software-usato","status":"publish","type":"page","link":"https:\/\/www.software-reuse.eu\/it\/vendete-il-vostro-software-usato\/","title":{"rendered":"Vendita software usato"},"content":{"rendered":"<section class=\" vc_custom_1607351230557\"><div class=\"container\"><div class=\"row\"><div class=\"wpb_column hcode-column-container vc_col-sm-12 col-xs-mobile-fullwidth\" data-front-class=\"col-xs-mobile-fullwidth\"><div class=\"vc-column-innner-wrapper\">[vc_single_image image=\"11429\" img_size=\"full\"]<\/div><\/div><\/div><\/div><\/section><section><div class=\"container\"><div class=\"row\"><div class=\"wpb_column hcode-column-container vc_col-sm-6 col-xs-mobile-fullwidth\" data-front-class=\"col-xs-mobile-fullwidth\"><div class=\"vc-column-innner-wrapper\"><h2>Perch\u00e9 vendere software usato?<\/h2>\n<p>Usa le risorse inutilizzate nella tua azienda!<br \/>\nAccade spesso che le aziende non abbiano pi\u00f9 bisogno di software. E che quindi semplicemente non viene utilizzato. \u00c8 facile rivenderli e guadagnare denaro con loro!<br \/>\nSe non hai pi\u00f9 bisogno di software usato, puoi <strong>aumentare<\/strong> la <strong>liquidit\u00e0<\/strong> della tua azienda vendendoci le tue licenze. Con quantit\u00e0 maggiori, qui pu\u00f2 sorgere un importo elevato, il che ha un effetto positivo sulla tua redditivit\u00e0.<\/p>\n<\/div><\/div><div class=\"wpb_column hcode-column-container vc_col-sm-6 col-xs-mobile-fullwidth\" data-front-class=\"col-xs-mobile-fullwidth\"><div class=\"vc-column-innner-wrapper\"><h2>Vendere o scambiare software usato<\/h2>\n<p>Hai troppi dei seguenti prodotti e non ne hai pi\u00f9 bisogno? Mettiti in contatto con noi e trasforma in denaro il software che non ti serve pi\u00f9! Siamo interessati a:<\/p>\n<ul>\n<li><strong>Tutte le licenze a volume Microsoft<\/strong>, in particolare le licenze Office e i server Windows, SQL ed Exchange.<\/li>\n<li><strong>Tutti i programmi Adobe<\/strong>, singolarmente o insieme alle Creative Suite<\/li>\n<li>Potremmo anche acquistare pacchetti software da altri produttori - parliamone!<\/li>\n<\/ul>\n<p>Acquistiamo interi contratti, ma ovviamente \u00e8 possibile anche una vendita parziale.<\/p>\n<\/div><\/div><\/div><\/div><\/section><section class=\"gradient-row\"><div class=\"container\"><div class=\"row\"><div class=\"wpb_column hcode-column-container vc_col-sm-12 col-xs-mobile-fullwidth\" data-front-class=\"col-xs-mobile-fullwidth\"><div class=\"vc-column-innner-wrapper\"><h2 style=\"text-align: center;\">Soldi per il tuo vecchio software!<\/h2>\n<p style=\"text-align: center;\">Dicci quale software vuoi vendere.<br \/>\nTi contatteremo immediatamente.<\/p>\n<\/div><\/div><\/div><\/div><\/section><section class=\" vc_custom_1607350591700\"><div class=\"container\"><div class=\"row\"><div class=\"wpb_column hcode-column-container vc_col-sm-6 col-xs-mobile-fullwidth\" data-front-class=\"col-xs-mobile-fullwidth\"><div class=\"vc-column-innner-wrapper\"><h2>Licenze liberate dopo il passaggio a Office 365<\/h2>\n<p>Di recente sei passato al modello di noleggio <a href=\"https:\/\/www.microsoft.com\/de-at\/\" target=\"_blank\" rel=\"noopener\">Microsoft<\/a> <a href=\"\/?page_id=14169\">Office 365<\/a > cambiato o sono diventati vacanti posti di lavoro che non vuoi occupare? Se \u00e8 cos\u00ec, \u00e8 molto probabile che tu abbia software non necessario nella tua azienda!<\/p>\n<p>Controlla il tuo inventario di software o chiedi al tuo rappresentante IT informazioni sulle licenze software che non ti servono pi\u00f9: potrebbe comunque ripagare per le versioni precedenti!<\/p>\n<p>Compila semplicemente il modulo sottostante e ti risponderemo immediatamente con un'offerta per il tuo software usato! \u00c8 facile e senza complicazioni e, soprattutto, ne vale la pena!<\/p>\n<\/div><\/div><div class=\"wpb_column hcode-column-container vc_col-sm-6 col-xs-mobile-fullwidth\" data-front-class=\"col-xs-mobile-fullwidth\"><div class=\"vc-column-innner-wrapper\">[vc_single_image image=\"11016\" img_size=\"full\"]<\/div><\/div><\/div><\/div><\/section><section class=\" vc_custom_1607349920758\"><div class=\"container\"><div class=\"row\"><div class=\"wpb_column hcode-column-container vc_col-sm-2 col-xs-mobile-fullwidth\" data-front-class=\"col-xs-mobile-fullwidth\"><div class=\"vc-column-innner-wrapper\"><\/div><\/div><div class=\"wpb_column hcode-column-container vc_col-sm-8 col-xs-mobile-fullwidth\" data-front-class=\"col-xs-mobile-fullwidth\"><div class=\"vc-column-innner-wrapper\">\n<div class=\"wpcf7 no-js\" id=\"wpcf7-f54411-o1\" lang=\"it-IT\" dir=\"ltr\" data-wpcf7-id=\"54411\">\n<div class=\"screen-reader-response\"><p role=\"status\" aria-live=\"polite\" aria-atomic=\"true\"><\/p> <ul><\/ul><\/div>\n<form action=\"\/it\/wp-json\/wp\/v2\/pages\/7973#wpcf7-f54411-o1\" method=\"post\" class=\"wpcf7-form init\" aria-label=\"Modulo di contatto\" novalidate=\"novalidate\" data-status=\"init\">\n<fieldset class=\"hidden-fields-container\"><input type=\"hidden\" name=\"_wpcf7\" value=\"54411\" \/><input type=\"hidden\" name=\"_wpcf7_version\" value=\"6.1.1\" \/><input type=\"hidden\" name=\"_wpcf7_locale\" value=\"it_IT\" \/><input type=\"hidden\" name=\"_wpcf7_unit_tag\" value=\"wpcf7-f54411-o1\" \/><input type=\"hidden\" name=\"_wpcf7_container_post\" value=\"0\" \/><input type=\"hidden\" name=\"_wpcf7_posted_data_hash\" value=\"\" \/>\n<\/fieldset>\n<div>\n\t<p><label> Salutazione*<br \/>\n<span class=\"wpcf7-form-control-wrap\" data-name=\"salutation\"><select class=\"wpcf7-form-control wpcf7-select wpcf7-validates-as-required\" aria-required=\"true\" aria-invalid=\"false\" name=\"salutation\"><option value=\"Mr\">Mr<\/option><option value=\"Ms\">Ms<\/option><option value=\"Azienda\">Azienda<\/option><\/select><\/span><\/label>\n\t<\/p>\n\t<p><label> Il tuo nome*<br \/>\n<span class=\"wpcf7-form-control-wrap\" data-name=\"your-name\"><input size=\"40\" maxlength=\"400\" class=\"wpcf7-form-control wpcf7-text wpcf7-validates-as-required\" aria-required=\"true\" aria-invalid=\"false\" value=\"\" type=\"text\" name=\"your-name\" \/><\/span> <\/label>\n\t<\/p>\n<\/div>\n<p><label> Il nome della tua azienda<br \/>\n<span class=\"wpcf7-form-control-wrap\" data-name=\"your-company\"><input size=\"40\" maxlength=\"400\" class=\"wpcf7-form-control wpcf7-text\" aria-invalid=\"false\" value=\"\" type=\"text\" name=\"your-company\" \/><\/span> <\/label>\n<\/p>\n<div>\n\t<p><label> Il tuo indirizzo e-mail*<br \/>\n<span class=\"wpcf7-form-control-wrap\" data-name=\"your-email\"><input size=\"40\" maxlength=\"400\" class=\"wpcf7-form-control wpcf7-email wpcf7-validates-as-required wpcf7-text wpcf7-validates-as-email\" aria-required=\"true\" aria-invalid=\"false\" value=\"\" type=\"email\" name=\"your-email\" \/><\/span> <\/label>\n\t<\/p>\n\t<p><label>Telefono*<br \/>\n<span class=\"wpcf7-form-control-wrap\" data-name=\"telefon\"><input size=\"40\" maxlength=\"400\" class=\"wpcf7-form-control wpcf7-tel wpcf7-validates-as-required wpcf7-text wpcf7-validates-as-tel\" aria-required=\"true\" aria-invalid=\"false\" value=\"\" type=\"tel\" name=\"telefon\" \/><\/span><\/label>\n\t<\/p>\n<\/div>\n<div>\n\t<p><label> Bilancio<br \/>\n<span class=\"wpcf7-form-control-wrap\" data-name=\"budget\"><select class=\"wpcf7-form-control wpcf7-select\" aria-invalid=\"false\" name=\"budget\"><option value=\"Non specificato\">Non specificato<\/option><option value=\"0-1.000 \u20ac\">0-1.000 \u20ac<\/option><option value=\"1.000-5.000 \u20ac\">1.000-5.000 \u20ac<\/option><option value=\"5.000-10.000 \u20ac\">5.000-10.000 \u20ac<\/option><option value=\"da 10.000 \u20ac\">da 10.000 \u20ac<\/option><\/select><\/span><\/label>\n\t<\/p>\n\t<p><label> Quantit\u00e0<br \/>\n<span class=\"wpcf7-form-control-wrap\" data-name=\"budget\"><select class=\"wpcf7-form-control wpcf7-select\" aria-invalid=\"false\" name=\"budget\"><option value=\"1-10\">1-10<\/option><option value=\"11-50\">11-50<\/option><option value=\"101-1000\">101-1000<\/option><option value=\"1000+\">1000+<\/option><\/select><\/span><\/label>\n\t<\/p>\n<\/div>\n<p><label> Cliente finale\/rivenditore<\/label><br \/>\n<span class=\"wpcf7-form-control-wrap\" data-name=\"kunde\"><span class=\"wpcf7-form-control wpcf7-radio\"><span class=\"wpcf7-list-item first\"><label><input type=\"radio\" name=\"kunde\" value=\"Non specificato\" checked=\"checked\" \/><span class=\"wpcf7-list-item-label\">Non specificato<\/span><\/label><\/span><span class=\"wpcf7-list-item\"><label><input type=\"radio\" name=\"kunde\" value=\"Cliente finale\" \/><span class=\"wpcf7-list-item-label\">Cliente finale<\/span><\/label><\/span><span class=\"wpcf7-list-item last\"><label><input type=\"radio\" name=\"kunde\" value=\"Rivenditore\" \/><span class=\"wpcf7-list-item-label\">Rivenditore<\/span><\/label><\/span><\/span><\/span><br \/>\n<span id=\"wpcf7-69e3b8536d9e7-wrapper\" class=\"wpcf7-form-control-wrap honeypot-100-wrap\" style=\"display:none !important; visibility:hidden !important;\"><label for=\"wpcf7-69e3b8536d9e7-field\" class=\"hp-message\">Si prega di lasciare vuoto questo campo.<\/label><input id=\"wpcf7-69e3b8536d9e7-field\"  class=\"wpcf7-form-control wpcf7-text\" type=\"text\" name=\"honeypot-100\" value=\"\" size=\"40\" tabindex=\"-1\" autocomplete=\"new-password\" \/><\/span><br \/>\n<label> Prodotti<br \/>\n<span class=\"wpcf7-form-control-wrap\" data-name=\"produkte\"><select class=\"wpcf7-form-control wpcf7-select\" aria-invalid=\"false\" name=\"produkte\"><option value=\"Non specificato\">Non specificato<\/option><option value=\"Microsoft Office\">Microsoft Office<\/option><option value=\"Microsoft Windows\">Microsoft Windows<\/option><option value=\"Microsoft SQL Server und CALs\">Microsoft SQL Server und CALs<\/option><option value=\"Microsoft Windows Server und CALs\">Microsoft Windows Server und CALs<\/option><option value=\"Microsoft Exchange Server und CALs\">Microsoft Exchange Server und CALs<\/option><option value=\"Microsoft (altre licenze)\">Microsoft (altre licenze)<\/option><option value=\"Adobe Acrobat\">Adobe Acrobat<\/option><option value=\"Adobe CS6 Programme\">Adobe CS6 Programme<\/option><option value=\"Autodesk-Produkte\">Autodesk-Produkte<\/option><option value=\"VMware\">VMware<\/option><\/select><\/span><\/label>\n<\/p>\n<p><label> Oggetto*<br \/>\n<span class=\"wpcf7-form-control-wrap\" data-name=\"subject\"><select class=\"wpcf7-form-control wpcf7-select wpcf7-validates-as-required\" aria-required=\"true\" aria-invalid=\"false\" name=\"subject\"><option value=\"Consultazione della licenza non vincolante\">Consultazione della licenza non vincolante<\/option><option value=\"Domande sull&#039;acquisto\/vendita\">Domande sull&#039;acquisto\/vendita<\/option><option value=\"Richieste\/suggerimenti\">Richieste\/suggerimenti<\/option><option value=\"Registrazione come partner (rivenditore)\">Registrazione come partner (rivenditore)<\/option><option value=\"Domande sulla fattura\">Domande sulla fattura<\/option><option value=\"Offerta individuale\">Offerta individuale<\/option><option value=\"Altre richieste\">Altre richieste<\/option><\/select><\/span> <\/label>\n<\/p>\n<p><label> La tua richiesta<br \/>\n<span class=\"wpcf7-form-control-wrap\" data-name=\"message\"><textarea cols=\"40\" rows=\"10\" maxlength=\"2000\" class=\"wpcf7-form-control wpcf7-textarea\" aria-invalid=\"false\" name=\"message\"><\/textarea><\/span> <\/label>\n<\/p>\n<p><label>Come hai saputo di noi?<br \/>\n<span class=\"wpcf7-form-control-wrap\" data-name=\"wie-erfahren\"><input size=\"40\" maxlength=\"400\" class=\"wpcf7-form-control wpcf7-text\" aria-invalid=\"false\" value=\"\" type=\"text\" name=\"wie-erfahren\" \/><\/span><\/label>\n<\/p>\n<p><!-- Mailchimp for WordPress v4.10.7 - https:\/\/www.mc4wp.com\/ --><input type=\"hidden\" name=\"_mc4wp_subscribe_contact-form-7\" value=\"0\" \/><span class=\"mc4wp-checkbox mc4wp-checkbox-contact-form-7 \"><label><input type=\"checkbox\" name=\"_mc4wp_subscribe_contact-form-7\" value=\"1\" ><span>Ich m\u00f6chte den Software ReUse-Newsletter bekommen, um laufend \u00fcber Sonderangebote informiert zu werden. Dies kann jederzeit widerrufen werden. <\/span><\/label><\/span><!-- \/ Mailchimp for WordPress -->\n<\/p>\n<div class=\"f-dsgvo\">\n\t<p><span class=\"wpcf7-form-control-wrap\" data-name=\"acceptance-534\"><span class=\"wpcf7-form-control wpcf7-acceptance\"><span class=\"wpcf7-list-item\"><label><input type=\"checkbox\" name=\"acceptance-534\" value=\"1\" aria-invalid=\"false\" \/><span class=\"wpcf7-list-item-label\">* Ho preso nota dell'<a href=\"https:\/\/www.software-reuse.eu\/datenschutz\/\" target=\"_blank\">informativa sulla privacy<\/a>. Accetto che i miei dati, il cognome, il nome, l'indirizzo e-mail e il mio messaggio siano trattati esclusivamente allo scopo di elaborare e gestire la mia richiesta. Questi dati sono trattati da noi sulla base del tuo consenso in conformit\u00e0 con l'art. 6 comma. 1 a) Il trattamento viene effettuato in base al GDPR.<\/span><\/label><\/span><\/span><\/span>\n\t<\/p>\n<\/div>\n<div class=\"h-captcha\" data-sitekey=\"cd7c840c-b42c-4ae4-80a2-9bca6866534a\" data-size=\"normal\" data-theme=\"light\" data-lang=\"it\"><\/div><span class=\"wpcf7-form-control-wrap cf7apps-hcaptcha\" data-name=\"cf7apps-hcaptcha\"><input type=\"hidden\" name=\"cf7apps-hcaptcha\" value=\"\" class=\"wpcf7-form-control\"><\/span>\n<\/p>\n<p><input class=\"wpcf7-form-control wpcf7-submit has-spinner btn\" type=\"submit\" value=\"Invio\" \/>\n<\/p>\n<input class=\"wpcf7-form-control wpcf7-hidden\" value=\"\" type=\"hidden\" name=\"gclid\" \/><div class=\"wpcf7-response-output\" aria-hidden=\"true\"><\/div>\n<\/form>\n<\/div>\n<\/div><\/div><div class=\"wpb_column hcode-column-container vc_col-sm-2 col-xs-mobile-fullwidth\" data-front-class=\"col-xs-mobile-fullwidth\"><div class=\"vc-column-innner-wrapper\"><\/div><\/div><\/div><\/div><\/section>","protected":false},"excerpt":{"rendered":"<p>[vc_single_image image=&#8221;11429&#8243; img_size=&#8221;full&#8221;]Perch\u00e9 vendere software usato? Usa le risorse inutilizzate nella tua azienda! Accade spesso che le aziende non abbiano pi\u00f9 bisogno di software. E che quindi semplicemente non viene utilizzato. \u00c8 facile rivenderli e guadagnare denaro con loro! Se non hai pi\u00f9 bisogno di software usato, puoi aumentare la liquidit\u00e0 della tua azienda vendendoci [&hellip;]<\/p>\n","protected":false},"author":1,"featured_media":0,"parent":0,"menu_order":0,"comment_status":"closed","ping_status":"closed","template":"","meta":{"inline_featured_image":false,"footnotes":""},"class_list":["post-7973","page","type-page","status-publish","hentry"],"_links":{"self":[{"href":"https:\/\/www.software-reuse.eu\/it\/wp-json\/wp\/v2\/pages\/7973","targetHints":{"allow":["GET"]}}],"collection":[{"href":"https:\/\/www.software-reuse.eu\/it\/wp-json\/wp\/v2\/pages"}],"about":[{"href":"https:\/\/www.software-reuse.eu\/it\/wp-json\/wp\/v2\/types\/page"}],"author":[{"embeddable":true,"href":"https:\/\/www.software-reuse.eu\/it\/wp-json\/wp\/v2\/users\/1"}],"replies":[{"embeddable":true,"href":"https:\/\/www.software-reuse.eu\/it\/wp-json\/wp\/v2\/comments?post=7973"}],"version-history":[{"count":0,"href":"https:\/\/www.software-reuse.eu\/it\/wp-json\/wp\/v2\/pages\/7973\/revisions"}],"wp:attachment":[{"href":"https:\/\/www.software-reuse.eu\/it\/wp-json\/wp\/v2\/media?parent=7973"}],"curies":[{"name":"wp","href":"https:\/\/api.w.org\/{rel}","templated":true}]}}