{"id":8016,"date":"2020-04-30T13:12:36","date_gmt":"2020-04-30T11:12:36","guid":{"rendered":"https:\/\/swr1.wpenginepowered.com\/?page_id=8016"},"modified":"2026-01-14T15:26:13","modified_gmt":"2026-01-14T14:26:13","slug":"microsoft-licensing-glossario","status":"publish","type":"page","link":"https:\/\/www.software-reuse.eu\/it\/microsoft-licensing-glossario\/","title":{"rendered":"Microsoft Licensing Glossario"},"content":{"rendered":"<section><div class=\"container\"><div class=\"row\"><div class=\"wpb_column hcode-column-container  vc_custom_1581282046709 vc_col-sm-2 col-xs-mobile-fullwidth\" data-front-class=\" vc_custom_1581282046709 col-xs-mobile-fullwidth\"><div class=\"vc-column-innner-wrapper\"><\/div><\/div><div class=\"wpb_column hcode-column-container vc_col-sm-8 col-xs-mobile-fullwidth\" data-front-class=\"col-xs-mobile-fullwidth\"><div class=\"vc-column-innner-wrapper\">[vc_single_image source=\"featured_image\" img_size=\"full\" alignment=\"center\" css=\"\"][vc_empty_space height=\"24px\"]<p>Che cos'\u00e8 una licenza di volume? Quali diritti ho con quale licenza? Nel nostro lessico chiariamo i termini relativi a software e licenze o licenze e vi presentiamo le varie procedure e programmi di licenza dei prodotti software Microsoft.<\/p>\n<h2>Spiegazione delle licenze e delle licenze Microsoft<\/h2>\n[vc_text_separator title=\"B\" css=\".vc_custom_1607514578497{margin-bottom: 16px !important;}\"][vc_tta_accordion style=\"flat\" shape=\"round\" c_icon=\"chevron\" active_section=\"\" collapsible_all=\"true\"][vc_tta_section title=\"Che cos'\u00e8 un prodotto in scatola?\" tab_id=\"1607513748227-f5622fce-2829\"]<p>Un prodotto in scatola \u00e8 un software che \u00e8 stato consegnato con un CD (cio\u00e8 fisicamente).<\/p>\n<p>Il software fisico pu\u00f2 essere venduto? Questi prodotti software possono essere venduti <strong>senza problemi<\/strong>. Ci\u00f2 si basa sul cosiddetto \"principio di esaurimento\", secondo il quale una volta che un prodotto \u00e8 stato messo in circolazione, il produttore perde il suo diritto sul prodotto. Questo principio di esaurimento si applica in tutta Europa, il che significa che nulla ostacola il commercio di software in tutta l'UE.<\/p>\n[\/vc_tta_section][\/vc_tta_accordion][vc_text_separator title=\"C\" css=\".vc_custom_1607514586281{margin-bottom: 16px !important;}\"][vc_tta_accordion style=\"flat\" shape=\"round\" c_icon=\"chevron\" active_section=\"\" collapsible_all=\"true\"][vc_tta_section title=\"Che cosa significa CAL?\" tab_id=\"1607513797152-74b3c730-3ea2\"]<p>CAL \u00e8 l'acronimo di Client Access License (licenza di accesso al client) e descrive una forma speciale di licenza diffusa soprattutto in Microsoft. Significa che, oltre alle licenze per il server e per il client (cio\u00e8 il dispositivo), sono necessarie anche le licenze di accesso che autorizzano il server ad accettare le connessioni del client in base alla legge sulle licenze. Da un lato, ci sono le licenze per client che funzionano in base al dispositivo. Ci\u00f2 significa che ogni utente del rispettivo dispositivo ha accesso al server. Dall'altro lato, esistono licenze per utente, con le quali l'utente pu\u00f2 accedere e utilizzare i servizi del server da qualsiasi dispositivo.<\/p>\n[\/vc_tta_section][vc_tta_section title=\"Cosa pu\u00f2 fare la funzione Continuum?\" tab_id=\"1607514611406-d64ef03b-254e\"]<p>Die Funktion Windows 10 Continuum optimiert ihr Betriebssystem ger\u00e4te\u00fcbergreifend. Das hei\u00dft, dass Sie Ihren Arbeitsplatz \u00fcberallhin mitnehmen k\u00f6nnen, denn dank Continuum ist ein Wechsel von Tastatur- auf Tablet- und Toucheingaben (wie etwa bei Convertible Notebooks) kein Problem. Ebenso problemlos k\u00f6nnen Sie oder Ihre Mitarbeiter dank Continuum For Phones das Smartphone an den PC-Monitor zu Hause anschlie\u00dfen. Die Inhalte auf dem Smartphone werden ganz einfach an die Desktop-Ansicht angepasst. Keine Ausreden mehr beim Home Office \u2026<\/p>\n[\/vc_tta_section][\/vc_tta_accordion][vc_text_separator title=\"D\" css=\".vc_custom_1512749572736{margin-bottom: 15px !important;}\"][vc_tta_accordion style=\"flat\" shape=\"round\" c_icon=\"chevron\" active_section=\"\" collapsible_all=\"true\"][vc_tta_section title=\"Che cos'\u00e8 la prevenzione della perdita di dati in Microsoft?\" tab_id=\"1607514765349-45e4b9dc-6a1c\"]<p>Ogni azienda dispone di dati riservati e altamente sensibili che non devono trapelare. La prevenzione della perdita di dati protegge l'azienda dalla possibile perdita di tali dati. A questo scopo, Microsoft dispone di un proprio strumento di prevenzione della perdita di dati. Questo strumento impedisce a un utente finale, ad esempio un dipendente, di inviare dati predefiniti a un indirizzo e-mail esterno o a un servizio di archiviazione cloud pubblico.<\/p>\n<p>Le regole e i criteri vengono utilizzati per determinare quali dati e file sono interessati.<\/p>\n<p>Le normative governative e globali pi\u00f9 severe in materia di protezione dei dati e degli accessi obbligano le aziende a includere il DLP nei loro programmi di sicurezza esistenti.<\/p>\n[\/vc_tta_section][vc_tta_section title=\"Cosa significano i diritti di declassamento?\" tab_id=\"1607514765398-319e12d2-e1c2\"]<p>Dank Downgrade-Rechten haben Sie die M\u00f6glichkeit, fr\u00fchere Versionen einer Software einzusetzen. Wenn Sie statt Office 2013 also Office 2010 nutzen wollen, d\u00fcrfen Sie das. Nicht m\u00f6glich sind jedoch Editionswechsel wie z. B. der Einsatz von Microsoft Windows Home &amp; Student statt Professional.<\/p>\n[\/vc_tta_section][\/vc_tta_accordion][vc_text_separator title=\"E\" css=\".vc_custom_1512749597181{margin-bottom: 15px !important;}\"][vc_tta_accordion style=\"flat\" shape=\"round\" c_icon=\"chevron\" active_section=\"\" collapsible_all=\"true\"][vc_tta_section title=\"Che cos'\u00e8 l'ESD - Electronic Software Distribution?\" tab_id=\"1607514869462-eea029e7-238d\"]<p>ESD - Electronic Software Distribution descrive i prodotti software distribuiti esclusivamente per via elettronica (e-mail). Di solito vengono forniti solo il codice prodotto e un link per scaricare il software. Fate attenzione quando acquistate <strong>ESD<\/strong>: attualmente ci sono molti fornitori di software contraffatto o non autorizzato per il mercato europeo!<\/p>\n[\/vc_tta_section][\/vc_tta_accordion][vc_text_separator title=\"F\" css=\".vc_custom_1512749607399{margin-bottom: 15px !important;}\"][vc_tta_accordion style=\"flat\" shape=\"round\" c_icon=\"chevron\" active_section=\"\" collapsible_all=\"true\"][vc_tta_section title=\"Che cos'\u00e8 un FPP (Full Package Product)?\" tab_id=\"1607514876068-5ddf6d5d-a0f4\"]<p>Un prodotto a pacchetto completo \u00e8 un software per l'acquisto al dettaglio disponibile in una scatola o in una confezione simile in un negozio al dettaglio, come Microsoft Office Home and Business.<\/p>\n[\/vc_tta_section][\/vc_tta_accordion][vc_text_separator title=\"M\" css=\".vc_custom_1525951723007{margin-bottom: 15px !important;}\"][vc_tta_accordion style=\"flat\" shape=\"round\" c_icon=\"chevron\" active_section=\"\" collapsible_all=\"true\"][vc_tta_section title=\"Che cos'\u00e8 il Contratto Microsoft Enterprise?\" tab_id=\"1607514967093-6259be8c-37d9\"]<p>Il Microsoft Enterprise Agreement \u00e8 il programma di licenze di Microsoft per le grandi aziende con 500 o pi\u00f9 dipendenti.\u00a0\u00c8 possibile scegliere liberamente se il software viene acquistato nel pacchetto di licenze classiche o se viene concesso in licenza tramite il servizio Microsoft Cloud. Un unico contratto per l'intera azienda semplifica la gestione delle licenze.<\/p>\n[\/vc_tta_section][vc_tta_section title=\"Quali sono i termini di licenza Microsoft?\" tab_id=\"1607515008606-cc91b670-f11b\"]<p>I termini di licenza di Microsoft spiegano i diritti di utilizzo dei prodotti OEM, System Builder e FPP. Sono molto importanti perch\u00e9 definiscono, ad esempio, i diritti di re-imaging, i diritti di downgrade e varie altre disposizioni di utilizzo.<\/p>\n<p>Il nome precedente dei termini di licenza era Microsoft <strong>EULA<\/strong>, l'abbreviazione di End User Licence Agreement.<\/p>\n[\/vc_tta_section][vc_tta_section title=\"Che cos'\u00e8 il ``Microsoft Open License Program``?\" tab_id=\"1607515203160-87a2d108-ce43\"]<p>Il programma Microsoft Open License \u00e8 adatto alle piccole e medie imprese. Qui vengono offerti \"Open License\", \"Open Value\", \"Open Value Company-Wide\" e \"Open Value Subscription\".<\/p>\n<p>Open License e Open Value indicano modelli in cui \u00e8 possibile acquistare nuove licenze in base alle esigenze.<\/p>\n<p>Nei modelli Company-Wide e Subscription, la fornitura \u00e8 standardizzata per tutti i computer aziendali. Si tratta della cosiddetta standardizzazione della piattaforma desktop (per l'applicazione desktop Office e il sistema operativo desktop Windows).<br \/>\nDall'introduzione di Microsoft Cloud, la fornitura esclusiva di licenze e software tramite Microsoft Online Services \u00e8 una novit\u00e0.<\/p>\n<p>Microsoft Open License steht f\u00fcr Unternehmen ab f\u00fcnf Ger\u00e4ten bzw. Lizenzen zur Verf\u00fcgung.<\/p>\n[\/vc_tta_section][vc_tta_section title=\"Cosa dicono le Condizioni di prodotto Microsoft?\" tab_id=\"1607515265248-f090f878-f16e\"]<p>Le Condizioni di prodotto Microsoft illustrano i diritti di utilizzo delle licenze di volume Microsoft. Questo \u00e8 il termine inglese per indicare i termini di licenza Microsoft. Sono molto importanti perch\u00e9 definiscono, ad esempio, i diritti di re-imaging, i diritti di downgrade e vari altri termini di utilizzo. \u00c8 possibile scaricarle per il proprio prodotto nella lingua desiderata.<\/p>\n<p>In passato, i Termini di prodotto Microsoft erano chiamati anche Diritti di utilizzo del prodotto.<\/p>\n[\/vc_tta_section][vc_tta_section title=\"Che cos'\u00e8 Microsoft Select Plus?\" tab_id=\"1607515334442-be51e6f9-3fc8\"]<p>Select Plus era il programma di licenze originale di Microsoft per le aziende di medie e grandi dimensioni. Nel frattempo, viene offerto solo alle istituzioni pubbliche, al governo e alle autorit\u00e0. Il programma successivo a Select Plus per le aziende \u00e8 Microsoft Enterprise.<\/p>\n[\/vc_tta_section][vc_tta_section title=\"Che cos'\u00e8 una licenza\/un programma a volume Microsoft?\" tab_id=\"1607515359381-1343433f-4104\"]<p>Software che non viene venduto sotto forma di scatola, ma come licenza da scaricare. Le licenze a volume sono per lo pi\u00f9 destinate alle aziende, in quanto viene utilizzata una chiave di prodotto per il numero di licenze acquistate. Le licenze a volume di solito hanno diritti di utilizzo significativamente estesi, come il diritto di virtualizzazione, di downgrade, di uso domestico o di re-imaging. Le licenze a volume possono anche essere acquistate e vendute. Una sentenza della Corte di giustizia europea chiarisce la situazione legale del software usato.<\/p>\n<p>Ulteriori informazioni sui modelli di licenza Microsoft.<\/p>\n[\/vc_tta_section][\/vc_tta_accordion][vc_text_separator title=\"O\" css=\".vc_custom_1512749627404{margin-bottom: 15px !important;}\"][vc_tta_accordion style=\"flat\" shape=\"round\" c_icon=\"chevron\" active_section=\"\" collapsible_all=\"true\"][vc_tta_section title=\"Cosa significa OEM?\" tab_id=\"1607515418320-eb471617-152e\"]<p>OEM \u00e8 l'acronimo di Original Equipment Manufacturer (produttore di apparecchiature originali). Si tratta di prodotti software venduti in bundle con l'hardware, solitamente Windows Home o Pro o Office Home and Business o Professional.<\/p>\n[\/vc_tta_section][\/vc_tta_accordion][vc_text_separator title=\"R\" css=\".vc_custom_1512749634890{margin-bottom: 15px !important;}\"][vc_tta_accordion style=\"flat\" shape=\"round\" c_icon=\"chevron\" active_section=\"\" collapsible_all=\"true\"][vc_tta_section title=\"Cosa significa re-imaging?\" tab_id=\"1607515449325-273a89ce-a68d\"]<p>Il termine re-imaging consente di utilizzare un'immagine e una chiave di prodotto uniformi per installare prodotti software misti. Questo diritto \u00e8 disponibile solo con le licenze a volume Microsoft.<\/p>\n<p>I prerequisiti per il re-imaging sono: Lo stesso prodotto (ad esempio, Windows 10 Pro) deve essere installato nella stessa lingua (ad esempio, il tedesco) con gli stessi componenti del prodotto (ad esempio, non si possono mescolare suite Office diverse). Il re-imaging \u00e8 particolarmente interessante per i sistemi operativi Microsoft, in quanto le licenze OEM di solito hanno diritti di re-imaging e questo pu\u00f2 far risparmiare costi di licenza elevati - contattate il nostro team a questo proposito.<\/p>\n[\/vc_tta_section][\/vc_tta_accordion][vc_text_separator title=\"S\" css=\".vc_custom_1512749649759{margin-bottom: 15px !important;}\"][vc_tta_accordion style=\"flat\" shape=\"round\" c_icon=\"chevron\" active_section=\"\" collapsible_all=\"true\"][vc_tta_section title=\"Cosa sono le licenze System Builder?\" tab_id=\"1607515483654-f6ee22b2-3b13\"]<p>Le licenze per costruttori di sistemi sono solitamente prodotti software acquistati da piccoli OEM da distributori OEM autorizzati. Sono caratterizzate dal fatto di non avere l'etichetta di produttore OEM. Sono molto adatte come \"sistemi operativi qualificati\" per i contratti a volume di Microsoft o per l'uso di software nelle scuole o nel settore pubblico.<\/p>\n[\/vc_tta_section][\/vc_tta_accordion][vc_text_separator title=\"V\" css=\".vc_custom_1512749656051{margin-bottom: 15px !important;}\"][vc_tta_accordion style=\"flat\" shape=\"round\" c_icon=\"chevron\" active_section=\"\" collapsible_all=\"true\"][vc_tta_section title=\"Cosa significa virtualizzazione?\" tab_id=\"1607515486986-a6b2f513-f855\"]<p>Con il diritto di virtualizzare, \u00e8 possibile creare desktop virtuali per accedere alla stessa interfaccia e allo stesso sistema tramite dispositivi diversi. Ci\u00f2 consente di risparmiare sui costi di server e di gestione e di centralizzare l'infrastruttura IT e di pianificare o utilizzare meglio le risorse. In genere, la virtualizzazione \u00e8 possibile solo con le licenze a volume di Microsoft.<\/p>\n[\/vc_tta_section][vc_tta_section title=\"Che cos'\u00e8 il Volume Licensing Service Centre (VLSC)?\" tab_id=\"1607515532190-f492eb58-57a0\"]<p>Il VLSC, o Volume Licensing Service Center, \u00e8 una piattaforma di Microsoft su cui \u00e8 possibile gestire le licenze di volume Microsoft appena acquistate e scaricare i file di installazione.<\/p>\n[\/vc_tta_section][\/vc_tta_accordion]<\/div><\/div><div class=\"wpb_column hcode-column-container vc_col-sm-2 col-xs-mobile-fullwidth\" data-front-class=\"col-xs-mobile-fullwidth\"><div class=\"vc-column-innner-wrapper\"><\/div><\/div><\/div><\/div><\/section><section class=\" vc_custom_1607508772717\"><div class=\"container\"><div class=\"row\"><div class=\"wpb_column hcode-column-container vc_col-sm-12 col-xs-mobile-fullwidth\" data-front-class=\"col-xs-mobile-fullwidth\"><div class=\"vc-column-innner-wrapper\"><h2 style=\"text-align: center;\">Siete interessati ad acquistare o vendere software per la vostra azienda?<\/h2>\n<div class=\"cta-buttons hcode-inner-row\"><div class=\"wpb_column hcode-column-container vc_col-sm-12 col-xs-mobile-fullwidth\" data-front-class=\"col-xs-mobile-fullwidth\"><div class=\"vc-column-innner-wrapper\">[vc_btn title=\"Vai allo shop\" link=\"url:https%3A%2F%2Fwww.software-reuse.eu%2Fit%2Fshop%2F|title:Zum%20Shop|\" el_class=\"primary-button\"][vc_btn title=\"Consulenza senza impegno\" el_class=\"secondary-button\" link=\"url:https%3A%2F%2Fwww.software-reuse.eu%2Fit%2Fcontatti%2F|title:Unverbindliche%20Beratung|\"]<\/div><\/div><\/div><\/div><\/div><\/div><\/div><\/section><section class=\"fakten-cta\"><div class=\"container\"><div class=\"row\"><div class=\"wpb_column hcode-column-container vc_col-sm-12 col-xs-mobile-fullwidth\" data-front-class=\"col-xs-mobile-fullwidth\"><div class=\"vc-column-innner-wrapper\"><div class=\"padding-three-bottom sm-padding-three-bottom xs-padding-three-tb\"><h2 style=\"text-align: center;\">Software ReUse - scrivono di noi<\/h2>\n<\/div>[vc_raw_html]JTVCbG9nb3Nob3djYXNlJTIwY2F0X2lkJTNEJTIyMjYlMjIlMjBkb3RzJTNEJTIyZmFsc2UlMjIlNUQ=[\/vc_raw_html]<\/div><\/div><\/div><\/div><\/section>","protected":false},"excerpt":{"rendered":"<p>[vc_single_image source=&#8221;featured_image&#8221; img_size=&#8221;full&#8221; alignment=&#8221;center&#8221; css=&#8221;&#8221;][vc_empty_space height=&#8221;24px&#8221;]Che cos&#8217;\u00e8 una licenza di volume? Quali diritti ho con quale licenza? Nel nostro lessico chiariamo i termini relativi a software e licenze o licenze e vi presentiamo le varie procedure e programmi di licenza dei prodotti software Microsoft. Spiegazione delle licenze e delle licenze Microsoft [vc_text_separator title=&#8221;B&#8221; css=&#8221;.vc_custom_1607514578497{margin-bottom: 16px [&hellip;]<\/p>\n","protected":false},"author":1,"featured_media":52361,"parent":0,"menu_order":0,"comment_status":"closed","ping_status":"closed","template":"","meta":{"inline_featured_image":false,"footnotes":""},"class_list":["post-8016","page","type-page","status-publish","has-post-thumbnail","hentry"],"_links":{"self":[{"href":"https:\/\/www.software-reuse.eu\/it\/wp-json\/wp\/v2\/pages\/8016","targetHints":{"allow":["GET"]}}],"collection":[{"href":"https:\/\/www.software-reuse.eu\/it\/wp-json\/wp\/v2\/pages"}],"about":[{"href":"https:\/\/www.software-reuse.eu\/it\/wp-json\/wp\/v2\/types\/page"}],"author":[{"embeddable":true,"href":"https:\/\/www.software-reuse.eu\/it\/wp-json\/wp\/v2\/users\/1"}],"replies":[{"embeddable":true,"href":"https:\/\/www.software-reuse.eu\/it\/wp-json\/wp\/v2\/comments?post=8016"}],"version-history":[{"count":0,"href":"https:\/\/www.software-reuse.eu\/it\/wp-json\/wp\/v2\/pages\/8016\/revisions"}],"wp:featuredmedia":[{"embeddable":true,"href":"https:\/\/www.software-reuse.eu\/it\/wp-json\/wp\/v2\/media\/52361"}],"wp:attachment":[{"href":"https:\/\/www.software-reuse.eu\/it\/wp-json\/wp\/v2\/media?parent=8016"}],"curies":[{"name":"wp","href":"https:\/\/api.w.org\/{rel}","templated":true}]}}