{"id":8060,"date":"2020-06-16T11:57:12","date_gmt":"2020-06-16T09:57:12","guid":{"rendered":"https:\/\/swr1.wpenginepowered.com\/?page_id=8060"},"modified":"2025-10-21T13:20:59","modified_gmt":"2025-10-21T11:20:59","slug":"informazioni-legali","status":"publish","type":"page","link":"https:\/\/www.software-reuse.eu\/it\/informazioni-legali\/","title":{"rendered":"Informazioni legali"},"content":{"rendered":"<section><div class=\"container\"><div class=\"row\"><div class=\"wpb_column hcode-column-container vc_col-sm-2 col-xs-mobile-fullwidth\" data-front-class=\"col-xs-mobile-fullwidth\"><div class=\"vc-column-innner-wrapper\"><\/div><\/div><div class=\"wpb_column hcode-column-container vc_col-sm-8 col-xs-mobile-fullwidth\" data-front-class=\"col-xs-mobile-fullwidth\"><div class=\"vc-column-innner-wrapper\"><h2>Software ReUse Tauchhammer GmbH<\/h2>\n<p>Direttore: Mag. Stefan Tauchhammer, MBA<\/p>\n<p><strong>Registro imprese:<\/strong> FN 409469k<br \/><strong>Tribunale commerciale:<\/strong>\u00a0Vienna<br \/>Comune. ECG: Magistratisches Consiglio di zona distretto VIII.<br \/>Reparto adibto: Canera del lavoro Vienna<br \/><strong>P.IVA :<\/strong> ATU 68582205<\/p>\n<p><strong>Indirizzo:<\/strong> Laudongasse 54\/2, 1080 Wien, \u00d6sterreich<\/p>\n<p>Info, Dati e reclami unter: <a href=\"mailto:lizenzieren@software-reuse.eu\">lizenzieren@software-reuse.eu<\/a><br \/><strong>Tel. (Festnetz):<\/strong> +43\/1\/997 27 87-0, Mo-Fr 09:00 - 17:00 Uhr<br \/><strong>Fax:<\/strong> +43\/1\/997 27 87-9<\/p>\n<p>Medieninhaber, Herausgeber, Verleger: Software ReUse Tauchhammer GmbH<br \/>Gesetzliche Vorschriften: Gewerbeordnung (www.ris.bka.gv.at )<br \/>Gewerbebezeichnung: Handel<br \/>Mitglied der WKO: Handel mit EDV-Software<br \/>Berufsbezeichnung\/Unternehmensgegenstand: Handel, \u00d6sterreich<br \/>Freiwillige Verhaltensrichtlinien: <a href=\"https:\/\/www.guetezeichen.at\/unternehmen\/kriterien\/\" data-schema-attribute=\"\" target=\"_blank\" rel=\"noopener\">www.guetezeichen.at<\/a><\/p>\n<p>Online-Streitbeilegung gem\u00e4\u00df Art. 14 Abs. 1 ODR-VO: Die Europ\u00e4ische Kommission stellt eine Plattform zur Online-Streitbeilegung (OS) bereit, die Sie unter <a href=\"http:\/\/ec.europa.eu\/consumers\/odr\/\" target=\"_blank\" rel=\"noopener noreferrer\">http:\/\/ec.europa.eu\/consumers\/odr\/<\/a> finden.<\/p>\n<p><strong>Allgemeine rechtliche Hinweise<\/strong><\/p>\n<p>Il contenuto di questo sito web \u00e8 solo per informazioni generali, motivo per cui escludiamo qualsiasi responsabilit\u00e0 per la correttezza, la completezza e l'attualit\u00e0.<\/p>\n<p><strong>Diritti di propriet\u00e0 intellettuale\/Copyright<\/strong><\/p>\n<p>Esistono diritti di propriet\u00e0 intellettuale su tutti i contenuti (testi, immagini, video, loghi, ecc.) del sito web. Qualsiasi utilizzo, indipendentemente dal tipo, pu\u00f2 avvenire solo previa nostra approvazione scritta.<\/p>\n<p>Fanno eccezione l'uso privato e il contenuto dei dati disponibili per il download per l'uso specificato di volta in volta.<\/p>\n<p><strong>Datenschutzerkl\u00e4rung<\/strong><\/p>\n<p>In unserer <a href=\"\/?page_id=398\">Datenschutzerkl\u00e4rung<\/a> finden Sie alle Informationen zum Umgang mit Ihren personenbezogenen Daten.<\/p>\n<div class=\"woocommerce woocommerce-gzd woocommerce-gzd-complaints-shortcode\">\n\t\t\t<h3>Information pursuant to \u00a7 19 (3) AStG<\/h3>\n\t\t<p>Alternative Dispute Resolution Act - Online stores<\/p>\n\t\nNon siamo obbligati n\u00e9 disposti a partecipare a procedimenti di risoluzione delle controversie dinanzi a un collegio arbitrale dei consumatori.<\/div>\n<\/div><\/div><div class=\"wpb_column hcode-column-container vc_col-sm-2 col-xs-mobile-fullwidth\" data-front-class=\"col-xs-mobile-fullwidth\"><div class=\"vc-column-innner-wrapper\"><\/div><\/div><\/div><\/div><\/section>","protected":false},"excerpt":{"rendered":"<p>Software ReUse Tauchhammer GmbH Direttore: Mag. Stefan Tauchhammer, MBA Registro imprese: FN 409469kTribunale commerciale:\u00a0ViennaComune. ECG: Magistratisches Consiglio di zona distretto VIII.Reparto adibto: Canera del lavoro ViennaP.IVA : ATU 68582205 Indirizzo: Laudongasse 54\/2, 1080 Wien, \u00d6sterreich Info, Dati e reclami unter: lizenzieren@software-reuse.euTel. (Festnetz): +43\/1\/997 27 87-0, Mo-Fr 09:00 &#8211; 17:00 UhrFax: +43\/1\/997 27 87-9 Medieninhaber, Herausgeber, [&hellip;]<\/p>\n","protected":false},"author":1,"featured_media":0,"parent":0,"menu_order":0,"comment_status":"closed","ping_status":"closed","template":"","meta":{"inline_featured_image":false,"footnotes":""},"class_list":["post-8060","page","type-page","status-publish","hentry"],"_links":{"self":[{"href":"https:\/\/www.software-reuse.eu\/it\/wp-json\/wp\/v2\/pages\/8060","targetHints":{"allow":["GET"]}}],"collection":[{"href":"https:\/\/www.software-reuse.eu\/it\/wp-json\/wp\/v2\/pages"}],"about":[{"href":"https:\/\/www.software-reuse.eu\/it\/wp-json\/wp\/v2\/types\/page"}],"author":[{"embeddable":true,"href":"https:\/\/www.software-reuse.eu\/it\/wp-json\/wp\/v2\/users\/1"}],"replies":[{"embeddable":true,"href":"https:\/\/www.software-reuse.eu\/it\/wp-json\/wp\/v2\/comments?post=8060"}],"version-history":[{"count":0,"href":"https:\/\/www.software-reuse.eu\/it\/wp-json\/wp\/v2\/pages\/8060\/revisions"}],"wp:attachment":[{"href":"https:\/\/www.software-reuse.eu\/it\/wp-json\/wp\/v2\/media?parent=8060"}],"curies":[{"name":"wp","href":"https:\/\/api.w.org\/{rel}","templated":true}]}}