{"id":8077,"date":"2020-04-30T13:06:39","date_gmt":"2020-04-30T11:06:39","guid":{"rendered":"https:\/\/swr1.wpenginepowered.com\/?page_id=8077"},"modified":"2024-07-03T10:21:07","modified_gmt":"2024-07-03T08:21:07","slug":"i-vantaggi-del-software-usato","status":"publish","type":"page","link":"https:\/\/www.software-reuse.eu\/it\/fatti\/i-vantaggi-del-software-usato\/","title":{"rendered":"I vantaggi del software usato"},"content":{"rendered":"<section><div class=\"container\"><div class=\"row\"><div class=\"wpb_column hcode-column-container vc_col-sm-2 col-xs-mobile-fullwidth\" data-front-class=\"col-xs-mobile-fullwidth\"><div class=\"vc-column-innner-wrapper\"><\/div><\/div><div class=\"wpb_column hcode-column-container vc_col-sm-8 col-xs-mobile-fullwidth\" data-front-class=\"col-xs-mobile-fullwidth\"><div class=\"vc-column-innner-wrapper\">[vc_single_image source=\"featured_image\" img_size=\"full\" css=\"\"][vc_empty_space height=\"24px\"]<p>Se stai pensando di acquistare o vendere il software della tua azienda, questa pagina pu\u00f2 aiutarti. Abbiamo riassunto i vantaggi per te e li abbiamo presentati chiaramente.<\/p>\n<p>L'acquisto di software usato \u00e8 particolarmente utile nei seguenti casi:<\/p>\n<p class=\"likeh3\" style=\"text-align: left;\">Versioni omogenee<\/p>\n<p>Desideri concedere in licenza nuovi dipartimenti \/ dipendenti e avere tutte le versioni omogenee?<\/p>\n<p>Caso di studio 1: sono necessarie 50 licenze per le nuove postazioni di lavoro. Attualmente state utilizzando Microsoft Office 2013 o 2016. Se desideri acquistare \"nuovi licenze\" per ulteriori postazioni, potete acquistare solo Office 2019. Con contratti a volume si ha la possibilit\u00e0 di effettuare il downgrade alla versione desiderata, ma pagheresti di pi\u00f9 per una versione che non vi serve.<\/p>\n<p>Caso di studio 2: Windows 8 anzich\u00e9 Windows 10. I nuovi computer sono generalmente dotati di una licenza Windows 10, che di solito costa pi\u00f9 di \u20ac 100. Se state cercando uno versioni omogenee per\u00a0 i vostri PC, dovete effettuare il downgrade a Windows 8. In questo caso, ha pi\u00f9 senso acquistare i PC senza un sistema operativo e dotare i computer di licenze Windows 8 Professional usate. Questo pu\u00f2 farti risparmiare tempo e denaro.<\/p>\n<p class=\"likeh3\" style=\"text-align: left;\">Potenziale di risparmio<\/p>\n<p>Devi migrare ad una versione pi\u00f9 recente di Microsoft Office, ad es. da Office 2010 a 2013 o 2016, ma hai un budget IT limitato? Anche in questo caso, \u00e8 possibile risparmiare risorse con il software usato. Accettiamo anche il software che non utilizzi pi\u00f9 in permuta come metodo di pagamento.<\/p>\n<p>Se il software acquistato include anche un diritto di aggiornamento, ovviamente lo acquisirai anche nei tuoi diritti di utilizzo e risparmierai ulteriormente: hai risparmiato sulla versione precedente e puoi comunque aggiornare alla nuova versione.<\/p>\n<p class=\"likeh3\" style=\"text-align: left;\">Costi di formazione<\/p>\n<p>Nuovo software significa pi\u00f9 costi di formazione e la formazione \u00e8 sempre in cima alla classifica dei costi. Chiunque abbia gi\u00e0 organizzato corsi di formazione per i propri dipendenti lo sa molto bene. Se si utilizza una versione precedente, i costi di formazione sono inferiori o possono addirittura essere eliminati del tutto.<\/p>\n<h2 class=\"likeh3\" style=\"text-align: left;\">Il software usato non \u00e8 soggetto ad usura<\/h2>\n<p>Un argomento che scoraggia l'acquisto di beni usati \u00e8 che i prodotti in questione sono soggetti ad usura. Questo non vale per il software! Anche se le licenze sono di seconda mano, le prestazioni del software non sono ridotte i prodotti\u00a0 sono come nuovi, ma\u00a0 pi\u00f9 convenienti!<\/p>\n<p class=\"likeh3\" style=\"text-align: left;\">Conclusione<\/p>\n<p>Ora ti abbiamo mostrato alcuni dei vantaggi che pu\u00f2 portare l'acquisto di software usato, tra cui il maggiore, ovvero il risparmio. Come si suol dire: \"Non cambiare mai una squadra vincente\", se sei quindi soddisfatto della versione che utilizzi non \u00e8 necessario passare alla versione successiva.<br \/>\nQuindi, vale la pena acquistare software usato<strong>!<\/strong><\/p>\n<\/div><\/div><div class=\"wpb_column hcode-column-container vc_col-sm-2 col-xs-mobile-fullwidth\" data-front-class=\"col-xs-mobile-fullwidth\"><div class=\"vc-column-innner-wrapper\"><\/div><\/div><\/div><\/div><\/section>","protected":false},"excerpt":{"rendered":"<p>[vc_single_image source=&#8221;featured_image&#8221; img_size=&#8221;full&#8221; css=&#8221;&#8221;][vc_empty_space height=&#8221;24px&#8221;]Se stai pensando di acquistare o vendere il software della tua azienda, questa pagina pu\u00f2 aiutarti. Abbiamo riassunto i vantaggi per te e li abbiamo presentati chiaramente. L&#8217;acquisto di software usato \u00e8 particolarmente utile nei seguenti casi: Versioni omogenee Desideri concedere in licenza nuovi dipartimenti \/ dipendenti e avere tutte le [&hellip;]<\/p>\n","protected":false},"author":2,"featured_media":52377,"parent":8152,"menu_order":0,"comment_status":"closed","ping_status":"closed","template":"","meta":{"inline_featured_image":false,"footnotes":""},"class_list":["post-8077","page","type-page","status-publish","has-post-thumbnail","hentry"],"_links":{"self":[{"href":"https:\/\/www.software-reuse.eu\/it\/wp-json\/wp\/v2\/pages\/8077","targetHints":{"allow":["GET"]}}],"collection":[{"href":"https:\/\/www.software-reuse.eu\/it\/wp-json\/wp\/v2\/pages"}],"about":[{"href":"https:\/\/www.software-reuse.eu\/it\/wp-json\/wp\/v2\/types\/page"}],"author":[{"embeddable":true,"href":"https:\/\/www.software-reuse.eu\/it\/wp-json\/wp\/v2\/users\/2"}],"replies":[{"embeddable":true,"href":"https:\/\/www.software-reuse.eu\/it\/wp-json\/wp\/v2\/comments?post=8077"}],"version-history":[{"count":0,"href":"https:\/\/www.software-reuse.eu\/it\/wp-json\/wp\/v2\/pages\/8077\/revisions"}],"up":[{"embeddable":true,"href":"https:\/\/www.software-reuse.eu\/it\/wp-json\/wp\/v2\/pages\/8152"}],"wp:featuredmedia":[{"embeddable":true,"href":"https:\/\/www.software-reuse.eu\/it\/wp-json\/wp\/v2\/media\/52377"}],"wp:attachment":[{"href":"https:\/\/www.software-reuse.eu\/it\/wp-json\/wp\/v2\/media?parent=8077"}],"curies":[{"name":"wp","href":"https:\/\/api.w.org\/{rel}","templated":true}]}}