{"id":8080,"date":"2020-04-30T13:06:03","date_gmt":"2020-04-30T11:06:03","guid":{"rendered":"https:\/\/swr1.wpenginepowered.com\/?page_id=8080"},"modified":"2026-02-12T11:45:59","modified_gmt":"2026-02-12T10:45:59","slug":"trasferimento-delle-licenze-software-usate","status":"publish","type":"page","link":"https:\/\/www.software-reuse.eu\/it\/fatti\/trasferimento-delle-licenze-software-usate\/","title":{"rendered":"Trasferimento delle licenze software usate"},"content":{"rendered":"<section><div class=\"container\"><div class=\"row\"><div class=\"wpb_column hcode-column-container vc_col-sm-2 col-xs-mobile-fullwidth\" data-front-class=\"col-xs-mobile-fullwidth\"><div class=\"vc-column-innner-wrapper\"><\/div><\/div><div class=\"wpb_column hcode-column-container vc_col-sm-8 col-xs-mobile-fullwidth\" data-front-class=\"col-xs-mobile-fullwidth\"><div class=\"vc-column-innner-wrapper\">[vc_single_image source=\"featured_image\" img_size=\"full\" css=\"\"][vc_empty_space height=\"24px\"]<p>Noi di Software ReUse garantiamo la trasparenza sull'acquisizione della licenza. Scopri qui come gestiamo il trasferimento delle licenze. La nostra procedura consente di fornire le prove della legalit\u00e0 della licenza in caso di controllo da parte del produttore. Contattaci pure per ulteriori chiarimenti!<\/p>\n<h2>Rivendita di licenze usate<\/h2>\n<p>Dalla <strong>sentenza della Corte di giustizia europea del 3 luglio 2012 <a href=\"https:\/\/www.software-reuse.eu\/wp-content\/uploads\/2026\/01\/EU-Court-ruling-Italiano.pdf\">C128\/11<\/a><\/strong>, la vendita di contratti multilicenza usati non richiede pi\u00f9 il consenso del produttore del software. Vogliamo offrire ai nostri clienti la massima trasparenza e sicurezza. Effettuiamo quindi il trasferimento della licenza come segue:<\/p>\n<ul>\n<li>Il precedente proprietario delle licenze conferma con apposita dichiarazione che tali licenze non sono pi\u00f9 in uso. Ci\u00f2 significa che il nuovo acquirente pu\u00f2 utilizzarle senza problemi!<\/li>\n<\/ul>\n<p><strong>Il transferimento di licenze di volume include:<\/strong><\/p>\n<ul>\n<li>le informazioni sul proprietario originale, una dichiarazione di annullamento, copie dei contratti e i\u00a0 <strong>documenti di trasferimento della licenza <\/strong><\/li>\n<li><strong><strong>le chiavi di licenza originali e le informazioni sul proprietario originale, inclusi anche i numeri di contratto\u00a0<\/strong><\/strong><\/li>\n<li><strong>una bolla di consegna e una fattura da Software ReUse, che documenta il trasferimento delle licenze all'utente<\/strong><\/li>\n<\/ul>\n<p><strong>Prodotti al dettaglio o prodotti consegnati fisicamente (come OEM):<\/strong><\/p>\n<ul>\n<li>Riceverai il <strong>certificato di autenticit\u00e0 (COA)<\/strong><\/li>\n<\/ul>\n<p>Se in caso di un controllo da parte del produttore del software vengono richieste pi\u00f9 informazioni, siamo disponibili ad assistervi. Per saperne di pi\u00f9\u00a0 consultate la nostra sezione \"Consulenza per le licenze e l'auditing\".<\/p>\n<\/div><\/div><div class=\"wpb_column hcode-column-container vc_col-sm-2 col-xs-mobile-fullwidth\" data-front-class=\"col-xs-mobile-fullwidth\"><div class=\"vc-column-innner-wrapper\"><\/div><\/div><\/div><\/div><\/section>","protected":false},"excerpt":{"rendered":"<p>[vc_single_image source=&#8221;featured_image&#8221; img_size=&#8221;full&#8221; css=&#8221;&#8221;][vc_empty_space height=&#8221;24px&#8221;]Noi di Software ReUse garantiamo la trasparenza sull&#8217;acquisizione della licenza. Scopri qui come gestiamo il trasferimento delle licenze. La nostra procedura consente di fornire le prove della legalit\u00e0 della licenza in caso di controllo da parte del produttore. Contattaci pure per ulteriori chiarimenti! Rivendita di licenze usate Dalla sentenza della Corte [&hellip;]<\/p>\n","protected":false},"author":1,"featured_media":52417,"parent":8152,"menu_order":0,"comment_status":"closed","ping_status":"closed","template":"","meta":{"inline_featured_image":false,"footnotes":""},"class_list":["post-8080","page","type-page","status-publish","has-post-thumbnail","hentry"],"_links":{"self":[{"href":"https:\/\/www.software-reuse.eu\/it\/wp-json\/wp\/v2\/pages\/8080","targetHints":{"allow":["GET"]}}],"collection":[{"href":"https:\/\/www.software-reuse.eu\/it\/wp-json\/wp\/v2\/pages"}],"about":[{"href":"https:\/\/www.software-reuse.eu\/it\/wp-json\/wp\/v2\/types\/page"}],"author":[{"embeddable":true,"href":"https:\/\/www.software-reuse.eu\/it\/wp-json\/wp\/v2\/users\/1"}],"replies":[{"embeddable":true,"href":"https:\/\/www.software-reuse.eu\/it\/wp-json\/wp\/v2\/comments?post=8080"}],"version-history":[{"count":0,"href":"https:\/\/www.software-reuse.eu\/it\/wp-json\/wp\/v2\/pages\/8080\/revisions"}],"up":[{"embeddable":true,"href":"https:\/\/www.software-reuse.eu\/it\/wp-json\/wp\/v2\/pages\/8152"}],"wp:featuredmedia":[{"embeddable":true,"href":"https:\/\/www.software-reuse.eu\/it\/wp-json\/wp\/v2\/media\/52417"}],"wp:attachment":[{"href":"https:\/\/www.software-reuse.eu\/it\/wp-json\/wp\/v2\/media?parent=8080"}],"curies":[{"name":"wp","href":"https:\/\/api.w.org\/{rel}","templated":true}]}}