{"id":8121,"date":"2020-04-30T13:04:18","date_gmt":"2020-04-30T11:04:18","guid":{"rendered":"https:\/\/swr1.wpenginepowered.com\/?page_id=8121"},"modified":"2026-01-14T15:43:53","modified_gmt":"2026-01-14T14:43:53","slug":"e-legale-acquistare-software-usato","status":"publish","type":"page","link":"https:\/\/www.software-reuse.eu\/it\/fatti\/e-legale-acquistare-software-usato\/","title":{"rendered":"\u00c8 legale acquistare software usato?"},"content":{"rendered":"<section><div class=\"container\"><div class=\"row\"><div class=\"wpb_column hcode-column-container  vc_custom_1581282046709 vc_col-sm-2 col-xs-mobile-fullwidth\" data-front-class=\" vc_custom_1581282046709 col-xs-mobile-fullwidth\"><div class=\"vc-column-innner-wrapper\"><\/div><\/div><div class=\"wpb_column hcode-column-container vc_col-sm-8 col-xs-mobile-fullwidth\" data-front-class=\"col-xs-mobile-fullwidth\"><div class=\"vc-column-innner-wrapper\">[vc_single_image source=\"featured_image\" img_size=\"full\" alignment=\"center\" css=\".vc_custom_1719995044930{padding-bottom: 0px !important;}\"][vc_empty_space height=\"24px\"]<div class=\"margin-three-bottom sm-margin-three-bottom xs-margin-three-bottom\"><h2>Base giuridica per licenze software usate<\/h2>\n<p style=\"text-align: left;\">La tematica delle licenze software usate \u00e8 stata definitivamente chiarita dalla corte europea con la sentenza del 3 Luglio 2012. In quella data \u00e8 stata dichiarata totalmente approvata la rivendita di software usati, anche nei casi in cui fosse proibito dal contratto. Questa sentenza visionaria ha lettralmente rivoluzionato il mercato delle licenze liberalizzando il donwload dalla rete di licenze quali Microsoft, Adobe ed altre.<\/p>\n<p>Prima della sentenza era esclusivamente permessa la vendita di software usati confezionati, ovvero in forma fisica (CD o altro). Per queste licenze usate valeva il \"principio di scadenza\", ossia il divieto di rivendita a seguito dell'acquisto immediato. La sentenza EuGH del 2012 ha definitivamente riempito la falla riguardante il copyright, che prima di allora non aveva tenuto conto della commercializzazione di licenze in forma digitale.<\/p>\n<\/div><div class=\"justify\"><h3>Come posso ottenere una licenza software usata?<\/h3>\n<p style=\"text-align: left;\">Alcune licenze rimangono in disuso nel momento in cui un'azienda decide di passare al modello abbonamenti di Microsoft Office 365, dato che l'utilizzo di tali licenze \u00e8 ancora valido. Una volta terminata l'installazione del nuovo software, le licenze singole posso essere cedute. Ovviamente, quasto accade anche in caso di ammortamento o rinnovo degli impianti, acquisto di nuovi software o cessione attivit\u00e0.<\/p>\n<p style=\"text-align: left;\">Sul mercato sono presenti rivenditori specializzati che acquistano licenze dismesse rivendendole alle aziende interessate.<\/p>\n<p style=\"text-align: left;\">Le aziende, nella maggior parte dei casi, sono molto interessate all'acquisto di licenze usate, dato che spesso sono pi\u00fa convenienti del 75% oppure perch\u00e9 si tratta di versioni precedenti non pi\u00f9 facilmente reperibili presso il produttore.<\/p>\n<p style=\"text-align: left;\">L'unica differenza davvero sostanziale tra software usati e nuovi \u00e8 il prezzo di acquisto! Voi, in qualit\u00e0 di acquirenti, otterrete una qualit\u00e0 esattamente equivalente a quella del prodotto nuovo ed avrete allo stesso modo diritto agli aggiornamenti ed al supporto.<\/p>\n<p style=\"text-align: left;\">Venditori professionali e seri come Software Reuse informano il proprio cliente di tutto l'iter compiuto dal software proposto, da quando \u00e8 stato immesso sul mercato,\u00a0 quali sono i codici di contratto e da quale azienda era stato acquistato; inoltre fornisce di default la copia della dichiarazione di annullamento. Con questo modus operandi garantiamo la conformit\u00e1 a livello europeo della cessione di licenze.<\/p>\n<p>Nota bene: l'acquisto di software usato, non solo \u00e8 assolutamente legale, ma \u00e8 anche totalmente vantaggioso. Desiderate risparmiare sugli ascuisti? Consultate il <a href=\"\/?page_id=16070\" target=\"_blank\" rel=\"noopener\">nostro Shop<\/a> oppure <a href=\"\/?product_cat=kontaktformular\" target=\"_blank\" rel=\"noopener\">contattateci<\/a> !<\/p>\n<\/div><\/div><\/div><div class=\"wpb_column hcode-column-container vc_col-sm-2 col-xs-mobile-fullwidth\" data-front-class=\"col-xs-mobile-fullwidth\"><div class=\"vc-column-innner-wrapper\"><\/div><\/div><\/div><\/div><\/section><section class=\" vc_custom_1607508772717\"><div class=\"container\"><div class=\"row\"><div class=\"wpb_column hcode-column-container vc_col-sm-12 col-xs-mobile-fullwidth\" data-front-class=\"col-xs-mobile-fullwidth\"><div class=\"vc-column-innner-wrapper\"><h2 style=\"text-align: center;\">Siete interessati all'acquisto o alla vendita di software usato?<\/h2>\n<div class=\"cta-buttons hcode-inner-row\"><div class=\"wpb_column hcode-column-container vc_col-sm-12 col-xs-mobile-fullwidth\" data-front-class=\"col-xs-mobile-fullwidth\"><div class=\"vc-column-innner-wrapper\">[vc_btn title=\"Vai allo Shop\" link=\"url:https%3A%2F%2Fwww.software-reuse.eu%2Fit%2Fshop%2F|title:Vai%20allo%20Shop|\" el_class=\"primary-button\"][vc_btn title=\"Colloquio informativo senza impegno\" el_class=\"secondary-button\" link=\"url:https%3A%2F%2Fwww.software-reuse.eu%2Fit%2Fcontatti%2F|title:Colloquio%20informativo%20senza%20impegno|\"]<\/div><\/div><\/div><\/div><\/div><\/div><\/div><\/section><section class=\"fakten-cta\"><div class=\"container\"><div class=\"row\"><div class=\"wpb_column hcode-column-container vc_col-sm-12 col-xs-mobile-fullwidth\" data-front-class=\"col-xs-mobile-fullwidth\"><div class=\"vc-column-innner-wrapper\"><div class=\"padding-three-bottom sm-padding-three-bottom xs-padding-three-tb\"><h2 style=\"text-align: center;\">Report su Software ReUse<\/h2>\n<\/div>[vc_raw_html]W2xvZ29zaG93Y2FzZSBjYXRfaWQ9IjI2IiBkb3RzPSJmYWxzZSJd[\/vc_raw_html]<\/div><\/div><\/div><\/div><\/section>","protected":false},"excerpt":{"rendered":"<p>[vc_single_image source=&#8221;featured_image&#8221; img_size=&#8221;full&#8221; alignment=&#8221;center&#8221; css=&#8221;.vc_custom_1719995044930{padding-bottom: 0px !important;}&#8221;][vc_empty_space height=&#8221;24px&#8221;]Base giuridica per licenze software usate La tematica delle licenze software usate \u00e8 stata definitivamente chiarita dalla corte europea con la sentenza del 3 Luglio 2012. In quella data \u00e8 stata dichiarata totalmente approvata la rivendita di software usati, anche nei casi in cui fosse proibito dal contratto. [&hellip;]<\/p>\n","protected":false},"author":2,"featured_media":52385,"parent":8152,"menu_order":0,"comment_status":"closed","ping_status":"closed","template":"","meta":{"inline_featured_image":false,"footnotes":""},"class_list":["post-8121","page","type-page","status-publish","has-post-thumbnail","hentry"],"_links":{"self":[{"href":"https:\/\/www.software-reuse.eu\/it\/wp-json\/wp\/v2\/pages\/8121","targetHints":{"allow":["GET"]}}],"collection":[{"href":"https:\/\/www.software-reuse.eu\/it\/wp-json\/wp\/v2\/pages"}],"about":[{"href":"https:\/\/www.software-reuse.eu\/it\/wp-json\/wp\/v2\/types\/page"}],"author":[{"embeddable":true,"href":"https:\/\/www.software-reuse.eu\/it\/wp-json\/wp\/v2\/users\/2"}],"replies":[{"embeddable":true,"href":"https:\/\/www.software-reuse.eu\/it\/wp-json\/wp\/v2\/comments?post=8121"}],"version-history":[{"count":0,"href":"https:\/\/www.software-reuse.eu\/it\/wp-json\/wp\/v2\/pages\/8121\/revisions"}],"up":[{"embeddable":true,"href":"https:\/\/www.software-reuse.eu\/it\/wp-json\/wp\/v2\/pages\/8152"}],"wp:featuredmedia":[{"embeddable":true,"href":"https:\/\/www.software-reuse.eu\/it\/wp-json\/wp\/v2\/media\/52385"}],"wp:attachment":[{"href":"https:\/\/www.software-reuse.eu\/it\/wp-json\/wp\/v2\/media?parent=8121"}],"curies":[{"name":"wp","href":"https:\/\/api.w.org\/{rel}","templated":true}]}}