{"id":9031,"date":"2020-04-30T13:10:47","date_gmt":"2020-04-30T11:10:47","guid":{"rendered":"https:\/\/swr1.wpenginepowered.com\/?page_id=9031"},"modified":"2026-01-14T15:29:51","modified_gmt":"2026-01-14T14:29:51","slug":"insolvenze","status":"publish","type":"page","link":"https:\/\/www.software-reuse.eu\/it\/fatti\/insolvenze\/","title":{"rendered":"Insolvenze"},"content":{"rendered":"<section><div class=\"container\"><div class=\"row\"><div class=\"wpb_column hcode-column-container  vc_custom_1581282046709 vc_col-sm-2 col-xs-mobile-fullwidth\" data-front-class=\" vc_custom_1581282046709 col-xs-mobile-fullwidth\"><div class=\"vc-column-innner-wrapper\"><\/div><\/div><div class=\"wpb_column hcode-column-container vc_col-sm-8 col-xs-mobile-fullwidth\" data-front-class=\"col-xs-mobile-fullwidth\"><div class=\"vc-column-innner-wrapper\">[vc_single_image source=\"featured_image\" img_size=\"full\" alignment=\"center\" css=\"\"][vc_empty_space height=\"24px\"]<h2>Aiuto nella vendita di software usato<\/h2>\n<p>Nei casi di insolvenza o di riorganizzazione per trasferimento, spesso il software ha un valore elevato che pu\u00f2 essere ceduto al momento della liquidazione dell'azienda. Tuttavia, secondo la nostra esperienza, questo software non viene sempre smaltito per i seguenti motivi:<\/p>\n<ul>\n<li>Il responsabile IT che gestiva le licenze non \u00e8 pi\u00f9 in azienda. Poich\u00e9 oggi le licenze software sono principalmente sotto forma di licenze di download, soprattutto nelle grandi aziende, \u00e8 difficile per il liquidatore entrarne in possesso.<\/li>\n<li>Anche se \u00e8 disponibile un elenco di inventari, non \u00e8 facile determinare il valore del software a causa della complessit\u00e0 della questione.<\/li>\n<\/ul>\n<h3>Convertire il software usato a beneficio delle masse<\/h3>\n<p>Vi aiutiamo a determinare il vostro software<\/p>\n<ul>\n<li>Se non sono pi\u00f9 disponibili dati precisi, cerchiamo di scoprire, in contatto con il produttore del software, quale software era esattamente in uso nell'azienda e pu\u00f2 quindi essere venduto.<\/li>\n<li>Sulla base di questo elenco, saremo lieti di fornirvi un preventivo per il software disponibile.<\/li>\n<\/ul>\n<\/div><\/div><div class=\"wpb_column hcode-column-container vc_col-sm-2 col-xs-mobile-fullwidth\" data-front-class=\"col-xs-mobile-fullwidth\"><div class=\"vc-column-innner-wrapper\"><\/div><\/div><\/div><\/div><\/section><section class=\" vc_custom_1607508772717\"><div class=\"container\"><div class=\"row\"><div class=\"wpb_column hcode-column-container vc_col-sm-12 col-xs-mobile-fullwidth\" data-front-class=\"col-xs-mobile-fullwidth\"><div class=\"vc-column-innner-wrapper\"><h2 style=\"text-align: center;\">Siete interessati ad acquistare o vendere software per la vostra azienda?<\/h2>\n<div class=\"cta-buttons hcode-inner-row\"><div class=\"wpb_column hcode-column-container vc_col-sm-12 col-xs-mobile-fullwidth\" data-front-class=\"col-xs-mobile-fullwidth\"><div class=\"vc-column-innner-wrapper\">[vc_btn title=\"Vai allo Shop\" link=\"url:https%3A%2F%2Fwww.software-reuse.eu%2Fit%2Fshop%2F|title:Vai%20allo%20Shop|\" el_class=\"primary-button\"][vc_btn title=\"consulenza senza impegno\" el_class=\"secondary-button\" link=\"url:https%3A%2F%2Fwww.software-reuse.eu%2Fit%2Fcontatti%2F|title:consulenza%20senza%20impegno|\"]<\/div><\/div><\/div><\/div><\/div><\/div><\/div><\/section><section class=\"fakten-cta\"><div class=\"container\"><div class=\"row\"><div class=\"wpb_column hcode-column-container vc_col-sm-12 col-xs-mobile-fullwidth\" data-front-class=\"col-xs-mobile-fullwidth\"><div class=\"vc-column-innner-wrapper\"><div class=\"padding-three-bottom sm-padding-three-bottom xs-padding-three-tb\"><h2 style=\"text-align: center;\">\u00a0Software ReUse - Scrivono di noi<\/h2>\n<\/div>[vc_raw_html]W2xvZ29zaG93Y2FzZSBjYXRfaWQ9IjI2IiBkb3RzPSJmYWxzZSJd[\/vc_raw_html]<\/div><\/div><\/div><\/div><\/section>","protected":false},"excerpt":{"rendered":"<p>[vc_single_image source=&#8221;featured_image&#8221; img_size=&#8221;full&#8221; alignment=&#8221;center&#8221; css=&#8221;&#8221;][vc_empty_space height=&#8221;24px&#8221;]Aiuto nella vendita di software usato Nei casi di insolvenza o di riorganizzazione per trasferimento, spesso il software ha un valore elevato che pu\u00f2 essere ceduto al momento della liquidazione dell&#8217;azienda. Tuttavia, secondo la nostra esperienza, questo software non viene sempre smaltito per i seguenti motivi: Il responsabile IT che [&hellip;]<\/p>\n","protected":false},"author":1,"featured_media":52369,"parent":8152,"menu_order":0,"comment_status":"closed","ping_status":"closed","template":"","meta":{"inline_featured_image":false,"footnotes":""},"class_list":["post-9031","page","type-page","status-publish","has-post-thumbnail","hentry"],"_links":{"self":[{"href":"https:\/\/www.software-reuse.eu\/it\/wp-json\/wp\/v2\/pages\/9031","targetHints":{"allow":["GET"]}}],"collection":[{"href":"https:\/\/www.software-reuse.eu\/it\/wp-json\/wp\/v2\/pages"}],"about":[{"href":"https:\/\/www.software-reuse.eu\/it\/wp-json\/wp\/v2\/types\/page"}],"author":[{"embeddable":true,"href":"https:\/\/www.software-reuse.eu\/it\/wp-json\/wp\/v2\/users\/1"}],"replies":[{"embeddable":true,"href":"https:\/\/www.software-reuse.eu\/it\/wp-json\/wp\/v2\/comments?post=9031"}],"version-history":[{"count":0,"href":"https:\/\/www.software-reuse.eu\/it\/wp-json\/wp\/v2\/pages\/9031\/revisions"}],"up":[{"embeddable":true,"href":"https:\/\/www.software-reuse.eu\/it\/wp-json\/wp\/v2\/pages\/8152"}],"wp:featuredmedia":[{"embeddable":true,"href":"https:\/\/www.software-reuse.eu\/it\/wp-json\/wp\/v2\/media\/52369"}],"wp:attachment":[{"href":"https:\/\/www.software-reuse.eu\/it\/wp-json\/wp\/v2\/media?parent=9031"}],"curies":[{"name":"wp","href":"https:\/\/api.w.org\/{rel}","templated":true}]}}