{"id":9647,"date":"2020-05-18T16:02:02","date_gmt":"2020-05-18T14:02:02","guid":{"rendered":"https:\/\/swr1.wpenginepowered.com\/?page_id=9647"},"modified":"2025-12-10T11:34:43","modified_gmt":"2025-12-10T10:34:43","slug":"acquista-licenze-windows-usate","status":"publish","type":"page","link":"https:\/\/www.software-reuse.eu\/it\/acquista-licenze-windows-usate\/","title":{"rendered":"Acquista licenze Windows usate"},"content":{"rendered":"<section class=\" vc_custom_1607951484884\"><div class=\"container\"><div class=\"row\"><div class=\"wpb_column hcode-column-container  vc_custom_1576186422217 vc_col-sm-12 col-xs-mobile-fullwidth\" data-front-class=\" vc_custom_1576186422217 col-xs-mobile-fullwidth\"><div class=\"vc-column-innner-wrapper\">[vc_single_image image=\"12178\" img_size=\"full\"]<\/div><\/div><\/div><\/div><\/section><section class=\" vc_custom_1607951484884\"><div class=\"container\"><div class=\"row\"><div class=\"wpb_column hcode-column-container  vc_custom_1576186422217 vc_col-sm-2 col-xs-mobile-fullwidth\" data-front-class=\" vc_custom_1576186422217 col-xs-mobile-fullwidth\"><div class=\"vc-column-innner-wrapper\"><\/div><\/div><div class=\"wpb_column hcode-column-container vc_col-sm-8 col-xs-mobile-fullwidth\" data-front-class=\"col-xs-mobile-fullwidth\"><div class=\"vc-column-innner-wrapper\"><div class=\"padding-three-bottom sm-padding-three-bottom xs-padding-three-tb\"><h1 style=\"text-align: center;\">Acquista licenze Windows usate per la tua azienda<\/h1>\n<p style=\"text-align: center;\">Indispensabili in tutti gli uffici: le suite Windows di Microsoft. Tuttavia, per le aziende non \u00e8 facile scegliere la versione giusta: solo per Windows 11 esistono numerose versioni diverse. Per le aziende sono interessanti le seguenti versioni, disponibili anche di seconda mano. Con Software ReUse \u00e8 possibile risparmiare notevolmente sul prezzo di acquisto delle licenze dei prodotti Windows senza rinunciare alle funzionalit\u00e0.<\/p>\n<\/div><\/div><\/div><div class=\"wpb_column hcode-column-container vc_col-sm-2 col-xs-mobile-fullwidth\" data-front-class=\"col-xs-mobile-fullwidth\"><div class=\"vc-column-innner-wrapper\"><\/div><\/div><\/div><\/div><\/section><section class=\" vc_custom_1608224327851 row-equal-height row-content-middle\"><div class=\"container\"><div class=\"row hcode-row-flex\"><div class=\"wpb_column hcode-column-container  vc_custom_1576186422217 vc_col-sm-6 col-xs-mobile-fullwidth\" data-front-class=\" vc_custom_1576186422217 col-xs-mobile-fullwidth\"><div class=\"vc-column-innner-wrapper\">[vc_single_image image=\"11016\" img_size=\"full\"]<\/div><\/div><div class=\"wpb_column hcode-column-container vc_col-sm-6 col-xs-mobile-fullwidth\" data-front-class=\"col-xs-mobile-fullwidth\"><div class=\"vc-column-innner-wrapper\"><div class=\"padding-three-bottom sm-padding-three-bottom xs-padding-three-tb\"><h2 style=\"text-align: left;\">Versioni e caratteristiche di Windows 10<\/h2>\n<p>Windows 10 \u00e8 disponibile nelle versioni Home, Professional, Enterprise, Enterprise LTSB 2015, Enterprise LTSB 2016 e Enterprise LTSC 2019. Non consigliamo la versione \"Home\" ridotta per l'uso aziendale.<\/p>\n<p>Per la maggior parte delle aziende, la scelta deve essere fatta tra le seguenti versioni di Windows:<\/p>\n<ul>\n<li style=\"text-align: left;\">Windows 10 Pro oder<\/li>\n<li style=\"text-align: left;\">Enterprise LTSB oder LTSC<\/li>\n<\/ul>\n<\/div><\/div><\/div><\/div><\/div><\/section><section><div class=\"container\"><div class=\"row\"><div class=\"wpb_column hcode-column-container  vc_custom_1576186422217 vc_col-sm-2 col-xs-mobile-fullwidth\" data-front-class=\" vc_custom_1576186422217 col-xs-mobile-fullwidth\"><div class=\"vc-column-innner-wrapper\"><\/div><\/div><div class=\"wpb_column hcode-column-container vc_col-sm-8 col-xs-mobile-fullwidth\" data-front-class=\"col-xs-mobile-fullwidth\"><div class=\"vc-column-innner-wrapper\"><div class=\"padding-three-bottom sm-padding-three-bottom xs-padding-three-tb\"><h3>Licenze Windows 10 Professional<\/h3>\n<p>Windows 10 Pro \u00e8 la versione che di solito \u00e8 sufficiente per la maggior parte delle aziende grazie alle sue caratteristiche. Sulla nostra pagina di prodotto \"Licenze Windows 10 Pro per le aziende\" troverete un elenco delle caratteristiche e dei modelli di licenza.<\/p>\n<p>Licenze Windows 10 Enterprise LTSB\/LTSC<\/p>\n<p>Le licenze Windows 10 Enterprise LTSB 2015, LTSB 2016 e LTSC 2019 possono essere acquistate anche usate.<\/p>\n<p>Ma cosa significano LTSB e LTSC? LTSB sta per \"Long Term Servicing Branch\" (filiale di assistenza a lungo termine) o LTSC per \"Long Term Servicing Channel\" (canale di assistenza a lungo termine) ed \u00e8 stato sviluppato per le aziende che non richiedono il modello \"Software as a Service\" (cio\u00e8 Software Assurance) di Microsoft. Si tratta di versioni aziendali ridotte che includono aggiornamenti meno frequenti. Nelle nostre pagine di prodotto \"Acquista licenze Windows 10 Enterprise LTSB\" o \"Acquista licenze Windows 10 Enterprise LTSC\" troverete un elenco delle caratteristiche esatte di queste versioni, compresi i tempi di assistenza.<\/p>\n<p>Licenze usate senza Software Assurance<\/p>\n<p>Di norma, le licenze di software usato non sono disponibili con la Software Assurance e questo non \u00e8 l'unico motivo per cui sono significativamente pi\u00f9 economiche.\u00a0La Software Assurance non offre quasi nessun vantaggio rispetto alla versione acquistata regolarmente, soprattutto con Windows 10 Professional.<\/p>\n<p>Aggiornamenti di sicurezza con Windows usato?<\/p>\n<p>Con Windows 10 Professional ed Enterprise LTSB\/LTSC, si ha diritto anche ad aggiornamenti di sicurezza gratuiti durante il periodo di supporto.<\/p>\n<p>Naturalmente esistono ancora versioni precedenti, come Windows 8 e Windows 7.<\/p>\n<p>Sono disponibili anche di seconda mano presso di noi. L'acquisto pu\u00f2 essere utile se dovete utilizzarli anche se gli aggiornamenti di sicurezza sono gi\u00e0 scaduti o se vi servono come base per il \"Windows Extended Security Update\".<\/p>\n<\/div><\/div><\/div><div class=\"wpb_column hcode-column-container vc_col-sm-2 col-xs-mobile-fullwidth\" data-front-class=\"col-xs-mobile-fullwidth\"><div class=\"vc-column-innner-wrapper\"><\/div><\/div><\/div><\/div><\/section><section class=\" vc_custom_1607957763931\"><div class=\"container\"><div class=\"row\"><div class=\"wpb_column hcode-column-container  vc_custom_1576186422217 vc_col-sm-12 col-xs-mobile-fullwidth\" data-front-class=\" vc_custom_1576186422217 col-xs-mobile-fullwidth\"><div class=\"vc-column-innner-wrapper\"><h2 style=\"text-align: center;\">Le nostre versioni Windows<\/h2>\n<div class=\"hcode-inner-row\"><div class=\"wpb_column hcode-column-container vc_col-sm-4 col-xs-mobile-fullwidth\" data-front-class=\"col-xs-mobile-fullwidth\"><div class=\"vc-column-innner-wrapper\"><h4 style=\"text-align: center;\"><strong>Windows 7<\/strong><\/h4>\n[vc_single_image image=\"12251\" img_size=\"medium\" alignment=\"center\" onclick=\"custom_link\" link=\"https:\/\/www.software-reuse.eu\/it\/software-kaufen\/ms-windows-7-licenze-usate\/\"]<\/div><\/div><div class=\"wpb_column hcode-column-container vc_col-sm-4 col-xs-mobile-fullwidth\" data-front-class=\"col-xs-mobile-fullwidth\"><div class=\"vc-column-innner-wrapper\"><h4 style=\"text-align: center;\"><strong>Windows 10 Pro Upgrade<\/strong><\/h4>\n[vc_single_image image=\"12386\" img_size=\"medium\" alignment=\"center\" onclick=\"custom_link\" link=\"\/?product_cat=windows-10-pro-upgrade\"]<\/div><\/div><div class=\"wpb_column hcode-column-container vc_col-sm-4 col-xs-mobile-fullwidth\" data-front-class=\"col-xs-mobile-fullwidth\"><div class=\"vc-column-innner-wrapper\"><h4 style=\"text-align: center;\"><strong>Windows 10 Pro MAR 32\/64bit COA<\/strong><\/h4>\n[vc_single_image image=\"12266\" img_size=\"medium\" alignment=\"center\" onclick=\"custom_link\" link=\"\/?product_cat=64bit-coa\"]<\/div><\/div><\/div><\/div><\/div><\/div><\/div><\/section><section class=\" vc_custom_1607951096878\"><div class=\"container\"><div class=\"row\"><div class=\"wpb_column hcode-column-container  vc_custom_1576186422217 vc_col-sm-12 col-xs-mobile-fullwidth\" data-front-class=\" vc_custom_1576186422217 col-xs-mobile-fullwidth\"><div class=\"vc-column-innner-wrapper\"><h2 style=\"text-align: center;\">100% conforme alla normativa UE: acquistate software usato presso Software ReUse!<\/h2>\n<p style=\"text-align: center;\">Se avete domande di carattere legale, potete trovare ulteriori informazioni<\/p>\n<p style=\"text-align: center;\"><a href=\"\/?page_id=95\">qui<\/a><\/p>\n<p style=\"text-align: center;\">Il team di Software ReUse sar\u00e0 lieto di consigliarti personalmente!<br \/>\nTel: +43 1 997 27 87-10<\/p>\n[vc_btn title=\"richiedi una consulenza\" shape=\"square\" align=\"center\" link=\"url:https%3A%2F%2Fwww.software-reuse.eu%2Fit%2Fcontatti%2F|\" el_class=\"primary-button\"]<\/div><\/div><\/div><\/div><\/section><section class=\"row-equal-height row-content-middle\"><div class=\"container\"><div class=\"row hcode-row-flex\"><div class=\"wpb_column hcode-column-container vc_col-sm-6 col-xs-mobile-fullwidth\" data-front-class=\"col-xs-mobile-fullwidth\"><div class=\"vc-column-innner-wrapper\">[vc_single_image image=\"11458\" img_size=\"medium\" alignment=\"center\"]<\/div><\/div><div class=\"wpb_column hcode-column-container vc_col-sm-6 col-xs-mobile-fullwidth\" data-front-class=\"col-xs-mobile-fullwidth\"><div class=\"vc-column-innner-wrapper\"><h2>Sicurezza informatica con licenze software originali<\/h2>\n<p>Sono in arrivo cambiamenti nel vostro sistema informatico. State assumendo nuovi dipendenti o equipaggiando nuove postazioni di lavoro? Oppure volete semplicemente aggiornare la vostra azienda all'ultima versione, ad esempio del sistema operativo, del pacchetto Microsoft Office, della versione di Adobe, ecc. Perch\u00e9 \u00e8 cos\u00ec importante per la vostra azienda? Un software aggiornato contribuisce alla sicurezza informatica e vi aiuta a rimanere competitivi. Perch\u00e9 anche gli stessi sviluppatori del software scoprono sempre lacune nella sicurezza o semplicemente aspetti che possono migliorare. Le nuove versioni di solito contribuiscono anche ad aumentare la stabilit\u00e0 e le prestazioni. Ma questo pu\u00f2 essere costoso. Ecco perch\u00e9 sempre pi\u00f9 aziende si rivolgono alle nostre licenze usate. Potete trovare altri buoni motivi per acquistare software usato per la vostra azienda sulla nostra pagina <a href=\"\/?page_id=101\">vantaggi<\/a>.<\/p>\n<\/div><\/div><\/div><\/div><\/section><section class=\"row-equal-height row-content-middle\"><div class=\"container\"><div class=\"row hcode-row-flex\"><div class=\"wpb_column hcode-column-container vc_col-sm-6 col-xs-mobile-fullwidth\" data-front-class=\"col-xs-mobile-fullwidth\"><div class=\"vc-column-innner-wrapper\"><h2>Sicurezza IT con licenze software originali<\/h2>\n<p>Sono in programma cambiamenti nel vostro reparto IT, state assumendo nuovi dipendenti o attrezzando nuove postazioni di lavoro? Oppure volete semplicemente aggiornare la vostra azienda all'ultima versione, ad esempio del vostro sistema operativo, del pacchetto Microsoft Office, della versione Adobe, ecc.? Perch\u00e9 \u00e8 cos\u00ec importante per la vostra azienda? Il software aggiornato contribuisce alla sicurezza IT e vi aiuta a rimanere competitivi. Infatti, anche gli stessi sviluppatori del software scoprono continuamente lacune nella sicurezza o semplicemente aspetti che possono migliorare. Le nuove versioni contribuiscono solitamente anche ad aumentare la stabilit\u00e0 e le prestazioni. Ma questo pu\u00f2 essere costoso. Ecco perch\u00e9 sempre pi\u00f9 aziende ricorrono alle nostre licenze usate. Troverete altri buoni motivi per acquistare software usato per la vostra azienda sulla nostra pagina \u201cVantaggi\u201d.<\/p>\n<\/div><\/div><div class=\"wpb_column hcode-column-container vc_col-sm-6 col-xs-mobile-fullwidth\" data-front-class=\"col-xs-mobile-fullwidth\"><div class=\"vc-column-innner-wrapper\">[vc_single_image image=\"11448\" img_size=\"medium\" alignment=\"center\"]<\/div><\/div><\/div><\/div><\/section><section class=\"row-equal-height row-content-middle\"><div class=\"container\"><div class=\"row hcode-row-flex\"><div class=\"wpb_column hcode-column-container vc_col-sm-6 col-xs-mobile-fullwidth\" data-front-class=\"col-xs-mobile-fullwidth\"><div class=\"vc-column-innner-wrapper\">[vc_single_image image=\"11763\" img_size=\"medium\" alignment=\"center\"]<\/div><\/div><div class=\"wpb_column hcode-column-container vc_col-sm-6 col-xs-mobile-fullwidth\" data-front-class=\"col-xs-mobile-fullwidth\"><div class=\"vc-column-innner-wrapper\"><h2>Acquistare licenze a volume Microsoft, Adobe o Autodesk a prezzi bassi<\/h2>\n<p>Per saperne di pi\u00f9 sul quadro giuridico e su come garantiamo che il software sia (ri)concesso in licenza in modo legalmente conforme, leggete qui di seguito. Quando si effettua una richiesta, si prega di comunicare, se possibile, il numero di versione e il numero di licenze richieste. Tuttavia, saremo lieti di fornirvi una consulenza sulle vostre attuali esigenze e di rispondervi immediatamente con un'offerta non vincolante. Saremo lieti di compensare le vostre vecchie licenze software che non vi servono pi\u00f9, in accordo con voi.<\/p>\n<p>Avete fretta o volete parlare con noi personalmente?<br \/>\nChiamare il numero +43 1 997 27 87 1 (tariffa locale).<\/p>\n<p>In alternativa, sfogliate l'intera gamma e trovate altre licenze software da acquistare online nel negozio.<\/p>\n<\/div><\/div><\/div><\/div><\/section><section class=\" vc_custom_1607951731991\"><div class=\"container\"><div class=\"row\"><div class=\"wpb_column hcode-column-container vc_col-sm-12 col-xs-mobile-fullwidth\" data-front-class=\"col-xs-mobile-fullwidth\"><div class=\"vc-column-innner-wrapper\"><div class=\"padding-three-bottom sm-padding-three-bottom xs-padding-three-tb\"><h2 style=\"text-align: center;\">\u00a0Software ReUse - scrivono di noi<\/h2>\n<\/div>[vc_raw_html]W2xvZ29zaG93Y2FzZSBjYXRfaWQ9IjI2IiBkb3RzPSJmYWxzZSJd[\/vc_raw_html]<\/div><\/div><\/div><\/div><\/section><section><div class=\"container\"><div class=\"row\"><div class=\"wpb_column hcode-column-container vc_col-sm-2 col-xs-mobile-fullwidth\" data-front-class=\"col-xs-mobile-fullwidth\"><div class=\"vc-column-innner-wrapper\"><\/div><\/div><div class=\"wpb_column hcode-column-container vc_col-sm-8 col-xs-mobile-fullwidth\" data-front-class=\"col-xs-mobile-fullwidth\"><div class=\"vc-column-innner-wrapper\"><h2 style=\"text-align: center;\">La tua azienda \u00e8 interessata ad acquistare o vendere software?<br \/>\nMandaci una richiesta senza impegno<\/h2>\n[vc_empty_space height=\"24px\"]\n<div class=\"wpcf7 no-js\" id=\"wpcf7-f54411-o1\" lang=\"it-IT\" dir=\"ltr\" data-wpcf7-id=\"54411\">\n<div class=\"screen-reader-response\"><p role=\"status\" aria-live=\"polite\" aria-atomic=\"true\"><\/p> <ul><\/ul><\/div>\n<form action=\"\/it\/wp-json\/wp\/v2\/pages\/9647#wpcf7-f54411-o1\" method=\"post\" class=\"wpcf7-form init\" aria-label=\"Modulo di contatto\" novalidate=\"novalidate\" data-status=\"init\">\n<fieldset class=\"hidden-fields-container\"><input type=\"hidden\" name=\"_wpcf7\" value=\"54411\" \/><input type=\"hidden\" name=\"_wpcf7_version\" value=\"6.1.1\" \/><input type=\"hidden\" name=\"_wpcf7_locale\" value=\"it_IT\" \/><input type=\"hidden\" name=\"_wpcf7_unit_tag\" value=\"wpcf7-f54411-o1\" \/><input type=\"hidden\" name=\"_wpcf7_container_post\" value=\"0\" \/><input type=\"hidden\" name=\"_wpcf7_posted_data_hash\" value=\"\" \/>\n<\/fieldset>\n<div>\n\t<p><label> Salutazione*<br \/>\n<span class=\"wpcf7-form-control-wrap\" data-name=\"salutation\"><select class=\"wpcf7-form-control wpcf7-select wpcf7-validates-as-required\" aria-required=\"true\" aria-invalid=\"false\" name=\"salutation\"><option value=\"Mr\">Mr<\/option><option value=\"Ms\">Ms<\/option><option value=\"Azienda\">Azienda<\/option><\/select><\/span><\/label>\n\t<\/p>\n\t<p><label> Il tuo nome*<br \/>\n<span class=\"wpcf7-form-control-wrap\" data-name=\"your-name\"><input size=\"40\" maxlength=\"400\" class=\"wpcf7-form-control wpcf7-text wpcf7-validates-as-required\" aria-required=\"true\" aria-invalid=\"false\" value=\"\" type=\"text\" name=\"your-name\" \/><\/span> <\/label>\n\t<\/p>\n<\/div>\n<p><label> Il nome della tua azienda<br \/>\n<span class=\"wpcf7-form-control-wrap\" data-name=\"your-company\"><input size=\"40\" maxlength=\"400\" class=\"wpcf7-form-control wpcf7-text\" aria-invalid=\"false\" value=\"\" type=\"text\" name=\"your-company\" \/><\/span> <\/label>\n<\/p>\n<div>\n\t<p><label> Il tuo indirizzo e-mail*<br \/>\n<span class=\"wpcf7-form-control-wrap\" data-name=\"your-email\"><input size=\"40\" maxlength=\"400\" class=\"wpcf7-form-control wpcf7-email wpcf7-validates-as-required wpcf7-text wpcf7-validates-as-email\" aria-required=\"true\" aria-invalid=\"false\" value=\"\" type=\"email\" name=\"your-email\" \/><\/span> <\/label>\n\t<\/p>\n\t<p><label>Telefono*<br \/>\n<span class=\"wpcf7-form-control-wrap\" data-name=\"telefon\"><input size=\"40\" maxlength=\"400\" class=\"wpcf7-form-control wpcf7-tel wpcf7-validates-as-required wpcf7-text wpcf7-validates-as-tel\" aria-required=\"true\" aria-invalid=\"false\" value=\"\" type=\"tel\" name=\"telefon\" \/><\/span><\/label>\n\t<\/p>\n<\/div>\n<div>\n\t<p><label> Bilancio<br \/>\n<span class=\"wpcf7-form-control-wrap\" data-name=\"budget\"><select class=\"wpcf7-form-control wpcf7-select\" aria-invalid=\"false\" name=\"budget\"><option value=\"Non specificato\">Non specificato<\/option><option value=\"0-1.000 \u20ac\">0-1.000 \u20ac<\/option><option value=\"1.000-5.000 \u20ac\">1.000-5.000 \u20ac<\/option><option value=\"5.000-10.000 \u20ac\">5.000-10.000 \u20ac<\/option><option value=\"da 10.000 \u20ac\">da 10.000 \u20ac<\/option><\/select><\/span><\/label>\n\t<\/p>\n\t<p><label> Quantit\u00e0<br \/>\n<span class=\"wpcf7-form-control-wrap\" data-name=\"budget\"><select class=\"wpcf7-form-control wpcf7-select\" aria-invalid=\"false\" name=\"budget\"><option value=\"1-10\">1-10<\/option><option value=\"11-50\">11-50<\/option><option value=\"101-1000\">101-1000<\/option><option value=\"1000+\">1000+<\/option><\/select><\/span><\/label>\n\t<\/p>\n<\/div>\n<p><label> Cliente finale\/rivenditore<\/label><br \/>\n<span class=\"wpcf7-form-control-wrap\" data-name=\"kunde\"><span class=\"wpcf7-form-control wpcf7-radio\"><span class=\"wpcf7-list-item first\"><label><input type=\"radio\" name=\"kunde\" value=\"Non specificato\" checked=\"checked\" \/><span class=\"wpcf7-list-item-label\">Non specificato<\/span><\/label><\/span><span class=\"wpcf7-list-item\"><label><input type=\"radio\" name=\"kunde\" value=\"Cliente finale\" \/><span class=\"wpcf7-list-item-label\">Cliente finale<\/span><\/label><\/span><span class=\"wpcf7-list-item last\"><label><input type=\"radio\" name=\"kunde\" value=\"Rivenditore\" \/><span class=\"wpcf7-list-item-label\">Rivenditore<\/span><\/label><\/span><\/span><\/span><br \/>\n<span id=\"wpcf7-69e7199a80315-wrapper\" class=\"wpcf7-form-control-wrap honeypot-100-wrap\" style=\"display:none !important; visibility:hidden !important;\"><label for=\"wpcf7-69e7199a80315-field\" class=\"hp-message\">Si prega di lasciare vuoto questo campo.<\/label><input id=\"wpcf7-69e7199a80315-field\"  class=\"wpcf7-form-control wpcf7-text\" type=\"text\" name=\"honeypot-100\" value=\"\" size=\"40\" tabindex=\"-1\" autocomplete=\"new-password\" \/><\/span><br \/>\n<label> Prodotti<br \/>\n<span class=\"wpcf7-form-control-wrap\" data-name=\"produkte\"><select class=\"wpcf7-form-control wpcf7-select\" aria-invalid=\"false\" name=\"produkte\"><option value=\"Non specificato\">Non specificato<\/option><option value=\"Microsoft Office\">Microsoft Office<\/option><option value=\"Microsoft Windows\">Microsoft Windows<\/option><option value=\"Microsoft SQL Server und CALs\">Microsoft SQL Server und CALs<\/option><option value=\"Microsoft Windows Server und CALs\">Microsoft Windows Server und CALs<\/option><option value=\"Microsoft Exchange Server und CALs\">Microsoft Exchange Server und CALs<\/option><option value=\"Microsoft (altre licenze)\">Microsoft (altre licenze)<\/option><option value=\"Adobe Acrobat\">Adobe Acrobat<\/option><option value=\"Adobe CS6 Programme\">Adobe CS6 Programme<\/option><option value=\"Autodesk-Produkte\">Autodesk-Produkte<\/option><option value=\"VMware\">VMware<\/option><\/select><\/span><\/label>\n<\/p>\n<p><label> Oggetto*<br \/>\n<span class=\"wpcf7-form-control-wrap\" data-name=\"subject\"><select class=\"wpcf7-form-control wpcf7-select wpcf7-validates-as-required\" aria-required=\"true\" aria-invalid=\"false\" name=\"subject\"><option value=\"Consultazione della licenza non vincolante\">Consultazione della licenza non vincolante<\/option><option value=\"Domande sull&#039;acquisto\/vendita\">Domande sull&#039;acquisto\/vendita<\/option><option value=\"Richieste\/suggerimenti\">Richieste\/suggerimenti<\/option><option value=\"Registrazione come partner (rivenditore)\">Registrazione come partner (rivenditore)<\/option><option value=\"Domande sulla fattura\">Domande sulla fattura<\/option><option value=\"Offerta individuale\">Offerta individuale<\/option><option value=\"Altre richieste\">Altre richieste<\/option><\/select><\/span> <\/label>\n<\/p>\n<p><label> La tua richiesta<br \/>\n<span class=\"wpcf7-form-control-wrap\" data-name=\"message\"><textarea cols=\"40\" rows=\"10\" maxlength=\"2000\" class=\"wpcf7-form-control wpcf7-textarea\" aria-invalid=\"false\" name=\"message\"><\/textarea><\/span> <\/label>\n<\/p>\n<p><label>Come hai saputo di noi?<br \/>\n<span class=\"wpcf7-form-control-wrap\" data-name=\"wie-erfahren\"><input size=\"40\" maxlength=\"400\" class=\"wpcf7-form-control wpcf7-text\" aria-invalid=\"false\" value=\"\" type=\"text\" name=\"wie-erfahren\" \/><\/span><\/label>\n<\/p>\n<p><!-- Mailchimp for WordPress v4.10.7 - https:\/\/www.mc4wp.com\/ --><input type=\"hidden\" name=\"_mc4wp_subscribe_contact-form-7\" value=\"0\" \/><span class=\"mc4wp-checkbox mc4wp-checkbox-contact-form-7 \"><label><input type=\"checkbox\" name=\"_mc4wp_subscribe_contact-form-7\" value=\"1\" ><span>Ich m\u00f6chte den Software ReUse-Newsletter bekommen, um laufend \u00fcber Sonderangebote informiert zu werden. Dies kann jederzeit widerrufen werden. <\/span><\/label><\/span><!-- \/ Mailchimp for WordPress -->\n<\/p>\n<div class=\"f-dsgvo\">\n\t<p><span class=\"wpcf7-form-control-wrap\" data-name=\"acceptance-534\"><span class=\"wpcf7-form-control wpcf7-acceptance\"><span class=\"wpcf7-list-item\"><label><input type=\"checkbox\" name=\"acceptance-534\" value=\"1\" aria-invalid=\"false\" \/><span class=\"wpcf7-list-item-label\">* Ho preso nota dell'<a href=\"https:\/\/www.software-reuse.eu\/datenschutz\/\" target=\"_blank\">informativa sulla privacy<\/a>. Accetto che i miei dati, il cognome, il nome, l'indirizzo e-mail e il mio messaggio siano trattati esclusivamente allo scopo di elaborare e gestire la mia richiesta. Questi dati sono trattati da noi sulla base del tuo consenso in conformit\u00e0 con l'art. 6 comma. 1 a) Il trattamento viene effettuato in base al GDPR.<\/span><\/label><\/span><\/span><\/span>\n\t<\/p>\n<\/div>\n<div class=\"h-captcha\" data-sitekey=\"cd7c840c-b42c-4ae4-80a2-9bca6866534a\" data-size=\"normal\" data-theme=\"light\" data-lang=\"it\"><\/div><span class=\"wpcf7-form-control-wrap cf7apps-hcaptcha\" data-name=\"cf7apps-hcaptcha\"><input type=\"hidden\" name=\"cf7apps-hcaptcha\" value=\"\" class=\"wpcf7-form-control\"><\/span>\n<\/p>\n<p><input class=\"wpcf7-form-control wpcf7-submit has-spinner btn\" type=\"submit\" value=\"Invio\" \/>\n<\/p>\n<input class=\"wpcf7-form-control wpcf7-hidden\" value=\"\" type=\"hidden\" name=\"gclid\" \/><div class=\"wpcf7-response-output\" aria-hidden=\"true\"><\/div>\n<\/form>\n<\/div>\n\n<\/div><\/div><div class=\"wpb_column hcode-column-container vc_col-sm-2 col-xs-mobile-fullwidth\" data-front-class=\"col-xs-mobile-fullwidth\"><div class=\"vc-column-innner-wrapper\"><\/div><\/div><\/div><\/div><\/section>","protected":false},"excerpt":{"rendered":"<p>[vc_single_image image=&#8221;12178&#8243; img_size=&#8221;full&#8221;]Acquista licenze Windows usate per la tua azienda Indispensabili in tutti gli uffici: le suite Windows di Microsoft. Tuttavia, per le aziende non \u00e8 facile scegliere la versione giusta: solo per Windows 11 esistono numerose versioni diverse. Per le aziende sono interessanti le seguenti versioni, disponibili anche di seconda mano. Con Software ReUse [&hellip;]<\/p>\n","protected":false},"author":2,"featured_media":0,"parent":0,"menu_order":0,"comment_status":"closed","ping_status":"closed","template":"","meta":{"inline_featured_image":false,"footnotes":""},"class_list":["post-9647","page","type-page","status-publish","hentry"],"_links":{"self":[{"href":"https:\/\/www.software-reuse.eu\/it\/wp-json\/wp\/v2\/pages\/9647","targetHints":{"allow":["GET"]}}],"collection":[{"href":"https:\/\/www.software-reuse.eu\/it\/wp-json\/wp\/v2\/pages"}],"about":[{"href":"https:\/\/www.software-reuse.eu\/it\/wp-json\/wp\/v2\/types\/page"}],"author":[{"embeddable":true,"href":"https:\/\/www.software-reuse.eu\/it\/wp-json\/wp\/v2\/users\/2"}],"replies":[{"embeddable":true,"href":"https:\/\/www.software-reuse.eu\/it\/wp-json\/wp\/v2\/comments?post=9647"}],"version-history":[{"count":0,"href":"https:\/\/www.software-reuse.eu\/it\/wp-json\/wp\/v2\/pages\/9647\/revisions"}],"wp:attachment":[{"href":"https:\/\/www.software-reuse.eu\/it\/wp-json\/wp\/v2\/media?parent=9647"}],"curies":[{"name":"wp","href":"https:\/\/api.w.org\/{rel}","templated":true}]}}