{"id":32653,"date":"2016-05-08T00:00:00","date_gmt":"2016-05-08T00:00:00","guid":{"rendered":"https:\/\/swr1.wpenginepowered.com\/?product=adobe-creative-suite-5-design-standard-deutsch-mac"},"modified":"2022-06-09T20:31:21","modified_gmt":"2022-06-09T20:31:21","slug":"adobe-creative-suite-5-design-standard-deutsch-mac-4","status":"publish","type":"product","link":"https:\/\/www.software-reuse.eu\/it\/shop\/adobe-creative-suite-5-design-standard-deutsch-mac\/","title":{"rendered":"Adobe Creative Suite 5 Design Standard Deutsch Mac"},"content":{"rendered":"<p><span><b>Seien Sie bereit f\u00fcr jede kreative Herausforderung im Printdesign!&nbsp;<\/b><\/span><\/p>\n<p><span>Diese Design Suite enth\u00e4lt die folgenden Profiprogramme:<\/span><\/p>\n<ul>\n<li><span>InDesign CS5 \u2014 Layoutsoftware, die keine W\u00fcnsche offen l\u00e4sst.<\/span><\/li>\n<li><span>Photoshop CS5 \u2014 Bildbearbeitungsprogramm f\u00fcr Profis.<\/span><\/li>\n<li><span>Illustrator CS5 \u2014 Vektorbasiertes Grafik- und Zeichenprogramm, f\u00fcr z.B. Logogestaltung<\/span><\/li>\n<li><span>Acrobat 9 Pro \u2014 Gruppe von Programmen, die zum Lesen, Erstellen, Verwalten, Kommentieren und Verteilen von PDF-Dateien verwendet werden<\/span><\/li>\n<li><span>Bridge CS5<\/span><\/li>\n<\/ul>\n<p><span><b>Sprache: <\/b>Deutsch<\/span><\/p>\n<p>&nbsp;<\/p>\n<p><span><b>Lieferumfang: <\/b>Originaldatentr\u00e4ger mit Seriennummern. Es handelt sich um eine Vollversion. <b>Auf Wunsch k\u00f6nnen wir Ihnen vorab die Lizenzkeys per Mail zukommen lassen, damit Sie eine Testversion sofort freischalten k\u00f6nnen!<\/b><\/span><\/p>\n<p><span><b><br><\/b><\/span><\/p>\n<p><span><b>\u00dcbermittlungs des Aktivierungskeys \/ Installationsdateien \/ Aktivierung des Produkts:<br> <\/b>Versand der Originaldatentr\u00e4ger mit Aktivierungskeys per Post. Das Produkt kann online aktiviert werden.<b><br> <br> Plattform\/Mindestanforderungen:<\/b><\/span><\/p>\n<p><span>Windows 7, Windows 8, Windows 10<\/span><\/p>\n<p><span><br><\/span><\/p>\n<p><span><b>Weitere Features:<\/b><\/span><\/p>\n<p>&nbsp;<\/p>\n<ul>\n<li><span>Gepr\u00fcfte Originalsoftware, sehr guter Zustand<\/span><\/li>\n<li><span>Kommerzielle Version (kein Student etc.)<\/span><\/li>\n<li><span>Unlimitiert einsetzbare Kaufversion, keine Cloud<\/span><\/li>\n<\/ul>","protected":false},"excerpt":{"rendered":"<p>Seien Sie bereit f\u00fcr jede kreative Herausforderung im Printdesign!&nbsp; Diese Design Suite enth\u00e4lt die folgenden Profiprogramme: InDesign CS5 \u2014 Layoutsoftware, die keine W\u00fcnsche offen l\u00e4sst. Photoshop CS5 \u2014 Bildbearbeitungsprogramm f\u00fcr Profis. Illustrator CS5 \u2014 Vektorbasiertes Grafik- und Zeichenprogramm, f\u00fcr z.B. Logogestaltung Acrobat 9 Pro \u2014 Gruppe von Programmen, die zum Lesen, Erstellen, Verwalten, Kommentieren und [&hellip;]<\/p>\n","protected":false},"featured_media":0,"template":"","meta":{"inline_featured_image":false},"product_cat":[7687],"product_tag":[],"class_list":{"0":"post-32653","1":"product","2":"type-product","3":"status-publish","5":"product_cat-adobe-creative-suite-5-it","6":"pa_betriebssysteme-mac-os-1010-yosemite-it","7":"pa_betriebssysteme-mac-os-1011-el-capitan-it","8":"pa_betriebssysteme-mac-os-1012-sierra-it","9":"pa_betriebssysteme-mac-os-1013-high-sierra-it","10":"pa_betriebssysteme-mac-os-1014-mojave-it","11":"pa_betriebssysteme-mac-os-1015-catalina-it","12":"pa_betriebssysteme-mac-os-106-snow-leopard-en-it","13":"pa_betriebssysteme-mac-os-107-lion-en-it","14":"pa_betriebssysteme-mac-os-108-mountain-lion-en-it","15":"pa_betriebssysteme-mac-os-109-mavericks-it","16":"pa_betriebssysteme-mac-os-11-big-sur-en-it","17":"pa_betriebssysteme-mac-os-12-monterey-en-it","18":"pa_betriebssysteme-mac-os-14-ventura-en-it","19":"pa_lizenzierung-nach-gerate-it","20":"pa_lizenzlaufzeit-kauflizenz-unlimitiert-nutzbar-it","21":"pa_lizenztyp-kommerziell-einsetzbare-volumenlizenz-it","22":"pa_maximal-erlaubte-installatio-zwei-gerate-bei-nicht-gleichzeitiger-benutzung-it","23":"pa_programme-acrobat-pro-it","24":"pa_programme-bridge-it","25":"pa_programme-illustrator-it","26":"pa_programme-indesign-it","27":"pa_programme-photoshop-it","28":"pa_sprache-deutsch-it","29":"pa_zustand-wie-neu-it","31":"first","32":"outofstock","33":"downloadable","34":"taxable","35":"shipping-taxable","36":"purchasable","37":"product-type-simple"},"_links":{"self":[{"href":"https:\/\/www.software-reuse.eu\/it\/wp-json\/wp\/v2\/product\/32653","targetHints":{"allow":["GET"]}}],"collection":[{"href":"https:\/\/www.software-reuse.eu\/it\/wp-json\/wp\/v2\/product"}],"about":[{"href":"https:\/\/www.software-reuse.eu\/it\/wp-json\/wp\/v2\/types\/product"}],"wp:attachment":[{"href":"https:\/\/www.software-reuse.eu\/it\/wp-json\/wp\/v2\/media?parent=32653"}],"wp:term":[{"taxonomy":"product_cat","embeddable":true,"href":"https:\/\/www.software-reuse.eu\/it\/wp-json\/wp\/v2\/product_cat?post=32653"},{"taxonomy":"product_tag","embeddable":true,"href":"https:\/\/www.software-reuse.eu\/it\/wp-json\/wp\/v2\/product_tag?post=32653"}],"curies":[{"name":"wp","href":"https:\/\/api.w.org\/{rel}","templated":true}]}}