{"id":33658,"date":"2017-02-28T00:00:00","date_gmt":"2017-02-28T00:00:00","guid":{"rendered":"https:\/\/swr1.wpenginepowered.com\/?product=office-home-and-business-2010-polnisch-dell-oem"},"modified":"2017-02-28T09:31:13","modified_gmt":"2017-02-28T09:31:13","slug":"office-home-and-business-2010-polnisch-dell-oem-4","status":"publish","type":"product","link":"https:\/\/www.software-reuse.eu\/it\/shop\/office-home-and-business-2010-polnisch-dell-oem\/","title":{"rendered":"Office Home and Business 2010 Polnisch Dell OEM"},"content":{"rendered":"<p><b><span>Microsoft Office Home and Business 2010 enth\u00e4lt die folgenden 4 Profiprogramme: <\/span><\/b><span>&nbsp;<\/span><\/p>\n<ul>\n<li><span>Word&nbsp; <\/span><\/li>\n<li><span>Excel&nbsp; <\/span><\/li>\n<li><span>PowerPoint&nbsp; <\/span><\/li>\n<li><span>Outlook&nbsp; <\/span><\/li>\n<\/ul>\n<p><span>Eine umfangreiche Office-Suite f\u00fcr all jene, die h\u00f6chste Anforderungen an den B\u00fcroalltag legen!<br><br> <b>Sprache(n): <\/b>Deutsch<\/span><\/p>\n<p><b><span>Lieferumfang<\/span><\/b><span>: <\/span><span>Lizenzkit ohne Medien, <\/span><span><span>Dell-gelabelte <\/span>original Product Key Card (PKC) mit Seriennummer und Echtheitszertifikat.<\/span><\/p>\n<p><span>\"PKC\" steht f\u00fcr \"Produktkeykarte\", d.h. Sie erhalten einen Originallizenzkey von Microsoft, mit dem Sie einfach von der Microsoft-Webseite die Installationsdatei herunterladen k\u00f6nnen. Diese Lizenz kann auf jedem Rechner installiert werden. Der Downloadlink liegt bei. <\/span><\/p>\n<p><b>\u00dcbermittlungs des Aktivierungskeys \/ Installationsdateien \/ Aktivierung des Produkts:<br><\/b>Versand der Produktkeykarte sowie des Downloadlinks f\u00fcr die Installationsdateien per Post. Das Produkt kann online oder telefonisch aktiviert werden.<\/p>\n<p><b><span>Installation g\u00fcltig f\u00fcr:<\/span><\/b><span> 1 PC<\/span><\/p>\n<p><b><span>Plattform\/Mindestanforderungen:<\/span><\/b><span><br> Windows XP, Vista, 7 (32\/64 bit), Windows 8 (32\/64 bit), Windows 10<br> <br> <b>Weitere Features: <\/b><\/span><\/p>\n<ul>\n<li><span>Gepr\u00fcfte gebrauchte Originalsoftware <\/span><\/li>\n<li><span>Kommerzielle Vollversion (keine Home oder      Student-Version etc.)<\/span><\/li>\n<\/ul>","protected":false},"excerpt":{"rendered":"<p>Microsoft Office Home and Business 2010 enth\u00e4lt die folgenden 4 Profiprogramme: &nbsp; Word&nbsp; Excel&nbsp; PowerPoint&nbsp; Outlook&nbsp; Eine umfangreiche Office-Suite f\u00fcr all jene, die h\u00f6chste Anforderungen an den B\u00fcroalltag legen! Sprache(n): Deutsch Lieferumfang: Lizenzkit ohne Medien, Dell-gelabelte original Product Key Card (PKC) mit Seriennummer und Echtheitszertifikat. &#8220;PKC&#8221; steht f\u00fcr &#8220;Produktkeykarte&#8221;, d.h. Sie erhalten einen Originallizenzkey von [&hellip;]<\/p>\n","protected":false},"featured_media":33663,"template":"","meta":{"inline_featured_image":false},"product_cat":[7830],"product_tag":[],"class_list":{"0":"post-33658","1":"product","2":"type-product","3":"status-publish","4":"has-post-thumbnail","6":"product_cat-unkategorisiert","8":"first","9":"outofstock","10":"taxable","11":"shipping-taxable","12":"purchasable","13":"product-type-simple"},"_links":{"self":[{"href":"https:\/\/www.software-reuse.eu\/it\/wp-json\/wp\/v2\/product\/33658","targetHints":{"allow":["GET"]}}],"collection":[{"href":"https:\/\/www.software-reuse.eu\/it\/wp-json\/wp\/v2\/product"}],"about":[{"href":"https:\/\/www.software-reuse.eu\/it\/wp-json\/wp\/v2\/types\/product"}],"wp:featuredmedia":[{"embeddable":true,"href":"https:\/\/www.software-reuse.eu\/it\/wp-json\/wp\/v2\/media\/33663"}],"wp:attachment":[{"href":"https:\/\/www.software-reuse.eu\/it\/wp-json\/wp\/v2\/media?parent=33658"}],"wp:term":[{"taxonomy":"product_cat","embeddable":true,"href":"https:\/\/www.software-reuse.eu\/it\/wp-json\/wp\/v2\/product_cat?post=33658"},{"taxonomy":"product_tag","embeddable":true,"href":"https:\/\/www.software-reuse.eu\/it\/wp-json\/wp\/v2\/product_tag?post=33658"}],"curies":[{"name":"wp","href":"https:\/\/api.w.org\/{rel}","templated":true}]}}