{"id":33808,"date":"2017-07-09T00:00:00","date_gmt":"2017-07-09T00:00:00","guid":{"rendered":"https:\/\/swr1.wpenginepowered.com\/?product=adobe-creative-suite-55-design-premium-deutsch-windows-vollversionspaket"},"modified":"2022-06-09T20:34:09","modified_gmt":"2022-06-09T20:34:09","slug":"adobe-creative-suite-55-design-premium-deutsch-windows-vollversionspaket-4","status":"publish","type":"product","link":"https:\/\/www.software-reuse.eu\/it\/shop\/adobe-creative-suite-55-design-premium-deutsch-windows-vollversionspaket\/","title":{"rendered":"Adobe Creative Suite 5.5 Design Premium Deutsch Windows Vollversionspaket"},"content":{"rendered":"<p><b>Die ideale Software f\u00fcr Printdesigner, Grafiker und Illustratoren! <\/b><br> Diese Design Suite enth\u00e4lt die folgenden Profiprogramme:<\/p>\n<ul>\n<li>InDesign CS5.5 \u2014 Layoutsoftware, die keine W\u00fcnsche offen l\u00e4sst.<\/li>\n<li>Photoshop CS5 \u2014 Bildbearbeitungsprogramm f\u00fcr Profis.<\/li>\n<li>Illustrator CS5 \u2014 Vektorbasiertes Grafik- und Zeichenprogramm, f\u00fcr z.B. Logogestaltung<\/li>\n<li>Acrobat X Pro \u2014 Gruppe von Programmen, die zum Lesen, Erstellen,    Verwalten, Kommentieren und Verteilen von PDF-Dateien verwendet werden<\/li>\n<li>Bridge CS5<\/li>\n<li>Dreamweaver CS 5.5<\/li>\n<li>Flash CS 5.5<\/li>\n<\/ul>\n<p><b><b> <b>Sprache:<\/b> <\/b><\/b>Deutsch<\/p>\n<p><b>Lieferumfang: <\/b>Originalboxen mit Seriennummern, Originaldatentr\u00e4ger. Es handelt sich um ein Vollversionspaket, d.h. Sie bekommen CS5.5 Design Premium Upgrade plus eine upgradeberechtigte Vorg\u00e4ngerversion, die NICHT installiert werden muss. Dies ergibt eine Vollversion. <b>Auf Wunsch k\u00f6nnen wir Ihnen vorab die Lizenzkeys per Mail zukommen  lassen, damit Sie eine Testversion sofort freischalten k\u00f6nnen! <\/b><\/p>\n<p><b>Plattform\/Mindestanforderungen:<\/b><br>Windows 7, Windows 8, Windows 10<\/p>\n<p><b><b>Weitere Features:<br><\/b><\/b><\/p>\n<ul>\n<li>Gepr\u00fcfte Originalsoftware, sehr guter Zustand<\/li>\n<li>Kommerzielle Version (kein Student etc.)<\/li>\n<li>Unlimitiert einsetzbare Kaufversion, keine Cloud<\/li>\n<\/ul>","protected":false},"excerpt":{"rendered":"<p>Die ideale Software f\u00fcr Printdesigner, Grafiker und Illustratoren! Diese Design Suite enth\u00e4lt die folgenden Profiprogramme: InDesign CS5.5 \u2014 Layoutsoftware, die keine W\u00fcnsche offen l\u00e4sst. Photoshop CS5 \u2014 Bildbearbeitungsprogramm f\u00fcr Profis. Illustrator CS5 \u2014 Vektorbasiertes Grafik- und Zeichenprogramm, f\u00fcr z.B. Logogestaltung Acrobat X Pro \u2014 Gruppe von Programmen, die zum Lesen, Erstellen, Verwalten, Kommentieren und Verteilen [&hellip;]<\/p>\n","protected":false},"featured_media":33813,"template":"","meta":{"inline_featured_image":false},"product_cat":[7690],"product_tag":[],"class_list":{"0":"post-33808","1":"product","2":"type-product","3":"status-publish","4":"has-post-thumbnail","6":"product_cat-adobe-creative-suite-55-it","7":"pa_betriebssysteme-windows-10-it","8":"pa_betriebssysteme-windows-7-it","9":"pa_betriebssysteme-windows-8-it","10":"pa_betriebssysteme-windows-8-1-it","11":"pa_lizenzierung-nach-gerate-it","12":"pa_lizenzlaufzeit-kauflizenz-unlimitiert-nutzbar-it","13":"pa_lizenztyp-kommerziell-einsetzbare-volumenlizenz-it","14":"pa_maximal-erlaubte-installatio-zwei-gerate-bei-nicht-gleichzeitiger-benutzung-it","15":"pa_programme-acrobat-pro-it","16":"pa_programme-bridge-it","17":"pa_programme-dreamweaver-it","18":"pa_programme-flash-it","19":"pa_programme-illustrator-it","20":"pa_programme-indesign-it","21":"pa_programme-photoshop-it","22":"pa_sprache-deutsch-it","23":"pa_zustand-wie-neu-it","25":"first","26":"outofstock","27":"downloadable","28":"taxable","29":"shipping-taxable","30":"purchasable","31":"product-type-simple"},"_links":{"self":[{"href":"https:\/\/www.software-reuse.eu\/it\/wp-json\/wp\/v2\/product\/33808","targetHints":{"allow":["GET"]}}],"collection":[{"href":"https:\/\/www.software-reuse.eu\/it\/wp-json\/wp\/v2\/product"}],"about":[{"href":"https:\/\/www.software-reuse.eu\/it\/wp-json\/wp\/v2\/types\/product"}],"wp:featuredmedia":[{"embeddable":true,"href":"https:\/\/www.software-reuse.eu\/it\/wp-json\/wp\/v2\/media\/33813"}],"wp:attachment":[{"href":"https:\/\/www.software-reuse.eu\/it\/wp-json\/wp\/v2\/media?parent=33808"}],"wp:term":[{"taxonomy":"product_cat","embeddable":true,"href":"https:\/\/www.software-reuse.eu\/it\/wp-json\/wp\/v2\/product_cat?post=33808"},{"taxonomy":"product_tag","embeddable":true,"href":"https:\/\/www.software-reuse.eu\/it\/wp-json\/wp\/v2\/product_tag?post=33808"}],"curies":[{"name":"wp","href":"https:\/\/api.w.org\/{rel}","templated":true}]}}