{"id":33823,"date":"2017-07-09T00:00:00","date_gmt":"2017-07-09T00:00:00","guid":{"rendered":"https:\/\/swr1.wpenginepowered.com\/?product=adobe-creative-suite-55-design-standard-deutsch-windows"},"modified":"2022-06-09T20:34:10","modified_gmt":"2022-06-09T20:34:10","slug":"adobe-creative-suite-55-design-standard-deutsch-windows-4","status":"publish","type":"product","link":"https:\/\/www.software-reuse.eu\/it\/shop\/adobe-creative-suite-55-design-standard-deutsch-windows\/","title":{"rendered":"Adobe Creative Suite 5.5 Design Standard Deutsch Windows"},"content":{"rendered":"<p><b>Seien Sie bereit f\u00fcr jede kreative Herausforderung im Printdesign! <\/b><br> Diese Design Suite enth\u00e4lt die folgenden Profiprogramme:<\/p>\n<ul>\n<li>InDesign CS5.5 \u2014 Layoutsoftware, die keine W\u00fcnsche offen l\u00e4sst.<\/li>\n<li>Photoshop CS5 \u2014 Bildbearbeitungsprogramm f\u00fcr Profis.<\/li>\n<li>Illustrator CS5 \u2014 Vektorbasiertes Grafik- und Zeichenprogramm, f\u00fcr z.B. Logogestaltung<\/li>\n<li>Acrobat X Pro \u2014 Gruppe von Programmen, die zum Lesen, Erstellen,    Verwalten, Kommentieren und Verteilen von PDF-Dateien verwendet werden<\/li>\n<li>Bridge CS5<\/li>\n<\/ul>\n<p><b><b> <b>Sprache:<\/b> <\/b><\/b>Deutsch<\/p>\n<p><b>Lieferumfang: <\/b>Originaldatentr\u00e4ger mit Seriennummern. Es handelt sich um eine Vollversion. <b>Auf Wunsch k\u00f6nnen wir Ihnen vorab die Lizenzkeys per  Mail zukommen  lassen, damit Sie eine Testversion sofort freischalten  k\u00f6nnen! <\/b><\/p>\n<p><b>\u00dcbermittlungs des Aktivierungskeys \/ Installationsdateien \/ Aktivierung des Produkts:<br><\/b>Versand der Originaldatentr\u00e4ger mit Aktivierungskeys per Post. Das Produkt kann online aktiviert werden.<b><br><br>Plattform\/Mindestanforderungen:<\/b><br>Windows 7, Windows 8, Windows 10<\/p>\n<p><b><b>Weitere Features:<br><\/b><\/b><\/p>\n<ul>\n<li>Gepr\u00fcfte Originalsoftware, sehr guter Zustand<\/li>\n<li>Kommerzielle Version (kein Student etc.)<\/li>\n<li>Unlimitiert einsetzbare Kaufversion, keine Cloud<\/li>\n<\/ul>","protected":false},"excerpt":{"rendered":"<p>Seien Sie bereit f\u00fcr jede kreative Herausforderung im Printdesign! Diese Design Suite enth\u00e4lt die folgenden Profiprogramme: InDesign CS5.5 \u2014 Layoutsoftware, die keine W\u00fcnsche offen l\u00e4sst. Photoshop CS5 \u2014 Bildbearbeitungsprogramm f\u00fcr Profis. Illustrator CS5 \u2014 Vektorbasiertes Grafik- und Zeichenprogramm, f\u00fcr z.B. Logogestaltung Acrobat X Pro \u2014 Gruppe von Programmen, die zum Lesen, Erstellen, Verwalten, Kommentieren und [&hellip;]<\/p>\n","protected":false},"featured_media":0,"template":"","meta":{"inline_featured_image":false},"product_cat":[7690],"product_tag":[],"class_list":{"0":"post-33823","1":"product","2":"type-product","3":"status-publish","5":"product_cat-adobe-creative-suite-55-it","6":"pa_betriebssysteme-windows-10-it","7":"pa_betriebssysteme-windows-7-it","8":"pa_betriebssysteme-windows-8-it","9":"pa_betriebssysteme-windows-8-1-it","10":"pa_lizenzierung-nach-gerate-it","11":"pa_lizenzlaufzeit-kauflizenz-unlimitiert-nutzbar-it","12":"pa_lizenztyp-kommerziell-einsetzbare-volumenlizenz-it","13":"pa_maximal-erlaubte-installatio-zwei-gerate-bei-nicht-gleichzeitiger-benutzung-it","14":"pa_programme-acrobat-pro-it","15":"pa_programme-bridge-it","16":"pa_programme-illustrator-it","17":"pa_programme-indesign-it","18":"pa_programme-photoshop-it","19":"pa_sprache-deutsch-it","20":"pa_zustand-wie-neu-it","22":"first","23":"outofstock","24":"downloadable","25":"taxable","26":"shipping-taxable","27":"purchasable","28":"product-type-simple"},"_links":{"self":[{"href":"https:\/\/www.software-reuse.eu\/it\/wp-json\/wp\/v2\/product\/33823","targetHints":{"allow":["GET"]}}],"collection":[{"href":"https:\/\/www.software-reuse.eu\/it\/wp-json\/wp\/v2\/product"}],"about":[{"href":"https:\/\/www.software-reuse.eu\/it\/wp-json\/wp\/v2\/types\/product"}],"wp:attachment":[{"href":"https:\/\/www.software-reuse.eu\/it\/wp-json\/wp\/v2\/media?parent=33823"}],"wp:term":[{"taxonomy":"product_cat","embeddable":true,"href":"https:\/\/www.software-reuse.eu\/it\/wp-json\/wp\/v2\/product_cat?post=33823"},{"taxonomy":"product_tag","embeddable":true,"href":"https:\/\/www.software-reuse.eu\/it\/wp-json\/wp\/v2\/product_tag?post=33823"}],"curies":[{"name":"wp","href":"https:\/\/api.w.org\/{rel}","templated":true}]}}