{"id":33828,"date":"2017-07-09T00:00:00","date_gmt":"2017-07-09T00:00:00","guid":{"rendered":"https:\/\/swr1.wpenginepowered.com\/?product=adobe-illustrator-cs5-deutsch-windows"},"modified":"2022-06-09T20:34:11","modified_gmt":"2022-06-09T20:34:11","slug":"adobe-illustrator-cs5-deutsch-windows-4","status":"publish","type":"product","link":"https:\/\/www.software-reuse.eu\/it\/shop\/adobe-illustrator-cs5-deutsch-windows\/","title":{"rendered":"Adobe Illustrator CS5 Deutsch Windows"},"content":{"rendered":"<p><b>Adobe Illustrator CS5 ist ein ausgereiftes Vektorenprogramm mit dem Sie m\u00fchelos Logos, Flyer, Visitenkarten etc. gestalten k\u00f6nnen. <\/b><\/p>\n<p><b><b> <b>Sprache:<\/b> <\/b><\/b>Deutsch<\/p>\n<p><b>Lieferumfang: <\/b>Originaldatentr\u00e4ger mit Seriennummern. Es handelt sich um eine Vollversion. <b>Auf  Wunsch k\u00f6nnen wir Ihnen vorab die Lizenzkeys per  Mail zukommen   lassen, damit Sie eine Testversion sofort freischalten  k\u00f6nnen! <\/b><\/p>\n<p><b>\u00dcbermittlungs des Aktivierungskeys \/ Installationsdateien \/ Aktivierung des Produkts:<br><\/b>Versand der Originaldatentr\u00e4ger mit Aktivierungskeys per Post. Das Produkt kann online aktiviert werden.<b><br><\/b><\/p>\n<p><b>Plattform\/Mindestanforderungen:<\/b><br>Intel Multi-Core Prozessor oder Windows XP Professional, Windows 7, Windows 8, Windows 10<\/p>\n<p><b>ODER<\/b> Apple Mac OS X<\/p>\n<p><b><b>Weitere Features:<br><\/b><\/b><\/p>\n<ul>\n<li>Gepr\u00fcfte Originalsoftware, sehr guter Zustand<\/li>\n<li>Kommerzielle Version (kein Student etc.)<\/li>\n<li>Unlimitiert einsetzbare Kaufversion, keine Cloud<\/li>\n<\/ul>","protected":false},"excerpt":{"rendered":"<p>Adobe Illustrator CS5 ist ein ausgereiftes Vektorenprogramm mit dem Sie m\u00fchelos Logos, Flyer, Visitenkarten etc. gestalten k\u00f6nnen. Sprache: Deutsch Lieferumfang: Originaldatentr\u00e4ger mit Seriennummern. Es handelt sich um eine Vollversion. Auf Wunsch k\u00f6nnen wir Ihnen vorab die Lizenzkeys per Mail zukommen lassen, damit Sie eine Testversion sofort freischalten k\u00f6nnen! \u00dcbermittlungs des Aktivierungskeys \/ Installationsdateien \/ Aktivierung [&hellip;]<\/p>\n","protected":false},"featured_media":0,"template":"","meta":{"inline_featured_image":false},"product_cat":[7697],"product_tag":[],"class_list":{"0":"post-33828","1":"product","2":"type-product","3":"status-publish","5":"product_cat-illustrator-cs5-it","6":"pa_betriebssysteme-windows-10-it","7":"pa_betriebssysteme-windows-7-it","8":"pa_betriebssysteme-windows-8-it","9":"pa_betriebssysteme-windows-vista-it","10":"pa_betriebssysteme-windows-xp-it","11":"pa_lizenzierung-nach-gerate-it","12":"pa_lizenzlaufzeit-kauflizenz-unlimitiert-nutzbar-it","13":"pa_lizenztyp-kommerziell-einsetzbare-volumenlizenz-it","14":"pa_maximal-erlaubte-installatio-zwei-gerate-bei-nicht-gleichzeitiger-benutzung-it","15":"pa_sprache-deutsch-it","16":"pa_zustand-wie-neu-it","18":"first","19":"outofstock","20":"downloadable","21":"taxable","22":"shipping-taxable","23":"purchasable","24":"product-type-simple"},"_links":{"self":[{"href":"https:\/\/www.software-reuse.eu\/it\/wp-json\/wp\/v2\/product\/33828","targetHints":{"allow":["GET"]}}],"collection":[{"href":"https:\/\/www.software-reuse.eu\/it\/wp-json\/wp\/v2\/product"}],"about":[{"href":"https:\/\/www.software-reuse.eu\/it\/wp-json\/wp\/v2\/types\/product"}],"wp:attachment":[{"href":"https:\/\/www.software-reuse.eu\/it\/wp-json\/wp\/v2\/media?parent=33828"}],"wp:term":[{"taxonomy":"product_cat","embeddable":true,"href":"https:\/\/www.software-reuse.eu\/it\/wp-json\/wp\/v2\/product_cat?post=33828"},{"taxonomy":"product_tag","embeddable":true,"href":"https:\/\/www.software-reuse.eu\/it\/wp-json\/wp\/v2\/product_tag?post=33828"}],"curies":[{"name":"wp","href":"https:\/\/api.w.org\/{rel}","templated":true}]}}