{"id":33848,"date":"2017-07-09T02:00:00","date_gmt":"2017-07-09T00:00:00","guid":{"rendered":"https:\/\/swr1.wpenginepowered.com\/?product=adobe-dreamweaver-cs6-deutsch-windows-vollversion"},"modified":"2022-06-09T20:34:13","modified_gmt":"2022-06-09T20:34:13","slug":"adobe-dreamweaver-cs6-deutsch-windows-vollversion-2","status":"publish","type":"product","link":"https:\/\/www.software-reuse.eu\/it\/shop\/adobe-dreamweaver-cs6-deutsch-windows-vollversion\/","title":{"rendered":"Adobe Dreamweaver CS6 Deutsch Windows Vollversion"},"content":{"rendered":"<p>Adobe Dreamweaver CS6 setzt Ma\u00dfst\u00e4be im Webdesign.<\/p>\n<p><b><b> <b>Sprache:<\/b> <\/b><\/b>Deutsch<\/p>\n<p><b>Lieferumfang: <\/b>Originalbox mit Seriennummern, Originaldatentr\u00e4ger. Es handelt sich um eine Vollversion.<b> Auf Wunsch k\u00f6nnen wir Ihnen vorab die Lizenzkeys per Mail zukommen lassen, damit Sie eine Testversion sofort freischalten k\u00f6nnen!<br><br>\u00dcbermittlungs des Aktivierungskeys \/ Installationsdateien \/ Aktivierung des Produkts:<br><\/b>Versand der Originaldatentr\u00e4ger mit Aktivierungskeys per Post. Das Produkt kann online aktiviert werden.<\/p>\n<p><b>Installation g\u00fcltig f\u00fcr:<br><\/b>1 User<b><br><br>Plattform\/Mindestanforderungen: <\/b><br>Intel Multi-Core Prozessor oder Windows XP Professional, Windows 7, Windows 8, Windows 10<\/p>\n<p><b><b>Weitere Features:<br><\/b><\/b><\/p>\n<ul>\n<li>Gepr\u00fcfte Originalsoftware, sehr guter Zustand<\/li>\n<li>Kommerzielle Version (kein Student etc.)<\/li>\n<li>Unlimitiert einsetzbare Kaufversion, keine Cloud<\/li>\n<\/ul>","protected":false},"excerpt":{"rendered":"<p>Adobe Dreamweaver CS6 setzt Ma\u00dfst\u00e4be im Webdesign. Sprache: Deutsch Lieferumfang: Originalbox mit Seriennummern, Originaldatentr\u00e4ger. Es handelt sich um eine Vollversion. Auf Wunsch k\u00f6nnen wir Ihnen vorab die Lizenzkeys per Mail zukommen lassen, damit Sie eine Testversion sofort freischalten k\u00f6nnen!\u00dcbermittlungs des Aktivierungskeys \/ Installationsdateien \/ Aktivierung des Produkts:Versand der Originaldatentr\u00e4ger mit Aktivierungskeys per Post. Das Produkt [&hellip;]<\/p>\n","protected":false},"featured_media":0,"template":"","meta":{"inline_featured_image":false},"product_cat":[7696],"product_tag":[],"class_list":{"0":"post-33848","1":"product","2":"type-product","3":"status-publish","5":"product_cat-dreamweaver-cs6-it","6":"pa_betriebssysteme-windows-10-it","7":"pa_betriebssysteme-windows-7-it","8":"pa_betriebssysteme-windows-8-it","9":"pa_betriebssysteme-windows-xp-it","10":"pa_lizenzierung-nach-gerate-it","11":"pa_lizenzlaufzeit-kauflizenz-unlimitiert-nutzbar-it","12":"pa_lizenztyp-kommerziell-einsetzbare-volumenlizenz-it","13":"pa_maximal-erlaubte-installatio-zwei-gerate-bei-nicht-gleichzeitiger-benutzung-it","14":"pa_sprache-deutsch-it","15":"pa_zustand-wie-neu-it","17":"first","18":"outofstock","19":"downloadable","20":"taxable","21":"shipping-taxable","22":"purchasable","23":"product-type-simple"},"_links":{"self":[{"href":"https:\/\/www.software-reuse.eu\/it\/wp-json\/wp\/v2\/product\/33848","targetHints":{"allow":["GET"]}}],"collection":[{"href":"https:\/\/www.software-reuse.eu\/it\/wp-json\/wp\/v2\/product"}],"about":[{"href":"https:\/\/www.software-reuse.eu\/it\/wp-json\/wp\/v2\/types\/product"}],"wp:attachment":[{"href":"https:\/\/www.software-reuse.eu\/it\/wp-json\/wp\/v2\/media?parent=33848"}],"wp:term":[{"taxonomy":"product_cat","embeddable":true,"href":"https:\/\/www.software-reuse.eu\/it\/wp-json\/wp\/v2\/product_cat?post=33848"},{"taxonomy":"product_tag","embeddable":true,"href":"https:\/\/www.software-reuse.eu\/it\/wp-json\/wp\/v2\/product_tag?post=33848"}],"curies":[{"name":"wp","href":"https:\/\/api.w.org\/{rel}","templated":true}]}}