{"id":34368,"date":"2020-06-24T02:00:00","date_gmt":"2020-06-24T00:00:00","guid":{"rendered":"https:\/\/swr1.wpenginepowered.com\/?product=adobe-illustrator-cs6-deutsch-windowsmacintosh"},"modified":"2021-10-27T13:25:34","modified_gmt":"2021-10-27T13:25:34","slug":"adobe-illustrator-cs6-deutsch-windowsmacintosh-2","status":"publish","type":"product","link":"https:\/\/www.software-reuse.eu\/it\/shop\/adobe-illustrator-cs6-deutsch-windowsmacintosh\/","title":{"rendered":"Adobe Illustrator CS6 Deutsch Windows\/Macintosh"},"content":{"rendered":"<p><b>Adobe Illustrator CS6 ist ein ausgereiftes Vektorenprogramm, mit dem Sie m\u00fchelos Logos, Flyer, Visitenkarten etc. gestalten k\u00f6nnen. <\/b><\/p>\n<p><b><b> <b>Sprache:<\/b> <\/b><\/b>Deutsch<\/p>\n<p><b>Lieferumfang:&nbsp;<\/b>Originalseriennummer, Lizenzpapiere, offizieller Downloadlink von Adobe f\u00fcr die Installationsdatei -&nbsp;<b>Sie k\u00f6nnen die Software unmittelbar nach einer kurzen Bearbeitungszeit nach Ihrer Bestellung (binnen 1 - 2 Stunden) installieren und aktivieren!&nbsp;<\/b><br><br><b>\u00dcbermittlung des Aktivierungskeys\/Installationsdateien\/Aktivierung des Produkts:<\/b><br>Nach Kaufabschluss und kurzer Bearbeitungszeit schicken wir Ihnen den Aktivierungskey mit EU-rechtskonformen Lizenztransferdaten (Vertragsnummern, Nennung des Ersterwerbers etc.) sowie einen Downloadlink f\u00fcr die Installationsdateien per E-Mail. Das Produkt kann damit sofort installiert und online aktiviert werden.<\/p>\n<ul>\n<\/ul>","protected":false},"excerpt":{"rendered":"<p>Adobe Illustrator CS6 ist ein ausgereiftes Vektorenprogramm, mit dem Sie m\u00fchelos Logos, Flyer, Visitenkarten etc. gestalten k\u00f6nnen. Sprache: Deutsch Lieferumfang:&nbsp;Originalseriennummer, Lizenzpapiere, offizieller Downloadlink von Adobe f\u00fcr die Installationsdatei &#8211;&nbsp;Sie k\u00f6nnen die Software unmittelbar nach einer kurzen Bearbeitungszeit nach Ihrer Bestellung (binnen 1 &#8211; 2 Stunden) installieren und aktivieren!&nbsp;\u00dcbermittlung des Aktivierungskeys\/Installationsdateien\/Aktivierung des Produkts:Nach Kaufabschluss und kurzer [&hellip;]<\/p>\n","protected":false},"featured_media":34373,"template":"","meta":{"inline_featured_image":false},"product_cat":[7699],"product_tag":[],"class_list":{"0":"post-34368","1":"product","2":"type-product","3":"status-publish","4":"has-post-thumbnail","6":"product_cat-illustrator-cs6-it","7":"pa_betriebssysteme-mac-os-1010-yosemite-it","8":"pa_betriebssysteme-mac-os-1011-el-capitan-it","9":"pa_betriebssysteme-mac-os-1012-sierra-it","10":"pa_betriebssysteme-mac-os-1013-high-sierra-it","11":"pa_betriebssysteme-mac-os-1014-mojave-it","12":"pa_betriebssysteme-mac-os-106-snow-leopard-en-it","13":"pa_betriebssysteme-mac-os-107-lion-en-it","14":"pa_betriebssysteme-mac-os-108-mountain-lion-en-it","15":"pa_betriebssysteme-mac-os-109-mavericks-it","16":"pa_betriebssysteme-windows-10-it","17":"pa_betriebssysteme-windows-7-it","18":"pa_betriebssysteme-windows-8-it","19":"pa_betriebssysteme-windows-vista-it","20":"pa_betriebssysteme-windows-xp-it","21":"pa_lizenzierung-nach-benutzer-it","22":"pa_lizenzlaufzeit-kauflizenz-unlimitiert-nutzbar-it","23":"pa_lizenztyp-kommerziell-einsetzbare-volumenlizenz-it","24":"pa_maximal-erlaubte-installatio-zwei-gerate-bei-nicht-gleichzeitiger-benutzung-it","25":"pa_programme-illustrator-it","26":"pa_sprache-deutsch-it","27":"pa_zustand-wie-neu-it","29":"first","30":"outofstock","31":"downloadable","32":"taxable","33":"shipping-taxable","34":"purchasable","35":"product-type-simple"},"_links":{"self":[{"href":"https:\/\/www.software-reuse.eu\/it\/wp-json\/wp\/v2\/product\/34368","targetHints":{"allow":["GET"]}}],"collection":[{"href":"https:\/\/www.software-reuse.eu\/it\/wp-json\/wp\/v2\/product"}],"about":[{"href":"https:\/\/www.software-reuse.eu\/it\/wp-json\/wp\/v2\/types\/product"}],"wp:featuredmedia":[{"embeddable":true,"href":"https:\/\/www.software-reuse.eu\/it\/wp-json\/wp\/v2\/media\/34373"}],"wp:attachment":[{"href":"https:\/\/www.software-reuse.eu\/it\/wp-json\/wp\/v2\/media?parent=34368"}],"wp:term":[{"taxonomy":"product_cat","embeddable":true,"href":"https:\/\/www.software-reuse.eu\/it\/wp-json\/wp\/v2\/product_cat?post=34368"},{"taxonomy":"product_tag","embeddable":true,"href":"https:\/\/www.software-reuse.eu\/it\/wp-json\/wp\/v2\/product_tag?post=34368"}],"curies":[{"name":"wp","href":"https:\/\/api.w.org\/{rel}","templated":true}]}}