{"id":35128,"date":"2020-12-18T00:00:00","date_gmt":"2020-12-18T00:00:00","guid":{"rendered":"https:\/\/swr1.wpenginepowered.com\/?product=windows-remote-desktop-services-2019-5x-user-cal-oem-hpe"},"modified":"2020-12-18T13:17:02","modified_gmt":"2020-12-18T13:17:02","slug":"windows-remote-desktop-services-2019-5x-user-cal-oem-hpe-4","status":"publish","type":"product","link":"https:\/\/www.software-reuse.eu\/it\/shop\/windows-remote-desktop-services-2019-5x-user-cal-oem-hpe\/","title":{"rendered":"Windows Remote Desktop Services 2019 5x User CAL OEM HPE"},"content":{"rendered":"<p><b>Windows Remote Desktop Services erlauben Ihnen, per Remote Access auf einen Windows-Server und grafische Desktops zuzugreifen.<\/b><br><br><b>Sprache(n): <\/b>Jegliche<br><br><b>Lieferumfang: <\/b>Lizenzdaten<br><br><b>\u00dcbermittlungs des Aktivierungskeys \/ Installationsdateien \/ Aktivierung des Produkts:<\/b><br>Nach Kaufabschluss und kurzer Bearbeitungszeit schicken wir Ihnen die EU-rechtkonformen Lizenztransferdaten (Vertragsnummern, Nennung des Ersterwerbers etc.). Bei diesem Produkt ist keine Installation oder Aktivierung notwendig.<br><br><b>Installation g\u00fcltig f\u00fcr:<\/b> 1 Ger\u00e4t, egal wieviele User<br><br><b>Weitere Features:<\/b><\/p>\n<ul>\n<li>Gepr\u00fcfte gebrauchte Originalsoftware<\/li>\n<li>Kommerziell einsetzbar<\/li>\n<\/ul>","protected":false},"excerpt":{"rendered":"<p>Windows Remote Desktop Services erlauben Ihnen, per Remote Access auf einen Windows-Server und grafische Desktops zuzugreifen.Sprache(n): JeglicheLieferumfang: Lizenzdaten\u00dcbermittlungs des Aktivierungskeys \/ Installationsdateien \/ Aktivierung des Produkts:Nach Kaufabschluss und kurzer Bearbeitungszeit schicken wir Ihnen die EU-rechtkonformen Lizenztransferdaten (Vertragsnummern, Nennung des Ersterwerbers etc.). Bei diesem Produkt ist keine Installation oder Aktivierung notwendig.Installation g\u00fcltig f\u00fcr: 1 Ger\u00e4t, egal [&hellip;]<\/p>\n","protected":false},"featured_media":35133,"template":"","meta":{"inline_featured_image":false},"product_cat":[7830],"product_tag":[],"class_list":{"0":"post-35128","1":"product","2":"type-product","3":"status-publish","4":"has-post-thumbnail","6":"product_cat-unkategorisiert","8":"first","9":"outofstock","10":"taxable","11":"shipping-taxable","12":"purchasable","13":"product-type-simple"},"_links":{"self":[{"href":"https:\/\/www.software-reuse.eu\/it\/wp-json\/wp\/v2\/product\/35128","targetHints":{"allow":["GET"]}}],"collection":[{"href":"https:\/\/www.software-reuse.eu\/it\/wp-json\/wp\/v2\/product"}],"about":[{"href":"https:\/\/www.software-reuse.eu\/it\/wp-json\/wp\/v2\/types\/product"}],"wp:featuredmedia":[{"embeddable":true,"href":"https:\/\/www.software-reuse.eu\/it\/wp-json\/wp\/v2\/media\/35133"}],"wp:attachment":[{"href":"https:\/\/www.software-reuse.eu\/it\/wp-json\/wp\/v2\/media?parent=35128"}],"wp:term":[{"taxonomy":"product_cat","embeddable":true,"href":"https:\/\/www.software-reuse.eu\/it\/wp-json\/wp\/v2\/product_cat?post=35128"},{"taxonomy":"product_tag","embeddable":true,"href":"https:\/\/www.software-reuse.eu\/it\/wp-json\/wp\/v2\/product_tag?post=35128"}],"curies":[{"name":"wp","href":"https:\/\/api.w.org\/{rel}","templated":true}]}}