{"id":35473,"date":"2020-12-18T00:00:00","date_gmt":"2020-12-18T00:00:00","guid":{"rendered":"https:\/\/swr1.wpenginepowered.com\/?product=microsoft-sql-server-enterprise-2019-2core-2-license-bundle"},"modified":"2020-12-18T13:17:38","modified_gmt":"2020-12-18T13:17:38","slug":"microsoft-sql-server-enterprise-2019-2core-2-license-bundle-2","status":"publish","type":"product","link":"https:\/\/www.software-reuse.eu\/it\/shop\/microsoft-sql-server-enterprise-2019-2core-2-license-bundle\/","title":{"rendered":"Microsoft SQL Server Enterprise 2019 2Core (2-License-Bundle)"},"content":{"rendered":"<p><b>SQL Server 2019 wird wegen seiner vielen neuen Features die \"Intelligente\" Datenbank genannt.<\/b><\/p>\n<p><b>&nbsp;<\/b><b>Sprache(n):&nbsp;<\/b>Deutsch, Download von anderen Sprachen auch m\u00f6glich<\/p>\n<p><b>Lieferumfang:<\/b><br>Lizenz f\u00fcr 2 Cores, Lizenzdaten, Downloadlink f\u00fcr Installationsdateien<\/p>\n<p><b>\u00dcbermittlungs des Aktivierungskeys \/ Installationsdateien \/ Aktivierung des Produkts:<\/b><br>Nach Kaufabschluss und kurzer Bearbeitungszeit schicken wir Ihnen die EU-rechtkonformen Lizenztransferdaten (Vertragsnummern, Nennung des Ersterwerbers etc.) sowie einen Downloadlink f\u00fcr die Installationsdateien per E-mail. Das Produkt kann damit sofort installiert und online aktiviert werden.<\/p>\n<p><b>Installation g\u00fcltig f\u00fcr:<\/b><br>1 Server<br><br><b>Plattform\/Mindestanforderungen:<\/b><br>x64 Processor: AMD Opteron, AMD Athlon 64, Intel Xeon mit Intel EM64T support, Intel Pentium IV mit EM64T support, 4GB RAM empfohlen<br><br><b>Weitere Features: <\/b><br>\u2022&nbsp;&nbsp;&nbsp; Gepr\u00fcfte gebrauchte Originalsoftware <br>\u2022&nbsp;&nbsp;&nbsp; Kommerzielle Vollversion<\/p>\n<p>&nbsp;<\/p>","protected":false},"excerpt":{"rendered":"<p>SQL Server 2019 wird wegen seiner vielen neuen Features die &#8220;Intelligente&#8221; Datenbank genannt. &nbsp;Sprache(n):&nbsp;Deutsch, Download von anderen Sprachen auch m\u00f6glich Lieferumfang:Lizenz f\u00fcr 2 Cores, Lizenzdaten, Downloadlink f\u00fcr Installationsdateien \u00dcbermittlungs des Aktivierungskeys \/ Installationsdateien \/ Aktivierung des Produkts:Nach Kaufabschluss und kurzer Bearbeitungszeit schicken wir Ihnen die EU-rechtkonformen Lizenztransferdaten (Vertragsnummern, Nennung des Ersterwerbers etc.) sowie einen Downloadlink [&hellip;]<\/p>\n","protected":false},"featured_media":35478,"template":"","meta":{"inline_featured_image":false},"product_cat":[7830],"product_tag":[],"class_list":{"0":"post-35473","1":"product","2":"type-product","3":"status-publish","4":"has-post-thumbnail","6":"product_cat-unkategorisiert","8":"first","9":"outofstock","10":"taxable","11":"shipping-taxable","12":"purchasable","13":"product-type-simple"},"_links":{"self":[{"href":"https:\/\/www.software-reuse.eu\/it\/wp-json\/wp\/v2\/product\/35473","targetHints":{"allow":["GET"]}}],"collection":[{"href":"https:\/\/www.software-reuse.eu\/it\/wp-json\/wp\/v2\/product"}],"about":[{"href":"https:\/\/www.software-reuse.eu\/it\/wp-json\/wp\/v2\/types\/product"}],"wp:featuredmedia":[{"embeddable":true,"href":"https:\/\/www.software-reuse.eu\/it\/wp-json\/wp\/v2\/media\/35478"}],"wp:attachment":[{"href":"https:\/\/www.software-reuse.eu\/it\/wp-json\/wp\/v2\/media?parent=35473"}],"wp:term":[{"taxonomy":"product_cat","embeddable":true,"href":"https:\/\/www.software-reuse.eu\/it\/wp-json\/wp\/v2\/product_cat?post=35473"},{"taxonomy":"product_tag","embeddable":true,"href":"https:\/\/www.software-reuse.eu\/it\/wp-json\/wp\/v2\/product_tag?post=35473"}],"curies":[{"name":"wp","href":"https:\/\/api.w.org\/{rel}","templated":true}]}}