{"id":35613,"date":"2022-06-09T00:00:00","date_gmt":"2022-06-09T00:00:00","guid":{"rendered":"https:\/\/swr1.wpenginepowered.com\/?product=windows-server-standard-2019-16-core-d-wortmann-oem-rok"},"modified":"2022-06-09T20:37:19","modified_gmt":"2022-06-09T20:37:19","slug":"windows-server-standard-2019-16-core-d-wortmann-oem-rok-4","status":"publish","type":"product","link":"https:\/\/www.software-reuse.eu\/it\/shop\/windows-server-standard-2019-16-core-d-wortmann-oem-rok\/","title":{"rendered":"Windows Server Standard 2019 16 Core D WORTMANN OEM ROK"},"content":{"rendered":"<p><b>Seit Windows Server 2016 hat Microsoft sein Lizenzmodell umgestellt - es wurde von der \"pro Prozessor Lizenzierung\" auf eine \"pro Kern Lizenzierung\" gewechselt. <\/b><\/p>\n<p><b>Dies bedeutet: <\/b>Alle physischen Cores eines Servers ben\u00f6tigen eine Core-Lizenz. Bitte beachten Sie hierbei:<\/p>\n<ul>\n<li>F\u00fcr jeden Prozessor ist ein Minimum von 8-Core-Lizenzen erforderlich<\/li>\n<li>F\u00fcr jeden Server ist ein Minimum von 16-Core-Lizenzen erforderlich<\/li>\n<li>Die Core-Lizenzen werden ausschlie\u00dflich in Zweier-Packeten verkauft<\/li>\n<\/ul>\n<p><b>Sprache(n): <\/b><br>Deutsch, Download von anderen Sprachen auch m\u00f6glich<br><br><b>Lieferumfang:<\/b><br><b>Sie erwerben zwei mal 8 Cores (=16 Cores), ideal zur Lizenzierung eines Servers.<\/b> Bitte wenden Sie sich an den Kundendienst, falls Sie mehr Cores ben\u00f6tigen!<br><br><b>\u00dcbermittlungs des Aktivierungskeys \/ Installationsdateien \/ Aktivierung des Produkts:<\/b><br>Nach Kaufabschluss und kurzer Bearbeitungszeit schicken wir Ihnen den Aktivierungskey, mit EU-rechtkonformen Lizenztransferdaten (Vertragsnummern, Nennung des Ersterwerbers etc.) sowie einen Downloadlink f\u00fcr die Installationsdateien per E-mail. Das Produkt kann damit sofort installiert und online aktiviert werden.<br><br><b>Installation g\u00fcltig f\u00fcr:<\/b><br>1 Server mit max. 16 Cores<br><br><b>Plattform\/Mindestanforderungen:<\/b><br>Windows XP, Vista, 7 (32\/64 bit), Windows 8 (32\/64 bit), Windows 10<br><br><b>Weitere Features: <\/b><br>\u2022&nbsp;&nbsp;&nbsp; Gepr\u00fcfte gebrauchte Originalsoftware <br>\u2022&nbsp;&nbsp;&nbsp; Kommerzielle Vollversion<\/p>","protected":false},"excerpt":{"rendered":"<p>Seit Windows Server 2016 hat Microsoft sein Lizenzmodell umgestellt &#8211; es wurde von der &#8220;pro Prozessor Lizenzierung&#8221; auf eine &#8220;pro Kern Lizenzierung&#8221; gewechselt. Dies bedeutet: Alle physischen Cores eines Servers ben\u00f6tigen eine Core-Lizenz. Bitte beachten Sie hierbei: F\u00fcr jeden Prozessor ist ein Minimum von 8-Core-Lizenzen erforderlich F\u00fcr jeden Server ist ein Minimum von 16-Core-Lizenzen erforderlich [&hellip;]<\/p>\n","protected":false},"featured_media":35618,"template":"","meta":{"inline_featured_image":false},"product_cat":[7830],"product_tag":[],"class_list":{"0":"post-35613","1":"product","2":"type-product","3":"status-publish","4":"has-post-thumbnail","6":"product_cat-unkategorisiert","8":"first","9":"outofstock","10":"downloadable","11":"taxable","12":"shipping-taxable","13":"purchasable","14":"product-type-simple"},"_links":{"self":[{"href":"https:\/\/www.software-reuse.eu\/it\/wp-json\/wp\/v2\/product\/35613","targetHints":{"allow":["GET"]}}],"collection":[{"href":"https:\/\/www.software-reuse.eu\/it\/wp-json\/wp\/v2\/product"}],"about":[{"href":"https:\/\/www.software-reuse.eu\/it\/wp-json\/wp\/v2\/types\/product"}],"wp:featuredmedia":[{"embeddable":true,"href":"https:\/\/www.software-reuse.eu\/it\/wp-json\/wp\/v2\/media\/35618"}],"wp:attachment":[{"href":"https:\/\/www.software-reuse.eu\/it\/wp-json\/wp\/v2\/media?parent=35613"}],"wp:term":[{"taxonomy":"product_cat","embeddable":true,"href":"https:\/\/www.software-reuse.eu\/it\/wp-json\/wp\/v2\/product_cat?post=35613"},{"taxonomy":"product_tag","embeddable":true,"href":"https:\/\/www.software-reuse.eu\/it\/wp-json\/wp\/v2\/product_tag?post=35613"}],"curies":[{"name":"wp","href":"https:\/\/api.w.org\/{rel}","templated":true}]}}